{"id":2358,"date":"2024-12-06T13:11:11","date_gmt":"2024-12-06T13:11:11","guid":{"rendered":"https:\/\/www.yongyukitchenware.com\/?post_type=product&#038;p=2358"},"modified":"2025-06-14T07:46:58","modified_gmt":"2025-06-14T07:46:58","slug":"explosion-proof-pressure-cooker-wholesale","status":"publish","type":"product","link":"https:\/\/www.yongyukitchenware.com\/pt\/produto\/explosion-proof-pressure-cooker-wholesale\/","title":{"rendered":"Panela de press\u00e3o \u00e0 prova de explos\u00e3o a granel Panela comercial de a\u00e7o inoxid\u00e1vel"},"content":{"rendered":"<div class=\"wp-block-columns is-layout-flex wp-container-core-columns-is-layout-9d6595d7 wp-block-columns-is-layout-flex\">\n<div class=\"wp-block-column is-layout-flow wp-block-column-is-layout-flow\">\n<h2 class=\"wp-block-heading\">Panela de press\u00e3o \u00e0 prova de explos\u00e3o Carater\u00edsticas:<\/h2>\n\n\n\n<p><strong>Material de qualidade alimentar:<\/strong> A panela de press\u00e3o \u00e9 feita de a\u00e7o inoxid\u00e1vel de qualidade alimentar e o corpo espesso da panela \u00e9 resistente e duradouro<\/p>\n\n\n\n<p><strong>Estufagem a alta press\u00e3o:<\/strong> 90ka alta press\u00e3o, 50% mais r\u00e1pido do que as panelas comuns, mantendo o sabor original e a nutri\u00e7\u00e3o dos alimentos<\/p>\n\n\n\n<p><strong>M\u00faltiplas protec\u00e7\u00f5es de seguran\u00e7a: <\/strong>A panela de press\u00e3o est\u00e1 equipada com v\u00e1rios modelos de prote\u00e7\u00e3o de seguran\u00e7a, tais como v\u00e1lvula limitadora de press\u00e3o, v\u00e1lvula de seguran\u00e7a, bloqueio de abertura e fecho, etc., que evitam eficazmente a press\u00e3o interna excessiva e garantem a seguran\u00e7a durante a utiliza\u00e7\u00e3o.<\/p>\n\n\n\n<p><strong>M\u00faltiplas op\u00e7\u00f5es de capacidade:<\/strong> Fornecer capacidades pequenas a grandes de 4-50L, adequadas a diferentes grupos de pessoas, e satisfazer as necessidades de v\u00e1rios cen\u00e1rios, como a utiliza\u00e7\u00e3o comercial em casa ou no restaurante<\/p>\n\n\n\n<p><strong>F\u00e1cil de limpar:<\/strong> A superf\u00edcie de a\u00e7o inoxid\u00e1vel \u00e9 lisa, n\u00e3o \u00e9 f\u00e1cil de aderir a res\u00edduos de alimentos e manchas, e \u00e9 f\u00e1cil de limpar.<\/p>\n\n\n\n<p><strong>Compat\u00edvel com uma variedade de fog\u00f5es: <\/strong>Fundo de recolha de energia em forma de anel, r\u00e1pida condu\u00e7\u00e3o de calor, adequado para todos os tipos de fog\u00f5es<\/p>\n<\/div>\n\n\n\n<div class=\"wp-block-column is-layout-flow wp-block-column-is-layout-flow\">\n<figure class=\"wp-block-image size-full is-style-default\"><img decoding=\"async\" width=\"800\" height=\"800\" src=\"https:\/\/www.yongyukitchenware.com\/wp-content\/uploads\/2024\/11\/Bulk-Explosion-Proof-Pressure-Cooker-5.webp\" alt=\"Panela de press\u00e3o \u00e0 prova de explos\u00e3o-5\" class=\"wp-image-2363\" srcset=\"https:\/\/www.yongyukitchenware.com\/wp-content\/uploads\/2024\/11\/Bulk-Explosion-Proof-Pressure-Cooker-5.webp 800w, https:\/\/www.yongyukitchenware.com\/wp-content\/uploads\/2024\/11\/Bulk-Explosion-Proof-Pressure-Cooker-5-300x300.webp 300w, https:\/\/www.yongyukitchenware.com\/wp-content\/uploads\/2024\/11\/Bulk-Explosion-Proof-Pressure-Cooker-5-150x150.webp 150w, https:\/\/www.yongyukitchenware.com\/wp-content\/uploads\/2024\/11\/Bulk-Explosion-Proof-Pressure-Cooker-5-768x768.webp 768w, https:\/\/www.yongyukitchenware.com\/wp-content\/uploads\/2024\/11\/Bulk-Explosion-Proof-Pressure-Cooker-5-12x12.webp 12w, https:\/\/www.yongyukitchenware.com\/wp-content\/uploads\/2024\/11\/Bulk-Explosion-Proof-Pressure-Cooker-5-600x600.webp 600w, https:\/\/www.yongyukitchenware.com\/wp-content\/uploads\/2024\/11\/Bulk-Explosion-Proof-Pressure-Cooker-5-100x100.webp 100w\" sizes=\"(max-width: 800px) 100vw, 800px\" \/><\/figure>\n<\/div>\n<\/div>\n\n\n\n<div class=\"wp-block-columns is-layout-flex wp-container-core-columns-is-layout-9d6595d7 wp-block-columns-is-layout-flex\">\n<div class=\"wp-block-column is-layout-flow wp-block-column-is-layout-flow\">\n<figure class=\"wp-block-image size-full is-style-default\"><img decoding=\"async\" width=\"800\" height=\"800\" src=\"https:\/\/www.yongyukitchenware.com\/wp-content\/uploads\/2024\/11\/Bulk-Explosion-Proof-Pressure-Cooker-2.webp\" alt=\"Panela de press\u00e3o \u00e0 prova de explos\u00e3o de granel-2\" class=\"wp-image-2360\" style=\"aspect-ratio:1;object-fit:cover\" srcset=\"https:\/\/www.yongyukitchenware.com\/wp-content\/uploads\/2024\/11\/Bulk-Explosion-Proof-Pressure-Cooker-2.webp 800w, https:\/\/www.yongyukitchenware.com\/wp-content\/uploads\/2024\/11\/Bulk-Explosion-Proof-Pressure-Cooker-2-300x300.webp 300w, https:\/\/www.yongyukitchenware.com\/wp-content\/uploads\/2024\/11\/Bulk-Explosion-Proof-Pressure-Cooker-2-150x150.webp 150w, https:\/\/www.yongyukitchenware.com\/wp-content\/uploads\/2024\/11\/Bulk-Explosion-Proof-Pressure-Cooker-2-768x768.webp 768w, https:\/\/www.yongyukitchenware.com\/wp-content\/uploads\/2024\/11\/Bulk-Explosion-Proof-Pressure-Cooker-2-12x12.webp 12w, https:\/\/www.yongyukitchenware.com\/wp-content\/uploads\/2024\/11\/Bulk-Explosion-Proof-Pressure-Cooker-2-600x600.webp 600w, https:\/\/www.yongyukitchenware.com\/wp-content\/uploads\/2024\/11\/Bulk-Explosion-Proof-Pressure-Cooker-2-100x100.webp 100w\" sizes=\"(max-width: 800px) 100vw, 800px\" \/><\/figure>\n<\/div>\n\n\n\n<div class=\"wp-block-column is-layout-flow wp-block-column-is-layout-flow\">\n<h2 class=\"wp-block-heading\">Panela de press\u00e3o \u00e0 prova de explos\u00e3o Tamanho:<\/h2>\n\n\n\n<figure class=\"wp-block-table\"><table class=\"has-fixed-layout\"><tbody><tr><td>Modelo<\/td><td>Tamanho<\/td><td>Capacidade<\/td><td>MOQ<\/td><\/tr><tr><td rowspan=\"11\">DY001-YLG<\/td><td>20 cm<\/td><td>4L<\/td><td rowspan=\"11\">10 PE\u00c7AS<\/td><\/tr><tr><td>22 cm<\/td><td>6L<\/td><\/tr><tr><td>24 cm<\/td><td>7L<\/td><\/tr><tr><td>26 cm<\/td><td>9L<\/td><\/tr><tr><td>28 cm<\/td><td>11L<\/td><\/tr><tr><td>30 cm<\/td><td>15L<\/td><\/tr><tr><td>32 cm<\/td><td>20L<\/td><\/tr><tr><td>34cm<\/td><td>25L<\/td><\/tr><tr><td>36cm<\/td><td>30L<\/td><\/tr><tr><td>40cm<\/td><td>40L<\/td><\/tr><tr><td>44cm<\/td><td>50L<\/td><\/tr><\/tbody><\/table><\/figure>\n<\/div>\n<\/div>","protected":false},"excerpt":{"rendered":"<p>Panelas de press\u00e3o \u00e0 prova de explos\u00e3o por atacado e personalizadas, de pequenas a grandes op\u00e7\u00f5es de 4-50L, a\u00e7o inoxid\u00e1vel de alta qualidade e seguran\u00e7a, adequadas para uso dom\u00e9stico ou comercial. Vendas diretas da f\u00e1brica, grandes descontos e garantia de alta qualidade, bem-vindo a consultar-nos.<\/p>\n<h2>Panela de press\u00e3o \u00e0 prova de explos\u00e3o Atributo:<\/h2>\n<p><strong>Material:<\/strong> a\u00e7o inoxid\u00e1vel<br \/><strong>Tamanhos:<\/strong> 4-50L<br \/><strong>Conce\u00e7\u00e3o: <\/strong>polimento espelhado, tampa \u00e0 prova de explos\u00e3o e pega dupla<br \/><strong>Fog\u00f5es:<\/strong> fog\u00e3o a g\u00e1s, fog\u00e3o de indu\u00e7\u00e3o, etc.<br \/><strong>OEM\/ODM:<\/strong> facultativo<\/p>\n<div id=\"brxe-2aeb5b\" class=\"brxe-product-short-description brxe-text-basic\">\n<div class=\"woocommerce-product-details__short-description\">\n<h2 class=\"wp-block-heading\">De Yongyu Cookware Fabricante :<\/h2>\n<p>Yongyu \u00e9 um fabricante profissional de utens\u00edlios de cozinha na China, e n\u00f3s produzimos todos os tipos de utens\u00edlios de cozinha de a\u00e7o inoxid\u00e1vel, tais como panelas de macarr\u00e3o, frigideiras, panelas de press\u00e3o, etc., fornecendo servi\u00e7os de qualidade e pre\u00e7os acess\u00edveis para cada cliente.<\/p>\n<\/div>\n<\/div>","protected":false},"featured_media":2359,"comment_status":"closed","ping_status":"closed","template":"","meta":{"_acf_changed":true},"application":[29],"product_brand":[],"product_cat":[23,39],"product_tag":[],"class_list":{"0":"post-2358","1":"product","2":"type-product","3":"status-publish","4":"has-post-thumbnail","6":"application-home-kitchen","7":"product_cat-kitchenware-wholesale","8":"product_cat-pressure-cooker-wholesale","10":"first","11":"instock","12":"shipping-taxable","13":"product-type-simple"},"acf":[],"_links":{"self":[{"href":"https:\/\/www.yongyukitchenware.com\/pt\/wp-json\/wp\/v2\/product\/2358","targetHints":{"allow":["GET"]}}],"collection":[{"href":"https:\/\/www.yongyukitchenware.com\/pt\/wp-json\/wp\/v2\/product"}],"about":[{"href":"https:\/\/www.yongyukitchenware.com\/pt\/wp-json\/wp\/v2\/types\/product"}],"replies":[{"embeddable":true,"href":"https:\/\/www.yongyukitchenware.com\/pt\/wp-json\/wp\/v2\/comments?post=2358"}],"wp:featuredmedia":[{"embeddable":true,"href":"https:\/\/www.yongyukitchenware.com\/pt\/wp-json\/wp\/v2\/media\/2359"}],"wp:attachment":[{"href":"https:\/\/www.yongyukitchenware.com\/pt\/wp-json\/wp\/v2\/media?parent=2358"}],"wp:term":[{"taxonomy":"application","embeddable":true,"href":"https:\/\/www.yongyukitchenware.com\/pt\/wp-json\/wp\/v2\/application?post=2358"},{"taxonomy":"product_brand","embeddable":true,"href":"https:\/\/www.yongyukitchenware.com\/pt\/wp-json\/wp\/v2\/product_brand?post=2358"},{"taxonomy":"product_cat","embeddable":true,"href":"https:\/\/www.yongyukitchenware.com\/pt\/wp-json\/wp\/v2\/product_cat?post=2358"},{"taxonomy":"product_tag","embeddable":true,"href":"https:\/\/www.yongyukitchenware.com\/pt\/wp-json\/wp\/v2\/product_tag?post=2358"}],"curies":[{"name":"wp","href":"https:\/\/api.w.org\/{rel}","templated":true}]}}