{"id":2372,"date":"2024-12-06T16:28:16","date_gmt":"2024-12-06T16:28:16","guid":{"rendered":"https:\/\/www.yongyukitchenware.com\/?post_type=product&#038;p=2372"},"modified":"2025-06-14T07:40:08","modified_gmt":"2025-06-14T07:40:08","slug":"stainless-steel-pressure-cooker-wholesale","status":"publish","type":"product","link":"https:\/\/www.yongyukitchenware.com\/pt\/produto\/stainless-steel-pressure-cooker-wholesale\/","title":{"rendered":"Panela de press\u00e3o de a\u00e7o inoxid\u00e1vel personalizada Grande 15-80L"},"content":{"rendered":"<div class=\"wp-block-columns is-layout-flex wp-container-core-columns-is-layout-9d6595d7 wp-block-columns-is-layout-flex\">\n<div class=\"wp-block-column is-layout-flow wp-block-column-is-layout-flow\">\n<h2 class=\"wp-block-heading\">Panela de press\u00e3o de a\u00e7o inoxid\u00e1vel Tamanho:<\/h2>\n\n\n\n<figure class=\"wp-block-table\"><table class=\"has-fixed-layout\"><tbody><tr><td>Modelo<\/td><td>Tamanho<\/td><td>Capacidade<\/td><td>MOQ<\/td><\/tr><tr><td rowspan=\"8\">DY002-YLG<\/td><td>30CM<\/td><td>15L<\/td><td rowspan=\"8\">10 PE\u00c7AS<\/td><\/tr><tr><td>32CM<\/td><td>20L<\/td><\/tr><tr><td>34CM<\/td><td>25L<\/td><\/tr><tr><td>36CM<\/td><td>30L<\/td><\/tr><tr><td>38CM<\/td><td>35L<\/td><\/tr><tr><td>42CM<\/td><td>40L<\/td><\/tr><tr><td>46CM<\/td><td>55L<\/td><\/tr><tr><td>52CM<\/td><td>80L<\/td><\/tr><\/tbody><\/table><\/figure>\n<\/div>\n\n\n\n<div class=\"wp-block-column is-layout-flow wp-block-column-is-layout-flow\">\n<figure class=\"wp-block-image size-full is-style-default\"><img decoding=\"async\" width=\"800\" height=\"800\" src=\"https:\/\/www.yongyukitchenware.com\/wp-content\/uploads\/2024\/11\/Custom-Stainless-Steel-Pressure-Cooker-7.webp\" alt=\"Panela de press\u00e3o de a\u00e7o inoxid\u00e1vel personalizada-7\" class=\"wp-image-2379\" srcset=\"https:\/\/www.yongyukitchenware.com\/wp-content\/uploads\/2024\/11\/Custom-Stainless-Steel-Pressure-Cooker-7.webp 800w, https:\/\/www.yongyukitchenware.com\/wp-content\/uploads\/2024\/11\/Custom-Stainless-Steel-Pressure-Cooker-7-300x300.webp 300w, https:\/\/www.yongyukitchenware.com\/wp-content\/uploads\/2024\/11\/Custom-Stainless-Steel-Pressure-Cooker-7-150x150.webp 150w, https:\/\/www.yongyukitchenware.com\/wp-content\/uploads\/2024\/11\/Custom-Stainless-Steel-Pressure-Cooker-7-768x768.webp 768w, https:\/\/www.yongyukitchenware.com\/wp-content\/uploads\/2024\/11\/Custom-Stainless-Steel-Pressure-Cooker-7-12x12.webp 12w, https:\/\/www.yongyukitchenware.com\/wp-content\/uploads\/2024\/11\/Custom-Stainless-Steel-Pressure-Cooker-7-600x600.webp 600w, https:\/\/www.yongyukitchenware.com\/wp-content\/uploads\/2024\/11\/Custom-Stainless-Steel-Pressure-Cooker-7-100x100.webp 100w\" sizes=\"(max-width: 800px) 100vw, 800px\" \/><\/figure>\n<\/div>\n<\/div>\n\n\n\n<div class=\"wp-block-columns is-layout-flex wp-container-core-columns-is-layout-9d6595d7 wp-block-columns-is-layout-flex\">\n<div class=\"wp-block-column is-layout-flow wp-block-column-is-layout-flow\">\n<figure class=\"wp-block-image size-full is-style-default\"><img decoding=\"async\" width=\"800\" height=\"800\" src=\"https:\/\/www.yongyukitchenware.com\/wp-content\/uploads\/2024\/11\/Custom-Stainless-Steel-Pressure-Cooker-6.webp\" alt=\"Panela de press\u00e3o de a\u00e7o inoxid\u00e1vel personalizada-6\" class=\"wp-image-2378\" style=\"aspect-ratio:1;object-fit:cover\" srcset=\"https:\/\/www.yongyukitchenware.com\/wp-content\/uploads\/2024\/11\/Custom-Stainless-Steel-Pressure-Cooker-6.webp 800w, https:\/\/www.yongyukitchenware.com\/wp-content\/uploads\/2024\/11\/Custom-Stainless-Steel-Pressure-Cooker-6-300x300.webp 300w, https:\/\/www.yongyukitchenware.com\/wp-content\/uploads\/2024\/11\/Custom-Stainless-Steel-Pressure-Cooker-6-150x150.webp 150w, https:\/\/www.yongyukitchenware.com\/wp-content\/uploads\/2024\/11\/Custom-Stainless-Steel-Pressure-Cooker-6-768x768.webp 768w, https:\/\/www.yongyukitchenware.com\/wp-content\/uploads\/2024\/11\/Custom-Stainless-Steel-Pressure-Cooker-6-12x12.webp 12w, https:\/\/www.yongyukitchenware.com\/wp-content\/uploads\/2024\/11\/Custom-Stainless-Steel-Pressure-Cooker-6-600x600.webp 600w, https:\/\/www.yongyukitchenware.com\/wp-content\/uploads\/2024\/11\/Custom-Stainless-Steel-Pressure-Cooker-6-100x100.webp 100w\" sizes=\"(max-width: 800px) 100vw, 800px\" \/><\/figure>\n<\/div>\n\n\n\n<div class=\"wp-block-column is-layout-flow wp-block-column-is-layout-flow\">\n<h2 class=\"wp-block-heading\">Panela de press\u00e3o em a\u00e7o inoxid\u00e1vel Carater\u00edsticas:<\/h2>\n\n\n\n<p><strong>A\u00e7o inoxid\u00e1vel de alta qualidade:<\/strong> Feito de a\u00e7o inoxid\u00e1vel dur\u00e1vel de qualidade alimentar, resistente ao desgaste, suave e f\u00e1cil de limpar.<br><br><strong>Cozedura a alta press\u00e3o: <\/strong>90ka de alta press\u00e3o, cozedura eficiente 50% mais r\u00e1pida, conservando o sabor delicioso e a nutri\u00e7\u00e3o dos alimentos.<br>Grande capacidade: a capacidade de 15-80L \u00e9 opcional e adequada para v\u00e1rias ocasi\u00f5es dom\u00e9sticas e comerciais.<br><br><strong>Prote\u00e7\u00e3o de seguran\u00e7a m\u00faltipla: <\/strong>A panela de press\u00e3o est\u00e1 equipada com uma v\u00e1lvula limitadora de press\u00e3o dupla \u00e0 prova de explos\u00e3o, bloqueio de abertura e fecho do bot\u00e3o, v\u00e1lvula de alarme, etc., para uma cozedura segura e para eliminar os perigos ocultos<br><br><strong>Aplica\u00e7\u00e3o com uma variedade de fog\u00f5es: <\/strong>Fundo de recolha de energia em forma de anel, condu\u00e7\u00e3o de calor r\u00e1pida, adequado para v\u00e1rios fog\u00f5es, condu\u00e7\u00e3o de calor r\u00e1pida, todos os tipos de fog\u00f5es s\u00e3o adequados<\/p>\n<\/div>\n<\/div>","protected":false},"excerpt":{"rendered":"<p>Panelas de press\u00e3o de a\u00e7o inoxid\u00e1vel por atacado e personalizadas do fornecedor de utens\u00edlios de cozinha. Dispon\u00edveis numa vasta gama de tamanhos de 15-80l para satisfazer v\u00e1rias necessidades de cozinha comercial. Grandes descontos para encomendas a granel, contacte-nos para obter um or\u00e7amento gratuito<\/p>\n<h2>Panela de press\u00e3o em a\u00e7o inoxid\u00e1vel Atributo:<\/h2>\n<p><strong>Material:<\/strong> a\u00e7o inoxid\u00e1vel<br \/><strong>Tamanhos:<\/strong> 15-80L<br \/><strong>Conce\u00e7\u00e3o:<\/strong> polimento espelhado, tampa \u00e0 prova de explos\u00e3o e pega dupla<br \/><strong>Fog\u00f5es<\/strong>: fog\u00e3o a g\u00e1s, fog\u00e3o de indu\u00e7\u00e3o, etc.<br \/><strong>OEM\/ODM:<\/strong> facultativo<\/p>\n<h2 class=\"wp-block-heading\">De Yongyu Cookware Fabricante :<\/h2>\n<p>Yongyu \u00e9 um fabricante profissional de utens\u00edlios de cozinha na China, e n\u00f3s produzimos todos os tipos de utens\u00edlios de cozinha de a\u00e7o inoxid\u00e1vel, tais como panelas de macarr\u00e3o, frigideiras, panelas de press\u00e3o, etc., fornecendo servi\u00e7os de aquisi\u00e7\u00e3o de qualidade e pre\u00e7os acess\u00edveis para cada cliente.<\/p>","protected":false},"featured_media":2373,"comment_status":"closed","ping_status":"closed","template":"","meta":{"_acf_changed":true},"application":[29],"product_brand":[],"product_cat":[23,39],"product_tag":[],"class_list":{"0":"post-2372","1":"product","2":"type-product","3":"status-publish","4":"has-post-thumbnail","6":"application-home-kitchen","7":"product_cat-kitchenware-wholesale","8":"product_cat-pressure-cooker-wholesale","10":"first","11":"instock","12":"shipping-taxable","13":"product-type-simple"},"acf":[],"_links":{"self":[{"href":"https:\/\/www.yongyukitchenware.com\/pt\/wp-json\/wp\/v2\/product\/2372","targetHints":{"allow":["GET"]}}],"collection":[{"href":"https:\/\/www.yongyukitchenware.com\/pt\/wp-json\/wp\/v2\/product"}],"about":[{"href":"https:\/\/www.yongyukitchenware.com\/pt\/wp-json\/wp\/v2\/types\/product"}],"replies":[{"embeddable":true,"href":"https:\/\/www.yongyukitchenware.com\/pt\/wp-json\/wp\/v2\/comments?post=2372"}],"wp:featuredmedia":[{"embeddable":true,"href":"https:\/\/www.yongyukitchenware.com\/pt\/wp-json\/wp\/v2\/media\/2373"}],"wp:attachment":[{"href":"https:\/\/www.yongyukitchenware.com\/pt\/wp-json\/wp\/v2\/media?parent=2372"}],"wp:term":[{"taxonomy":"application","embeddable":true,"href":"https:\/\/www.yongyukitchenware.com\/pt\/wp-json\/wp\/v2\/application?post=2372"},{"taxonomy":"product_brand","embeddable":true,"href":"https:\/\/www.yongyukitchenware.com\/pt\/wp-json\/wp\/v2\/product_brand?post=2372"},{"taxonomy":"product_cat","embeddable":true,"href":"https:\/\/www.yongyukitchenware.com\/pt\/wp-json\/wp\/v2\/product_cat?post=2372"},{"taxonomy":"product_tag","embeddable":true,"href":"https:\/\/www.yongyukitchenware.com\/pt\/wp-json\/wp\/v2\/product_tag?post=2372"}],"curies":[{"name":"wp","href":"https:\/\/api.w.org\/{rel}","templated":true}]}}