{"id":2384,"date":"2024-12-17T12:13:27","date_gmt":"2024-12-17T12:13:27","guid":{"rendered":"https:\/\/www.yongyukitchenware.com\/?post_type=product&#038;p=2384"},"modified":"2025-06-14T07:35:42","modified_gmt":"2025-06-14T07:35:42","slug":"wholesale-camping-pot","status":"publish","type":"product","link":"https:\/\/www.yongyukitchenware.com\/pt\/produto\/wholesale-camping-pot\/","title":{"rendered":"Conjunto de panelas port\u00e1teis de a\u00e7o inoxid\u00e1vel para campismo por atacado"},"content":{"rendered":"<div class=\"wp-block-columns is-layout-flex wp-container-core-columns-is-layout-9d6595d7 wp-block-columns-is-layout-flex\">\n<div class=\"wp-block-column is-layout-flow wp-block-column-is-layout-flow\">\n<h2 class=\"wp-block-heading\">Pote de campismo Carater\u00edsticas:<\/h2>\n\n\n\n<p><strong>A\u00e7o inoxid\u00e1vel duradouro: <\/strong>material de a\u00e7o inoxid\u00e1vel seguro e n\u00e3o t\u00f3xico, f\u00e1cil de limpar e resistente ao desgaste<\/p>\n\n\n\n<p><strong>Panela de campismo de duas pe\u00e7as:<\/strong> multifuncional, pode ser utilizado para cozinhar sopa ou fritar, aquecido uniformemente, adequado para uma variedade de fog\u00f5es<\/p>\n\n\n\n<p><strong>Poupan\u00e7a de espa\u00e7o conveniente: <\/strong>design de pega dobr\u00e1vel, empilh\u00e1vel, com saco de arruma\u00e7\u00e3o, poupa espa\u00e7o.<\/p>\n\n\n\n<h2 class=\"wp-block-heading\">Pote de campismo Tamanho:<\/h2>\n\n\n\n<figure class=\"wp-block-table\"><table class=\"has-fixed-layout\"><tbody><tr><td>Modelo<\/td><td>Comprimento * Altura (cm)<\/td><td>Capacidade<\/td><td>MOQ<\/td><\/tr><tr><td>DY017-YC<\/td><td>15,5*9CM<\/td><td>1.5L<\/td><td>100 UNIDADES<\/td><\/tr><\/tbody><\/table><\/figure>\n<\/div>\n\n\n\n<div class=\"wp-block-column is-layout-flow wp-block-column-is-layout-flow\">\n<div class=\"wp-block-columns is-layout-flex wp-container-core-columns-is-layout-9d6595d7 wp-block-columns-is-layout-flex\">\n<div class=\"wp-block-column is-layout-flow wp-block-column-is-layout-flow\"><div class=\"wp-block-image\">\n<figure class=\"aligncenter size-full is-resized\"><img decoding=\"async\" width=\"800\" height=\"800\" src=\"https:\/\/www.yongyukitchenware.com\/wp-content\/uploads\/2024\/11\/Wholesale-Stainless-Steel-Two-Piece-Pot-4.webp\" alt=\"Panela de duas pe\u00e7as em a\u00e7o inoxid\u00e1vel - 4\" class=\"wp-image-2389\" style=\"width:416px;height:auto\" srcset=\"https:\/\/www.yongyukitchenware.com\/wp-content\/uploads\/2024\/11\/Wholesale-Stainless-Steel-Two-Piece-Pot-4.webp 800w, https:\/\/www.yongyukitchenware.com\/wp-content\/uploads\/2024\/11\/Wholesale-Stainless-Steel-Two-Piece-Pot-4-300x300.webp 300w, https:\/\/www.yongyukitchenware.com\/wp-content\/uploads\/2024\/11\/Wholesale-Stainless-Steel-Two-Piece-Pot-4-150x150.webp 150w, https:\/\/www.yongyukitchenware.com\/wp-content\/uploads\/2024\/11\/Wholesale-Stainless-Steel-Two-Piece-Pot-4-768x768.webp 768w, https:\/\/www.yongyukitchenware.com\/wp-content\/uploads\/2024\/11\/Wholesale-Stainless-Steel-Two-Piece-Pot-4-12x12.webp 12w, https:\/\/www.yongyukitchenware.com\/wp-content\/uploads\/2024\/11\/Wholesale-Stainless-Steel-Two-Piece-Pot-4-600x600.webp 600w, https:\/\/www.yongyukitchenware.com\/wp-content\/uploads\/2024\/11\/Wholesale-Stainless-Steel-Two-Piece-Pot-4-100x100.webp 100w\" sizes=\"(max-width: 800px) 100vw, 800px\" \/><\/figure>\n<\/div><\/div>\n<\/div>\n<\/div>\n<\/div>","protected":false},"excerpt":{"rendered":"<p>Panela de campismo de a\u00e7o inoxid\u00e1vel a pre\u00e7o de f\u00e1brica, conjunto de duas pe\u00e7as, com tampa, pega dobr\u00e1vel e saco de armazenamento conveniente. \u00c9 o utens\u00edlio de campismo mais vendido da Amazon, vendas diretas da f\u00e1brica, servi\u00e7os personalizados e de log\u00edstica est\u00e3o dispon\u00edveis, bem-vindo ao inqu\u00e9rito!<\/p>\n<h2 style=\"text-align: left\">Pote de campismo Par\u00e2metro:<\/h2>\n<p style=\"text-align: left\"><strong>Material:<\/strong> A\u00e7o inoxid\u00e1vel<br \/><strong>Cor:<\/strong> Cor prata<br \/><strong>Embalagem: <\/strong>Saco Opp e caixa de cart\u00e3o<br \/><strong>OEM\/ODM:<\/strong> Dispon\u00edvel<\/p>\n<h2 class=\"wp-block-heading\">De Camping Kitchen Essentials Fabricante :<\/h2>\n<p>Yongyu \u00e9 um fabricante profissional de utens\u00edlios de cozinha para campismo, os nossos produtos abrangem todos os tipos de utens\u00edlios de cozinha para campismo em a\u00e7o inoxid\u00e1vel, tais como equipamento de cozinha para campismo, utens\u00edlios de mesa para campismo, grelhadores para churrasco, etc., fornecendo servi\u00e7os de aquisi\u00e7\u00e3o de qualidade e pre\u00e7os acess\u00edveis para cada cliente.<\/p>","protected":false},"featured_media":2386,"comment_status":"closed","ping_status":"closed","template":"","meta":{"_acf_changed":true},"application":[31],"product_brand":[],"product_cat":[18],"product_tag":[],"class_list":{"0":"post-2384","1":"product","2":"type-product","3":"status-publish","4":"has-post-thumbnail","6":"application-champ-kitchen","7":"product_cat-camping-kitchen-essentials-wholesale","9":"first","10":"instock","11":"shipping-taxable","12":"product-type-simple"},"acf":[],"_links":{"self":[{"href":"https:\/\/www.yongyukitchenware.com\/pt\/wp-json\/wp\/v2\/product\/2384","targetHints":{"allow":["GET"]}}],"collection":[{"href":"https:\/\/www.yongyukitchenware.com\/pt\/wp-json\/wp\/v2\/product"}],"about":[{"href":"https:\/\/www.yongyukitchenware.com\/pt\/wp-json\/wp\/v2\/types\/product"}],"replies":[{"embeddable":true,"href":"https:\/\/www.yongyukitchenware.com\/pt\/wp-json\/wp\/v2\/comments?post=2384"}],"wp:featuredmedia":[{"embeddable":true,"href":"https:\/\/www.yongyukitchenware.com\/pt\/wp-json\/wp\/v2\/media\/2386"}],"wp:attachment":[{"href":"https:\/\/www.yongyukitchenware.com\/pt\/wp-json\/wp\/v2\/media?parent=2384"}],"wp:term":[{"taxonomy":"application","embeddable":true,"href":"https:\/\/www.yongyukitchenware.com\/pt\/wp-json\/wp\/v2\/application?post=2384"},{"taxonomy":"product_brand","embeddable":true,"href":"https:\/\/www.yongyukitchenware.com\/pt\/wp-json\/wp\/v2\/product_brand?post=2384"},{"taxonomy":"product_cat","embeddable":true,"href":"https:\/\/www.yongyukitchenware.com\/pt\/wp-json\/wp\/v2\/product_cat?post=2384"},{"taxonomy":"product_tag","embeddable":true,"href":"https:\/\/www.yongyukitchenware.com\/pt\/wp-json\/wp\/v2\/product_tag?post=2384"}],"curies":[{"name":"wp","href":"https:\/\/api.w.org\/{rel}","templated":true}]}}