{"id":2427,"date":"2024-12-06T17:24:33","date_gmt":"2024-12-06T17:24:33","guid":{"rendered":"https:\/\/www.yongyukitchenware.com\/?post_type=product&#038;p=2427"},"modified":"2025-06-14T07:30:08","modified_gmt":"2025-06-14T07:30:08","slug":"wholesale-stainless-steel-cup","status":"publish","type":"product","link":"https:\/\/www.yongyukitchenware.com\/pt\/produto\/wholesale-stainless-steel-cup\/","title":{"rendered":"Copo de a\u00e7o inoxid\u00e1vel por atacado com pega dobr\u00e1vel para campismo"},"content":{"rendered":"<div class=\"wp-block-columns is-layout-flex wp-container-core-columns-is-layout-9d6595d7 wp-block-columns-is-layout-flex\">\n<div class=\"wp-block-column is-layout-flow wp-block-column-is-layout-flow\">\n<h2 class=\"wp-block-heading\">Copo de a\u00e7o inoxid\u00e1vel com pega dobr\u00e1vel Carater\u00edsticas:<\/h2>\n\n\n\n<p><strong>Materiais amigos do ambiente\uff1a<\/strong>Copo de campismo feito de a\u00e7o inoxid\u00e1vel 304 de qualidade alimentar, material saud\u00e1vel, sem odor, dur\u00e1vel<br><br><strong>Est\u00e3o dispon\u00edveis duas capacidades:<\/strong> As capacidades de 350 ml e 500 ml est\u00e3o dispon\u00edveis para os copos de campismo para satisfazer diferentes necessidades<br><br><strong>F\u00e1cil de limpar:<\/strong> A superf\u00edcie de a\u00e7o inoxid\u00e1vel \u00e9 lisa, f\u00e1cil de limpar, n\u00e3o \u00e9 f\u00e1cil de criar bact\u00e9rias, adequada para utiliza\u00e7\u00e3o no exterior<br><br><strong>Port\u00e1til e f\u00e1cil de guardar: <\/strong>Copo de campismo com pega dobr\u00e1vel, confort\u00e1vel de segurar mas tamb\u00e9m de guardar, v\u00e1rios copos podem ser empilhados, n\u00e3o ocupam espa\u00e7o<\/p>\n<\/div>\n\n\n\n<div class=\"wp-block-column is-layout-flow wp-block-column-is-layout-flow\">\n<figure class=\"wp-block-gallery has-nested-images columns-default is-cropped wp-block-gallery-1 is-layout-flex wp-block-gallery-is-layout-flex\">\n<figure class=\"wp-block-image size-large\"><img decoding=\"async\" width=\"800\" height=\"800\" data-id=\"2432\" src=\"https:\/\/www.yongyukitchenware.com\/wp-content\/uploads\/2024\/11\/Wholesale-Stainless-Steel-Cup-5.webp\" alt=\"Venda por grosso de copos de a\u00e7o inoxid\u00e1vel-5\" class=\"wp-image-2432\" srcset=\"https:\/\/www.yongyukitchenware.com\/wp-content\/uploads\/2024\/11\/Wholesale-Stainless-Steel-Cup-5.webp 800w, https:\/\/www.yongyukitchenware.com\/wp-content\/uploads\/2024\/11\/Wholesale-Stainless-Steel-Cup-5-300x300.webp 300w, https:\/\/www.yongyukitchenware.com\/wp-content\/uploads\/2024\/11\/Wholesale-Stainless-Steel-Cup-5-150x150.webp 150w, https:\/\/www.yongyukitchenware.com\/wp-content\/uploads\/2024\/11\/Wholesale-Stainless-Steel-Cup-5-768x768.webp 768w, https:\/\/www.yongyukitchenware.com\/wp-content\/uploads\/2024\/11\/Wholesale-Stainless-Steel-Cup-5-12x12.webp 12w, https:\/\/www.yongyukitchenware.com\/wp-content\/uploads\/2024\/11\/Wholesale-Stainless-Steel-Cup-5-600x600.webp 600w, https:\/\/www.yongyukitchenware.com\/wp-content\/uploads\/2024\/11\/Wholesale-Stainless-Steel-Cup-5-100x100.webp 100w\" sizes=\"(max-width: 800px) 100vw, 800px\" \/><\/figure>\n<\/figure>\n<\/div>\n<\/div>\n\n\n\n<div class=\"wp-block-columns is-layout-flex wp-container-core-columns-is-layout-9d6595d7 wp-block-columns-is-layout-flex\">\n<div class=\"wp-block-column is-layout-flow wp-block-column-is-layout-flow\">\n<figure class=\"wp-block-image size-full\"><img decoding=\"async\" width=\"800\" height=\"800\" src=\"https:\/\/www.yongyukitchenware.com\/wp-content\/uploads\/2024\/11\/Wholesale-Stainless-Steel-Cup-8.webp\" alt=\"Venda por grosso de copos de a\u00e7o inoxid\u00e1vel-8\" class=\"wp-image-2435\" srcset=\"https:\/\/www.yongyukitchenware.com\/wp-content\/uploads\/2024\/11\/Wholesale-Stainless-Steel-Cup-8.webp 800w, https:\/\/www.yongyukitchenware.com\/wp-content\/uploads\/2024\/11\/Wholesale-Stainless-Steel-Cup-8-300x300.webp 300w, https:\/\/www.yongyukitchenware.com\/wp-content\/uploads\/2024\/11\/Wholesale-Stainless-Steel-Cup-8-150x150.webp 150w, https:\/\/www.yongyukitchenware.com\/wp-content\/uploads\/2024\/11\/Wholesale-Stainless-Steel-Cup-8-768x768.webp 768w, https:\/\/www.yongyukitchenware.com\/wp-content\/uploads\/2024\/11\/Wholesale-Stainless-Steel-Cup-8-12x12.webp 12w, https:\/\/www.yongyukitchenware.com\/wp-content\/uploads\/2024\/11\/Wholesale-Stainless-Steel-Cup-8-600x600.webp 600w, https:\/\/www.yongyukitchenware.com\/wp-content\/uploads\/2024\/11\/Wholesale-Stainless-Steel-Cup-8-100x100.webp 100w\" sizes=\"(max-width: 800px) 100vw, 800px\" \/><\/figure>\n<\/div>\n\n\n\n<div class=\"wp-block-column is-layout-flow wp-block-column-is-layout-flow\">\n<h2 class=\"wp-block-heading\">A\u00e7o inoxid\u00e1vel Tamanho do copo:<\/h2>\n\n\n\n<figure class=\"wp-block-table\"><table class=\"has-fixed-layout\"><tbody><tr><td>Modelo<\/td><td>Capacidade<\/td><td>MOQ<\/td><\/tr><tr><td rowspan=\"2\">DY020-YC<\/td><td>350ml<\/td><td rowspan=\"2\">200 UNIDADES<\/td><\/tr><tr><td>500ml<\/td><\/tr><\/tbody><\/table><\/figure>\n<\/div>\n<\/div>\n\n\n\n<p><\/p>","protected":false},"excerpt":{"rendered":"<p>Bem-vindo ao atacado e personalizar copos de a\u00e7o inoxid\u00e1vel para camping, a al\u00e7a dobr\u00e1vel pode ser empilhada, tornando-o o essencial de acampamento mais popular. Mais produtos a pre\u00e7o de f\u00e1brica, consulte-nos.<\/p>\n<h2 style=\"text-align: left\">A\u00e7o inoxid\u00e1vel Par\u00e2metro do copo:<\/h2>\n<p style=\"text-align: left\"><strong>Material:<\/strong> A\u00e7o inoxid\u00e1vel<br \/><strong>Cor:<\/strong> Prata<br \/><strong>Conce\u00e7\u00e3o: <\/strong>com pega dobr\u00e1vel e saco<br \/><strong>OEM\/ODM:<\/strong> Dispon\u00edvel<\/p>\n<h2 class=\"wp-block-heading\">De Camping Kitchen Essentials Fabricante :<\/h2>\n<p>Yongyu \u00e9 um fabricante profissional de utens\u00edlios de cozinha para campismo, os nossos produtos abrangem todos os tipos de utens\u00edlios de cozinha para campismo em a\u00e7o inoxid\u00e1vel, tais como equipamento de cozinha para campismo, utens\u00edlios de mesa para campismo, grelhadores para churrasco, etc., fornecendo servi\u00e7os de aquisi\u00e7\u00e3o de qualidade e pre\u00e7os acess\u00edveis para cada cliente.<\/p>","protected":false},"featured_media":2428,"comment_status":"closed","ping_status":"closed","template":"","meta":{"_acf_changed":false},"application":[31],"product_brand":[],"product_cat":[18],"product_tag":[],"class_list":{"0":"post-2427","1":"product","2":"type-product","3":"status-publish","4":"has-post-thumbnail","6":"application-champ-kitchen","7":"product_cat-camping-kitchen-essentials-wholesale","9":"first","10":"instock","11":"shipping-taxable","12":"product-type-simple"},"acf":[],"_links":{"self":[{"href":"https:\/\/www.yongyukitchenware.com\/pt\/wp-json\/wp\/v2\/product\/2427","targetHints":{"allow":["GET"]}}],"collection":[{"href":"https:\/\/www.yongyukitchenware.com\/pt\/wp-json\/wp\/v2\/product"}],"about":[{"href":"https:\/\/www.yongyukitchenware.com\/pt\/wp-json\/wp\/v2\/types\/product"}],"replies":[{"embeddable":true,"href":"https:\/\/www.yongyukitchenware.com\/pt\/wp-json\/wp\/v2\/comments?post=2427"}],"wp:featuredmedia":[{"embeddable":true,"href":"https:\/\/www.yongyukitchenware.com\/pt\/wp-json\/wp\/v2\/media\/2428"}],"wp:attachment":[{"href":"https:\/\/www.yongyukitchenware.com\/pt\/wp-json\/wp\/v2\/media?parent=2427"}],"wp:term":[{"taxonomy":"application","embeddable":true,"href":"https:\/\/www.yongyukitchenware.com\/pt\/wp-json\/wp\/v2\/application?post=2427"},{"taxonomy":"product_brand","embeddable":true,"href":"https:\/\/www.yongyukitchenware.com\/pt\/wp-json\/wp\/v2\/product_brand?post=2427"},{"taxonomy":"product_cat","embeddable":true,"href":"https:\/\/www.yongyukitchenware.com\/pt\/wp-json\/wp\/v2\/product_cat?post=2427"},{"taxonomy":"product_tag","embeddable":true,"href":"https:\/\/www.yongyukitchenware.com\/pt\/wp-json\/wp\/v2\/product_tag?post=2427"}],"curies":[{"name":"wp","href":"https:\/\/api.w.org\/{rel}","templated":true}]}}