{"id":2438,"date":"2024-12-17T11:56:47","date_gmt":"2024-12-17T11:56:47","guid":{"rendered":"https:\/\/www.yongyukitchenware.com\/?post_type=product&#038;p=2438"},"modified":"2025-06-14T07:33:00","modified_gmt":"2025-06-14T07:33:00","slug":"wholesale-camping-plate","status":"publish","type":"product","link":"https:\/\/www.yongyukitchenware.com\/pt\/produto\/wholesale-camping-plate\/","title":{"rendered":"Frigideira de chapa de acampamento por atacado de a\u00e7o inoxid\u00e1vel ouro prata"},"content":{"rendered":"<div class=\"wp-block-columns is-layout-flex wp-container-core-columns-is-layout-9d6595d7 wp-block-columns-is-layout-flex\">\n<div class=\"wp-block-column is-layout-flow wp-block-column-is-layout-flow\">\n<h2 class=\"wp-block-heading\">Prato de campismo Carater\u00edsticas:<\/h2>\n\n\n\n<p><strong>Materiais amigos do ambiente:<\/strong> Fabricado em a\u00e7o inoxid\u00e1vel 304 de qualidade alimentar, pode aquecer uniformemente, \u00e9 resistente ao desgaste e f\u00e1cil de limpar<\/p>\n\n\n\n<p><strong>Design refor\u00e7ado da pega: <\/strong>cabo de a\u00e7o inoxid\u00e1vel espessado, refor\u00e7ado com rebites, boa capacidade de carga<\/p>\n\n\n\n<p><strong>Design de borda rolante: <\/strong>cantos arredondados e lisos, f\u00e1ceis de transportar e evitam les\u00f5es nas m\u00e3os<\/p>\n\n\n\n<p><strong>Design de fundo plano: <\/strong>fundo plano, firmemente colocado, pode ser aquecido diretamente<\/p>\n\n\n\n<p><strong>V\u00e1rias op\u00e7\u00f5es de tamanho: <\/strong>Est\u00e3o dispon\u00edveis tr\u00eas tamanhos, de pequeno a grande, adequados para alimentos de diferentes capacidades.<\/p>\n\n\n\n<h2 class=\"wp-block-heading\">Tabuleiro em a\u00e7o inoxid\u00e1vel com pega Tamanho:<\/h2>\n\n\n\n<figure class=\"wp-block-table\"><table class=\"has-fixed-layout\"><tbody><tr><td>Modelo<\/td><td>Comprimento * Altura (cm)<\/td><td>MOQ<\/td><\/tr><tr><td rowspan=\"3\">DY011-YC<\/td><td>19*3cm<\/td><td rowspan=\"3\">200 UNIDADES<\/td><\/tr><tr><td>21*3cm<\/td><\/tr><tr><td>24*3cm<\/td><\/tr><\/tbody><\/table><\/figure>\n<\/div>\n\n\n\n<div class=\"wp-block-column is-layout-flow wp-block-column-is-layout-flow\">\n<div class=\"wp-block-columns is-layout-flex wp-container-core-columns-is-layout-9d6595d7 wp-block-columns-is-layout-flex\">\n<div class=\"wp-block-column is-layout-flow wp-block-column-is-layout-flow\"><div class=\"wp-block-image\">\n<figure class=\"aligncenter size-full is-resized\"><img decoding=\"async\" width=\"800\" height=\"800\" src=\"https:\/\/www.yongyukitchenware.com\/wp-content\/uploads\/2024\/11\/Custom-Stainless-Steel-Tray-with-Handle-6.webp\" alt=\"Bandeja de a\u00e7o inoxid\u00e1vel personalizada com pega-6\" class=\"wp-image-2443\" style=\"width:416px;height:auto\" srcset=\"https:\/\/www.yongyukitchenware.com\/wp-content\/uploads\/2024\/11\/Custom-Stainless-Steel-Tray-with-Handle-6.webp 800w, https:\/\/www.yongyukitchenware.com\/wp-content\/uploads\/2024\/11\/Custom-Stainless-Steel-Tray-with-Handle-6-300x300.webp 300w, https:\/\/www.yongyukitchenware.com\/wp-content\/uploads\/2024\/11\/Custom-Stainless-Steel-Tray-with-Handle-6-150x150.webp 150w, https:\/\/www.yongyukitchenware.com\/wp-content\/uploads\/2024\/11\/Custom-Stainless-Steel-Tray-with-Handle-6-768x768.webp 768w, https:\/\/www.yongyukitchenware.com\/wp-content\/uploads\/2024\/11\/Custom-Stainless-Steel-Tray-with-Handle-6-12x12.webp 12w, https:\/\/www.yongyukitchenware.com\/wp-content\/uploads\/2024\/11\/Custom-Stainless-Steel-Tray-with-Handle-6-600x600.webp 600w, https:\/\/www.yongyukitchenware.com\/wp-content\/uploads\/2024\/11\/Custom-Stainless-Steel-Tray-with-Handle-6-100x100.webp 100w\" sizes=\"(max-width: 800px) 100vw, 800px\" \/><\/figure>\n<\/div><\/div>\n<\/div>\n<\/div>\n<\/div>\n\n\n\n<p><\/p>","protected":false},"excerpt":{"rendered":"<p>Placa de campismo de a\u00e7o inoxid\u00e1vel por atacado e personalizada, pode ser usada como frigideira, aquecida uniformemente, material espesso dur\u00e1vel, com pega. \u00c9 um essencial para o exterior, dispon\u00edvel em v\u00e1rios tamanhos, pre\u00e7o de f\u00e1brica, fornecimento por atacado, bem-vindo ao contacto!<\/p>\n<h2 style=\"text-align: left\">Placa de campismo Par\u00e2metro:<\/h2>\n<p style=\"text-align: left\"><strong>Material:<\/strong> A\u00e7o inoxid\u00e1vel<br \/><strong>Cor:<\/strong> Cor prata<br \/><strong>Embalagem: <\/strong>Saco Opp e caixa de cart\u00e3o<br \/><strong>OEM\/ODM:<\/strong> Dispon\u00edvel<\/p>\n<h2 class=\"wp-block-heading\">De Camping Kitchen Essentials Fabricante :<\/h2>\n<p>Yongyu \u00e9 um fabricante profissional de artigos essenciais de cozinha para campismo. Os nossos produtos abrangem todos os tipos de artigos essenciais de cozinha de campismo em a\u00e7o inoxid\u00e1vel, tais como equipamento de cozinha de campismo, utens\u00edlios de mesa de campismo, grelhadores para churrasco, etc., fornecendo servi\u00e7os de aquisi\u00e7\u00e3o de qualidade e pre\u00e7os acess\u00edveis para cada cliente.<\/p>","protected":false},"featured_media":2439,"comment_status":"closed","ping_status":"closed","template":"","meta":{"_acf_changed":true},"application":[31],"product_brand":[],"product_cat":[18],"product_tag":[],"class_list":{"0":"post-2438","1":"product","2":"type-product","3":"status-publish","4":"has-post-thumbnail","6":"application-champ-kitchen","7":"product_cat-camping-kitchen-essentials-wholesale","9":"first","10":"instock","11":"shipping-taxable","12":"product-type-simple"},"acf":[],"_links":{"self":[{"href":"https:\/\/www.yongyukitchenware.com\/pt\/wp-json\/wp\/v2\/product\/2438","targetHints":{"allow":["GET"]}}],"collection":[{"href":"https:\/\/www.yongyukitchenware.com\/pt\/wp-json\/wp\/v2\/product"}],"about":[{"href":"https:\/\/www.yongyukitchenware.com\/pt\/wp-json\/wp\/v2\/types\/product"}],"replies":[{"embeddable":true,"href":"https:\/\/www.yongyukitchenware.com\/pt\/wp-json\/wp\/v2\/comments?post=2438"}],"wp:featuredmedia":[{"embeddable":true,"href":"https:\/\/www.yongyukitchenware.com\/pt\/wp-json\/wp\/v2\/media\/2439"}],"wp:attachment":[{"href":"https:\/\/www.yongyukitchenware.com\/pt\/wp-json\/wp\/v2\/media?parent=2438"}],"wp:term":[{"taxonomy":"application","embeddable":true,"href":"https:\/\/www.yongyukitchenware.com\/pt\/wp-json\/wp\/v2\/application?post=2438"},{"taxonomy":"product_brand","embeddable":true,"href":"https:\/\/www.yongyukitchenware.com\/pt\/wp-json\/wp\/v2\/product_brand?post=2438"},{"taxonomy":"product_cat","embeddable":true,"href":"https:\/\/www.yongyukitchenware.com\/pt\/wp-json\/wp\/v2\/product_cat?post=2438"},{"taxonomy":"product_tag","embeddable":true,"href":"https:\/\/www.yongyukitchenware.com\/pt\/wp-json\/wp\/v2\/product_tag?post=2438"}],"curies":[{"name":"wp","href":"https:\/\/api.w.org\/{rel}","templated":true}]}}