{"id":2457,"date":"2024-12-06T17:33:04","date_gmt":"2024-12-06T17:33:04","guid":{"rendered":"https:\/\/www.yongyukitchenware.com\/?post_type=product&#038;p=2457"},"modified":"2025-06-14T07:31:54","modified_gmt":"2025-06-14T07:31:54","slug":"bulk-camping-cutlery-set","status":"publish","type":"product","link":"https:\/\/www.yongyukitchenware.com\/pt\/produto\/bulk-camping-cutlery-set\/","title":{"rendered":"Conjunto de talheres para campismo a granel Faca, garfo e colher em a\u00e7o inoxid\u00e1vel"},"content":{"rendered":"<div class=\"wp-block-columns is-layout-flex wp-container-core-columns-is-layout-9d6595d7 wp-block-columns-is-layout-flex\">\n<div class=\"wp-block-column is-layout-flow wp-block-column-is-layout-flow\">\n<h2 class=\"wp-block-heading\">Conjunto de talheres para campismo Carater\u00edsticas:<\/h2>\n\n\n\n<p><strong>Material de prote\u00e7\u00e3o ambiental:<\/strong> Conjunto de utens\u00edlios de mesa dobr\u00e1veis em a\u00e7o inoxid\u00e1vel 304 de qualidade alimentar, material saud\u00e1vel, sem odor, duradouro<\/p>\n\n\n\n<p><strong>Port\u00e1til e f\u00e1cil de guardar: <\/strong>o cabo da faca, do garfo e da colher \u00e9 dobr\u00e1vel, e o peso total \u00e9 leve, f\u00e1cil de transportar e n\u00e3o acrescenta carga adicional, adequado para viagens ao ar livre<\/p>\n\n\n\n<p><strong>Versatilidade: <\/strong>O conjunto de utens\u00edlios de mesa dobr\u00e1vel inclui colher, garfo, faca e pauzinhos. Design compacto, pode satisfazer as necessidades de uma variedade de utiliza\u00e7\u00f5es<\/p>\n\n\n\n<p><strong>F\u00e1cil de limpar:<\/strong> A superf\u00edcie de a\u00e7o inoxid\u00e1vel \u00e9 lisa, n\u00e3o \u00e9 f\u00e1cil esconder a sujidade, \u00e9 f\u00e1cil de limpar. Para a limpeza inconveniente no exterior, poupa-se mais tempo e esfor\u00e7o<\/p>\n<\/div>\n\n\n\n<div class=\"wp-block-column is-layout-flow wp-block-column-is-layout-flow\">\n<div class=\"wp-block-columns is-layout-flex wp-container-core-columns-is-layout-9d6595d7 wp-block-columns-is-layout-flex\">\n<div class=\"wp-block-column is-layout-flow wp-block-column-is-layout-flow\"><div class=\"wp-block-image\">\n<figure class=\"aligncenter size-full is-resized\"><img decoding=\"async\" width=\"800\" height=\"800\" src=\"https:\/\/www.yongyukitchenware.com\/wp-content\/uploads\/2024\/12\/Bulk-Foldable-Cutlery-Set-9.webp\" alt=\"Conjunto de talheres dobr\u00e1veis a granel - 9\" class=\"wp-image-2466\" style=\"width:416px;height:auto\" srcset=\"https:\/\/www.yongyukitchenware.com\/wp-content\/uploads\/2024\/12\/Bulk-Foldable-Cutlery-Set-9.webp 800w, https:\/\/www.yongyukitchenware.com\/wp-content\/uploads\/2024\/12\/Bulk-Foldable-Cutlery-Set-9-300x300.webp 300w, https:\/\/www.yongyukitchenware.com\/wp-content\/uploads\/2024\/12\/Bulk-Foldable-Cutlery-Set-9-150x150.webp 150w, https:\/\/www.yongyukitchenware.com\/wp-content\/uploads\/2024\/12\/Bulk-Foldable-Cutlery-Set-9-768x768.webp 768w, https:\/\/www.yongyukitchenware.com\/wp-content\/uploads\/2024\/12\/Bulk-Foldable-Cutlery-Set-9-12x12.webp 12w, https:\/\/www.yongyukitchenware.com\/wp-content\/uploads\/2024\/12\/Bulk-Foldable-Cutlery-Set-9-600x600.webp 600w, https:\/\/www.yongyukitchenware.com\/wp-content\/uploads\/2024\/12\/Bulk-Foldable-Cutlery-Set-9-100x100.webp 100w\" sizes=\"(max-width: 800px) 100vw, 800px\" \/><\/figure>\n<\/div><\/div>\n<\/div>\n<\/div>\n<\/div>\n\n\n\n<div class=\"wp-block-columns is-layout-flex wp-container-core-columns-is-layout-9d6595d7 wp-block-columns-is-layout-flex\">\n<div class=\"wp-block-column is-layout-flow wp-block-column-is-layout-flow\">\n<figure class=\"wp-block-image size-full\"><img decoding=\"async\" width=\"800\" height=\"800\" src=\"https:\/\/www.yongyukitchenware.com\/wp-content\/uploads\/2024\/12\/Bulk-Foldable-Cutlery-Set-8.webp\" alt=\"Conjunto de talheres dobr\u00e1veis a granel - 8\" class=\"wp-image-2465\" srcset=\"https:\/\/www.yongyukitchenware.com\/wp-content\/uploads\/2024\/12\/Bulk-Foldable-Cutlery-Set-8.webp 800w, https:\/\/www.yongyukitchenware.com\/wp-content\/uploads\/2024\/12\/Bulk-Foldable-Cutlery-Set-8-300x300.webp 300w, https:\/\/www.yongyukitchenware.com\/wp-content\/uploads\/2024\/12\/Bulk-Foldable-Cutlery-Set-8-150x150.webp 150w, https:\/\/www.yongyukitchenware.com\/wp-content\/uploads\/2024\/12\/Bulk-Foldable-Cutlery-Set-8-768x768.webp 768w, https:\/\/www.yongyukitchenware.com\/wp-content\/uploads\/2024\/12\/Bulk-Foldable-Cutlery-Set-8-12x12.webp 12w, https:\/\/www.yongyukitchenware.com\/wp-content\/uploads\/2024\/12\/Bulk-Foldable-Cutlery-Set-8-600x600.webp 600w, https:\/\/www.yongyukitchenware.com\/wp-content\/uploads\/2024\/12\/Bulk-Foldable-Cutlery-Set-8-100x100.webp 100w\" sizes=\"(max-width: 800px) 100vw, 800px\" \/><\/figure>\n<\/div>\n\n\n\n<div class=\"wp-block-column is-layout-flow wp-block-column-is-layout-flow\">\n<h2 class=\"wp-block-heading\">Conjunto de talheres para campismo Tamanho:<\/h2>\n\n\n\n<figure class=\"wp-block-table\"><table class=\"has-fixed-layout\"><tbody><tr><td>Modelo<\/td><td>Especifica\u00e7\u00e3o<\/td><td>Comprimento * Largura (cm)<\/td><td>Dimens\u00f5es ap\u00f3s dobragem<\/td><td>MOQ<\/td><\/tr><tr><td rowspan=\"5\">DY010-YC<\/td><td>Faca<\/td><td>15,3*2,1cm<\/td><td rowspan=\"4\">8,8 cm<\/td><td rowspan=\"5\">200 UNIDADES<\/td><\/tr><tr><td>Garfo<\/td><td>15*2,3cm<\/td><\/tr><tr><td>Colher<\/td><td>15*4cm<\/td><\/tr><tr><td>Colher de sobremesa<\/td><td>15*3,9cm<\/td><\/tr><tr><td>Pauzinhos<\/td><td>23 cm<\/td><td>11,5 cm<\/td><\/tr><\/tbody><\/table><\/figure>\n<\/div>\n<\/div>\n\n\n\n<p><\/p>","protected":false},"excerpt":{"rendered":"<p>Conjunto de talheres de campismo a granel a pre\u00e7o de f\u00e1brica com pegas dobr\u00e1veis e saco conveniente, adequado para actividades ao ar livre ou talheres de almo\u00e7o de escrit\u00f3rio. Para mais solu\u00e7\u00f5es essenciais de acampamento por atacado, entre em contato conosco!<\/p>\n<h2 style=\"text-align: left\">Conjunto de talheres para campismo Par\u00e2metro:<\/h2>\n<p style=\"text-align: left\"><strong>Material:<\/strong> A\u00e7o inoxid\u00e1vel<br \/><strong>Cor:<\/strong> Cor prata<br \/><strong>Tipos:<\/strong> Colher, Garfo, Faca, Pauzinhos<br \/><strong>OEM\/ODM:<\/strong> Dispon\u00edvel<\/p>\n<h2 class=\"wp-block-heading\">De Camping Kitchen Essentials Fabricante :<\/h2>\n<p>Yongyu \u00e9 um fabricante profissional de utens\u00edlios de cozinha para campismo, os nossos produtos abrangem todos os tipos de utens\u00edlios de cozinha para campismo em a\u00e7o inoxid\u00e1vel, tais como equipamento de cozinha para campismo, utens\u00edlios de mesa para campismo, grelhadores para churrasco, etc., fornecendo servi\u00e7os de aquisi\u00e7\u00e3o de qualidade e pre\u00e7os acess\u00edveis para cada cliente.<\/p>","protected":false},"featured_media":2462,"comment_status":"closed","ping_status":"closed","template":"","meta":{"_acf_changed":true},"application":[31],"product_brand":[],"product_cat":[18],"product_tag":[],"class_list":{"0":"post-2457","1":"product","2":"type-product","3":"status-publish","4":"has-post-thumbnail","6":"application-champ-kitchen","7":"product_cat-camping-kitchen-essentials-wholesale","9":"first","10":"instock","11":"shipping-taxable","12":"product-type-simple"},"acf":[],"_links":{"self":[{"href":"https:\/\/www.yongyukitchenware.com\/pt\/wp-json\/wp\/v2\/product\/2457","targetHints":{"allow":["GET"]}}],"collection":[{"href":"https:\/\/www.yongyukitchenware.com\/pt\/wp-json\/wp\/v2\/product"}],"about":[{"href":"https:\/\/www.yongyukitchenware.com\/pt\/wp-json\/wp\/v2\/types\/product"}],"replies":[{"embeddable":true,"href":"https:\/\/www.yongyukitchenware.com\/pt\/wp-json\/wp\/v2\/comments?post=2457"}],"wp:featuredmedia":[{"embeddable":true,"href":"https:\/\/www.yongyukitchenware.com\/pt\/wp-json\/wp\/v2\/media\/2462"}],"wp:attachment":[{"href":"https:\/\/www.yongyukitchenware.com\/pt\/wp-json\/wp\/v2\/media?parent=2457"}],"wp:term":[{"taxonomy":"application","embeddable":true,"href":"https:\/\/www.yongyukitchenware.com\/pt\/wp-json\/wp\/v2\/application?post=2457"},{"taxonomy":"product_brand","embeddable":true,"href":"https:\/\/www.yongyukitchenware.com\/pt\/wp-json\/wp\/v2\/product_brand?post=2457"},{"taxonomy":"product_cat","embeddable":true,"href":"https:\/\/www.yongyukitchenware.com\/pt\/wp-json\/wp\/v2\/product_cat?post=2457"},{"taxonomy":"product_tag","embeddable":true,"href":"https:\/\/www.yongyukitchenware.com\/pt\/wp-json\/wp\/v2\/product_tag?post=2457"}],"curies":[{"name":"wp","href":"https:\/\/api.w.org\/{rel}","templated":true}]}}