{"id":2475,"date":"2024-12-22T20:21:05","date_gmt":"2024-12-22T20:21:05","guid":{"rendered":"https:\/\/www.yongyukitchenware.com\/?post_type=product&#038;p=2475"},"modified":"2025-06-14T03:14:25","modified_gmt":"2025-06-14T03:14:25","slug":"wholesale-camping-cookware","status":"publish","type":"product","link":"https:\/\/www.yongyukitchenware.com\/pt\/produto\/wholesale-camping-cookware\/","title":{"rendered":"Conjunto de 4 pe\u00e7as de utens\u00edlios de cozinha para campismo por atacado Utens\u00edlio de cozinha port\u00e1til"},"content":{"rendered":"<div class=\"wp-block-columns is-layout-flex wp-container-core-columns-is-layout-9d6595d7 wp-block-columns-is-layout-flex\">\n<div class=\"wp-block-column is-layout-flow wp-block-column-is-layout-flow\">\n<h2 class=\"wp-block-heading\">Utens\u00edlios de cozinha para campismo Carater\u00edsticas:<\/h2>\n\n\n\n<p><strong>Material de prote\u00e7\u00e3o ambiental:<\/strong> Conjunto de utens\u00edlios de mesa dobr\u00e1veis em a\u00e7o inoxid\u00e1vel 304 de qualidade alimentar, material saud\u00e1vel, sem odor, duradouro<\/p>\n\n\n\n<p><strong>Port\u00e1til e f\u00e1cil de guardar:<\/strong> A pega do conjunto de panelas de campismo de 4 pe\u00e7as \u00e9 dobr\u00e1vel e amov\u00edvel, e os estilos podem ser empilhados uns entre os outros, o que \u00e9 pr\u00e1tico de transportar e n\u00e3o acrescenta carga extra, adequado para viagens ao ar livre<\/p>\n\n\n\n<p><strong>Design de borda enrolada: <\/strong>cantos arredondados e lisos, f\u00e1ceis de utilizar, evitam les\u00f5es nas m\u00e3os<\/p>\n\n\n\n<p><strong>Design de fundo plano:<\/strong> fundo plano, firmemente colocado, pode ser diretamente aquecido<\/p>\n\n\n\n<h2 class=\"wp-block-heading\">Tamanho dos utens\u00edlios de cozinha para campismo:<\/h2>\n\n\n\n<figure class=\"wp-block-table\"><table class=\"has-fixed-layout\"><tbody><tr><td>Modelo<\/td><td>Capacidade<\/td><td>Comprimento * Altura (cm)<\/td><td>MOQ<\/td><\/tr><tr><td rowspan=\"4\">DY008-YC<\/td><td>4.5L<\/td><td>23,3*13cm<\/td><td rowspan=\"4\">50 UNIDADES<\/td><\/tr><tr><td>2L<\/td><td>19,5*9cm<\/td><\/tr><tr><td>1.6L<\/td><td>17*8,8cm<\/td><\/tr><tr><td>Frigideira<\/td><td>23,3*5,5cm<\/td><\/tr><\/tbody><\/table><\/figure>\n<\/div>\n\n\n\n<div class=\"wp-block-column is-layout-flow wp-block-column-is-layout-flow\">\n<div class=\"wp-block-columns is-layout-flex wp-container-core-columns-is-layout-9d6595d7 wp-block-columns-is-layout-flex\">\n<div class=\"wp-block-column is-layout-flow wp-block-column-is-layout-flow\">\n<figure class=\"wp-block-image size-full\"><img decoding=\"async\" width=\"800\" height=\"800\" src=\"https:\/\/www.yongyukitchenware.com\/wp-content\/uploads\/2024\/12\/Wholesale-Camping-Pot-4-Piece-Set-3.webp\" alt=\"Conjunto de 4 pe\u00e7as para panela de campismo - 3\" class=\"wp-image-2478\" srcset=\"https:\/\/www.yongyukitchenware.com\/wp-content\/uploads\/2024\/12\/Wholesale-Camping-Pot-4-Piece-Set-3.webp 800w, https:\/\/www.yongyukitchenware.com\/wp-content\/uploads\/2024\/12\/Wholesale-Camping-Pot-4-Piece-Set-3-300x300.webp 300w, https:\/\/www.yongyukitchenware.com\/wp-content\/uploads\/2024\/12\/Wholesale-Camping-Pot-4-Piece-Set-3-150x150.webp 150w, https:\/\/www.yongyukitchenware.com\/wp-content\/uploads\/2024\/12\/Wholesale-Camping-Pot-4-Piece-Set-3-768x768.webp 768w, https:\/\/www.yongyukitchenware.com\/wp-content\/uploads\/2024\/12\/Wholesale-Camping-Pot-4-Piece-Set-3-12x12.webp 12w, https:\/\/www.yongyukitchenware.com\/wp-content\/uploads\/2024\/12\/Wholesale-Camping-Pot-4-Piece-Set-3-600x600.webp 600w, https:\/\/www.yongyukitchenware.com\/wp-content\/uploads\/2024\/12\/Wholesale-Camping-Pot-4-Piece-Set-3-100x100.webp 100w\" sizes=\"(max-width: 800px) 100vw, 800px\" \/><\/figure>\n<\/div>\n<\/div>\n<\/div>\n<\/div>","protected":false},"excerpt":{"rendered":"<p>Panelas de campismo por atacado e personalizadas, tachos e panelas de a\u00e7o inoxid\u00e1vel de alta qualidade com pegas dobr\u00e1veis e fundos espessos para um aquecimento uniforme. Oferecemos servi\u00e7os personalizados e da Amazon, bem-vindo para obter uma cota\u00e7\u00e3o!<\/p>\n<h2 style=\"text-align: left\">Utens\u00edlios de cozinha para campismo Par\u00e2metro:<\/h2>\n<p style=\"text-align: left\"><strong>Material:<\/strong> A\u00e7o inoxid\u00e1vel<br \/><strong>Cor:<\/strong> Prata<br \/><strong>Tipos:<\/strong> Tachos e panelas de campismo com um saco<br \/><strong>OEM\/ODM:<\/strong> Dispon\u00edvel<\/p>\n<h2 class=\"wp-block-heading\">De Camping Kitchen Essentials Fabricante :<\/h2>\n<p>Yongyu \u00e9 um fabricante profissional de utens\u00edlios de cozinha para campismo, os nossos produtos abrangem todos os tipos de utens\u00edlios de cozinha para campismo em a\u00e7o inoxid\u00e1vel, tais como equipamento de cozinha para campismo, utens\u00edlios de mesa para campismo, grelhadores para churrasco, etc., fornecendo servi\u00e7os de aquisi\u00e7\u00e3o de qualidade e pre\u00e7os acess\u00edveis para cada cliente.<\/p>","protected":false},"featured_media":2484,"comment_status":"closed","ping_status":"closed","template":"","meta":{"_acf_changed":true},"application":[31],"product_brand":[],"product_cat":[18],"product_tag":[],"class_list":{"0":"post-2475","1":"product","2":"type-product","3":"status-publish","4":"has-post-thumbnail","6":"application-champ-kitchen","7":"product_cat-camping-kitchen-essentials-wholesale","9":"first","10":"instock","11":"shipping-taxable","12":"product-type-simple"},"acf":[],"_links":{"self":[{"href":"https:\/\/www.yongyukitchenware.com\/pt\/wp-json\/wp\/v2\/product\/2475","targetHints":{"allow":["GET"]}}],"collection":[{"href":"https:\/\/www.yongyukitchenware.com\/pt\/wp-json\/wp\/v2\/product"}],"about":[{"href":"https:\/\/www.yongyukitchenware.com\/pt\/wp-json\/wp\/v2\/types\/product"}],"replies":[{"embeddable":true,"href":"https:\/\/www.yongyukitchenware.com\/pt\/wp-json\/wp\/v2\/comments?post=2475"}],"wp:featuredmedia":[{"embeddable":true,"href":"https:\/\/www.yongyukitchenware.com\/pt\/wp-json\/wp\/v2\/media\/2484"}],"wp:attachment":[{"href":"https:\/\/www.yongyukitchenware.com\/pt\/wp-json\/wp\/v2\/media?parent=2475"}],"wp:term":[{"taxonomy":"application","embeddable":true,"href":"https:\/\/www.yongyukitchenware.com\/pt\/wp-json\/wp\/v2\/application?post=2475"},{"taxonomy":"product_brand","embeddable":true,"href":"https:\/\/www.yongyukitchenware.com\/pt\/wp-json\/wp\/v2\/product_brand?post=2475"},{"taxonomy":"product_cat","embeddable":true,"href":"https:\/\/www.yongyukitchenware.com\/pt\/wp-json\/wp\/v2\/product_cat?post=2475"},{"taxonomy":"product_tag","embeddable":true,"href":"https:\/\/www.yongyukitchenware.com\/pt\/wp-json\/wp\/v2\/product_tag?post=2475"}],"curies":[{"name":"wp","href":"https:\/\/api.w.org\/{rel}","templated":true}]}}