{"id":2489,"date":"2024-12-22T20:31:53","date_gmt":"2024-12-22T20:31:53","guid":{"rendered":"https:\/\/www.yongyukitchenware.com\/?post_type=product&#038;p=2489"},"modified":"2025-06-14T03:13:05","modified_gmt":"2025-06-14T03:13:05","slug":"bulk-camping-kettle","status":"publish","type":"product","link":"https:\/\/www.yongyukitchenware.com\/pt\/produto\/bulk-camping-kettle\/","title":{"rendered":"Chaleira para campismo a granel Chaleira de a\u00e7o inoxid\u00e1vel port\u00e1til para exterior"},"content":{"rendered":"<div class=\"wp-block-columns is-layout-flex wp-container-core-columns-is-layout-9d6595d7 wp-block-columns-is-layout-flex\">\n<div class=\"wp-block-column is-layout-flow wp-block-column-is-layout-flow\">\n<h2 class=\"wp-block-heading\">Chaleira de campismo Carater\u00edsticas:<\/h2>\n\n\n\n<p><strong>A\u00e7o inoxid\u00e1vel duradouro: <\/strong>Feito de a\u00e7o inoxid\u00e1vel 304, saud\u00e1vel e dur\u00e1vel, pode aquecer uniformemente.<\/p>\n\n\n\n<p><strong>Pega anti-calor: <\/strong>a pega adopta um adesivo espesso, o que a torna confort\u00e1vel para segurar nas m\u00e3os e port\u00e1til para viajar<\/p>\n\n\n\n<p><strong>Design de boca curta: <\/strong>despejo de \u00e1gua suave, n\u00e3o \u00e9 f\u00e1cil de entornar<\/p>\n\n\n\n<p><strong>Design de grande di\u00e2metro: <\/strong>\u00c9 conveniente alargar o bico, adicionar \u00e1gua ou limpar, pr\u00e1tico e c\u00f3modo<\/p>\n\n\n\n<p><strong>Fundo plano de aquecimento r\u00e1pido: <\/strong>fundo plano espessante, aquecimento r\u00e1pido, \u00e1gua a ferver ao ar livre \u00e9 mais conveniente<\/p>\n\n\n\n<h2 class=\"wp-block-heading\">Chaleira de campismo Tamanho:<\/h2>\n\n\n\n<figure class=\"wp-block-table\"><table class=\"has-fixed-layout\"><tbody><tr><td>Modelo<\/td><td>Capacidade<\/td><td>Comprimento * Altura (cm)<\/td><td>MOQ<\/td><\/tr><tr><td rowspan=\"2\">DY006-YC<\/td><td>1.0L<\/td><td>6*15cm<\/td><td rowspan=\"2\">100 UNIDADES<\/td><\/tr><tr><td>1.5L<\/td><td>10,5*15cm<\/td><\/tr><\/tbody><\/table><\/figure>\n<\/div>\n\n\n\n<div class=\"wp-block-column is-layout-flow wp-block-column-is-layout-flow\">\n<div class=\"wp-block-columns is-layout-flex wp-container-core-columns-is-layout-9d6595d7 wp-block-columns-is-layout-flex\">\n<div class=\"wp-block-column is-layout-flow wp-block-column-is-layout-flow\">\n<figure class=\"wp-block-image size-full\"><img decoding=\"async\" width=\"800\" height=\"800\" src=\"https:\/\/www.yongyukitchenware.com\/wp-content\/uploads\/2024\/12\/Bulk-Camping-kettle-3.webp\" alt=\"Chaleira de campismo a granel-3\" class=\"wp-image-2492\" srcset=\"https:\/\/www.yongyukitchenware.com\/wp-content\/uploads\/2024\/12\/Bulk-Camping-kettle-3.webp 800w, https:\/\/www.yongyukitchenware.com\/wp-content\/uploads\/2024\/12\/Bulk-Camping-kettle-3-300x300.webp 300w, https:\/\/www.yongyukitchenware.com\/wp-content\/uploads\/2024\/12\/Bulk-Camping-kettle-3-150x150.webp 150w, https:\/\/www.yongyukitchenware.com\/wp-content\/uploads\/2024\/12\/Bulk-Camping-kettle-3-768x768.webp 768w, https:\/\/www.yongyukitchenware.com\/wp-content\/uploads\/2024\/12\/Bulk-Camping-kettle-3-12x12.webp 12w, https:\/\/www.yongyukitchenware.com\/wp-content\/uploads\/2024\/12\/Bulk-Camping-kettle-3-600x600.webp 600w, https:\/\/www.yongyukitchenware.com\/wp-content\/uploads\/2024\/12\/Bulk-Camping-kettle-3-100x100.webp 100w\" sizes=\"(max-width: 800px) 100vw, 800px\" \/><\/figure>\n<\/div>\n<\/div>\n<\/div>\n<\/div>\n\n\n\n<p><\/p>","protected":false},"excerpt":{"rendered":"<p>Chaleiras de campismo personalizadas a granel, adequadas para fog\u00f5es el\u00e9ctricos e a g\u00e1s, \u00f3ptimas para caf\u00e9 e ch\u00e1 ao ar livre. Oferecemos servi\u00e7os personalizados e da Amazon a pre\u00e7os de f\u00e1brica, bem-vindo para obter um or\u00e7amento gratuito.<\/p>\n<h2 style=\"text-align: left\">Chaleira de campismo Par\u00e2metro:<\/h2>\n<p style=\"text-align: left\"><strong>Material:<\/strong> A\u00e7o inoxid\u00e1vel<br \/><strong>Cor:<\/strong> Cor prata<br \/><strong>Embalagem: <\/strong>Saco Opp e caixa de cart\u00e3o<br \/><strong>OEM\/ODM:<\/strong> Dispon\u00edvel<\/p>\n<h2 class=\"wp-block-heading\">De Camping Kitchen Essentials Fabricante :<\/h2>\n<p>Yongyu \u00e9 um fabricante profissional de utens\u00edlios de cozinha para campismo, os nossos produtos abrangem todos os tipos de utens\u00edlios de cozinha para campismo em a\u00e7o inoxid\u00e1vel, tais como equipamento de cozinha para campismo, utens\u00edlios de mesa para campismo, grelhadores para churrasco, etc., fornecendo servi\u00e7os de aquisi\u00e7\u00e3o de qualidade e pre\u00e7os acess\u00edveis para cada cliente.<\/p>","protected":false},"featured_media":2499,"comment_status":"closed","ping_status":"closed","template":"","meta":{"_acf_changed":false},"application":[31],"product_brand":[],"product_cat":[18],"product_tag":[],"class_list":{"0":"post-2489","1":"product","2":"type-product","3":"status-publish","4":"has-post-thumbnail","6":"application-champ-kitchen","7":"product_cat-camping-kitchen-essentials-wholesale","9":"first","10":"instock","11":"shipping-taxable","12":"product-type-simple"},"acf":[],"_links":{"self":[{"href":"https:\/\/www.yongyukitchenware.com\/pt\/wp-json\/wp\/v2\/product\/2489","targetHints":{"allow":["GET"]}}],"collection":[{"href":"https:\/\/www.yongyukitchenware.com\/pt\/wp-json\/wp\/v2\/product"}],"about":[{"href":"https:\/\/www.yongyukitchenware.com\/pt\/wp-json\/wp\/v2\/types\/product"}],"replies":[{"embeddable":true,"href":"https:\/\/www.yongyukitchenware.com\/pt\/wp-json\/wp\/v2\/comments?post=2489"}],"wp:featuredmedia":[{"embeddable":true,"href":"https:\/\/www.yongyukitchenware.com\/pt\/wp-json\/wp\/v2\/media\/2499"}],"wp:attachment":[{"href":"https:\/\/www.yongyukitchenware.com\/pt\/wp-json\/wp\/v2\/media?parent=2489"}],"wp:term":[{"taxonomy":"application","embeddable":true,"href":"https:\/\/www.yongyukitchenware.com\/pt\/wp-json\/wp\/v2\/application?post=2489"},{"taxonomy":"product_brand","embeddable":true,"href":"https:\/\/www.yongyukitchenware.com\/pt\/wp-json\/wp\/v2\/product_brand?post=2489"},{"taxonomy":"product_cat","embeddable":true,"href":"https:\/\/www.yongyukitchenware.com\/pt\/wp-json\/wp\/v2\/product_cat?post=2489"},{"taxonomy":"product_tag","embeddable":true,"href":"https:\/\/www.yongyukitchenware.com\/pt\/wp-json\/wp\/v2\/product_tag?post=2489"}],"curies":[{"name":"wp","href":"https:\/\/api.w.org\/{rel}","templated":true}]}}