{"id":2540,"date":"2024-12-22T21:12:08","date_gmt":"2024-12-22T21:12:08","guid":{"rendered":"https:\/\/www.yongyukitchenware.com\/?post_type=product&#038;p=2540"},"modified":"2025-06-14T03:09:21","modified_gmt":"2025-06-14T03:09:21","slug":"wholesale-camp-bowl","status":"publish","type":"product","link":"https:\/\/www.yongyukitchenware.com\/pt\/produto\/wholesale-camp-bowl\/","title":{"rendered":"Conjunto de ch\u00e1venas port\u00e1til de a\u00e7o inoxid\u00e1vel para acampamento por atacado"},"content":{"rendered":"<div class=\"wp-block-columns is-layout-flex wp-container-core-columns-is-layout-9d6595d7 wp-block-columns-is-layout-flex\">\n<div class=\"wp-block-column is-layout-flow wp-block-column-is-layout-flow\">\n<h2 class=\"wp-block-heading\">Ta\u00e7a de campismo Carater\u00edsticas:<\/h2>\n\n\n\n<p><strong>Material em a\u00e7o inoxid\u00e1vel:<\/strong> a\u00e7o inoxid\u00e1vel seguro e de alta qualidade, resistente a altas temperaturas e ao desgaste, f\u00e1cil de limpar.<\/p>\n\n\n\n<p><strong>Conjunto c\u00f3modo: <\/strong>design de pega dobr\u00e1vel, as ta\u00e7as de campismo podem ser empilhadas, equipadas com um saco de p\u00f3 para arruma\u00e7\u00e3o, pr\u00e1tico e higi\u00e9nico.<\/p>\n\n\n\n<p><strong>Utiliza\u00e7\u00e3o multifuncional:<\/strong> podem ser utilizados como utens\u00edlios de mesa para campismo ou como um pequeno recipiente para aquecer alimentos.<\/p>\n\n\n\n<p><strong>Escala de capacidade clara e pega com rebites: <\/strong>A linha de medi\u00e7\u00e3o de escala clara e a pega robusta proporcionam uma melhor experi\u00eancia de utiliza\u00e7\u00e3o.<\/p>\n\n\n\n<h2 class=\"wp-block-heading\">Tamanho da ta\u00e7a de campismo:<\/h2>\n\n\n\n<figure class=\"wp-block-table\"><table class=\"has-fixed-layout\"><tbody><tr><td>Modelo<\/td><td>Tamanho<\/td><td>Capacidade<\/td><td>MOQ<\/td><\/tr><tr><td rowspan=\"2\">DY003-YC<\/td><td>12 cm<\/td><td>300ml<\/td><td rowspan=\"2\">200 UNIDADES<\/td><\/tr><tr><td>14 cm<\/td><td>500ml<\/td><\/tr><\/tbody><\/table><\/figure>\n<\/div>\n\n\n\n<div class=\"wp-block-column is-layout-flow wp-block-column-is-layout-flow\">\n<figure class=\"wp-block-image size-full\"><img decoding=\"async\" width=\"800\" height=\"800\" src=\"https:\/\/www.yongyukitchenware.com\/wp-content\/uploads\/2024\/12\/Bulk-Stainless-Steel-Collapsible-Bowl-3.webp\" alt=\"Tigela dobr\u00e1vel para campismo a granel\" class=\"wp-image-2543\" srcset=\"https:\/\/www.yongyukitchenware.com\/wp-content\/uploads\/2024\/12\/Bulk-Stainless-Steel-Collapsible-Bowl-3.webp 800w, https:\/\/www.yongyukitchenware.com\/wp-content\/uploads\/2024\/12\/Bulk-Stainless-Steel-Collapsible-Bowl-3-300x300.webp 300w, https:\/\/www.yongyukitchenware.com\/wp-content\/uploads\/2024\/12\/Bulk-Stainless-Steel-Collapsible-Bowl-3-150x150.webp 150w, https:\/\/www.yongyukitchenware.com\/wp-content\/uploads\/2024\/12\/Bulk-Stainless-Steel-Collapsible-Bowl-3-768x768.webp 768w, https:\/\/www.yongyukitchenware.com\/wp-content\/uploads\/2024\/12\/Bulk-Stainless-Steel-Collapsible-Bowl-3-12x12.webp 12w, https:\/\/www.yongyukitchenware.com\/wp-content\/uploads\/2024\/12\/Bulk-Stainless-Steel-Collapsible-Bowl-3-600x600.webp 600w, https:\/\/www.yongyukitchenware.com\/wp-content\/uploads\/2024\/12\/Bulk-Stainless-Steel-Collapsible-Bowl-3-100x100.webp 100w\" sizes=\"(max-width: 800px) 100vw, 800px\" \/><\/figure>\n<\/div>\n<\/div>\n\n\n\n<p><\/p>","protected":false},"excerpt":{"rendered":"<p>Bem-vindo ao atacado de tigela de acampamento, 300-500ml, com al\u00e7a dobr\u00e1vel e filtro, pode ser usado como utens\u00edlios de mesa de acampamento e utens\u00edlios de cozinha. Vendas diretas da f\u00e1brica, personaliza\u00e7\u00e3o de suporte e vendas da Amazon, bem-vindo ao inqu\u00e9rito!<\/p>\n<h2 style=\"text-align: left\">Par\u00e2metro do Camp Bowl:<\/h2>\n<p style=\"text-align: left\"><strong>Material:<\/strong> A\u00e7o inoxid\u00e1vel<br \/><strong>Cor:<\/strong> Cor prata<br \/><b>Conce\u00e7\u00e3o: <\/b>Com pega dobr\u00e1vel, saco de p\u00f3, filtro, empilh\u00e1vel e design de balan\u00e7a interna<br \/><strong>OEM\/ODM:<\/strong> Dispon\u00edvel<\/p>\n<h2 class=\"wp-block-heading\">Camping Kitchen EssentialsFabricante :<\/h2>\n<p>Yongyu \u00e9 um fabricante profissional de utens\u00edlios de cozinha para campismo, os nossos produtos abrangem todos os tipos de utens\u00edlios de cozinha para campismo em a\u00e7o inoxid\u00e1vel, tais como equipamento de cozinha para campismo, utens\u00edlios de mesa para campismo, grelhadores para churrasco, etc., fornecendo servi\u00e7os de aquisi\u00e7\u00e3o de qualidade e pre\u00e7os acess\u00edveis para cada cliente.<\/p>","protected":false},"featured_media":2550,"comment_status":"closed","ping_status":"closed","template":"","meta":{"_acf_changed":true},"application":[31],"product_brand":[],"product_cat":[18],"product_tag":[],"class_list":{"0":"post-2540","1":"product","2":"type-product","3":"status-publish","4":"has-post-thumbnail","6":"application-champ-kitchen","7":"product_cat-camping-kitchen-essentials-wholesale","9":"first","10":"instock","11":"shipping-taxable","12":"product-type-simple"},"acf":[],"_links":{"self":[{"href":"https:\/\/www.yongyukitchenware.com\/pt\/wp-json\/wp\/v2\/product\/2540","targetHints":{"allow":["GET"]}}],"collection":[{"href":"https:\/\/www.yongyukitchenware.com\/pt\/wp-json\/wp\/v2\/product"}],"about":[{"href":"https:\/\/www.yongyukitchenware.com\/pt\/wp-json\/wp\/v2\/types\/product"}],"replies":[{"embeddable":true,"href":"https:\/\/www.yongyukitchenware.com\/pt\/wp-json\/wp\/v2\/comments?post=2540"}],"wp:featuredmedia":[{"embeddable":true,"href":"https:\/\/www.yongyukitchenware.com\/pt\/wp-json\/wp\/v2\/media\/2550"}],"wp:attachment":[{"href":"https:\/\/www.yongyukitchenware.com\/pt\/wp-json\/wp\/v2\/media?parent=2540"}],"wp:term":[{"taxonomy":"application","embeddable":true,"href":"https:\/\/www.yongyukitchenware.com\/pt\/wp-json\/wp\/v2\/application?post=2540"},{"taxonomy":"product_brand","embeddable":true,"href":"https:\/\/www.yongyukitchenware.com\/pt\/wp-json\/wp\/v2\/product_brand?post=2540"},{"taxonomy":"product_cat","embeddable":true,"href":"https:\/\/www.yongyukitchenware.com\/pt\/wp-json\/wp\/v2\/product_cat?post=2540"},{"taxonomy":"product_tag","embeddable":true,"href":"https:\/\/www.yongyukitchenware.com\/pt\/wp-json\/wp\/v2\/product_tag?post=2540"}],"curies":[{"name":"wp","href":"https:\/\/api.w.org\/{rel}","templated":true}]}}