{"id":2556,"date":"2024-12-22T20:47:12","date_gmt":"2024-12-22T20:47:12","guid":{"rendered":"https:\/\/www.yongyukitchenware.com\/?post_type=product&#038;p=2556"},"modified":"2025-06-14T03:10:40","modified_gmt":"2025-06-14T03:10:40","slug":"bulk-camping-stainless-steel-pot","status":"publish","type":"product","link":"https:\/\/www.yongyukitchenware.com\/pt\/produto\/bulk-camping-stainless-steel-pot\/","title":{"rendered":"Panela de a\u00e7o inoxid\u00e1vel para campismo a granel com pega dobr\u00e1vel Utens\u00edlios de cozinha port\u00e1teis"},"content":{"rendered":"<div class=\"wp-block-columns is-layout-flex wp-container-core-columns-is-layout-9d6595d7 wp-block-columns-is-layout-flex\">\n<div class=\"wp-block-column is-layout-flow wp-block-column-is-layout-flow\">\n<h2 class=\"wp-block-heading\">Panela de a\u00e7o inoxid\u00e1vel para campismo Carater\u00edsticas:<\/h2>\n\n\n\n<p><strong>Materiais amigos do ambiente\uff1a<\/strong>Panela de campismo feita de a\u00e7o inoxid\u00e1vel 304 de qualidade alimentar, material saud\u00e1vel, sem odor, dur\u00e1vel<\/p>\n\n\n\n<p><strong>Economia de espa\u00e7o:<\/strong> Design com pega dobr\u00e1vel para facilitar a arruma\u00e7\u00e3o. Muito pr\u00e1tico para cen\u00e1rios de campismo. O corpo da panela dobrado cabe facilmente numa mochila<\/p>\n\n\n\n<p><strong>F\u00e1cil de limpar:<\/strong> A superf\u00edcie de a\u00e7o inoxid\u00e1vel \u00e9 lisa, n\u00e3o \u00e9 f\u00e1cil esconder a sujidade, \u00e9 f\u00e1cil de limpar. Para uma limpeza inconveniente no exterior, poupa-se mais tempo e esfor\u00e7o<\/p>\n\n\n\n<p><strong>Ampla aplicabilidade:<\/strong> A panela de a\u00e7o inoxid\u00e1vel tem uma elevada condutividade t\u00e9rmica, adequada para uma variedade de fontes de calor, como o fog\u00e3o a g\u00e1s, o fog\u00e3o de indu\u00e7\u00e3o e at\u00e9 o fogo de campismo. O fundo \u00e9 aquecido uniformemente para preservar melhor o sabor dos alimentos<\/p>\n\n\n\n<h2 class=\"wp-block-heading\">Camping Tamanho da panela em a\u00e7o inoxid\u00e1vel:<\/h2>\n\n\n\n<figure class=\"wp-block-table\"><table class=\"has-fixed-layout\"><tbody><tr><td>Modelo<\/td><td>Tamanho (di\u00e2metro * altura)<\/td><td>Capacidade<\/td><td>MOQ<\/td><\/tr><tr><td rowspan=\"4\">DY002-YC<\/td><td>130*16mm<\/td><td>\/<\/td><td rowspan=\"4\">200 UNIDADES<\/td><\/tr><tr><td>148*31mm<\/td><td>500ml<\/td><\/tr><tr><td>123*65mm<\/td><td>700ml<\/td><\/tr><tr><td>146*66mm<\/td><td>970 ml<\/td><\/tr><\/tbody><\/table><\/figure>\n<\/div>\n\n\n\n<div class=\"wp-block-column is-layout-flow wp-block-column-is-layout-flow\">\n<figure class=\"wp-block-image size-full\"><img decoding=\"async\" width=\"800\" height=\"800\" src=\"https:\/\/www.yongyukitchenware.com\/wp-content\/uploads\/2024\/12\/Bulk-4-Piece-Set-Camping-Pot-1.webp\" alt=\"panela de a\u00e7o inoxid\u00e1vel para campismo por atacado\" class=\"wp-image-2568\" srcset=\"https:\/\/www.yongyukitchenware.com\/wp-content\/uploads\/2024\/12\/Bulk-4-Piece-Set-Camping-Pot-1.webp 800w, https:\/\/www.yongyukitchenware.com\/wp-content\/uploads\/2024\/12\/Bulk-4-Piece-Set-Camping-Pot-1-300x300.webp 300w, https:\/\/www.yongyukitchenware.com\/wp-content\/uploads\/2024\/12\/Bulk-4-Piece-Set-Camping-Pot-1-150x150.webp 150w, https:\/\/www.yongyukitchenware.com\/wp-content\/uploads\/2024\/12\/Bulk-4-Piece-Set-Camping-Pot-1-768x768.webp 768w, https:\/\/www.yongyukitchenware.com\/wp-content\/uploads\/2024\/12\/Bulk-4-Piece-Set-Camping-Pot-1-12x12.webp 12w, https:\/\/www.yongyukitchenware.com\/wp-content\/uploads\/2024\/12\/Bulk-4-Piece-Set-Camping-Pot-1-600x600.webp 600w, https:\/\/www.yongyukitchenware.com\/wp-content\/uploads\/2024\/12\/Bulk-4-Piece-Set-Camping-Pot-1-100x100.webp 100w\" sizes=\"(max-width: 800px) 100vw, 800px\" \/><\/figure>\n<\/div>\n<\/div>","protected":false},"excerpt":{"rendered":"<p>Panela de a\u00e7o inoxid\u00e1vel para campismo por atacado, conjunto de 4 pe\u00e7as, adequado para v\u00e1rios fog\u00f5es, panelas de cozinha port\u00e1teis de v\u00e1rios tamanhos. Suporte personalizado logotipo, embalagem, etc., bem-vindo a perguntar!<\/p>\n<h2 style=\"text-align: left\">Pote de a\u00e7o inoxid\u00e1vel para campismo Par\u00e2metro:<\/h2>\n<p style=\"text-align: left\"><strong>Material:<\/strong> A\u00e7o inoxid\u00e1vel<br \/><strong>Cor:<\/strong> Prata<br \/><b>Conce\u00e7\u00e3o: <\/b>Com pega dobr\u00e1vel e tampa, empilh\u00e1vel<br \/><strong>OEM\/ODM:<\/strong> Dispon\u00edvel<\/p>\n<h2 class=\"wp-block-heading\">Acess\u00f3rios de cozinha para campismo Fabricante :<\/h2>\n<p>Yongyu \u00e9 um fabricante profissional de utens\u00edlios de cozinha para campismo, os nossos produtos abrangem todos os tipos de utens\u00edlios de cozinha para campismo em a\u00e7o inoxid\u00e1vel, tais como equipamento de cozinha para campismo, utens\u00edlios de mesa para campismo, grelhadores para churrasco, etc., fornecendo servi\u00e7os de aquisi\u00e7\u00e3o de qualidade e pre\u00e7os acess\u00edveis para cada cliente.<\/p>","protected":false},"featured_media":2567,"comment_status":"closed","ping_status":"closed","template":"","meta":{"_acf_changed":true},"application":[31],"product_brand":[],"product_cat":[18],"product_tag":[],"class_list":{"0":"post-2556","1":"product","2":"type-product","3":"status-publish","4":"has-post-thumbnail","6":"application-champ-kitchen","7":"product_cat-camping-kitchen-essentials-wholesale","9":"first","10":"instock","11":"shipping-taxable","12":"product-type-simple"},"acf":[],"_links":{"self":[{"href":"https:\/\/www.yongyukitchenware.com\/pt\/wp-json\/wp\/v2\/product\/2556","targetHints":{"allow":["GET"]}}],"collection":[{"href":"https:\/\/www.yongyukitchenware.com\/pt\/wp-json\/wp\/v2\/product"}],"about":[{"href":"https:\/\/www.yongyukitchenware.com\/pt\/wp-json\/wp\/v2\/types\/product"}],"replies":[{"embeddable":true,"href":"https:\/\/www.yongyukitchenware.com\/pt\/wp-json\/wp\/v2\/comments?post=2556"}],"wp:featuredmedia":[{"embeddable":true,"href":"https:\/\/www.yongyukitchenware.com\/pt\/wp-json\/wp\/v2\/media\/2567"}],"wp:attachment":[{"href":"https:\/\/www.yongyukitchenware.com\/pt\/wp-json\/wp\/v2\/media?parent=2556"}],"wp:term":[{"taxonomy":"application","embeddable":true,"href":"https:\/\/www.yongyukitchenware.com\/pt\/wp-json\/wp\/v2\/application?post=2556"},{"taxonomy":"product_brand","embeddable":true,"href":"https:\/\/www.yongyukitchenware.com\/pt\/wp-json\/wp\/v2\/product_brand?post=2556"},{"taxonomy":"product_cat","embeddable":true,"href":"https:\/\/www.yongyukitchenware.com\/pt\/wp-json\/wp\/v2\/product_cat?post=2556"},{"taxonomy":"product_tag","embeddable":true,"href":"https:\/\/www.yongyukitchenware.com\/pt\/wp-json\/wp\/v2\/product_tag?post=2556"}],"curies":[{"name":"wp","href":"https:\/\/api.w.org\/{rel}","templated":true}]}}