{"id":2557,"date":"2024-12-22T21:40:04","date_gmt":"2024-12-22T21:40:04","guid":{"rendered":"https:\/\/www.yongyukitchenware.com\/?post_type=product&#038;p=2557"},"modified":"2025-06-14T03:06:59","modified_gmt":"2025-06-14T03:06:59","slug":"custom-stainless-steel-camping-mug","status":"publish","type":"product","link":"https:\/\/www.yongyukitchenware.com\/pt\/produto\/custom-stainless-steel-camping-mug\/","title":{"rendered":"Conjunto de ch\u00e1venas de viagem para canecas de campismo em a\u00e7o inoxid\u00e1vel personalizadas"},"content":{"rendered":"<div class=\"wp-block-columns is-layout-flex wp-container-core-columns-is-layout-9d6595d7 wp-block-columns-is-layout-flex\">\n<div class=\"wp-block-column is-layout-flow wp-block-column-is-layout-flow\">\n<h2 class=\"wp-block-heading\">Caneca de campismo em a\u00e7o inoxid\u00e1vel Carater\u00edsticas:<\/h2>\n\n\n\n<p><strong>Material em a\u00e7o inoxid\u00e1vel:<\/strong> Feito de a\u00e7o inoxid\u00e1vel dur\u00e1vel e amigo do ambiente, f\u00e1cil de limpar e inodoro.<\/p>\n\n\n\n<p><strong>Pega dobr\u00e1vel: <\/strong>Design de pega dobr\u00e1vel, peso leve, arruma\u00e7\u00e3o pr\u00e1tica, f\u00e1cil de transportar.<\/p>\n\n\n\n<p><strong>F\u00e1cil de limpar:<\/strong> Superf\u00edcie lisa, sem fendas, f\u00e1cil de limpar.<\/p>\n\n\n\n<p><strong>Arestas arredondadas: <\/strong>Cantos lisos, sem rebarbas, confort\u00e1veis de utilizar.<\/p>\n\n\n\n<h2 class=\"wp-block-heading\">Caneca de campismo em a\u00e7o inoxid\u00e1vel Tamanho:<\/h2>\n\n\n\n<figure class=\"wp-block-table\"><table class=\"has-fixed-layout\"><tbody><tr><td>Modelo<\/td><td>Tamanho<\/td><td>Capacidade<\/td><td>MOQ<\/td><\/tr><tr><td rowspan=\"4\">DY001-YC<\/td><td>7cm<\/td><td>250ml<\/td><td rowspan=\"4\">320 UNIDADES<\/td><\/tr><tr><td>8 cm<\/td><td>380ml<\/td><\/tr><tr><td>9 cm<\/td><td>540ml<\/td><\/tr><tr><td>10 cm<\/td><td>670ml<\/td><\/tr><\/tbody><\/table><\/figure>\n<\/div>\n\n\n\n<div class=\"wp-block-column is-layout-flow wp-block-column-is-layout-flow\">\n<figure class=\"wp-block-image size-full\"><img decoding=\"async\" width=\"800\" height=\"800\" src=\"https:\/\/www.yongyukitchenware.com\/wp-content\/uploads\/2024\/12\/Wholesale-Stainless-Steel-Drinking-Cup-Set-2.webp\" alt=\"Conjunto 2 de copos de a\u00e7o inoxid\u00e1vel para beber por atacado\" class=\"wp-image-2559\" srcset=\"https:\/\/www.yongyukitchenware.com\/wp-content\/uploads\/2024\/12\/Wholesale-Stainless-Steel-Drinking-Cup-Set-2.webp 800w, https:\/\/www.yongyukitchenware.com\/wp-content\/uploads\/2024\/12\/Wholesale-Stainless-Steel-Drinking-Cup-Set-2-300x300.webp 300w, https:\/\/www.yongyukitchenware.com\/wp-content\/uploads\/2024\/12\/Wholesale-Stainless-Steel-Drinking-Cup-Set-2-150x150.webp 150w, https:\/\/www.yongyukitchenware.com\/wp-content\/uploads\/2024\/12\/Wholesale-Stainless-Steel-Drinking-Cup-Set-2-768x768.webp 768w, https:\/\/www.yongyukitchenware.com\/wp-content\/uploads\/2024\/12\/Wholesale-Stainless-Steel-Drinking-Cup-Set-2-12x12.webp 12w, https:\/\/www.yongyukitchenware.com\/wp-content\/uploads\/2024\/12\/Wholesale-Stainless-Steel-Drinking-Cup-Set-2-600x600.webp 600w, https:\/\/www.yongyukitchenware.com\/wp-content\/uploads\/2024\/12\/Wholesale-Stainless-Steel-Drinking-Cup-Set-2-100x100.webp 100w\" sizes=\"(max-width: 800px) 100vw, 800px\" \/><\/figure>\n<\/div>\n<\/div>\n\n\n\n<p><\/p>","protected":false},"excerpt":{"rendered":"<p>Canecas de campismo em a\u00e7o inoxid\u00e1vel personalizadas a pre\u00e7o de f\u00e1brica com pegas dobr\u00e1veis, de alta qualidade e duradouras. Apoiar a Amazon por atacado e fornecer solu\u00e7\u00f5es econ\u00f3micas. Bem-vindo a contactar-nos!<\/p>\n<h2 style=\"text-align: left\">Caneca de campismo em a\u00e7o inoxid\u00e1vel Par\u00e2metro:<\/h2>\n<p style=\"text-align: left\"><strong>Material:<\/strong> A\u00e7o inoxid\u00e1vel<br \/><strong>Cor:<\/strong> Cor prata<br \/><strong>Pega: <\/strong>Dobr\u00e1vel<br \/><strong>OEM\/ODM:<\/strong> Dispon\u00edvel<\/p>\n<h2 class=\"wp-block-heading\">De Camping Kitchen Essentials Fabricante :<\/h2>\n<p>Yongyu \u00e9 um fabricante profissional de utens\u00edlios de cozinha para campismo, os nossos produtos abrangem todos os tipos de utens\u00edlios de cozinha para campismo em a\u00e7o inoxid\u00e1vel, tais como equipamento de cozinha para campismo, utens\u00edlios de mesa para campismo, grelhadores para churrasco, etc., fornecendo servi\u00e7os de aquisi\u00e7\u00e3o de qualidade e pre\u00e7os acess\u00edveis para cada cliente.<\/p>","protected":false},"featured_media":2558,"comment_status":"closed","ping_status":"closed","template":"","meta":{"_acf_changed":true},"application":[31],"product_brand":[],"product_cat":[18],"product_tag":[],"class_list":{"0":"post-2557","1":"product","2":"type-product","3":"status-publish","4":"has-post-thumbnail","6":"application-champ-kitchen","7":"product_cat-camping-kitchen-essentials-wholesale","9":"first","10":"instock","11":"shipping-taxable","12":"product-type-simple"},"acf":[],"_links":{"self":[{"href":"https:\/\/www.yongyukitchenware.com\/pt\/wp-json\/wp\/v2\/product\/2557","targetHints":{"allow":["GET"]}}],"collection":[{"href":"https:\/\/www.yongyukitchenware.com\/pt\/wp-json\/wp\/v2\/product"}],"about":[{"href":"https:\/\/www.yongyukitchenware.com\/pt\/wp-json\/wp\/v2\/types\/product"}],"replies":[{"embeddable":true,"href":"https:\/\/www.yongyukitchenware.com\/pt\/wp-json\/wp\/v2\/comments?post=2557"}],"wp:featuredmedia":[{"embeddable":true,"href":"https:\/\/www.yongyukitchenware.com\/pt\/wp-json\/wp\/v2\/media\/2558"}],"wp:attachment":[{"href":"https:\/\/www.yongyukitchenware.com\/pt\/wp-json\/wp\/v2\/media?parent=2557"}],"wp:term":[{"taxonomy":"application","embeddable":true,"href":"https:\/\/www.yongyukitchenware.com\/pt\/wp-json\/wp\/v2\/application?post=2557"},{"taxonomy":"product_brand","embeddable":true,"href":"https:\/\/www.yongyukitchenware.com\/pt\/wp-json\/wp\/v2\/product_brand?post=2557"},{"taxonomy":"product_cat","embeddable":true,"href":"https:\/\/www.yongyukitchenware.com\/pt\/wp-json\/wp\/v2\/product_cat?post=2557"},{"taxonomy":"product_tag","embeddable":true,"href":"https:\/\/www.yongyukitchenware.com\/pt\/wp-json\/wp\/v2\/product_tag?post=2557"}],"curies":[{"name":"wp","href":"https:\/\/api.w.org\/{rel}","templated":true}]}}