{"id":2640,"date":"2025-01-13T12:29:40","date_gmt":"2025-01-13T12:29:40","guid":{"rendered":"https:\/\/www.yongyukitchenware.com\/?post_type=product&#038;p=2640"},"modified":"2025-06-14T03:03:33","modified_gmt":"2025-06-14T03:03:33","slug":"custom-serving-tray","status":"publish","type":"product","link":"https:\/\/www.yongyukitchenware.com\/pt\/produto\/custom-serving-tray\/","title":{"rendered":"Tabuleiro de servir personalizado em a\u00e7o inoxid\u00e1vel espelhado com Glod Hanlde"},"content":{"rendered":"<div class=\"wp-block-columns is-layout-flex wp-container-core-columns-is-layout-9d6595d7 wp-block-columns-is-layout-flex\">\n<div class=\"wp-block-column is-layout-flow wp-block-column-is-layout-flow\">\n<h2 class=\"wp-block-heading\">Tabuleiro de servir Carater\u00edsticas:<\/h2>\n\n\n\n<p><strong>Material de a\u00e7o inoxid\u00e1vel de alta qualidade<\/strong><br>Estrutura completa em a\u00e7o inoxid\u00e1vel \u00e0 prova de ferrugem e f\u00e1cil de limpar, material seguro de qualidade alimentar<\/p>\n\n\n\n<p><strong>Espelho de design retangular<\/strong><br>Os tabuleiros rectangulares s\u00e3o adequados para colocar uma variedade de itens, design de espelho polido, adequado para locais de refei\u00e7\u00f5es modernos ou de alta qualidade<\/p>\n\n\n\n<p><strong>Design de pega dupla<\/strong><br>A pega dourada real\u00e7a a eleg\u00e2ncia e a sensa\u00e7\u00e3o de topo de gama, enquanto a pega prateada tem um aspeto moderno e simples, que pode ser selecionado de acordo com os requisitos do cen\u00e1rio. O design da pega dupla facilita o manuseamento e a desloca\u00e7\u00e3o do tabuleiro.<\/p>\n\n\n\n<h2 class=\"wp-block-heading\">Tamanho do tabuleiro de dose:<\/h2>\n\n\n\n<figure class=\"wp-block-table\"><table class=\"has-fixed-layout\"><tbody><tr><td>Modelo<\/td><td>Tamanho<\/td><td>Comprimento*Largura<\/td><td>MOQ<\/td><\/tr><tr><td rowspan=\"4\">DY060-P<\/td><td>16 polegadas<\/td><td>43*27,7cm<\/td><td rowspan=\"4\">100 UNIDADES<\/td><\/tr><tr><td>18 polegadas<\/td><td>47,2*32,3cm<\/td><\/tr><tr><td>20 polegadas<\/td><td>52*36,6cm<\/td><\/tr><tr><td>22 polegadas<\/td><td>56,5*42cm<\/td><\/tr><\/tbody><\/table><\/figure>\n<\/div>\n\n\n\n<div class=\"wp-block-column is-layout-flow wp-block-column-is-layout-flow\">\n<figure class=\"wp-block-image size-full\"><img decoding=\"async\" width=\"800\" height=\"800\" src=\"https:\/\/www.yongyukitchenware.com\/wp-content\/uploads\/2025\/01\/Bulk-Rectangular-Mirror-Tray-5.webp\" alt=\"Espelho de massa retangular - bandeja 5\" class=\"wp-image-2655\" srcset=\"https:\/\/www.yongyukitchenware.com\/wp-content\/uploads\/2025\/01\/Bulk-Rectangular-Mirror-Tray-5.webp 800w, https:\/\/www.yongyukitchenware.com\/wp-content\/uploads\/2025\/01\/Bulk-Rectangular-Mirror-Tray-5-300x300.webp 300w, https:\/\/www.yongyukitchenware.com\/wp-content\/uploads\/2025\/01\/Bulk-Rectangular-Mirror-Tray-5-150x150.webp 150w, https:\/\/www.yongyukitchenware.com\/wp-content\/uploads\/2025\/01\/Bulk-Rectangular-Mirror-Tray-5-768x768.webp 768w, https:\/\/www.yongyukitchenware.com\/wp-content\/uploads\/2025\/01\/Bulk-Rectangular-Mirror-Tray-5-12x12.webp 12w, https:\/\/www.yongyukitchenware.com\/wp-content\/uploads\/2025\/01\/Bulk-Rectangular-Mirror-Tray-5-600x600.webp 600w, https:\/\/www.yongyukitchenware.com\/wp-content\/uploads\/2025\/01\/Bulk-Rectangular-Mirror-Tray-5-100x100.webp 100w\" sizes=\"(max-width: 800px) 100vw, 800px\" \/><\/figure>\n<\/div>\n<\/div>","protected":false},"excerpt":{"rendered":"<div class=\"n4sEPd\">\n<div class=\"UdTY9 qhIQqf leDWne\" aria-hidden=\"true\" data-location=\"1\">Bem-vindo ao atacado e bandeja de servi\u00e7o personalizado, espelho com design de al\u00e7a dupla, ouro e prata, v\u00e1rios tamanhos para escolher. Pre\u00e7o de f\u00e1brica, personaliza\u00e7\u00e3o de grande quantidade \u00e9 a melhor oferta, entre em contato conosco para saber mais.<\/div>\n<\/div>\n<h2 style=\"text-align: left\">Bandeja de servir Par\u00e2metro:<\/h2>\n<p style=\"text-align: left\"><strong>Material:<\/strong> a\u00e7o inoxid\u00e1vel<br \/><strong>Tamanho: <\/strong>16\/18\/20\/22 polegadas<br \/><strong>Forma:<\/strong> Retangular<br \/><strong>Embalagem:<\/strong> Saco OPP e caixa de cart\u00e3o<br \/><strong>OEM\/ODM:<\/strong> Dispon\u00edvel<\/p>\n<h2 class=\"wp-block-heading\">De Yongyu Tableware Wholesaler:<\/h2>\n<p>A Yongyu Tableware Wholesaler pode satisfazer as necessidades dos clientes a granel e fornecer uma s\u00e9rie de fornecimentos de catering de alta qualidade por atacado que combina eleg\u00e2ncia e durabilidade. Incluindo utens\u00edlios de mesa, utens\u00edlios de bebida, equipamento de restaura\u00e7\u00e3o, utens\u00edlios de cozinha, artigos essenciais de cozinha de acampamento, etc.<\/p>","protected":false},"featured_media":2652,"comment_status":"closed","ping_status":"closed","template":"","meta":{"_acf_changed":true},"application":[30],"product_brand":[],"product_cat":[22,44],"product_tag":[],"class_list":{"0":"post-2640","1":"product","2":"type-product","3":"status-publish","4":"has-post-thumbnail","6":"application-hotel-catering","7":"product_cat-catering-supplies-wholesale","8":"product_cat-stainless-steel-serving-trays-wholesale","10":"first","11":"instock","12":"shipping-taxable","13":"product-type-simple"},"acf":[],"_links":{"self":[{"href":"https:\/\/www.yongyukitchenware.com\/pt\/wp-json\/wp\/v2\/product\/2640","targetHints":{"allow":["GET"]}}],"collection":[{"href":"https:\/\/www.yongyukitchenware.com\/pt\/wp-json\/wp\/v2\/product"}],"about":[{"href":"https:\/\/www.yongyukitchenware.com\/pt\/wp-json\/wp\/v2\/types\/product"}],"replies":[{"embeddable":true,"href":"https:\/\/www.yongyukitchenware.com\/pt\/wp-json\/wp\/v2\/comments?post=2640"}],"wp:featuredmedia":[{"embeddable":true,"href":"https:\/\/www.yongyukitchenware.com\/pt\/wp-json\/wp\/v2\/media\/2652"}],"wp:attachment":[{"href":"https:\/\/www.yongyukitchenware.com\/pt\/wp-json\/wp\/v2\/media?parent=2640"}],"wp:term":[{"taxonomy":"application","embeddable":true,"href":"https:\/\/www.yongyukitchenware.com\/pt\/wp-json\/wp\/v2\/application?post=2640"},{"taxonomy":"product_brand","embeddable":true,"href":"https:\/\/www.yongyukitchenware.com\/pt\/wp-json\/wp\/v2\/product_brand?post=2640"},{"taxonomy":"product_cat","embeddable":true,"href":"https:\/\/www.yongyukitchenware.com\/pt\/wp-json\/wp\/v2\/product_cat?post=2640"},{"taxonomy":"product_tag","embeddable":true,"href":"https:\/\/www.yongyukitchenware.com\/pt\/wp-json\/wp\/v2\/product_tag?post=2640"}],"curies":[{"name":"wp","href":"https:\/\/api.w.org\/{rel}","templated":true}]}}