{"id":2660,"date":"2025-01-13T11:54:46","date_gmt":"2025-01-13T11:54:46","guid":{"rendered":"https:\/\/www.yongyukitchenware.com\/?post_type=product&#038;p=2660"},"modified":"2025-06-14T03:05:28","modified_gmt":"2025-06-14T03:05:28","slug":"bulk-mirror-tray","status":"publish","type":"product","link":"https:\/\/www.yongyukitchenware.com\/pt\/produto\/bulk-mirror-tray\/","title":{"rendered":"Conjunto de tabuleiro de servir oval em a\u00e7o inoxid\u00e1vel Bulk Mirror Tray"},"content":{"rendered":"<div class=\"wp-block-columns is-layout-flex wp-container-core-columns-is-layout-9d6595d7 wp-block-columns-is-layout-flex\">\n<div class=\"wp-block-column is-layout-flow wp-block-column-is-layout-flow\">\n<h2 class=\"wp-block-heading\">Bandeja de espelho Carater\u00edsticas:<\/h2>\n\n\n\n<p><strong>A\u00e7o inoxid\u00e1vel de alta qualidade: <\/strong>Material de a\u00e7o inoxid\u00e1vel de qualidade alimentar, resist\u00eancia \u00e0 corros\u00e3o, sem odor, dur\u00e1vel<br><strong>Multi-estilo opcional: <\/strong>A placa de espelho tem op\u00e7\u00f5es rectangulares, redondas, ovais, pode escolher com ou sem um estilo de pega, a cor pode ser personalizada<br><strong>Polimento de espelhos:<\/strong> A superf\u00edcie da placa de espelho \u00e9 brilhante como um espelho, lisa e f\u00e1cil de limpar<br><strong>Design da pega:<\/strong> A pega da placa de espelho est\u00e1 dispon\u00edvel em cores douradas e prateadas, e o rebordo \u00e9 polido suavemente, o que n\u00e3o magoa as m\u00e3os<br><strong>Almofada antiderrapante para os p\u00e9s: <\/strong>o p\u00e9 da placa adopta um design antiderrapante, que pode aumentar eficazmente a fric\u00e7\u00e3o entre a placa de espelho e o ambiente de trabalho para evitar o deslizamento<\/p>\n\n\n\n<h2 class=\"wp-block-heading\">Bandeja de espelho Tamanho:<\/h2>\n\n\n\n<figure class=\"wp-block-table\"><table class=\"has-fixed-layout\"><tbody><tr><td>Modelo<\/td><td>Tamanho<\/td><td>Comprimento*Largura<\/td><td>MOQ<\/td><\/tr><tr><td rowspan=\"4\">DY059-P<\/td><td>16 polegadas<\/td><td>38,5*29cm<\/td><td rowspan=\"4\">100 UNIDADES<\/td><\/tr><tr><td>18 polegadas<\/td><td>46*32cm<\/td><\/tr><tr><td>20 polegadas<\/td><td>50,3*36,5cm<\/td><\/tr><tr><td>22 polegadas<\/td><td>57,7*44cm<\/td><\/tr><\/tbody><\/table><\/figure>\n<\/div>\n\n\n\n<div class=\"wp-block-column is-layout-flow wp-block-column-is-layout-flow\">\n<figure class=\"wp-block-image size-full\"><img decoding=\"async\" width=\"800\" height=\"800\" src=\"https:\/\/www.yongyukitchenware.com\/wp-content\/uploads\/2025\/01\/Bulk-Oval-Mirror-Tray-4.webp\" alt=\"Espelho-balc\u00e3o oval-tabuleiro-4\" class=\"wp-image-2663\" srcset=\"https:\/\/www.yongyukitchenware.com\/wp-content\/uploads\/2025\/01\/Bulk-Oval-Mirror-Tray-4.webp 800w, https:\/\/www.yongyukitchenware.com\/wp-content\/uploads\/2025\/01\/Bulk-Oval-Mirror-Tray-4-300x300.webp 300w, https:\/\/www.yongyukitchenware.com\/wp-content\/uploads\/2025\/01\/Bulk-Oval-Mirror-Tray-4-150x150.webp 150w, https:\/\/www.yongyukitchenware.com\/wp-content\/uploads\/2025\/01\/Bulk-Oval-Mirror-Tray-4-768x768.webp 768w, https:\/\/www.yongyukitchenware.com\/wp-content\/uploads\/2025\/01\/Bulk-Oval-Mirror-Tray-4-12x12.webp 12w, https:\/\/www.yongyukitchenware.com\/wp-content\/uploads\/2025\/01\/Bulk-Oval-Mirror-Tray-4-600x600.webp 600w, https:\/\/www.yongyukitchenware.com\/wp-content\/uploads\/2025\/01\/Bulk-Oval-Mirror-Tray-4-100x100.webp 100w\" sizes=\"(max-width: 800px) 100vw, 800px\" \/><\/figure>\n<\/div>\n<\/div>","protected":false},"excerpt":{"rendered":"<div class=\"n4sEPd\">\n<div class=\"UdTY9 qhIQqf leDWne\" aria-hidden=\"true\" data-location=\"1\">Tabuleiros espelhados personalizados, design brilhante em a\u00e7o inoxid\u00e1vel, com pegas douradas. Dispon\u00edveis numa variedade de tamanhos, suportam log\u00f3tipos e embalagens personalizados para satisfazer as necessidades de diferentes servi\u00e7os de restaura\u00e7\u00e3o. Pre\u00e7o de f\u00e1brica por atacado bandejas espelhadas, bem-vindo a perguntar!<\/div>\n<\/div>\n<h2 style=\"text-align: left\">Bandeja de espelho Par\u00e2metro:<\/h2>\n<p style=\"text-align: left\"><strong>Material:<\/strong> A\u00e7o inoxid\u00e1vel<br \/><strong>Tamanho: <\/strong>16\/18\/20\/22 polegadas<br \/><strong>Forma:<\/strong> Oval<br \/><strong>Embalagem:<\/strong> Saco OPP e caixa de cart\u00e3o<br \/><strong>OEM\/ODM:<\/strong> Dispon\u00edvel<\/p>\n<h2 class=\"wp-block-heading\">De Yongyu Tableware Wholesaler:<\/h2>\n<p>A Yongyu Tableware Wholesaler fornece uma s\u00e9rie de materiais de catering por atacado de alta qualidade que combina eleg\u00e2ncia e durabilidade, incluindo utens\u00edlios de mesa, bebidas, equipamento de catering, utens\u00edlios de cozinha, artigos essenciais de cozinha de acampamento, etc.<\/p>","protected":false},"featured_media":2661,"comment_status":"closed","ping_status":"closed","template":"","meta":{"_acf_changed":true},"application":[30],"product_brand":[],"product_cat":[22,44],"product_tag":[],"class_list":{"0":"post-2660","1":"product","2":"type-product","3":"status-publish","4":"has-post-thumbnail","6":"application-hotel-catering","7":"product_cat-catering-supplies-wholesale","8":"product_cat-stainless-steel-serving-trays-wholesale","10":"first","11":"instock","12":"shipping-taxable","13":"product-type-simple"},"acf":[],"_links":{"self":[{"href":"https:\/\/www.yongyukitchenware.com\/pt\/wp-json\/wp\/v2\/product\/2660","targetHints":{"allow":["GET"]}}],"collection":[{"href":"https:\/\/www.yongyukitchenware.com\/pt\/wp-json\/wp\/v2\/product"}],"about":[{"href":"https:\/\/www.yongyukitchenware.com\/pt\/wp-json\/wp\/v2\/types\/product"}],"replies":[{"embeddable":true,"href":"https:\/\/www.yongyukitchenware.com\/pt\/wp-json\/wp\/v2\/comments?post=2660"}],"wp:featuredmedia":[{"embeddable":true,"href":"https:\/\/www.yongyukitchenware.com\/pt\/wp-json\/wp\/v2\/media\/2661"}],"wp:attachment":[{"href":"https:\/\/www.yongyukitchenware.com\/pt\/wp-json\/wp\/v2\/media?parent=2660"}],"wp:term":[{"taxonomy":"application","embeddable":true,"href":"https:\/\/www.yongyukitchenware.com\/pt\/wp-json\/wp\/v2\/application?post=2660"},{"taxonomy":"product_brand","embeddable":true,"href":"https:\/\/www.yongyukitchenware.com\/pt\/wp-json\/wp\/v2\/product_brand?post=2660"},{"taxonomy":"product_cat","embeddable":true,"href":"https:\/\/www.yongyukitchenware.com\/pt\/wp-json\/wp\/v2\/product_cat?post=2660"},{"taxonomy":"product_tag","embeddable":true,"href":"https:\/\/www.yongyukitchenware.com\/pt\/wp-json\/wp\/v2\/product_tag?post=2660"}],"curies":[{"name":"wp","href":"https:\/\/api.w.org\/{rel}","templated":true}]}}