{"id":2668,"date":"2025-01-13T12:11:53","date_gmt":"2025-01-13T12:11:53","guid":{"rendered":"https:\/\/www.yongyukitchenware.com\/?post_type=product&#038;p=2668"},"modified":"2025-06-14T03:04:32","modified_gmt":"2025-06-14T03:04:32","slug":"wholesale-round-mirror-tray","status":"publish","type":"product","link":"https:\/\/www.yongyukitchenware.com\/pt\/produto\/wholesale-round-mirror-tray\/","title":{"rendered":"Conjunto de tabuleiros para alimentos em a\u00e7o inoxid\u00e1vel com espelho redondo"},"content":{"rendered":"<div class=\"wp-block-columns is-layout-flex wp-container-core-columns-is-layout-9d6595d7 wp-block-columns-is-layout-flex\">\n<div class=\"wp-block-column is-layout-flow wp-block-column-is-layout-flow\">\n<h2 class=\"wp-block-heading\">Bandeja de espelho redonda Carater\u00edsticas:<\/h2>\n\n\n\n<p><strong>Material em a\u00e7o inoxid\u00e1vel resistente ao desgaste:<\/strong><br>O tabuleiro de espelho \u00e9 feito de a\u00e7o inoxid\u00e1vel dur\u00e1vel, que \u00e9 resistente ao desgaste, anti-deforma\u00e7\u00e3o e pode ser utilizado durante muito tempo.<\/p>\n\n\n\n<p><strong>Design de espelho liso<\/strong>:<br>A tecnologia de polimento de espelhos torna o tabuleiro t\u00e3o brilhante como um espelho, melhora o efeito visual geral e tem um toque moderno e de alta qualidade.<\/p>\n\n\n\n<p><strong>Pega dourada ou prateada<\/strong>:<br>A combina\u00e7\u00e3o da pega dourada com o espelho prateado real\u00e7a o luxo e a eleg\u00e2ncia. Pr\u00e1tico de transportar e evita que escorregue.<\/p>\n\n\n\n<p><strong>V\u00e1rias op\u00e7\u00f5es de tamanho e forma:<\/strong><br>Op\u00e7\u00f5es de tamanho desde pequeno a grande 16-22, e redondo, oval e retangular. Adequado para v\u00e1rios servi\u00e7os de catering<\/p>\n\n\n\n<h2 class=\"wp-block-heading\">Bandeja de espelho redonda Tamanho:<\/h2>\n\n\n\n<figure class=\"wp-block-table\"><table class=\"has-fixed-layout\"><tbody><tr><td>Modelo<\/td><td>Tamanho<\/td><td>Di\u00e2metro<\/td><td>MOQ<\/td><\/tr><tr><td rowspan=\"4\">DY058-P<\/td><td>16 polegadas<\/td><td>40cm<\/td><td rowspan=\"4\">100 UNIDADES<\/td><\/tr><tr><td>18 polegadas<\/td><td>43 cm<\/td><\/tr><tr><td>20 polegadas<\/td><td>51,7 cm<\/td><\/tr><tr><td>22 polegadas<\/td><td>56 cm<\/td><\/tr><\/tbody><\/table><\/figure>\n<\/div>\n\n\n\n<div class=\"wp-block-column is-layout-flow wp-block-column-is-layout-flow\">\n<figure class=\"wp-block-image size-full\"><img decoding=\"async\" width=\"800\" height=\"800\" src=\"https:\/\/www.yongyukitchenware.com\/wp-content\/uploads\/2025\/01\/Bulk-Round-Mirror-Tray-8.webp\" alt=\"Balde-espelho redondo-tabuleiro-8\" class=\"wp-image-2675\" srcset=\"https:\/\/www.yongyukitchenware.com\/wp-content\/uploads\/2025\/01\/Bulk-Round-Mirror-Tray-8.webp 800w, https:\/\/www.yongyukitchenware.com\/wp-content\/uploads\/2025\/01\/Bulk-Round-Mirror-Tray-8-300x300.webp 300w, https:\/\/www.yongyukitchenware.com\/wp-content\/uploads\/2025\/01\/Bulk-Round-Mirror-Tray-8-150x150.webp 150w, https:\/\/www.yongyukitchenware.com\/wp-content\/uploads\/2025\/01\/Bulk-Round-Mirror-Tray-8-768x768.webp 768w, https:\/\/www.yongyukitchenware.com\/wp-content\/uploads\/2025\/01\/Bulk-Round-Mirror-Tray-8-12x12.webp 12w, https:\/\/www.yongyukitchenware.com\/wp-content\/uploads\/2025\/01\/Bulk-Round-Mirror-Tray-8-600x600.webp 600w, https:\/\/www.yongyukitchenware.com\/wp-content\/uploads\/2025\/01\/Bulk-Round-Mirror-Tray-8-100x100.webp 100w\" sizes=\"(max-width: 800px) 100vw, 800px\" \/><\/figure>\n<\/div>\n<\/div>","protected":false},"excerpt":{"rendered":"<div class=\"n4sEPd\">\n<div class=\"UdTY9 qhIQqf leDWne\" aria-hidden=\"true\" data-location=\"1\">Tabuleiro de espelho redondo por atacado com pegas em ouro e prata. Diretamente da f\u00e1brica de Yongyu, personalizado em v\u00e1rios tamanhos e formas. Dispon\u00edvel na Amazon, contacte-nos para obter or\u00e7amentos gratuitos!<\/div>\n<\/div>\n<h2 style=\"text-align: left\">Bandeja de espelho redonda Par\u00e2metro:<\/h2>\n<p style=\"text-align: left\"><strong>Material:<\/strong> a\u00e7o inoxid\u00e1vel<br \/><strong>Tamanho: <\/strong>16\/18\/20\/22 polegadas<br \/><strong>Forma: <\/strong>Redondo<br \/><strong>Embalagem:<\/strong> Saco OPP e caixa de cart\u00e3o<br \/><strong>OEM\/ODM:<\/strong> Dispon\u00edvel<\/p>\n<h2 class=\"wp-block-heading\">De Yongyu Tableware Wholesaler:<\/h2>\n<p>A Yongyu Tableware Wholesaler fornece uma s\u00e9rie de materiais de catering por atacado de alta qualidade que combina eleg\u00e2ncia e durabilidade, incluindo utens\u00edlios de mesa, bebidas, equipamento de catering, utens\u00edlios de cozinha, artigos essenciais de cozinha de acampamento, etc.<\/p>","protected":false},"featured_media":2669,"comment_status":"closed","ping_status":"closed","template":"","meta":{"_acf_changed":true},"application":[30],"product_brand":[],"product_cat":[22,44],"product_tag":[],"class_list":{"0":"post-2668","1":"product","2":"type-product","3":"status-publish","4":"has-post-thumbnail","6":"application-hotel-catering","7":"product_cat-catering-supplies-wholesale","8":"product_cat-stainless-steel-serving-trays-wholesale","10":"first","11":"instock","12":"shipping-taxable","13":"product-type-simple"},"acf":[],"_links":{"self":[{"href":"https:\/\/www.yongyukitchenware.com\/pt\/wp-json\/wp\/v2\/product\/2668","targetHints":{"allow":["GET"]}}],"collection":[{"href":"https:\/\/www.yongyukitchenware.com\/pt\/wp-json\/wp\/v2\/product"}],"about":[{"href":"https:\/\/www.yongyukitchenware.com\/pt\/wp-json\/wp\/v2\/types\/product"}],"replies":[{"embeddable":true,"href":"https:\/\/www.yongyukitchenware.com\/pt\/wp-json\/wp\/v2\/comments?post=2668"}],"wp:featuredmedia":[{"embeddable":true,"href":"https:\/\/www.yongyukitchenware.com\/pt\/wp-json\/wp\/v2\/media\/2669"}],"wp:attachment":[{"href":"https:\/\/www.yongyukitchenware.com\/pt\/wp-json\/wp\/v2\/media?parent=2668"}],"wp:term":[{"taxonomy":"application","embeddable":true,"href":"https:\/\/www.yongyukitchenware.com\/pt\/wp-json\/wp\/v2\/application?post=2668"},{"taxonomy":"product_brand","embeddable":true,"href":"https:\/\/www.yongyukitchenware.com\/pt\/wp-json\/wp\/v2\/product_brand?post=2668"},{"taxonomy":"product_cat","embeddable":true,"href":"https:\/\/www.yongyukitchenware.com\/pt\/wp-json\/wp\/v2\/product_cat?post=2668"},{"taxonomy":"product_tag","embeddable":true,"href":"https:\/\/www.yongyukitchenware.com\/pt\/wp-json\/wp\/v2\/product_tag?post=2668"}],"curies":[{"name":"wp","href":"https:\/\/api.w.org\/{rel}","templated":true}]}}