{"id":2700,"date":"2025-01-15T07:26:49","date_gmt":"2025-01-15T07:26:49","guid":{"rendered":"https:\/\/www.yongyukitchenware.com\/?post_type=product&#038;p=2700"},"modified":"2025-06-14T02:55:36","modified_gmt":"2025-06-14T02:55:36","slug":"wholesale-chafing-dish-sets","status":"publish","type":"product","link":"https:\/\/www.yongyukitchenware.com\/pt\/produto\/wholesale-chafing-dish-sets\/","title":{"rendered":"Conjuntos de pratos para chafing por atacado A\u00e7o inoxid\u00e1vel com tampa de vidro"},"content":{"rendered":"<div class=\"wp-block-columns is-layout-flex wp-container-core-columns-is-layout-9d6595d7 wp-block-columns-is-layout-flex\">\n<div class=\"wp-block-column is-layout-flow wp-block-column-is-layout-flow\">\n<h2 class=\"wp-block-heading\">Conjuntos de pratos Chafing Par\u00e2metro:<\/h2>\n\n\n\n<figure class=\"wp-block-table\"><table class=\"has-fixed-layout\"><tbody><tr><td>Modelo<\/td><td>Forma<\/td><td>Comprimento * Largura * Altura (cm)<\/td><td>Peso (kg)<\/td><td>MOQ<\/td><\/tr><tr><td rowspan=\"3\">DY003-CL<\/td><td>Retangular<\/td><td>57*37*22<\/td><td>8.6<\/td><td rowspan=\"3\">2 PE\u00c7AS<\/td><\/tr><tr><td>Quadrado<\/td><td>40*40*22<\/td><td>6.9<\/td><\/tr><tr><td>Redondo<\/td><td>47*44*22<\/td><td>7.2<\/td><\/tr><\/tbody><\/table><\/figure>\n<\/div>\n\n\n\n<div class=\"wp-block-column is-layout-flow wp-block-column-is-layout-flow\">\n<h2 class=\"wp-block-heading\">Conjuntos de pratos para chafing Carater\u00edsticas:<\/h2>\n\n\n\n<p><strong>Material duradouro em a\u00e7o inoxid\u00e1vel: <\/strong>Fabricado em a\u00e7o inoxid\u00e1vel, \u00e9 \u00e0 prova de ferrugem, resistente ao desgaste, f\u00e1cil de limpar e \u00e9 a primeira escolha para uma utiliza\u00e7\u00e3o a longo prazo do prato de chafing.<\/p>\n\n\n\n<p><strong>Superf\u00edcie polida espelhada: <\/strong>O processo de polimento espelhado torna a superf\u00edcie do Chafing Dish lisa e brilhante, adequada para banquetes, festas, hot\u00e9is e outras ocasi\u00f5es de alta qualidade.<\/p>\n\n\n\n<p><strong>Tampa de vidro grande hidr\u00e1ulica silenciosa:<\/strong> A grande tampa de vidro equipada com um dispositivo hidr\u00e1ulico silencioso \u00e9 mais suave e silenciosa ao abrir e fechar. O design da tampa de vidro grande facilita o controlo da comida e mant\u00e9m os alimentos frescos e quentes.<\/p>\n\n\n\n<p><strong>M\u00faltiplas op\u00e7\u00f5es de forma:<\/strong> Est\u00e3o dispon\u00edveis tr\u00eas formas: redonda, retangular e quadrada para satisfazer as necessidades de diferentes ocasi\u00f5es e disposi\u00e7\u00f5es de mesa.<\/p>\n\n\n\n<p><strong>Dois m\u00e9todos de aquecimento: <\/strong>Est\u00e3o dispon\u00edveis dois m\u00e9todos de aquecimento: aquecimento a combust\u00edvel e el\u00e9trico. Pode manter a temperatura ideal durante um longo per\u00edodo de tempo para satisfazer diferentes necessidades.<\/p>\n<\/div>\n<\/div>\n\n\n\n<div class=\"wp-block-columns is-layout-flex wp-container-core-columns-is-layout-9d6595d7 wp-block-columns-is-layout-flex\">\n<div class=\"wp-block-column is-layout-flow wp-block-column-is-layout-flow\">\n<figure class=\"wp-block-image size-full\"><img decoding=\"async\" width=\"800\" height=\"800\" src=\"https:\/\/www.yongyukitchenware.com\/wp-content\/uploads\/2024\/09\/Wholesale-Buffet-Food-Warmer-1.webp\" alt=\"Aquecedor de alimentos para buffets por atacado\" class=\"wp-image-2697\" srcset=\"https:\/\/www.yongyukitchenware.com\/wp-content\/uploads\/2024\/09\/Wholesale-Buffet-Food-Warmer-1.webp 800w, https:\/\/www.yongyukitchenware.com\/wp-content\/uploads\/2024\/09\/Wholesale-Buffet-Food-Warmer-1-300x300.webp 300w, https:\/\/www.yongyukitchenware.com\/wp-content\/uploads\/2024\/09\/Wholesale-Buffet-Food-Warmer-1-150x150.webp 150w, https:\/\/www.yongyukitchenware.com\/wp-content\/uploads\/2024\/09\/Wholesale-Buffet-Food-Warmer-1-768x768.webp 768w, https:\/\/www.yongyukitchenware.com\/wp-content\/uploads\/2024\/09\/Wholesale-Buffet-Food-Warmer-1-12x12.webp 12w, https:\/\/www.yongyukitchenware.com\/wp-content\/uploads\/2024\/09\/Wholesale-Buffet-Food-Warmer-1-600x600.webp 600w, https:\/\/www.yongyukitchenware.com\/wp-content\/uploads\/2024\/09\/Wholesale-Buffet-Food-Warmer-1-100x100.webp 100w\" sizes=\"(max-width: 800px) 100vw, 800px\" \/><\/figure>\n<\/div>\n\n\n\n<div class=\"wp-block-column is-layout-flow wp-block-column-is-layout-flow\">\n<figure class=\"wp-block-image size-full\"><img decoding=\"async\" width=\"800\" height=\"800\" src=\"https:\/\/www.yongyukitchenware.com\/wp-content\/uploads\/2024\/09\/Wholesale-buffet-chafing-dish.webp\" alt=\"Prato para chafing buffet por atacado\" class=\"wp-image-2703\" srcset=\"https:\/\/www.yongyukitchenware.com\/wp-content\/uploads\/2024\/09\/Wholesale-buffet-chafing-dish.webp 800w, https:\/\/www.yongyukitchenware.com\/wp-content\/uploads\/2024\/09\/Wholesale-buffet-chafing-dish-300x300.webp 300w, https:\/\/www.yongyukitchenware.com\/wp-content\/uploads\/2024\/09\/Wholesale-buffet-chafing-dish-150x150.webp 150w, https:\/\/www.yongyukitchenware.com\/wp-content\/uploads\/2024\/09\/Wholesale-buffet-chafing-dish-768x768.webp 768w, https:\/\/www.yongyukitchenware.com\/wp-content\/uploads\/2024\/09\/Wholesale-buffet-chafing-dish-12x12.webp 12w, https:\/\/www.yongyukitchenware.com\/wp-content\/uploads\/2024\/09\/Wholesale-buffet-chafing-dish-600x600.webp 600w, https:\/\/www.yongyukitchenware.com\/wp-content\/uploads\/2024\/09\/Wholesale-buffet-chafing-dish-100x100.webp 100w\" sizes=\"(max-width: 800px) 100vw, 800px\" \/><\/figure>\n<\/div>\n<\/div>\n\n\n\n<p><\/p>","protected":false},"excerpt":{"rendered":"<p>Conjuntos de pratos para assar por atacado direto da f\u00e1brica e personalizados, feitos de a\u00e7o inoxid\u00e1vel com uma grande tampa de vidro. Adequado para hot\u00e9is de luxo, festas, restaurantes, etc. N\u00f3s fornecemos pratos de chafing personalizados e servi\u00e7os de aquisi\u00e7\u00e3o para obter rapidamente as melhores ofertas e produtos de alta qualidade para voc\u00ea.<\/p>\n<h2><!-- wp:heading --><\/h2>\n<h2 class=\"wp-block-heading\">Conjuntos de pratos para chafing Atributos :<\/h2>\n<h2><!-- \/wp:heading --><\/p>\n<p><!-- wp:paragraph --><\/h2>\n<p><strong>Material: <\/strong>A\u00e7o inoxid\u00e1vel<br \/><strong>Cor: <\/strong>Prata<br \/><strong>Forma: <\/strong>Ret\u00e2ngulo, Quadrado, Redondo<br \/><strong>Calor: <\/strong>Aquecimento a \u00e1lcool ou el\u00e9trico<br \/><strong>Panela de chafer: <\/strong>Grelha simples\/dupla<br \/><strong>OEM\/ODM: <\/strong>Dispon\u00edvel<\/p>\n<h2 class=\"wp-block-heading\">De Yongyu Chafing Dish Fabricante :<\/h2>\n<p>Quer se trate de um fornecedor de servi\u00e7os de catering, de um hotel e de um restaurante ou de uma empresa de planeamento de eventos, fornecemos solu\u00e7\u00f5es personalizadas completas de pratos de chafing por atacado para ajudar a sua empresa com pre\u00e7os de f\u00e1brica de alta qualidade!<\/p>\n<h2><!-- \/wp:paragraph --><\/h2>","protected":false},"featured_media":2905,"comment_status":"closed","ping_status":"closed","template":"","meta":{"_acf_changed":false},"application":[30],"product_brand":[],"product_cat":[33],"product_tag":[],"class_list":{"0":"post-2700","1":"product","2":"type-product","3":"status-publish","4":"has-post-thumbnail","6":"application-hotel-catering","7":"product_cat-chafing-dishes-wholesale","9":"first","10":"instock","11":"shipping-taxable","12":"product-type-simple"},"acf":[],"_links":{"self":[{"href":"https:\/\/www.yongyukitchenware.com\/pt\/wp-json\/wp\/v2\/product\/2700","targetHints":{"allow":["GET"]}}],"collection":[{"href":"https:\/\/www.yongyukitchenware.com\/pt\/wp-json\/wp\/v2\/product"}],"about":[{"href":"https:\/\/www.yongyukitchenware.com\/pt\/wp-json\/wp\/v2\/types\/product"}],"replies":[{"embeddable":true,"href":"https:\/\/www.yongyukitchenware.com\/pt\/wp-json\/wp\/v2\/comments?post=2700"}],"wp:featuredmedia":[{"embeddable":true,"href":"https:\/\/www.yongyukitchenware.com\/pt\/wp-json\/wp\/v2\/media\/2905"}],"wp:attachment":[{"href":"https:\/\/www.yongyukitchenware.com\/pt\/wp-json\/wp\/v2\/media?parent=2700"}],"wp:term":[{"taxonomy":"application","embeddable":true,"href":"https:\/\/www.yongyukitchenware.com\/pt\/wp-json\/wp\/v2\/application?post=2700"},{"taxonomy":"product_brand","embeddable":true,"href":"https:\/\/www.yongyukitchenware.com\/pt\/wp-json\/wp\/v2\/product_brand?post=2700"},{"taxonomy":"product_cat","embeddable":true,"href":"https:\/\/www.yongyukitchenware.com\/pt\/wp-json\/wp\/v2\/product_cat?post=2700"},{"taxonomy":"product_tag","embeddable":true,"href":"https:\/\/www.yongyukitchenware.com\/pt\/wp-json\/wp\/v2\/product_tag?post=2700"}],"curies":[{"name":"wp","href":"https:\/\/api.w.org\/{rel}","templated":true}]}}