{"id":2707,"date":"2025-01-15T07:34:36","date_gmt":"2025-01-15T07:34:36","guid":{"rendered":"https:\/\/www.yongyukitchenware.com\/?post_type=product&#038;p=2707"},"modified":"2025-06-14T02:53:32","modified_gmt":"2025-06-14T02:53:32","slug":"bulk-roll-top-chafing-dish-buffet-set","status":"publish","type":"product","link":"https:\/\/www.yongyukitchenware.com\/pt\/produto\/bulk-roll-top-chafing-dish-buffet-set\/","title":{"rendered":"Conjunto de pratos de cozinha a granel com 2 panelas de sopa em a\u00e7o inoxid\u00e1vel"},"content":{"rendered":"<div class=\"wp-block-columns is-layout-flex wp-container-core-columns-is-layout-9d6595d7 wp-block-columns-is-layout-flex\">\n<div class=\"wp-block-column is-layout-flow wp-block-column-is-layout-flow\">\n<h2 class=\"wp-block-heading\">Par\u00e2metros do Conjunto de Buffet de Pratos de Chafing Roll Top:<\/h2>\n\n\n\n<figure class=\"wp-block-table\"><table class=\"has-fixed-layout\"><tbody><tr><td>Modelo<\/td><td>Comprimento * Largura * Altura (cm)<\/td><td>MOQ<\/td><\/tr><tr><td>DY022-CL<\/td><td>64*44*44<\/td><td>2 PE\u00c7AS<\/td><\/tr><\/tbody><\/table><\/figure>\n\n\n\n<h2 class=\"wp-block-heading\">Carater\u00edsticas do Conjunto de Buffet de Pratos para Chafing Roll Top:<\/h2>\n\n\n\n<p><strong>A\u00e7o inoxid\u00e1vel de alta qualidade:<\/strong> Estrutura est\u00e1vel em a\u00e7o inoxid\u00e1vel, espessada e dur\u00e1vel, resistente \u00e0 corros\u00e3o e a altas temperaturas<\/p>\n\n\n\n<p><strong>Design Roll-top: <\/strong>Equipado com um pr\u00e1tico design de topo de enrolar, \u00e9 f\u00e1cil de abrir e fechar, tornando-o mais c\u00f3modo.<\/p>\n\n\n\n<p><strong>2 panelas de sopa:<\/strong> Design de grande capacidade, com 2 panelas de sopa com colheres e tampas no interior, preserva\u00e7\u00e3o eficaz do calor e pode fornecer v\u00e1rios pratos ao mesmo tempo.<\/p>\n\n\n\n<p><strong>Combina\u00e7\u00e3o de panelas de sopa:<\/strong> Fornecer op\u00e7\u00f5es de combina\u00e7\u00e3o com panelas de sopa, adequadas para fornecer sopas, bebidas quentes, etc., para aumentar a diversidade e a variedade de alimentos dos buffets.<\/p>\n\n\n\n<p><strong>Op\u00e7\u00f5es de aquecimento com queimador de combust\u00edvel ou placa de aquecimento el\u00e9ctrica: <\/strong>Fornecer aquecimento a \u00e1lcool e aquecimento el\u00e9trico para satisfazer diferentes necessidades ambientais.<\/p>\n<\/div>\n\n\n\n<div class=\"wp-block-column is-layout-flow wp-block-column-is-layout-flow\">\n<figure class=\"wp-block-image size-full\"><img decoding=\"async\" width=\"750\" height=\"750\" src=\"https:\/\/www.yongyukitchenware.com\/wp-content\/uploads\/2025\/01\/wholesale-roll-top-chafing-dish-buffet-set-1-1.webp\" alt=\"conjunto de buffet de pratos para assar por atacado\" class=\"wp-image-2895\" srcset=\"https:\/\/www.yongyukitchenware.com\/wp-content\/uploads\/2025\/01\/wholesale-roll-top-chafing-dish-buffet-set-1-1.webp 750w, https:\/\/www.yongyukitchenware.com\/wp-content\/uploads\/2025\/01\/wholesale-roll-top-chafing-dish-buffet-set-1-1-300x300.webp 300w, https:\/\/www.yongyukitchenware.com\/wp-content\/uploads\/2025\/01\/wholesale-roll-top-chafing-dish-buffet-set-1-1-150x150.webp 150w, https:\/\/www.yongyukitchenware.com\/wp-content\/uploads\/2025\/01\/wholesale-roll-top-chafing-dish-buffet-set-1-1-12x12.webp 12w, https:\/\/www.yongyukitchenware.com\/wp-content\/uploads\/2025\/01\/wholesale-roll-top-chafing-dish-buffet-set-1-1-600x600.webp 600w, https:\/\/www.yongyukitchenware.com\/wp-content\/uploads\/2025\/01\/wholesale-roll-top-chafing-dish-buffet-set-1-1-100x100.webp 100w\" sizes=\"(max-width: 750px) 100vw, 750px\" \/><\/figure>\n\n\n\n<figure class=\"wp-block-image size-full\"><img decoding=\"async\" width=\"800\" height=\"800\" src=\"https:\/\/www.yongyukitchenware.com\/wp-content\/uploads\/2025\/01\/wholesale-roll-top-chafing-dish-buffet-set-6.webp\" alt=\"conjunto de buffet de pratos para assar por atacado\" class=\"wp-image-2713\" srcset=\"https:\/\/www.yongyukitchenware.com\/wp-content\/uploads\/2025\/01\/wholesale-roll-top-chafing-dish-buffet-set-6.webp 800w, https:\/\/www.yongyukitchenware.com\/wp-content\/uploads\/2025\/01\/wholesale-roll-top-chafing-dish-buffet-set-6-300x300.webp 300w, https:\/\/www.yongyukitchenware.com\/wp-content\/uploads\/2025\/01\/wholesale-roll-top-chafing-dish-buffet-set-6-150x150.webp 150w, https:\/\/www.yongyukitchenware.com\/wp-content\/uploads\/2025\/01\/wholesale-roll-top-chafing-dish-buffet-set-6-768x768.webp 768w, https:\/\/www.yongyukitchenware.com\/wp-content\/uploads\/2025\/01\/wholesale-roll-top-chafing-dish-buffet-set-6-12x12.webp 12w, https:\/\/www.yongyukitchenware.com\/wp-content\/uploads\/2025\/01\/wholesale-roll-top-chafing-dish-buffet-set-6-600x600.webp 600w, https:\/\/www.yongyukitchenware.com\/wp-content\/uploads\/2025\/01\/wholesale-roll-top-chafing-dish-buffet-set-6-100x100.webp 100w\" sizes=\"(max-width: 800px) 100vw, 800px\" \/><\/figure>\n<\/div>\n<\/div>","protected":false},"excerpt":{"rendered":"<p>Conjunto de buffet de prato de chafing personalizado a granel, com 2 panelas e colheres de sopa no interior, tampa de vidro com janela de visualiza\u00e7\u00e3o. Bonito e pr\u00e1tico, pre\u00e7o de f\u00e1brica, alta qualidade garantida. Bem-vindo a contactar-nos para uma consulta gratuita!<\/p>\n<h2><!-- wp:heading --><\/h2>\n<h2 class=\"wp-block-heading\">Atributos do Conjunto de Buffet de Pratos de Chafing Roll Top:<\/h2>\n<h2><!-- \/wp:heading --><\/p>\n<p><!-- wp:paragraph --><\/h2>\n<p><strong>Material: <\/strong>A\u00e7o inoxid\u00e1vel<br \/><strong>Cor: <\/strong>Prata\/ Glod<br \/><strong>Forma: <\/strong>Ret\u00e2ngulo com tampa de enrolar e 2 recipientes para sopa<br \/><strong>Calor: <\/strong>Aquecimento a \u00e1lcool ou el\u00e9trico<br \/><strong>Panela de chafer: <\/strong>Grelha simples\/dupla<br \/><strong>OEM\/ODM: <\/strong>Dispon\u00edvel<\/p>\n<h2 class=\"wp-block-heading\">De Yongyu Chafing Dish Fabricante:<\/h2>\n<p>Quer se trate de um fornecedor de servi\u00e7os de catering, de um hotel e de um restaurante ou de uma empresa de planeamento de eventos, fornecemos solu\u00e7\u00f5es personalizadas completas de pratos de chafing por atacado para ajudar a sua empresa com pre\u00e7os de f\u00e1brica de alta qualidade!<\/p>\n<h2><!-- \/wp:paragraph --><\/h2>","protected":false},"featured_media":2896,"comment_status":"closed","ping_status":"closed","template":"","meta":{"_acf_changed":false},"application":[30],"product_brand":[],"product_cat":[33],"product_tag":[],"class_list":{"0":"post-2707","1":"product","2":"type-product","3":"status-publish","4":"has-post-thumbnail","6":"application-hotel-catering","7":"product_cat-chafing-dishes-wholesale","9":"first","10":"instock","11":"shipping-taxable","12":"product-type-simple"},"acf":[],"_links":{"self":[{"href":"https:\/\/www.yongyukitchenware.com\/pt\/wp-json\/wp\/v2\/product\/2707","targetHints":{"allow":["GET"]}}],"collection":[{"href":"https:\/\/www.yongyukitchenware.com\/pt\/wp-json\/wp\/v2\/product"}],"about":[{"href":"https:\/\/www.yongyukitchenware.com\/pt\/wp-json\/wp\/v2\/types\/product"}],"replies":[{"embeddable":true,"href":"https:\/\/www.yongyukitchenware.com\/pt\/wp-json\/wp\/v2\/comments?post=2707"}],"wp:featuredmedia":[{"embeddable":true,"href":"https:\/\/www.yongyukitchenware.com\/pt\/wp-json\/wp\/v2\/media\/2896"}],"wp:attachment":[{"href":"https:\/\/www.yongyukitchenware.com\/pt\/wp-json\/wp\/v2\/media?parent=2707"}],"wp:term":[{"taxonomy":"application","embeddable":true,"href":"https:\/\/www.yongyukitchenware.com\/pt\/wp-json\/wp\/v2\/application?post=2707"},{"taxonomy":"product_brand","embeddable":true,"href":"https:\/\/www.yongyukitchenware.com\/pt\/wp-json\/wp\/v2\/product_brand?post=2707"},{"taxonomy":"product_cat","embeddable":true,"href":"https:\/\/www.yongyukitchenware.com\/pt\/wp-json\/wp\/v2\/product_cat?post=2707"},{"taxonomy":"product_tag","embeddable":true,"href":"https:\/\/www.yongyukitchenware.com\/pt\/wp-json\/wp\/v2\/product_tag?post=2707"}],"curies":[{"name":"wp","href":"https:\/\/api.w.org\/{rel}","templated":true}]}}