{"id":2736,"date":"2025-01-15T09:51:57","date_gmt":"2025-01-15T09:51:57","guid":{"rendered":"https:\/\/www.yongyukitchenware.com\/?post_type=product&#038;p=2736"},"modified":"2025-06-14T02:50:43","modified_gmt":"2025-06-14T02:50:43","slug":"wholesale-stainless-chafing-dish","status":"publish","type":"product","link":"https:\/\/www.yongyukitchenware.com\/pt\/produto\/wholesale-stainless-chafing-dish\/","title":{"rendered":"Prato para assar em a\u00e7o inoxid\u00e1vel 8QT com tampa de vidro para casamento ou festa"},"content":{"rendered":"<div class=\"wp-block-columns is-layout-flex wp-container-core-columns-is-layout-9d6595d7 wp-block-columns-is-layout-flex\">\n<div class=\"wp-block-column is-layout-flow wp-block-column-is-layout-flow\">\n<h2 class=\"wp-block-heading\">Prato para chafing em a\u00e7o inoxid\u00e1vel Par\u00e2metro:<\/h2>\n\n\n\n<figure class=\"wp-block-table\"><table class=\"has-fixed-layout\"><tbody><tr><td>Modelo<\/td><td>Comprimento * Largura * Altura (cm)<\/td><td>Capacidade (l)<\/td><td>Peso (kg)<\/td><td>MOQ<\/td><\/tr><tr><td>DY006-CL<\/td><td>61*45*21<\/td><td>9<\/td><td>9.9<\/td><td>2 PE\u00c7AS<\/td><\/tr><\/tbody><\/table><\/figure>\n\n\n\n<h2 class=\"wp-block-heading\">Prato para chafing em a\u00e7o inoxid\u00e1vel Carater\u00edsticas:<\/h2>\n\n\n\n<p><strong>A\u00e7o inoxid\u00e1vel de alta qualidade:<\/strong> estrutura de a\u00e7o inoxid\u00e1vel resistente \u00e0 corros\u00e3o, superf\u00edcie lisa e brilhante, f\u00e1cil de limpar, pode ser utilizada durante muito tempo<\/p>\n\n\n\n<p><strong>Design silencioso da tampa de vidro hidr\u00e1ulica:<\/strong> A tampa hidr\u00e1ulica permite que os utilizadores mudem de forma silenciosa e est\u00e1vel, e \u00e9 f\u00e1cil de utilizar. A janela de vidro permite aos utilizadores ver claramente os alimentos no interior sem abrir a tampa, reduzindo o n\u00famero de vezes que a tampa \u00e9 aberta<\/p>\n\n\n\n<p><strong>Design moderno e elegante: <\/strong>linhas e espelhos minimalistas, design de perna baixa, adequado para diferentes ocasi\u00f5es tem\u00e1ticas, como casamentos, festas, buffets de restaurantes de hot\u00e9is, etc.<\/p>\n\n\n\n<p><strong>Aquecimento eficiente: <\/strong>equipado com uma placa de aquecimento e um controlador de temperatura, o tempo de aquecimento pode ser selecionado com precis\u00e3o de acordo com as necessidades, o que pode manter a temperatura e a frescura dos alimentos durante muito tempo<\/p>\n<\/div>\n\n\n\n<div class=\"wp-block-column is-layout-flow wp-block-column-is-layout-flow\">\n<figure class=\"wp-block-image size-full\"><img decoding=\"async\" width=\"800\" height=\"800\" src=\"https:\/\/www.yongyukitchenware.com\/wp-content\/uploads\/2025\/01\/stainless-chafing-dish-wholesale-1.webp\" alt=\"travessas de a\u00e7o inoxid\u00e1vel por atacado\" class=\"wp-image-2743\" srcset=\"https:\/\/www.yongyukitchenware.com\/wp-content\/uploads\/2025\/01\/stainless-chafing-dish-wholesale-1.webp 800w, https:\/\/www.yongyukitchenware.com\/wp-content\/uploads\/2025\/01\/stainless-chafing-dish-wholesale-1-300x300.webp 300w, https:\/\/www.yongyukitchenware.com\/wp-content\/uploads\/2025\/01\/stainless-chafing-dish-wholesale-1-150x150.webp 150w, https:\/\/www.yongyukitchenware.com\/wp-content\/uploads\/2025\/01\/stainless-chafing-dish-wholesale-1-768x768.webp 768w, https:\/\/www.yongyukitchenware.com\/wp-content\/uploads\/2025\/01\/stainless-chafing-dish-wholesale-1-12x12.webp 12w, https:\/\/www.yongyukitchenware.com\/wp-content\/uploads\/2025\/01\/stainless-chafing-dish-wholesale-1-600x600.webp 600w, https:\/\/www.yongyukitchenware.com\/wp-content\/uploads\/2025\/01\/stainless-chafing-dish-wholesale-1-100x100.webp 100w\" sizes=\"(max-width: 800px) 100vw, 800px\" \/><\/figure>\n<\/div>\n<\/div>","protected":false},"excerpt":{"rendered":"<p>Bem-vindo ao prato de chafing inoxid\u00e1vel personalizado e por atacado, design moderno de espelho com tampa articulada silenciosa, o equipamento ideal para hotel, restaurante e buffet. Alta qualidade, pre\u00e7o de f\u00e1brica, bem-vindo a contactar-nos para saber mais!<\/p>\n<h2><!-- wp:heading --><\/h2>\n<h2 class=\"wp-block-heading\">Atributos do prato de cozinha em a\u00e7o inoxid\u00e1vel :<\/h2>\n<h2><!-- \/wp:heading --><\/p>\n<p><!-- wp:paragraph --><\/h2>\n<p><strong>Material: <\/strong>A\u00e7o inoxid\u00e1vel<br \/><strong>Cor: <\/strong>Prata\/Glod<br \/><strong>Forma: <\/strong>Ret\u00e2ngulo com tampa articulada<br \/><strong>Calor: <\/strong>Aquecimento el\u00e9trico<br \/><strong>Panela de chafer: <\/strong>Individual\/Duplo\/Tr\u00eas grelhas<br \/><strong>OEM\/ODM: <\/strong>Dispon\u00edvel<\/p>\n<h2 class=\"wp-block-heading\">De Yongyu Chafing Dish Fabricante :<\/h2>\n<p>Quer se trate de um fornecedor de servi\u00e7os de catering, de um hotel e de um restaurante ou de uma empresa de planeamento de eventos, fornecemos solu\u00e7\u00f5es personalizadas completas de pratos de chafing por atacado para ajudar a sua empresa com pre\u00e7os de f\u00e1brica de alta qualidade!<\/p>\n<h2><!-- \/wp:paragraph --><\/h2>","protected":false},"featured_media":2744,"comment_status":"closed","ping_status":"closed","template":"","meta":{"_acf_changed":true},"application":[30],"product_brand":[],"product_cat":[33],"product_tag":[],"class_list":{"0":"post-2736","1":"product","2":"type-product","3":"status-publish","4":"has-post-thumbnail","6":"application-hotel-catering","7":"product_cat-chafing-dishes-wholesale","9":"first","10":"instock","11":"shipping-taxable","12":"product-type-simple"},"acf":[],"_links":{"self":[{"href":"https:\/\/www.yongyukitchenware.com\/pt\/wp-json\/wp\/v2\/product\/2736","targetHints":{"allow":["GET"]}}],"collection":[{"href":"https:\/\/www.yongyukitchenware.com\/pt\/wp-json\/wp\/v2\/product"}],"about":[{"href":"https:\/\/www.yongyukitchenware.com\/pt\/wp-json\/wp\/v2\/types\/product"}],"replies":[{"embeddable":true,"href":"https:\/\/www.yongyukitchenware.com\/pt\/wp-json\/wp\/v2\/comments?post=2736"}],"wp:featuredmedia":[{"embeddable":true,"href":"https:\/\/www.yongyukitchenware.com\/pt\/wp-json\/wp\/v2\/media\/2744"}],"wp:attachment":[{"href":"https:\/\/www.yongyukitchenware.com\/pt\/wp-json\/wp\/v2\/media?parent=2736"}],"wp:term":[{"taxonomy":"application","embeddable":true,"href":"https:\/\/www.yongyukitchenware.com\/pt\/wp-json\/wp\/v2\/application?post=2736"},{"taxonomy":"product_brand","embeddable":true,"href":"https:\/\/www.yongyukitchenware.com\/pt\/wp-json\/wp\/v2\/product_brand?post=2736"},{"taxonomy":"product_cat","embeddable":true,"href":"https:\/\/www.yongyukitchenware.com\/pt\/wp-json\/wp\/v2\/product_cat?post=2736"},{"taxonomy":"product_tag","embeddable":true,"href":"https:\/\/www.yongyukitchenware.com\/pt\/wp-json\/wp\/v2\/product_tag?post=2736"}],"curies":[{"name":"wp","href":"https:\/\/api.w.org\/{rel}","templated":true}]}}