{"id":2747,"date":"2025-01-17T18:11:17","date_gmt":"2025-01-17T18:11:17","guid":{"rendered":"https:\/\/www.yongyukitchenware.com\/?post_type=product&#038;p=2747"},"modified":"2025-06-14T02:41:42","modified_gmt":"2025-06-14T02:41:42","slug":"chafing-dishes-with-lids-bulk","status":"publish","type":"product","link":"https:\/\/www.yongyukitchenware.com\/pt\/produto\/chafing-dishes-with-lids-bulk\/","title":{"rendered":"Pratos para assar com tampa Quadrado el\u00e9trico 6L"},"content":{"rendered":"<div class=\"wp-block-columns is-layout-flex wp-container-core-columns-is-layout-9d6595d7 wp-block-columns-is-layout-flex\">\n<div class=\"wp-block-column is-layout-flow wp-block-column-is-layout-flow\">\n<h2 class=\"wp-block-heading\">Par\u00e2metro dos pratos com tampa :<\/h2>\n\n\n\n<figure class=\"wp-block-table\"><table class=\"has-fixed-layout\"><tbody><tr><td>Modelo<\/td><td>Comprimento * Largura * Altura (cm)<\/td><td>Capacidade (l)<\/td><td>Peso (kg)<\/td><td>MOQ<\/td><\/tr><tr><td>DY018-CL<\/td><td>41*43*23<\/td><td>6<\/td><td>9.7<\/td><td>2 PE\u00c7AS<\/td><\/tr><\/tbody><\/table><\/figure>\n\n\n\n<h2 class=\"wp-block-heading\">Pratos para assar com tampa Carater\u00edsticas:<\/h2>\n\n\n\n<p><strong>A\u00e7o inoxid\u00e1vel:<\/strong> Esta travessa com tampa \u00e9 dur\u00e1vel, resistente \u00e0 corros\u00e3o e cumpre as normas de seguran\u00e7a alimentar; aspeto elegante, f\u00e1cil de limpar e manter.<\/p>\n\n\n\n<p><strong>Conector de alimenta\u00e7\u00e3o individual:<\/strong> Conector de alimenta\u00e7\u00e3o de alta qualidade e duradouro, seguro, amigo do ambiente e f\u00e1cil de utilizar, pode controlar a temperatura com precis\u00e3o.<\/p>\n\n\n\n<p><strong>Tampa de vidro transparente:<\/strong> Proporciona uma excelente visualiza\u00e7\u00e3o e reduz a perda de calor.<\/p>\n\n\n\n<p><strong>Design de tamanho quadrado:<\/strong> Este prato para assar com tampas tem uma capacidade de 6 litros, o que permite utilizar eficazmente o espa\u00e7o e adaptar-se melhor \u00e0s diferentes necessidades de disposi\u00e7\u00e3o.<\/p>\n\n\n\n<p><strong>Design dividido: <\/strong>A bacia e o fog\u00e3o podem ser separados para facilitar a limpeza<\/p>\n<\/div>\n\n\n\n<div class=\"wp-block-column is-layout-flow wp-block-column-is-layout-flow\">\n<figure class=\"wp-block-image size-full\"><img decoding=\"async\" width=\"800\" height=\"800\" src=\"https:\/\/www.yongyukitchenware.com\/wp-content\/uploads\/2025\/01\/Premium-Chafing-Dishes-with-Lids-Wholesale-Stainless-Steel-Square-6L.webp\" alt=\"Pratos para assar Premium com tampas Atacado de a\u00e7o inoxid\u00e1vel quadrado 6L\" class=\"wp-image-2748\" srcset=\"https:\/\/www.yongyukitchenware.com\/wp-content\/uploads\/2025\/01\/Premium-Chafing-Dishes-with-Lids-Wholesale-Stainless-Steel-Square-6L.webp 800w, https:\/\/www.yongyukitchenware.com\/wp-content\/uploads\/2025\/01\/Premium-Chafing-Dishes-with-Lids-Wholesale-Stainless-Steel-Square-6L-300x300.webp 300w, https:\/\/www.yongyukitchenware.com\/wp-content\/uploads\/2025\/01\/Premium-Chafing-Dishes-with-Lids-Wholesale-Stainless-Steel-Square-6L-150x150.webp 150w, https:\/\/www.yongyukitchenware.com\/wp-content\/uploads\/2025\/01\/Premium-Chafing-Dishes-with-Lids-Wholesale-Stainless-Steel-Square-6L-768x768.webp 768w, https:\/\/www.yongyukitchenware.com\/wp-content\/uploads\/2025\/01\/Premium-Chafing-Dishes-with-Lids-Wholesale-Stainless-Steel-Square-6L-12x12.webp 12w, https:\/\/www.yongyukitchenware.com\/wp-content\/uploads\/2025\/01\/Premium-Chafing-Dishes-with-Lids-Wholesale-Stainless-Steel-Square-6L-600x600.webp 600w, https:\/\/www.yongyukitchenware.com\/wp-content\/uploads\/2025\/01\/Premium-Chafing-Dishes-with-Lids-Wholesale-Stainless-Steel-Square-6L-100x100.webp 100w\" sizes=\"(max-width: 800px) 100vw, 800px\" \/><\/figure>\n<\/div>\n<\/div>","protected":false},"excerpt":{"rendered":"<p style=\"text-align: left\">Este prato para chafing premium com tampa tem um painel t\u00e1til preciso que permite um controlo preciso da temperatura e mant\u00e9m os alimentos quentes durante muito tempo. O design da tampa hidr\u00e1ulica silenciosa de vidro grande melhora a experi\u00eancia de jantar. \u00c9 um estilo de venda quente na Amazon, encomende j\u00e1 a granel ao melhor pre\u00e7o!<\/p>\n<h2><!-- wp:heading --><\/h2>\n<h2 class=\"wp-block-heading\">Atributos dos pratos para assar com tampa:<\/h2>\n<h2><!-- \/wp:heading --><\/p>\n<p><!-- wp:paragraph --><\/h2>\n<p><strong>Material: <\/strong>A\u00e7o inoxid\u00e1vel<br \/><strong>Cor: <\/strong>Prata<br \/><strong>Forma:<\/strong> Quadrado com tampa de vidro<br \/><strong>Calor: <\/strong>\u00a0Aquecimento el\u00e9trico<br \/><strong>Panela de chafer: <\/strong>Grelha \u00fanica<br \/><strong>OEM\/ODM: <\/strong>Dispon\u00edvel<\/p>\n<h2 class=\"wp-block-heading\">De Yongyu Chafing Dish Fabricante :<\/h2>\n<p>Quer se trate de um fornecedor de servi\u00e7os de catering, de um hotel e de um restaurante ou de uma empresa de planeamento de eventos, fornecemos solu\u00e7\u00f5es personalizadas completas de pratos de chafing por atacado para ajudar a sua empresa com pre\u00e7os de f\u00e1brica de alta qualidade!<\/p>\n<h2><!-- \/wp:paragraph --><\/h2>","protected":false},"featured_media":2751,"comment_status":"closed","ping_status":"closed","template":"","meta":{"_acf_changed":false},"application":[30],"product_brand":[],"product_cat":[33],"product_tag":[],"class_list":{"0":"post-2747","1":"product","2":"type-product","3":"status-publish","4":"has-post-thumbnail","6":"application-hotel-catering","7":"product_cat-chafing-dishes-wholesale","9":"first","10":"instock","11":"shipping-taxable","12":"product-type-simple"},"acf":[],"_links":{"self":[{"href":"https:\/\/www.yongyukitchenware.com\/pt\/wp-json\/wp\/v2\/product\/2747","targetHints":{"allow":["GET"]}}],"collection":[{"href":"https:\/\/www.yongyukitchenware.com\/pt\/wp-json\/wp\/v2\/product"}],"about":[{"href":"https:\/\/www.yongyukitchenware.com\/pt\/wp-json\/wp\/v2\/types\/product"}],"replies":[{"embeddable":true,"href":"https:\/\/www.yongyukitchenware.com\/pt\/wp-json\/wp\/v2\/comments?post=2747"}],"wp:featuredmedia":[{"embeddable":true,"href":"https:\/\/www.yongyukitchenware.com\/pt\/wp-json\/wp\/v2\/media\/2751"}],"wp:attachment":[{"href":"https:\/\/www.yongyukitchenware.com\/pt\/wp-json\/wp\/v2\/media?parent=2747"}],"wp:term":[{"taxonomy":"application","embeddable":true,"href":"https:\/\/www.yongyukitchenware.com\/pt\/wp-json\/wp\/v2\/application?post=2747"},{"taxonomy":"product_brand","embeddable":true,"href":"https:\/\/www.yongyukitchenware.com\/pt\/wp-json\/wp\/v2\/product_brand?post=2747"},{"taxonomy":"product_cat","embeddable":true,"href":"https:\/\/www.yongyukitchenware.com\/pt\/wp-json\/wp\/v2\/product_cat?post=2747"},{"taxonomy":"product_tag","embeddable":true,"href":"https:\/\/www.yongyukitchenware.com\/pt\/wp-json\/wp\/v2\/product_tag?post=2747"}],"curies":[{"name":"wp","href":"https:\/\/api.w.org\/{rel}","templated":true}]}}