{"id":2754,"date":"2025-01-17T18:00:44","date_gmt":"2025-01-17T18:00:44","guid":{"rendered":"https:\/\/www.yongyukitchenware.com\/?post_type=product&#038;p=2754"},"modified":"2025-06-14T02:42:47","modified_gmt":"2025-06-14T02:42:47","slug":"custom-modern-chafing-dish","status":"publish","type":"product","link":"https:\/\/www.yongyukitchenware.com\/pt\/produto\/custom-modern-chafing-dish\/","title":{"rendered":"Chafing Dish 9L Personalizado Moderno Aquecedor de Alimentos em A\u00e7o Inoxid\u00e1vel"},"content":{"rendered":"<div class=\"wp-block-columns is-layout-flex wp-container-core-columns-is-layout-9d6595d7 wp-block-columns-is-layout-flex\">\n<div class=\"wp-block-column is-layout-flow wp-block-column-is-layout-flow\">\n<h2 class=\"wp-block-heading\">Prato para chafing moderno Par\u00e2metro:<\/h2>\n\n\n\n<figure class=\"wp-block-table\"><table class=\"has-fixed-layout\"><tbody><tr><td>Modelo<\/td><td>Comprimento * Largura * Altura (cm)<\/td><td>Capacidade (l)<\/td><td>Peso (kg)<\/td><td>MOQ<\/td><\/tr><tr><td rowspan=\"2\">DY017-CL<\/td><td>58*43*23<\/td><td rowspan=\"2\">9<\/td><td>12.3<\/td><td rowspan=\"2\">2 PE\u00c7AS<\/td><\/tr><tr><td>58*43*29<\/td><td>12.5<\/td><\/tr><\/tbody><\/table><\/figure>\n\n\n\n<h2 class=\"wp-block-heading\"><\/h2>\n<\/div>\n\n\n\n<div class=\"wp-block-column is-layout-flow wp-block-column-is-layout-flow\">\n<h2 class=\"wp-block-heading\">Prato para chafing moderno Carater\u00edsticas:<\/h2>\n\n\n\n<p><strong>Tampa de vidro transparente:<\/strong> A tampa de vidro transparente resistente ao calor permite que os clientes verifiquem o estado dos seus alimentos sem abrir a tampa, mantendo a temperatura interna.<\/p>\n\n\n\n<p><strong>Design retangular:<\/strong> Um design retangular simples e atmosf\u00e9rico permite uma utiliza\u00e7\u00e3o mais eficiente do espa\u00e7o e \u00e9 adequado para uma variedade de necessidades de coloca\u00e7\u00e3o.<\/p>\n\n\n\n<p><strong>Dois m\u00e9todos de aquecimento:<\/strong> Aquecimento a \u00e1lcool e aquecimento por placa el\u00e9ctrica para satisfazer diferentes necessidades.<\/p>\n\n\n\n<p><strong>Material em a\u00e7o inoxid\u00e1vel espessado:<\/strong> Sele\u00e7\u00e3o de a\u00e7o de qualidade alimentar, dur\u00e1vel e \u00e0 prova de ferrugem para garantir a seguran\u00e7a alimentar.<\/p>\n\n\n\n<p><strong>Tampa da panela com amortecimento hidr\u00e1ulico refor\u00e7ado:<\/strong> fecho silencioso e lento, f\u00e1cil de abrir e fechar<\/p>\n\n\n\n<p><strong>Design dividido: <\/strong>a panela e o fog\u00e3o podem ser separados, o que torna a limpeza mais c\u00f3moda<\/p>\n<\/div>\n<\/div>\n\n\n\n<div class=\"wp-block-columns is-layout-flex wp-container-core-columns-is-layout-9d6595d7 wp-block-columns-is-layout-flex\">\n<div class=\"wp-block-column is-layout-flow wp-block-column-is-layout-flow\">\n<figure class=\"wp-block-image size-full\"><img decoding=\"async\" width=\"800\" height=\"800\" src=\"https:\/\/www.yongyukitchenware.com\/wp-content\/uploads\/2025\/01\/Custom-Modern-Chafing-Dish-9L-Stainless-Steel-Food-Warmer-4.webp\" alt=\"Chafing Dish moderno personalizado 9L Aquecedor de alimentos em a\u00e7o inoxid\u00e1vel (4)\" class=\"wp-image-2758\" srcset=\"https:\/\/www.yongyukitchenware.com\/wp-content\/uploads\/2025\/01\/Custom-Modern-Chafing-Dish-9L-Stainless-Steel-Food-Warmer-4.webp 800w, https:\/\/www.yongyukitchenware.com\/wp-content\/uploads\/2025\/01\/Custom-Modern-Chafing-Dish-9L-Stainless-Steel-Food-Warmer-4-300x300.webp 300w, https:\/\/www.yongyukitchenware.com\/wp-content\/uploads\/2025\/01\/Custom-Modern-Chafing-Dish-9L-Stainless-Steel-Food-Warmer-4-150x150.webp 150w, https:\/\/www.yongyukitchenware.com\/wp-content\/uploads\/2025\/01\/Custom-Modern-Chafing-Dish-9L-Stainless-Steel-Food-Warmer-4-768x768.webp 768w, https:\/\/www.yongyukitchenware.com\/wp-content\/uploads\/2025\/01\/Custom-Modern-Chafing-Dish-9L-Stainless-Steel-Food-Warmer-4-12x12.webp 12w, https:\/\/www.yongyukitchenware.com\/wp-content\/uploads\/2025\/01\/Custom-Modern-Chafing-Dish-9L-Stainless-Steel-Food-Warmer-4-600x600.webp 600w, https:\/\/www.yongyukitchenware.com\/wp-content\/uploads\/2025\/01\/Custom-Modern-Chafing-Dish-9L-Stainless-Steel-Food-Warmer-4-100x100.webp 100w\" sizes=\"(max-width: 800px) 100vw, 800px\" \/><\/figure>\n<\/div>\n\n\n\n<div class=\"wp-block-column is-layout-flow wp-block-column-is-layout-flow\">\n<figure class=\"wp-block-image size-full\"><img decoding=\"async\" width=\"800\" height=\"800\" src=\"https:\/\/www.yongyukitchenware.com\/wp-content\/uploads\/2025\/01\/Custom-Modern-Chafing-Dish-9L-Stainless-Steel-Food-Warmer-3.webp\" alt=\"Chafing Dish moderno personalizado 9L Aquecedor de alimentos em a\u00e7o inoxid\u00e1vel (3)\" class=\"wp-image-2757\" srcset=\"https:\/\/www.yongyukitchenware.com\/wp-content\/uploads\/2025\/01\/Custom-Modern-Chafing-Dish-9L-Stainless-Steel-Food-Warmer-3.webp 800w, https:\/\/www.yongyukitchenware.com\/wp-content\/uploads\/2025\/01\/Custom-Modern-Chafing-Dish-9L-Stainless-Steel-Food-Warmer-3-300x300.webp 300w, https:\/\/www.yongyukitchenware.com\/wp-content\/uploads\/2025\/01\/Custom-Modern-Chafing-Dish-9L-Stainless-Steel-Food-Warmer-3-150x150.webp 150w, https:\/\/www.yongyukitchenware.com\/wp-content\/uploads\/2025\/01\/Custom-Modern-Chafing-Dish-9L-Stainless-Steel-Food-Warmer-3-768x768.webp 768w, https:\/\/www.yongyukitchenware.com\/wp-content\/uploads\/2025\/01\/Custom-Modern-Chafing-Dish-9L-Stainless-Steel-Food-Warmer-3-12x12.webp 12w, https:\/\/www.yongyukitchenware.com\/wp-content\/uploads\/2025\/01\/Custom-Modern-Chafing-Dish-9L-Stainless-Steel-Food-Warmer-3-600x600.webp 600w, https:\/\/www.yongyukitchenware.com\/wp-content\/uploads\/2025\/01\/Custom-Modern-Chafing-Dish-9L-Stainless-Steel-Food-Warmer-3-100x100.webp 100w\" sizes=\"(max-width: 800px) 100vw, 800px\" \/><\/figure>\n<\/div>\n<\/div>","protected":false},"excerpt":{"rendered":"<p>Bem-vindo ao prato para chafing moderno personalizado, com excelente reten\u00e7\u00e3o de calor e duas op\u00e7\u00f5es de altura. Aspeto brilhante e design de tampa de vidro grande, adequado para todos os eventos tem\u00e1ticos de catering. Para mais informa\u00e7\u00f5es, contacte-nos para obter um or\u00e7amento gratuito.<\/p>\n<h2><!-- wp:heading --><\/h2>\n<h2 class=\"wp-block-heading\">Atributos de pratos modernos para chafing :<\/h2>\n<h2><!-- \/wp:heading --><\/p>\n<p><!-- wp:paragraph --><\/h2>\n<p><strong>Material: <\/strong>A\u00e7o inoxid\u00e1vel<br \/><strong>Cor: <\/strong>Prata\/Glod<br \/><strong>Forma: <\/strong>Retangular com tampa articulada<br \/><strong>Calor: <\/strong>Aquecimento a \u00e1lcool ou el\u00e9trico<br \/><strong>Panela de chafer: <\/strong>Individual\/Duplo\/Tr\u00eas grelhas<br \/><strong>OEM\/ODM: <\/strong>Dispon\u00edvel<\/p>\n<h2 class=\"wp-block-heading\">De Yongyu Chafing Dish Fabricante :<\/h2>\n<p>Quer se trate de um fornecedor de servi\u00e7os de catering, de um hotel e de um restaurante ou de uma empresa de planeamento de eventos, fornecemos solu\u00e7\u00f5es personalizadas completas de pratos de chafing por atacado para ajudar a sua empresa com pre\u00e7os de f\u00e1brica de alta qualidade!<\/p>\n<h2><!-- \/wp:paragraph --><\/h2>","protected":false},"featured_media":2760,"comment_status":"closed","ping_status":"closed","template":"","meta":{"_acf_changed":false},"application":[30],"product_brand":[],"product_cat":[33],"product_tag":[],"class_list":{"0":"post-2754","1":"product","2":"type-product","3":"status-publish","4":"has-post-thumbnail","6":"application-hotel-catering","7":"product_cat-chafing-dishes-wholesale","9":"first","10":"instock","11":"shipping-taxable","12":"product-type-simple"},"acf":[],"_links":{"self":[{"href":"https:\/\/www.yongyukitchenware.com\/pt\/wp-json\/wp\/v2\/product\/2754","targetHints":{"allow":["GET"]}}],"collection":[{"href":"https:\/\/www.yongyukitchenware.com\/pt\/wp-json\/wp\/v2\/product"}],"about":[{"href":"https:\/\/www.yongyukitchenware.com\/pt\/wp-json\/wp\/v2\/types\/product"}],"replies":[{"embeddable":true,"href":"https:\/\/www.yongyukitchenware.com\/pt\/wp-json\/wp\/v2\/comments?post=2754"}],"wp:featuredmedia":[{"embeddable":true,"href":"https:\/\/www.yongyukitchenware.com\/pt\/wp-json\/wp\/v2\/media\/2760"}],"wp:attachment":[{"href":"https:\/\/www.yongyukitchenware.com\/pt\/wp-json\/wp\/v2\/media?parent=2754"}],"wp:term":[{"taxonomy":"application","embeddable":true,"href":"https:\/\/www.yongyukitchenware.com\/pt\/wp-json\/wp\/v2\/application?post=2754"},{"taxonomy":"product_brand","embeddable":true,"href":"https:\/\/www.yongyukitchenware.com\/pt\/wp-json\/wp\/v2\/product_brand?post=2754"},{"taxonomy":"product_cat","embeddable":true,"href":"https:\/\/www.yongyukitchenware.com\/pt\/wp-json\/wp\/v2\/product_cat?post=2754"},{"taxonomy":"product_tag","embeddable":true,"href":"https:\/\/www.yongyukitchenware.com\/pt\/wp-json\/wp\/v2\/product_tag?post=2754"}],"curies":[{"name":"wp","href":"https:\/\/api.w.org\/{rel}","templated":true}]}}