{"id":2786,"date":"2025-01-17T18:24:17","date_gmt":"2025-01-17T18:24:17","guid":{"rendered":"https:\/\/www.yongyukitchenware.com\/?post_type=product&#038;p=2786"},"modified":"2025-06-14T02:39:37","modified_gmt":"2025-06-14T02:39:37","slug":"wholesale-chafing-dishes-electric","status":"publish","type":"product","link":"https:\/\/www.yongyukitchenware.com\/pt\/produto\/wholesale-chafing-dishes-electric\/","title":{"rendered":"Pratos para assar el\u00e9ctricos em a\u00e7o inoxid\u00e1vel com tampa de vidro"},"content":{"rendered":"<div class=\"wp-block-columns is-layout-flex wp-container-core-columns-is-layout-9d6595d7 wp-block-columns-is-layout-flex\">\n<div class=\"wp-block-column is-layout-flow wp-block-column-is-layout-flow\">\n<h2 class=\"wp-block-heading\">Chafing Dishes Par\u00e2metro el\u00e9trico:<\/h2>\n\n\n\n<figure class=\"wp-block-table\"><table class=\"has-fixed-layout\"><tbody><tr><td>Modelo<\/td><td>Comprimento * Largura * Altura (cm)<\/td><td>Capacidade (l)<\/td><td>Peso (kg)<\/td><td>MOQ<\/td><\/tr><tr><td>DY012-CL<\/td><td>57*37*22<\/td><td>9<\/td><td>10.3<\/td><td>2 PE\u00c7AS<\/td><\/tr><\/tbody><\/table><\/figure>\n\n\n\n<h2 class=\"wp-block-heading\">Chafing Dishes Carater\u00edsticas el\u00e9ctricas:<\/h2>\n\n\n\n<p><strong>Porta de alimenta\u00e7\u00e3o independente:<\/strong> Porta de alimenta\u00e7\u00e3o duradoura de alta qualidade, f\u00e1cil de utilizar, sem arrastamento<\/p>\n\n\n\n<p><strong>Material duradouro: <\/strong>Pratos para chafing el\u00e9ctricos feitos de a\u00e7o inoxid\u00e1vel de alta qualidade, resistentes \u00e0 corros\u00e3o e ao calor, garantindo uma utiliza\u00e7\u00e3o a longo prazo.<\/p>\n\n\n\n<p><strong>Controlo num\u00e9rico da temperatura: <\/strong>Controlo da temperatura por contacto pontual, indica\u00e7\u00e3o precisa da temperatura<\/p>\n\n\n\n<p><strong>Grande capacidade:<\/strong> A grande capacidade de 9L \u00e9 adequada para grandes reuni\u00f5es, buffets e eventos, reduzindo a necessidade de reabastecimento frequente de alimentos.<\/p>\n\n\n\n<p><strong>Design da tampa de vidro:<\/strong> Uma tampa de vidro visual transparente permite uma visualiza\u00e7\u00e3o sem problemas e torna o servi\u00e7o mais eficiente.<\/p>\n\n\n\n<p><strong>F\u00e1cil de utilizar:<\/strong> Design conveniente, instala\u00e7\u00e3o simples, f\u00e1cil de operar e manter, efici\u00eancia de servi\u00e7o melhorada.<\/p>\n<\/div>\n\n\n\n<div class=\"wp-block-column is-layout-flow wp-block-column-is-layout-flow\">\n<figure class=\"wp-block-image size-full\"><img decoding=\"async\" width=\"800\" height=\"800\" src=\"https:\/\/www.yongyukitchenware.com\/wp-content\/uploads\/2025\/01\/Wholesale-Chafing-Dishes-Electric-9L-with-Visible-Glass-Lid-3.webp\" alt=\"Pratos para assar el\u00e9ctricos 9L com tampa de vidro vis\u00edvel (3)\" class=\"wp-image-2790\" srcset=\"https:\/\/www.yongyukitchenware.com\/wp-content\/uploads\/2025\/01\/Wholesale-Chafing-Dishes-Electric-9L-with-Visible-Glass-Lid-3.webp 800w, https:\/\/www.yongyukitchenware.com\/wp-content\/uploads\/2025\/01\/Wholesale-Chafing-Dishes-Electric-9L-with-Visible-Glass-Lid-3-300x300.webp 300w, https:\/\/www.yongyukitchenware.com\/wp-content\/uploads\/2025\/01\/Wholesale-Chafing-Dishes-Electric-9L-with-Visible-Glass-Lid-3-150x150.webp 150w, https:\/\/www.yongyukitchenware.com\/wp-content\/uploads\/2025\/01\/Wholesale-Chafing-Dishes-Electric-9L-with-Visible-Glass-Lid-3-768x768.webp 768w, https:\/\/www.yongyukitchenware.com\/wp-content\/uploads\/2025\/01\/Wholesale-Chafing-Dishes-Electric-9L-with-Visible-Glass-Lid-3-12x12.webp 12w, https:\/\/www.yongyukitchenware.com\/wp-content\/uploads\/2025\/01\/Wholesale-Chafing-Dishes-Electric-9L-with-Visible-Glass-Lid-3-600x600.webp 600w, https:\/\/www.yongyukitchenware.com\/wp-content\/uploads\/2025\/01\/Wholesale-Chafing-Dishes-Electric-9L-with-Visible-Glass-Lid-3-100x100.webp 100w\" sizes=\"(max-width: 800px) 100vw, 800px\" \/><\/figure>\n<\/div>\n<\/div>","protected":false},"excerpt":{"rendered":"<p>Bem-vindo ao atacado de pratos de chafing el\u00e9trico com uma grande capacidade de 9L e um painel de controle de temperatura digital para preserva\u00e7\u00e3o de calor de longa dura\u00e7\u00e3o. Design moderno de apar\u00eancia brilhante, adequado para buffets e eventos de catering. Oferecemos os melhores descontos para personaliza\u00e7\u00e3o a granel, bem-vindo ao inqu\u00e9rito!<\/p>\n<h2><!-- wp:heading --><\/h2>\n<h2 class=\"wp-block-heading\">Atributos dos Chafing Dishes El\u00e9ctricos:<\/h2>\n<h2><!-- \/wp:heading --><\/p>\n<p><!-- wp:paragraph --><\/h2>\n<p><strong>Material: <\/strong>A\u00e7o inoxid\u00e1vel<br \/><strong>Cor: <\/strong>Prata<br \/><strong>Forma:<\/strong> Retangular com tampa articulada<br \/><strong>Calor: <\/strong>Aquecimento el\u00e9trico<br \/><strong>Panela de chafer: <\/strong>Individual\/Duplo\/Tr\u00eas grelhas<br \/><strong>OEM\/ODM: <\/strong>Dispon\u00edvel<\/p>\n<h2 class=\"wp-block-heading\">De Yongyu Chafing Dish Fabricante :<\/h2>\n<p>Quer se trate de um fornecedor de servi\u00e7os de catering, de um hotel e de um restaurante ou de uma empresa de planeamento de eventos, fornecemos solu\u00e7\u00f5es personalizadas completas de pratos de chafing por atacado para ajudar a sua empresa com pre\u00e7os de f\u00e1brica de alta qualidade!<\/p>\n<h2><!-- \/wp:paragraph --><\/h2>","protected":false},"featured_media":2789,"comment_status":"closed","ping_status":"closed","template":"","meta":{"_acf_changed":false},"application":[30],"product_brand":[],"product_cat":[33],"product_tag":[43],"class_list":{"0":"post-2786","1":"product","2":"type-product","3":"status-publish","4":"has-post-thumbnail","6":"application-hotel-catering","7":"product_cat-chafing-dishes-wholesale","8":"product_tag-recommend","10":"first","11":"instock","12":"shipping-taxable","13":"product-type-simple"},"acf":[],"_links":{"self":[{"href":"https:\/\/www.yongyukitchenware.com\/pt\/wp-json\/wp\/v2\/product\/2786","targetHints":{"allow":["GET"]}}],"collection":[{"href":"https:\/\/www.yongyukitchenware.com\/pt\/wp-json\/wp\/v2\/product"}],"about":[{"href":"https:\/\/www.yongyukitchenware.com\/pt\/wp-json\/wp\/v2\/types\/product"}],"replies":[{"embeddable":true,"href":"https:\/\/www.yongyukitchenware.com\/pt\/wp-json\/wp\/v2\/comments?post=2786"}],"wp:featuredmedia":[{"embeddable":true,"href":"https:\/\/www.yongyukitchenware.com\/pt\/wp-json\/wp\/v2\/media\/2789"}],"wp:attachment":[{"href":"https:\/\/www.yongyukitchenware.com\/pt\/wp-json\/wp\/v2\/media?parent=2786"}],"wp:term":[{"taxonomy":"application","embeddable":true,"href":"https:\/\/www.yongyukitchenware.com\/pt\/wp-json\/wp\/v2\/application?post=2786"},{"taxonomy":"product_brand","embeddable":true,"href":"https:\/\/www.yongyukitchenware.com\/pt\/wp-json\/wp\/v2\/product_brand?post=2786"},{"taxonomy":"product_cat","embeddable":true,"href":"https:\/\/www.yongyukitchenware.com\/pt\/wp-json\/wp\/v2\/product_cat?post=2786"},{"taxonomy":"product_tag","embeddable":true,"href":"https:\/\/www.yongyukitchenware.com\/pt\/wp-json\/wp\/v2\/product_tag?post=2786"}],"curies":[{"name":"wp","href":"https:\/\/api.w.org\/{rel}","templated":true}]}}