{"id":2816,"date":"2025-01-23T02:54:12","date_gmt":"2025-01-23T02:54:12","guid":{"rendered":"https:\/\/www.yongyukitchenware.com\/?post_type=product&#038;p=2816"},"modified":"2025-06-14T02:33:02","modified_gmt":"2025-06-14T02:33:02","slug":"wholesale-chafing-dish-with-glass-lid","status":"publish","type":"product","link":"https:\/\/www.yongyukitchenware.com\/pt\/produto\/wholesale-chafing-dish-with-glass-lid\/","title":{"rendered":"Chafing Dish quadrado com tampa de vidro Aquecedor el\u00e9trico de alimentos a granel"},"content":{"rendered":"<div class=\"wp-block-columns is-layout-flex wp-container-core-columns-is-layout-9d6595d7 wp-block-columns-is-layout-flex\">\n<div class=\"wp-block-column is-layout-flow wp-block-column-is-layout-flow\">\n<h2 class=\"wp-block-heading\">Par\u00e2metro do prato para chafing com tampa de vidro:<\/h2>\n\n\n\n<figure class=\"wp-block-table\"><table class=\"has-fixed-layout\"><tbody><tr><td>Modelo<\/td><td>Comprimento * Largura * Altura (cm)<\/td><td>Capacidade (l)<\/td><td>Peso (kg)<\/td><td>MOQ<\/td><\/tr><tr><td>DY012-CL<\/td><td>40*40*20<\/td><td>6<\/td><td>8.5<\/td><td>2 PE\u00c7AS<\/td><\/tr><\/tbody><\/table><\/figure>\n\n\n\n<h2 class=\"wp-block-heading\">Prato para chafing com tampa de vidro Carater\u00edsticas:<\/h2>\n\n\n\n<p><strong>Material duradouro: <\/strong>Estas chafing dishes s\u00e3o feitas de a\u00e7o inoxid\u00e1vel de alta qualidade, resistentes \u00e0 corros\u00e3o e ao calor, garantindo uma utiliza\u00e7\u00e3o a longo prazo.<\/p>\n\n\n\n<p><strong>Design quadrado: <\/strong>Ao contr\u00e1rio do prato redondo tradicional, este prato para chafing com tampa de vidro \u00e9 feito em forma de quadrado para poupar espa\u00e7o e para facilitar a coloca\u00e7\u00e3o.<\/p>\n\n\n\n<p><strong>Tampa de vidro: <\/strong>Uma tampa de vidro permite ver facilmente o estado em tempo real dos alimentos no interior e evitar a abertura frequente da tampa.<\/p>\n\n\n\n<p><strong>Ecr\u00e3 t\u00e1til de controlo digital da temperatura: <\/strong>Equipado com um controlador de temperatura preciso, \u00e9 f\u00e1cil e r\u00e1pido de utilizar e pode manter a temperatura dos alimentos durante muito tempo.<\/p>\n\n\n\n<p><strong>Funcionamento seguro:<\/strong> Equipado com uma base antiderrapante e um sistema de controlo da temperatura para garantir um funcionamento seguro.<\/p>\n<\/div>\n\n\n\n<div class=\"wp-block-column is-layout-flow wp-block-column-is-layout-flow\">\n<figure class=\"wp-block-image size-full\"><img decoding=\"async\" width=\"800\" height=\"800\" src=\"https:\/\/www.yongyukitchenware.com\/wp-content\/uploads\/2025\/01\/Square-Chafing-Dish-with-Glass-Lid-Bulk-Simple-Electric-Food-Warmer-2.webp\" alt=\"Chafing Dish quadrado com tampa de vidro Aquecedor el\u00e9trico de alimentos simples a granel (2)\" class=\"wp-image-2818\" srcset=\"https:\/\/www.yongyukitchenware.com\/wp-content\/uploads\/2025\/01\/Square-Chafing-Dish-with-Glass-Lid-Bulk-Simple-Electric-Food-Warmer-2.webp 800w, https:\/\/www.yongyukitchenware.com\/wp-content\/uploads\/2025\/01\/Square-Chafing-Dish-with-Glass-Lid-Bulk-Simple-Electric-Food-Warmer-2-300x300.webp 300w, https:\/\/www.yongyukitchenware.com\/wp-content\/uploads\/2025\/01\/Square-Chafing-Dish-with-Glass-Lid-Bulk-Simple-Electric-Food-Warmer-2-150x150.webp 150w, https:\/\/www.yongyukitchenware.com\/wp-content\/uploads\/2025\/01\/Square-Chafing-Dish-with-Glass-Lid-Bulk-Simple-Electric-Food-Warmer-2-768x768.webp 768w, https:\/\/www.yongyukitchenware.com\/wp-content\/uploads\/2025\/01\/Square-Chafing-Dish-with-Glass-Lid-Bulk-Simple-Electric-Food-Warmer-2-12x12.webp 12w, https:\/\/www.yongyukitchenware.com\/wp-content\/uploads\/2025\/01\/Square-Chafing-Dish-with-Glass-Lid-Bulk-Simple-Electric-Food-Warmer-2-600x600.webp 600w, https:\/\/www.yongyukitchenware.com\/wp-content\/uploads\/2025\/01\/Square-Chafing-Dish-with-Glass-Lid-Bulk-Simple-Electric-Food-Warmer-2-100x100.webp 100w\" sizes=\"(max-width: 800px) 100vw, 800px\" \/><\/figure>\n<\/div>\n<\/div>","protected":false},"excerpt":{"rendered":"<p>Prato para assar por atacado com tampa de vidro, tem um ecr\u00e3 t\u00e1til de controlo de temperatura, aquece eficazmente os alimentos. Conjunto moderno de buffet de a\u00e7o inoxid\u00e1vel, uma variedade de formas, adequado para todos os tipos de servi\u00e7os de catering para festas de casamento. Bem-vindo a contactar-nos hoje para obter uma solu\u00e7\u00e3o de pre\u00e7o de f\u00e1brica!<\/p>\n<h2><!-- wp:heading --><\/h2>\n<h2 class=\"wp-block-heading\">Atributos do prato para assar com tampa de vidro:<\/h2>\n<h2><!-- \/wp:heading --><\/p>\n<p><!-- wp:paragraph --><\/h2>\n<p><strong>Material: <\/strong>A\u00e7o inoxid\u00e1vel<br \/><strong>Cor: <\/strong>Prata<br \/><strong>Forma:<\/strong> Quadrado com tampa articulada<br \/><strong>Calor: <\/strong>Aquecimento el\u00e9trico<br \/><strong>Panela de chafer: <\/strong>Individual\/Duplo\/Tr\u00eas grelhas<br \/><strong>OEM\/ODM: <\/strong>Dispon\u00edvel<\/p>\n<h2 class=\"wp-block-heading\">De Yongyu Chafing Dish Fabricante :<\/h2>\n<p>Quer se trate de um fornecedor de servi\u00e7os de catering, de um hotel e de um restaurante ou de uma empresa de planeamento de eventos, fornecemos solu\u00e7\u00f5es personalizadas completas de pratos de chafing por atacado para ajudar a sua empresa com pre\u00e7os de f\u00e1brica de alta qualidade!<\/p>\n<h2><!-- \/wp:paragraph --><\/h2>","protected":false},"featured_media":2818,"comment_status":"closed","ping_status":"closed","template":"","meta":{"_acf_changed":false},"application":[30],"product_brand":[],"product_cat":[33],"product_tag":[],"class_list":{"0":"post-2816","1":"product","2":"type-product","3":"status-publish","4":"has-post-thumbnail","6":"application-hotel-catering","7":"product_cat-chafing-dishes-wholesale","9":"first","10":"instock","11":"shipping-taxable","12":"product-type-simple"},"acf":[],"_links":{"self":[{"href":"https:\/\/www.yongyukitchenware.com\/pt\/wp-json\/wp\/v2\/product\/2816","targetHints":{"allow":["GET"]}}],"collection":[{"href":"https:\/\/www.yongyukitchenware.com\/pt\/wp-json\/wp\/v2\/product"}],"about":[{"href":"https:\/\/www.yongyukitchenware.com\/pt\/wp-json\/wp\/v2\/types\/product"}],"replies":[{"embeddable":true,"href":"https:\/\/www.yongyukitchenware.com\/pt\/wp-json\/wp\/v2\/comments?post=2816"}],"wp:featuredmedia":[{"embeddable":true,"href":"https:\/\/www.yongyukitchenware.com\/pt\/wp-json\/wp\/v2\/media\/2818"}],"wp:attachment":[{"href":"https:\/\/www.yongyukitchenware.com\/pt\/wp-json\/wp\/v2\/media?parent=2816"}],"wp:term":[{"taxonomy":"application","embeddable":true,"href":"https:\/\/www.yongyukitchenware.com\/pt\/wp-json\/wp\/v2\/application?post=2816"},{"taxonomy":"product_brand","embeddable":true,"href":"https:\/\/www.yongyukitchenware.com\/pt\/wp-json\/wp\/v2\/product_brand?post=2816"},{"taxonomy":"product_cat","embeddable":true,"href":"https:\/\/www.yongyukitchenware.com\/pt\/wp-json\/wp\/v2\/product_cat?post=2816"},{"taxonomy":"product_tag","embeddable":true,"href":"https:\/\/www.yongyukitchenware.com\/pt\/wp-json\/wp\/v2\/product_tag?post=2816"}],"curies":[{"name":"wp","href":"https:\/\/api.w.org\/{rel}","templated":true}]}}