{"id":2827,"date":"2025-01-24T10:57:51","date_gmt":"2025-01-24T10:57:51","guid":{"rendered":"https:\/\/www.yongyukitchenware.com\/?post_type=product&#038;p=2827"},"modified":"2025-06-14T02:16:58","modified_gmt":"2025-06-14T02:16:58","slug":"wholesale-chafing-dish-electric","status":"publish","type":"product","link":"https:\/\/www.yongyukitchenware.com\/pt\/produto\/wholesale-chafing-dish-electric\/","title":{"rendered":"Prato para assar por atacado Aquecedor el\u00e9trico de a\u00e7o inoxid\u00e1vel quadrado 6L"},"content":{"rendered":"<div class=\"wp-block-columns is-layout-flex wp-container-core-columns-is-layout-9d6595d7 wp-block-columns-is-layout-flex\">\n<div class=\"wp-block-column is-layout-flow wp-block-column-is-layout-flow\">\n<h2 class=\"wp-block-heading\">Prato para Chafing Par\u00e2metro el\u00e9trico:<\/h2>\n\n\n\n<figure class=\"wp-block-table\"><table class=\"has-fixed-layout\"><tbody><tr><td>Modelo<\/td><td>Comprimento * Largura * Altura (cm)<\/td><td>Capacidade (l)<\/td><td>Peso (kg)<\/td><td>MOQ<\/td><\/tr><tr><td>DY011-CL<\/td><td>40*40*25<\/td><td>6<\/td><td>8.6<\/td><td>2 PE\u00c7AS<\/td><\/tr><\/tbody><\/table><\/figure>\n\n\n\n<h2 class=\"wp-block-heading\">Chafing Dish Carater\u00edsticas el\u00e9ctricas:<\/h2>\n\n\n\n<p><strong>6L Capacidade:<\/strong> O prato el\u00e9trico para assar por atacado tem espa\u00e7o suficiente para conter uma variedade de pratos, perfeito para buffets, festas ou uso di\u00e1rio.<\/p>\n\n\n\n<p><strong>Design quadrado: <\/strong>Encaixa-se perfeitamente num espa\u00e7o limitado, proporcionando um aspeto elegante.<\/p>\n\n\n\n<p><strong>Constru\u00e7\u00e3o em a\u00e7o inoxid\u00e1vel:<\/strong> A chafing dish electric \u00e9 resistente \u00e0 corros\u00e3o e \u00e0s manchas, garantindo uma vida longa e uma manuten\u00e7\u00e3o f\u00e1cil.<\/p>\n\n\n\n<p><strong>Sistema de aquecimento el\u00e9trico:<\/strong> Proporciona uma distribui\u00e7\u00e3o uniforme do calor para manter as temperaturas ideais de servi\u00e7o sem cozinhar demasiado.<\/p>\n\n\n\n<p><strong>Controlos f\u00e1ceis de utilizar:<\/strong> Controlo de temperatura por contacto pontual com indica\u00e7\u00e3o precisa da temperatura e opera\u00e7\u00e3o simples para todos os n\u00edveis de compet\u00eancia.<\/p>\n<\/div>\n\n\n\n<div class=\"wp-block-column is-layout-flow wp-block-column-is-layout-flow\">\n<figure class=\"wp-block-image size-full\"><img decoding=\"async\" width=\"750\" height=\"891\" src=\"https:\/\/www.yongyukitchenware.com\/wp-content\/uploads\/2025\/01\/Large-Electric-Chafing-Dishes-Wholesale-Stainless-Steel-with-Handle-3.webp\" alt=\"Pratos para assar el\u00e9ctricos grandes Atacado de a\u00e7o inoxid\u00e1vel com pega (3)\" class=\"wp-image-2822\" srcset=\"https:\/\/www.yongyukitchenware.com\/wp-content\/uploads\/2025\/01\/Large-Electric-Chafing-Dishes-Wholesale-Stainless-Steel-with-Handle-3.webp 750w, https:\/\/www.yongyukitchenware.com\/wp-content\/uploads\/2025\/01\/Large-Electric-Chafing-Dishes-Wholesale-Stainless-Steel-with-Handle-3-253x300.webp 253w, https:\/\/www.yongyukitchenware.com\/wp-content\/uploads\/2025\/01\/Large-Electric-Chafing-Dishes-Wholesale-Stainless-Steel-with-Handle-3-10x12.webp 10w, https:\/\/www.yongyukitchenware.com\/wp-content\/uploads\/2025\/01\/Large-Electric-Chafing-Dishes-Wholesale-Stainless-Steel-with-Handle-3-600x713.webp 600w\" sizes=\"(max-width: 750px) 100vw, 750px\" \/><\/figure>\n<\/div>\n<\/div>","protected":false},"excerpt":{"rendered":"<p>Leve o seu servi\u00e7o de restaura\u00e7\u00e3o para o pr\u00f3ximo n\u00edvel com o aquecedor el\u00e9trico de pratos quadrados de 6L da Yongyu. Este pr\u00e1tico sistema de aquecimento el\u00e9trico permite um controlo consistente da temperatura; a constru\u00e7\u00e3o em a\u00e7o inoxid\u00e1vel proporciona uma utiliza\u00e7\u00e3o duradoura. \u00c9 ideal para manter os alimentos quentes e frescos em qualquer evento, seja ele empresarial ou dom\u00e9stico.<\/p>\n<h2><!-- wp:heading --><\/h2>\n<h2 class=\"wp-block-heading\">Atributos do Chafing Dish Electric:<\/h2>\n<h2><!-- \/wp:heading --><\/p>\n<p><!-- wp:paragraph --><\/h2>\n<p><strong>Material: <\/strong>A\u00e7o inoxid\u00e1vel<br \/><strong>Cor: <\/strong>Prata<br \/><strong>Forma:<\/strong> Quadrado com tampa articulada<br \/><strong>Calor: <\/strong>Aquecimento el\u00e9trico<br \/><strong>Panela de chafer: <\/strong>Grelha simples\/dupla<br \/><strong>OEM\/ODM: <\/strong>Dispon\u00edvel<\/p>\n<h2 class=\"wp-block-heading\">De Yongyu Chafing Dish Fabricante :<\/h2>\n<p>Quer se trate de um fornecedor de servi\u00e7os de catering, de um hotel e de um restaurante ou de uma empresa de planeamento de eventos, fornecemos solu\u00e7\u00f5es personalizadas completas de pratos de chafing por atacado para ajudar a sua empresa com pre\u00e7os de f\u00e1brica de alta qualidade!<\/p>\n<h2><!-- \/wp:paragraph --><\/h2>","protected":false},"featured_media":2828,"comment_status":"closed","ping_status":"closed","template":"","meta":{"_acf_changed":true},"application":[30],"product_brand":[],"product_cat":[33],"product_tag":[],"class_list":{"0":"post-2827","1":"product","2":"type-product","3":"status-publish","4":"has-post-thumbnail","6":"application-hotel-catering","7":"product_cat-chafing-dishes-wholesale","9":"first","10":"instock","11":"shipping-taxable","12":"product-type-simple"},"acf":[],"_links":{"self":[{"href":"https:\/\/www.yongyukitchenware.com\/pt\/wp-json\/wp\/v2\/product\/2827","targetHints":{"allow":["GET"]}}],"collection":[{"href":"https:\/\/www.yongyukitchenware.com\/pt\/wp-json\/wp\/v2\/product"}],"about":[{"href":"https:\/\/www.yongyukitchenware.com\/pt\/wp-json\/wp\/v2\/types\/product"}],"replies":[{"embeddable":true,"href":"https:\/\/www.yongyukitchenware.com\/pt\/wp-json\/wp\/v2\/comments?post=2827"}],"wp:featuredmedia":[{"embeddable":true,"href":"https:\/\/www.yongyukitchenware.com\/pt\/wp-json\/wp\/v2\/media\/2828"}],"wp:attachment":[{"href":"https:\/\/www.yongyukitchenware.com\/pt\/wp-json\/wp\/v2\/media?parent=2827"}],"wp:term":[{"taxonomy":"application","embeddable":true,"href":"https:\/\/www.yongyukitchenware.com\/pt\/wp-json\/wp\/v2\/application?post=2827"},{"taxonomy":"product_brand","embeddable":true,"href":"https:\/\/www.yongyukitchenware.com\/pt\/wp-json\/wp\/v2\/product_brand?post=2827"},{"taxonomy":"product_cat","embeddable":true,"href":"https:\/\/www.yongyukitchenware.com\/pt\/wp-json\/wp\/v2\/product_cat?post=2827"},{"taxonomy":"product_tag","embeddable":true,"href":"https:\/\/www.yongyukitchenware.com\/pt\/wp-json\/wp\/v2\/product_tag?post=2827"}],"curies":[{"name":"wp","href":"https:\/\/api.w.org\/{rel}","templated":true}]}}