{"id":2859,"date":"2025-01-24T10:58:02","date_gmt":"2025-01-24T10:58:02","guid":{"rendered":"https:\/\/www.yongyukitchenware.com\/?post_type=product&#038;p=2859"},"modified":"2025-07-10T09:32:28","modified_gmt":"2025-07-10T09:32:28","slug":"wholesale-black-chafing-dishes","status":"publish","type":"product","link":"https:\/\/www.yongyukitchenware.com\/pt\/produto\/wholesale-black-chafing-dishes\/","title":{"rendered":"Pratos para assar pretos por atacado Ret\u00e2ngulo de a\u00e7o inoxid\u00e1vel 9L"},"content":{"rendered":"<div class=\"wp-block-columns is-layout-flex wp-container-core-columns-is-layout-9d6595d7 wp-block-columns-is-layout-flex\">\n<div class=\"wp-block-column is-layout-flow wp-block-column-is-layout-flow\">\n<h2 class=\"wp-block-heading\">Chafing Dishes preto Par\u00e2metro:<\/h2>\n\n\n\n<figure class=\"wp-block-table\"><table class=\"has-fixed-layout\"><tbody><tr><td>Modelo<\/td><td>Comprimento * Largura * Altura (cm)<\/td><td>Capacidade (l)<\/td><td>Peso (kg)<\/td><td>MOQ<\/td><\/tr><tr><td rowspan=\"2\">DY002-CL<\/td><td>57*37*29<\/td><td rowspan=\"2\">9<\/td><td>8.8<\/td><td rowspan=\"2\">2 PE\u00c7AS<\/td><\/tr><tr><td>57*37*32<\/td><td>9.4<\/td><\/tr><\/tbody><\/table><\/figure>\n\n\n\n<h2 class=\"wp-block-heading\">Pratos de Chafing pretos Carater\u00edsticas:<\/h2>\n\n\n\n<p><strong>Material de a\u00e7o inoxid\u00e1vel de qualidade superior:<\/strong> O nosso prato Chafing preto por atacado \u00e9 feito de a\u00e7o inoxid\u00e1vel de alta qualidade para garantir durabilidade e resist\u00eancia \u00e0 corros\u00e3o, que pode suportar altas temperaturas e continuar a funcionar de forma constante durante um longo per\u00edodo de tempo.<\/p>\n\n\n\n<p><strong>9L Design de grande capacidade:<\/strong> Os nossos Chafing Dishes em a\u00e7o inoxid\u00e1vel s\u00e3o adequados para banquetes e festas em grande escala, capazes de conter uma grande quantidade de alimentos para satisfazer v\u00e1rias pessoas.<\/p>\n\n\n\n<p><strong>Forma retangular elegante:<\/strong> O aspeto elegante destes pratos de Chafing pretos por atacado adequa-se a qualquer ocasi\u00e3o formal, como um banquete de casamento, hotel, restaurante, etc.<\/p>\n\n\n\n<p><strong>Excelente reten\u00e7\u00e3o de calor:<\/strong> Com a fun\u00e7\u00e3o eficaz de preserva\u00e7\u00e3o do calor, este Chafing Dishes em a\u00e7o inoxid\u00e1vel mant\u00e9m a temperatura dos alimentos fresca, assegurando que cada prato \u00e9 cozinhado a vapor.<\/p>\n\n\n\n<p><strong>Pr\u00e1tico de utilizar:<\/strong> Equipado com um dep\u00f3sito de combust\u00edvel ajust\u00e1vel e uma pega de transporte para facilitar a mobilidade e a manobrabilidade.<\/p>\n<\/div>\n\n\n\n<div class=\"wp-block-column is-layout-flow wp-block-column-is-layout-flow\">\n<figure class=\"wp-block-image size-full\"><img decoding=\"async\" width=\"800\" height=\"800\" src=\"https:\/\/www.yongyukitchenware.com\/wp-content\/uploads\/2025\/01\/Wholesale-Stainless-Steel-Chafing-Dish-with-Clear-Lid-Custom-Warmer-6.webp\" alt=\"Prato para chafing de a\u00e7o inoxid\u00e1vel por atacado com tampa transparente Aquecedor personalizado (6)\" class=\"wp-image-2855\" srcset=\"https:\/\/www.yongyukitchenware.com\/wp-content\/uploads\/2025\/01\/Wholesale-Stainless-Steel-Chafing-Dish-with-Clear-Lid-Custom-Warmer-6.webp 800w, https:\/\/www.yongyukitchenware.com\/wp-content\/uploads\/2025\/01\/Wholesale-Stainless-Steel-Chafing-Dish-with-Clear-Lid-Custom-Warmer-6-300x300.webp 300w, https:\/\/www.yongyukitchenware.com\/wp-content\/uploads\/2025\/01\/Wholesale-Stainless-Steel-Chafing-Dish-with-Clear-Lid-Custom-Warmer-6-150x150.webp 150w, https:\/\/www.yongyukitchenware.com\/wp-content\/uploads\/2025\/01\/Wholesale-Stainless-Steel-Chafing-Dish-with-Clear-Lid-Custom-Warmer-6-768x768.webp 768w, https:\/\/www.yongyukitchenware.com\/wp-content\/uploads\/2025\/01\/Wholesale-Stainless-Steel-Chafing-Dish-with-Clear-Lid-Custom-Warmer-6-12x12.webp 12w, https:\/\/www.yongyukitchenware.com\/wp-content\/uploads\/2025\/01\/Wholesale-Stainless-Steel-Chafing-Dish-with-Clear-Lid-Custom-Warmer-6-600x600.webp 600w, https:\/\/www.yongyukitchenware.com\/wp-content\/uploads\/2025\/01\/Wholesale-Stainless-Steel-Chafing-Dish-with-Clear-Lid-Custom-Warmer-6-100x100.webp 100w\" sizes=\"(max-width: 800px) 100vw, 800px\" \/><\/figure>\n<\/div>\n<\/div>\n\n\n\n<p><\/p>","protected":false},"excerpt":{"rendered":"<p>Estes pratos de chafing pretos por atacado da Yongyu s\u00e3o feitos de material de a\u00e7o inoxid\u00e1vel de alta qualidade com excelente durabilidade e apar\u00eancia moderna, perfeitos para reuni\u00f5es e banquetes em grande escala. O design de grande capacidade de 9L atende \u00e0s necessidades de v\u00e1rias pessoas, excelente preserva\u00e7\u00e3o do calor e f\u00e1cil de operar, ideal para todos os tipos de ocasi\u00f5es formais.<\/p>\n<h2><!-- wp:heading --><\/h2>\n<h2 class=\"wp-block-heading\">Atributos dos pratos de cozinha pretos:<\/h2>\n<h2><!-- \/wp:heading --><\/p>\n<p><!-- wp:paragraph --><\/h2>\n<p><strong>Material: <\/strong>A\u00e7o inoxid\u00e1vel<br \/><strong>Cor: <\/strong>Preto<br \/><strong>Forma: <\/strong> Retangular com tampa articulada<br \/><strong>Calor: <\/strong>Aquecimento el\u00e9trico e aquecimento a \u00e1lcool\u00a0<br \/><strong>Panela de chafer: <\/strong>Grade simples\/dupla\/terceira grade<br \/><strong>OEM\/ODM: <\/strong>Dispon\u00edvel<\/p>\n<h2 class=\"wp-block-heading\">De Yongyu Chafing Dish Fabricante :<\/h2>\n<p>Quer se trate de um fornecedor de servi\u00e7os de catering, de um hotel e de um restaurante ou de uma empresa de planeamento de eventos, fornecemos solu\u00e7\u00f5es personalizadas completas de pratos de chafing por atacado para ajudar a sua empresa com pre\u00e7os de f\u00e1brica de alta qualidade!<\/p>\n<h2><!-- \/wp:paragraph --><\/h2>","protected":false},"featured_media":2860,"comment_status":"closed","ping_status":"closed","template":"","meta":{"_acf_changed":false},"application":[30],"product_brand":[],"product_cat":[33],"product_tag":[43],"class_list":{"0":"post-2859","1":"product","2":"type-product","3":"status-publish","4":"has-post-thumbnail","6":"application-hotel-catering","7":"product_cat-chafing-dishes-wholesale","8":"product_tag-recommend","10":"first","11":"instock","12":"shipping-taxable","13":"product-type-simple"},"acf":[],"_links":{"self":[{"href":"https:\/\/www.yongyukitchenware.com\/pt\/wp-json\/wp\/v2\/product\/2859","targetHints":{"allow":["GET"]}}],"collection":[{"href":"https:\/\/www.yongyukitchenware.com\/pt\/wp-json\/wp\/v2\/product"}],"about":[{"href":"https:\/\/www.yongyukitchenware.com\/pt\/wp-json\/wp\/v2\/types\/product"}],"replies":[{"embeddable":true,"href":"https:\/\/www.yongyukitchenware.com\/pt\/wp-json\/wp\/v2\/comments?post=2859"}],"wp:featuredmedia":[{"embeddable":true,"href":"https:\/\/www.yongyukitchenware.com\/pt\/wp-json\/wp\/v2\/media\/2860"}],"wp:attachment":[{"href":"https:\/\/www.yongyukitchenware.com\/pt\/wp-json\/wp\/v2\/media?parent=2859"}],"wp:term":[{"taxonomy":"application","embeddable":true,"href":"https:\/\/www.yongyukitchenware.com\/pt\/wp-json\/wp\/v2\/application?post=2859"},{"taxonomy":"product_brand","embeddable":true,"href":"https:\/\/www.yongyukitchenware.com\/pt\/wp-json\/wp\/v2\/product_brand?post=2859"},{"taxonomy":"product_cat","embeddable":true,"href":"https:\/\/www.yongyukitchenware.com\/pt\/wp-json\/wp\/v2\/product_cat?post=2859"},{"taxonomy":"product_tag","embeddable":true,"href":"https:\/\/www.yongyukitchenware.com\/pt\/wp-json\/wp\/v2\/product_tag?post=2859"}],"curies":[{"name":"wp","href":"https:\/\/api.w.org\/{rel}","templated":true}]}}