{"id":2863,"date":"2025-01-24T10:58:09","date_gmt":"2025-01-24T10:58:09","guid":{"rendered":"https:\/\/www.yongyukitchenware.com\/?post_type=product&#038;p=2863"},"modified":"2025-06-13T07:10:53","modified_gmt":"2025-06-13T07:10:53","slug":"chafing-dish-round-wholesale","status":"publish","type":"product","link":"https:\/\/www.yongyukitchenware.com\/pt\/produto\/chafing-dish-round-wholesale\/","title":{"rendered":"Aquecedor de alimentos para buffets por atacado, 3 sec\u00e7\u00f5es, tampo de vidro, a\u00e7o inoxid\u00e1vel dur\u00e1vel"},"content":{"rendered":"<div class=\"wp-block-columns is-layout-flex wp-container-core-columns-is-layout-9d6595d7 wp-block-columns-is-layout-flex\">\n<div class=\"wp-block-column is-layout-flow wp-block-column-is-layout-flow\">\n<h2 class=\"wp-block-heading\">Aquecedor de alimentos para buffets Par\u00e2metro:<\/h2>\n\n\n\n<figure class=\"wp-block-table\"><table class=\"has-fixed-layout\"><tbody><tr><td>Modelo<\/td><td>Comprimento * Largura * Altura (cm)<\/td><td>Capacidade (l)<\/td><td>Peso (kg)<\/td><td>MOQ<\/td><\/tr><tr><td>DY003-CL<\/td><td>57*37*22<\/td><td>9<\/td><td>8.6<\/td><td>2 PE\u00c7AS<\/td><\/tr><\/tbody><\/table><\/figure>\n\n\n\n<h2 class=\"wp-block-heading\">Aquecedor de alimentos para buffets Carater\u00edsticas:<\/h2>\n\n\n\n<p><strong>Cobertura visual em vidro: <\/strong>conveniente para verificar o estado dos alimentos, sem necessidade de abrir a tampa frequentemente, mant\u00e9m a temperatura e o sabor dos alimentos. Design transparente, exibe os alimentos e atrai os clientes.<\/p>\n\n\n\n<p><strong>Design da tampa articulada:<\/strong> F\u00e1cil de abrir e fechar, mais f\u00e1cil de tirar e p\u00f4r os alimentos. Poupa espa\u00e7o, adequado para v\u00e1rios buffets.<\/p>\n\n\n\n<p><strong>Divis\u00f3rias ajust\u00e1veis:<\/strong> duas divis\u00f3rias, tr\u00eas espa\u00e7os independentes, c\u00f3modos para classificar e armazenar diferentes alimentos.<br>As divis\u00f3rias s\u00e3o ajust\u00e1veis para se adaptarem a loi\u00e7a de diferentes tamanhos.<\/p>\n\n\n\n<p><strong>Excelente desempenho de isolamento: <\/strong>manter eficazmente a temperatura dos alimentos, garantir o seu sabor e qualidade. Poupa energia e reduz os custos de funcionamento.<\/p>\n\n\n\n<p><strong>V\u00e1rias op\u00e7\u00f5es de tamanho: <\/strong>estilos longos e curtos para satisfazer as diferentes necessidades do buffet. <\/p>\n<\/div>\n\n\n\n<div class=\"wp-block-column is-layout-flow wp-block-column-is-layout-flow\">\n<figure class=\"wp-block-image size-full\"><img decoding=\"async\" width=\"800\" height=\"800\" src=\"https:\/\/www.yongyukitchenware.com\/wp-content\/uploads\/2025\/01\/Wholesale-Buffet-Food-Warmer.webp\" alt=\"\" class=\"wp-image-2943\" srcset=\"https:\/\/www.yongyukitchenware.com\/wp-content\/uploads\/2025\/01\/Wholesale-Buffet-Food-Warmer.webp 800w, https:\/\/www.yongyukitchenware.com\/wp-content\/uploads\/2025\/01\/Wholesale-Buffet-Food-Warmer-300x300.webp 300w, https:\/\/www.yongyukitchenware.com\/wp-content\/uploads\/2025\/01\/Wholesale-Buffet-Food-Warmer-150x150.webp 150w, https:\/\/www.yongyukitchenware.com\/wp-content\/uploads\/2025\/01\/Wholesale-Buffet-Food-Warmer-768x768.webp 768w, https:\/\/www.yongyukitchenware.com\/wp-content\/uploads\/2025\/01\/Wholesale-Buffet-Food-Warmer-12x12.webp 12w, https:\/\/www.yongyukitchenware.com\/wp-content\/uploads\/2025\/01\/Wholesale-Buffet-Food-Warmer-600x600.webp 600w, https:\/\/www.yongyukitchenware.com\/wp-content\/uploads\/2025\/01\/Wholesale-Buffet-Food-Warmer-100x100.webp 100w\" sizes=\"(max-width: 800px) 100vw, 800px\" \/><\/figure>\n<\/div>\n<\/div>\n\n\n\n<p><\/p>","protected":false},"excerpt":{"rendered":"<p>Aquecedor de alimentos para buffets de catering por atacado - A\u00e7o inoxid\u00e1vel dur\u00e1vel, tampa de vidro e 3 compartimentos para uma exposi\u00e7\u00e3o eficiente dos alimentos. Perfeito para hot\u00e9is, restaurantes e eventos! Tamanhos personalizados e servi\u00e7os OEM dispon\u00edveis. Contacte-nos agora para obter um or\u00e7amento! Aumente a sua configura\u00e7\u00e3o de buffet com os nossos aquecedores premium hoje mesmo!<\/p>\n<h2><!-- wp:heading --><\/h2>\n<h2 class=\"wp-block-heading\">Atributos do Chafing Dish el\u00e9trico redondo:<\/h2>\n<h2><!-- \/wp:heading --><\/p>\n<p><!-- wp:paragraph --><\/h2>\n<p><strong>Material: <\/strong>A\u00e7o inoxid\u00e1vel<br \/><strong>Cor: <\/strong>Prata<br \/><strong>Forma:<\/strong> ret\u00e2ngulo com tampa articulada<br \/><strong>Calor: <\/strong>Aquecimento el\u00e9trico\/Aquecimento a \u00e1lcool<br \/><strong>Panela de chafer: <\/strong>Grelha simples\/dupla<br \/><strong>OEM\/ODM: <\/strong>Dispon\u00edvel<\/p>\n<h2 class=\"wp-block-heading\">De Yongyu Chafing Dish Fabricante :<\/h2>\n<p>Quer se trate de um fornecedor de servi\u00e7os de catering, de um hotel e de um restaurante ou de uma empresa de planeamento de eventos, fornecemos solu\u00e7\u00f5es personalizadas completas de pratos de chafing por atacado para ajudar a sua empresa com pre\u00e7os de f\u00e1brica de alta qualidade!<\/p>\n<h2><!-- \/wp:paragraph --><\/h2>","protected":false},"featured_media":2943,"comment_status":"closed","ping_status":"closed","template":"","meta":{"_acf_changed":false},"application":[30],"product_brand":[],"product_cat":[33],"product_tag":[],"class_list":{"0":"post-2863","1":"product","2":"type-product","3":"status-publish","4":"has-post-thumbnail","6":"application-hotel-catering","7":"product_cat-chafing-dishes-wholesale","9":"first","10":"instock","11":"shipping-taxable","12":"product-type-simple"},"acf":[],"_links":{"self":[{"href":"https:\/\/www.yongyukitchenware.com\/pt\/wp-json\/wp\/v2\/product\/2863","targetHints":{"allow":["GET"]}}],"collection":[{"href":"https:\/\/www.yongyukitchenware.com\/pt\/wp-json\/wp\/v2\/product"}],"about":[{"href":"https:\/\/www.yongyukitchenware.com\/pt\/wp-json\/wp\/v2\/types\/product"}],"replies":[{"embeddable":true,"href":"https:\/\/www.yongyukitchenware.com\/pt\/wp-json\/wp\/v2\/comments?post=2863"}],"wp:featuredmedia":[{"embeddable":true,"href":"https:\/\/www.yongyukitchenware.com\/pt\/wp-json\/wp\/v2\/media\/2943"}],"wp:attachment":[{"href":"https:\/\/www.yongyukitchenware.com\/pt\/wp-json\/wp\/v2\/media?parent=2863"}],"wp:term":[{"taxonomy":"application","embeddable":true,"href":"https:\/\/www.yongyukitchenware.com\/pt\/wp-json\/wp\/v2\/application?post=2863"},{"taxonomy":"product_brand","embeddable":true,"href":"https:\/\/www.yongyukitchenware.com\/pt\/wp-json\/wp\/v2\/product_brand?post=2863"},{"taxonomy":"product_cat","embeddable":true,"href":"https:\/\/www.yongyukitchenware.com\/pt\/wp-json\/wp\/v2\/product_cat?post=2863"},{"taxonomy":"product_tag","embeddable":true,"href":"https:\/\/www.yongyukitchenware.com\/pt\/wp-json\/wp\/v2\/product_tag?post=2863"}],"curies":[{"name":"wp","href":"https:\/\/api.w.org\/{rel}","templated":true}]}}