{"id":2869,"date":"2025-01-24T10:50:41","date_gmt":"2025-01-24T10:50:41","guid":{"rendered":"https:\/\/www.yongyukitchenware.com\/?post_type=product&#038;p=2869"},"modified":"2025-06-14T02:20:01","modified_gmt":"2025-06-14T02:20:01","slug":"wholesale-chafing-dish-roll-top","status":"publish","type":"product","link":"https:\/\/www.yongyukitchenware.com\/pt\/produto\/wholesale-chafing-dish-roll-top\/","title":{"rendered":"Aquecedor de alimentos por atacado com tampa de rolo de a\u00e7o inoxid\u00e1vel para servir comida"},"content":{"rendered":"<div class=\"wp-block-columns is-layout-flex wp-container-core-columns-is-layout-9d6595d7 wp-block-columns-is-layout-flex\">\n<div class=\"wp-block-column is-layout-flow wp-block-column-is-layout-flow\">\n<h2 class=\"wp-block-heading\">Chafing Dish Roll Top Parameter:<\/h2>\n\n\n\n<figure class=\"wp-block-table\"><table class=\"has-fixed-layout\"><tbody><tr><td>Modelo<\/td><td>Comprimento * Largura * Altura (cm)<\/td><td>Capacidade (l)<\/td><td>Peso (kg)<\/td><td>MOQ<\/td><\/tr><tr><td>DY005-CL<\/td><td>57*37*32<\/td><td>9<\/td><td>9<\/td><td>2 PE\u00c7AS<\/td><\/tr><\/tbody><\/table><\/figure>\n\n\n\n<h2 class=\"wp-block-heading\">Chafing Dish Roll Top Features:<\/h2>\n\n\n\n<p><strong>Roll Top Design: <\/strong>This self-serve food warmer&#8217;s innovative roll top makes food easier to access and enhances the buffet experience, making it convenient for diners to enjoy their food without removing the lid.<\/p>\n\n\n\n<p><strong>A\u00e7o inoxid\u00e1vel de qualidade superior: <\/strong>Our wholesale chafing dish roll top is made of highly durable stainless steel, which is corrosion-resistant, heat-resistant, and easy to clean, making it resistant to damage over time.<\/p>\n\n\n\n<p><strong>Dois m\u00e9todos de aquecimento: <\/strong>Our wholesale chafing dish roll top is available in both alcohol and electric hot plate heating methods, both of which can maintain the food at the ideal temperature to ensure that the flavor and freshness continue to be maintained to meet different needs.<\/p>\n\n\n\n<p><strong>Large Capacity Container: <\/strong>Suitable for a variety of buffets, catering events and large banquets, providing ample food storage space to meet large-scale demand.<\/p>\n\n\n\n<p><strong>Easy to Operate: <\/strong>It is easy to serve through simple design so it makes the stainless steel self-serve food warmer excellent equipment for catering enterprises and events.<\/p>\n<\/div>\n\n\n\n<div class=\"wp-block-column is-layout-flow wp-block-column-is-layout-flow\">\n<figure class=\"wp-block-image size-full\"><img decoding=\"async\" width=\"800\" height=\"800\" src=\"https:\/\/www.yongyukitchenware.com\/wp-content\/uploads\/2025\/01\/Wholesale-Chafing-Dish-Roll-Top-Stainless-Steel-Self-Serve-Food-Warmer.webp\" alt=\"Aquecedor de alimentos por atacado com tampa de rolo de a\u00e7o inoxid\u00e1vel para servir comida\" class=\"wp-image-2870\" srcset=\"https:\/\/www.yongyukitchenware.com\/wp-content\/uploads\/2025\/01\/Wholesale-Chafing-Dish-Roll-Top-Stainless-Steel-Self-Serve-Food-Warmer.webp 800w, https:\/\/www.yongyukitchenware.com\/wp-content\/uploads\/2025\/01\/Wholesale-Chafing-Dish-Roll-Top-Stainless-Steel-Self-Serve-Food-Warmer-300x300.webp 300w, https:\/\/www.yongyukitchenware.com\/wp-content\/uploads\/2025\/01\/Wholesale-Chafing-Dish-Roll-Top-Stainless-Steel-Self-Serve-Food-Warmer-150x150.webp 150w, https:\/\/www.yongyukitchenware.com\/wp-content\/uploads\/2025\/01\/Wholesale-Chafing-Dish-Roll-Top-Stainless-Steel-Self-Serve-Food-Warmer-768x768.webp 768w, https:\/\/www.yongyukitchenware.com\/wp-content\/uploads\/2025\/01\/Wholesale-Chafing-Dish-Roll-Top-Stainless-Steel-Self-Serve-Food-Warmer-12x12.webp 12w, https:\/\/www.yongyukitchenware.com\/wp-content\/uploads\/2025\/01\/Wholesale-Chafing-Dish-Roll-Top-Stainless-Steel-Self-Serve-Food-Warmer-600x600.webp 600w, https:\/\/www.yongyukitchenware.com\/wp-content\/uploads\/2025\/01\/Wholesale-Chafing-Dish-Roll-Top-Stainless-Steel-Self-Serve-Food-Warmer-100x100.webp 100w\" sizes=\"(max-width: 800px) 100vw, 800px\" \/><\/figure>\n<\/div>\n<\/div>\n\n\n\n<p><\/p>","protected":false},"excerpt":{"rendered":"<p>This wholesale chafing dish roll top stainless steel efficiently retains heat through an easy-access design to provide a perfect solution for large banquets and buffets. Made from high-quality stainless steel, the product ensures a long-lasting shelf life and efficient cleaning, running catering services even more smoothly.<\/p>\n<h2><!-- wp:heading --><\/h2>\n<h2 class=\"wp-block-heading\">Attributes of Chafing Dish Roll Top:<\/h2>\n<h2><!-- \/wp:heading --><\/p>\n<p><!-- wp:paragraph --><\/h2>\n<p><strong>Material: <\/strong>A\u00e7o inoxid\u00e1vel<br \/><strong>Cor: <\/strong>Prata<br \/><strong>Forma: <\/strong> Rectangular with roll lid-short<br \/><strong>Calor: <\/strong>Aquecimento el\u00e9trico e aquecimento a \u00e1lcool\u00a0<br \/><strong>Panela de chafer: <\/strong>Grade simples\/dupla\/terceira grade<br \/><strong>OEM\/ODM: <\/strong>Dispon\u00edvel<\/p>\n<h2 class=\"wp-block-heading\">De Yongyu Chafing Dish Fabricante :<\/h2>\n<p>Quer se trate de um fornecedor de servi\u00e7os de catering, de um hotel e de um restaurante ou de uma empresa de planeamento de eventos, fornecemos solu\u00e7\u00f5es personalizadas completas de pratos de chafing por atacado para ajudar a sua empresa com pre\u00e7os de f\u00e1brica de alta qualidade!<\/p>\n<h2><!-- \/wp:paragraph --><\/h2>","protected":false},"featured_media":2870,"comment_status":"closed","ping_status":"closed","template":"","meta":{"_acf_changed":true},"application":[30],"product_brand":[],"product_cat":[33],"product_tag":[],"class_list":{"0":"post-2869","1":"product","2":"type-product","3":"status-publish","4":"has-post-thumbnail","6":"application-hotel-catering","7":"product_cat-chafing-dishes-wholesale","9":"first","10":"instock","11":"shipping-taxable","12":"product-type-simple"},"acf":[],"_links":{"self":[{"href":"https:\/\/www.yongyukitchenware.com\/pt\/wp-json\/wp\/v2\/product\/2869","targetHints":{"allow":["GET"]}}],"collection":[{"href":"https:\/\/www.yongyukitchenware.com\/pt\/wp-json\/wp\/v2\/product"}],"about":[{"href":"https:\/\/www.yongyukitchenware.com\/pt\/wp-json\/wp\/v2\/types\/product"}],"replies":[{"embeddable":true,"href":"https:\/\/www.yongyukitchenware.com\/pt\/wp-json\/wp\/v2\/comments?post=2869"}],"wp:featuredmedia":[{"embeddable":true,"href":"https:\/\/www.yongyukitchenware.com\/pt\/wp-json\/wp\/v2\/media\/2870"}],"wp:attachment":[{"href":"https:\/\/www.yongyukitchenware.com\/pt\/wp-json\/wp\/v2\/media?parent=2869"}],"wp:term":[{"taxonomy":"application","embeddable":true,"href":"https:\/\/www.yongyukitchenware.com\/pt\/wp-json\/wp\/v2\/application?post=2869"},{"taxonomy":"product_brand","embeddable":true,"href":"https:\/\/www.yongyukitchenware.com\/pt\/wp-json\/wp\/v2\/product_brand?post=2869"},{"taxonomy":"product_cat","embeddable":true,"href":"https:\/\/www.yongyukitchenware.com\/pt\/wp-json\/wp\/v2\/product_cat?post=2869"},{"taxonomy":"product_tag","embeddable":true,"href":"https:\/\/www.yongyukitchenware.com\/pt\/wp-json\/wp\/v2\/product_tag?post=2869"}],"curies":[{"name":"wp","href":"https:\/\/api.w.org\/{rel}","templated":true}]}}