{"id":2881,"date":"2025-01-24T10:48:20","date_gmt":"2025-01-24T10:48:20","guid":{"rendered":"https:\/\/www.yongyukitchenware.com\/?post_type=product&#038;p=2881"},"modified":"2025-06-14T02:28:28","modified_gmt":"2025-06-14T02:28:28","slug":"wholesale-large-chafing-dish","status":"publish","type":"product","link":"https:\/\/www.yongyukitchenware.com\/pt\/produto\/wholesale-large-chafing-dish\/","title":{"rendered":"Prato grande para chafing em a\u00e7o inoxid\u00e1vel dispon\u00edvel em duas alturas"},"content":{"rendered":"<div class=\"wp-block-columns is-layout-flex wp-container-core-columns-is-layout-9d6595d7 wp-block-columns-is-layout-flex\">\n<div class=\"wp-block-column is-layout-flow wp-block-column-is-layout-flow\">\n<h2 class=\"wp-block-heading\">Prato grande para chafing Par\u00e2metro:<\/h2>\n\n\n\n<figure class=\"wp-block-table\"><table class=\"has-fixed-layout\"><tbody><tr><td>Modelo<\/td><td>Comprimento * Largura * Altura (cm)<\/td><td>Capacidade (l)<\/td><td>Peso (kg)<\/td><td>MOQ<\/td><\/tr><tr><td rowspan=\"2\">DY001-CL<\/td><td>57*37*24<\/td><td rowspan=\"2\">9<\/td><td>8.8<\/td><td rowspan=\"2\">2 PE\u00c7AS<\/td><\/tr><tr><td>57*37*31<\/td><td>9.2<\/td><\/tr><\/tbody><\/table><\/figure>\n\n\n\n<h2 class=\"wp-block-heading\">Prato grande para chafing Carater\u00edsticas:<\/h2>\n\n\n\n<p><strong>Dois modelos ajust\u00e1veis em altura:<\/strong> Esta travessa grande para assar por atacado oferece duas regula\u00e7\u00f5es de altura diferentes para satisfazer as necessidades de diferentes ocasi\u00f5es, permitindo aos clientes escolher a utiliza\u00e7\u00e3o correta para as suas necessidades espec\u00edficas.<\/p>\n\n\n\n<p><strong>Design de grande capacidade:<\/strong> Um design que permite que os nossos recipientes de grande capacidade para chafing dish de a\u00e7o inoxid\u00e1vel por atacado contenham mais alimentos \u00e9 perfeito para grandes banquetes, buffets e festas onde voc\u00ea deseja convidar mais convidados.<\/p>\n\n\n\n<p><strong>Material de a\u00e7o inoxid\u00e1vel de alta qualidade: <\/strong>Este fornecedor grossista de pratos grandes para chafing \u00e9 feito de a\u00e7o inoxid\u00e1vel dur\u00e1vel, que \u00e9 dur\u00e1vel, resistente \u00e0 ferrugem e \u00e0 corros\u00e3o por um longo tempo, resistente a arranh\u00f5es e excelente desempenho para facilitar a limpeza.<\/p>\n\n\n\n<p><strong>Ret\u00e9m o calor de forma eficaz: <\/strong>A nossa travessa grande comercial a granel foi concebida para manter um sistema de aquecimento muito est\u00e1vel para manter os seus alimentos sempre quentes, especialmente quando se trata de grandes quantidades.<\/p>\n\n\n\n<p><strong>Elegante e com um toque contempor\u00e2neo: <\/strong>Esta chafing dish de a\u00e7o inoxid\u00e1vel brilha com o brilho do a\u00e7o inoxid\u00e1vel, apresentando um design moderno e limpo para os eventos mais formais e casuais.<\/p>\n<\/div>\n\n\n\n<div class=\"wp-block-column is-layout-flow wp-block-column-is-layout-flow\">\n<figure class=\"wp-block-image size-full\"><img decoding=\"async\" width=\"800\" height=\"800\" src=\"https:\/\/www.yongyukitchenware.com\/wp-content\/uploads\/2025\/01\/Wholesale-Large-Chafing-Dish-Stainless-Steel-Available-in-Two-Heights-3.webp\" alt=\"Prato grande para chafing em a\u00e7o inoxid\u00e1vel dispon\u00edvel em duas alturas (3)\" class=\"wp-image-2884\" srcset=\"https:\/\/www.yongyukitchenware.com\/wp-content\/uploads\/2025\/01\/Wholesale-Large-Chafing-Dish-Stainless-Steel-Available-in-Two-Heights-3.webp 800w, https:\/\/www.yongyukitchenware.com\/wp-content\/uploads\/2025\/01\/Wholesale-Large-Chafing-Dish-Stainless-Steel-Available-in-Two-Heights-3-300x300.webp 300w, https:\/\/www.yongyukitchenware.com\/wp-content\/uploads\/2025\/01\/Wholesale-Large-Chafing-Dish-Stainless-Steel-Available-in-Two-Heights-3-150x150.webp 150w, https:\/\/www.yongyukitchenware.com\/wp-content\/uploads\/2025\/01\/Wholesale-Large-Chafing-Dish-Stainless-Steel-Available-in-Two-Heights-3-768x768.webp 768w, https:\/\/www.yongyukitchenware.com\/wp-content\/uploads\/2025\/01\/Wholesale-Large-Chafing-Dish-Stainless-Steel-Available-in-Two-Heights-3-12x12.webp 12w, https:\/\/www.yongyukitchenware.com\/wp-content\/uploads\/2025\/01\/Wholesale-Large-Chafing-Dish-Stainless-Steel-Available-in-Two-Heights-3-600x600.webp 600w, https:\/\/www.yongyukitchenware.com\/wp-content\/uploads\/2025\/01\/Wholesale-Large-Chafing-Dish-Stainless-Steel-Available-in-Two-Heights-3-100x100.webp 100w\" sizes=\"(max-width: 800px) 100vw, 800px\" \/><\/figure>\n<\/div>\n<\/div>\n\n\n\n<p><\/p>","protected":false},"excerpt":{"rendered":"<p>Este prato para chafing grande por atacado \u00e9 um fog\u00e3o de buffet em a\u00e7o inoxid\u00e1vel de grande capacidade que oferece dois designs ajust\u00e1veis em altura, perfeitos para todas as ocasi\u00f5es. O material utilizado na sua constru\u00e7\u00e3o em a\u00e7o inoxid\u00e1vel de alta qualidade garante durabilidade e facilidade de limpeza, enquanto a eficiente fun\u00e7\u00e3o de reten\u00e7\u00e3o de calor mant\u00e9m os alimentos sempre quentes, tornando-o muito adequado para grandes banquetes e festas.<\/p>\n<h2><!-- wp:heading --><\/h2>\n<h2 class=\"wp-block-heading\">Atributos do prato grande para assar:<\/h2>\n<h2><!-- \/wp:heading --><\/p>\n<p><!-- wp:paragraph --><\/h2>\n<p><strong>Material: <\/strong>A\u00e7o inoxid\u00e1vel<br \/><strong>Cor: <\/strong>Prata<br \/><strong>Forma:<\/strong> Retangular com tampa articulada<br \/><strong>Calor: <\/strong>Aquecimento a \u00e1lcool e aquecimento el\u00e9trico<br \/><strong>Panela de chafer: <\/strong>Individual\/Duplo\/Tr\u00eas grelhas<br \/><strong>OEM\/ODM: <\/strong>Dispon\u00edvel<\/p>\n<h2 class=\"wp-block-heading\">De Yongyu Chafing Dish Fabricante :<\/h2>\n<p>Quer se trate de um fornecedor de servi\u00e7os de catering, de um hotel e de um restaurante ou de uma empresa de planeamento de eventos, fornecemos solu\u00e7\u00f5es personalizadas completas de pratos de chafing por atacado para ajudar a sua empresa com pre\u00e7os de f\u00e1brica de alta qualidade!<\/p>\n<h2><!-- \/wp:paragraph --><\/h2>","protected":false},"featured_media":2882,"comment_status":"closed","ping_status":"closed","template":"","meta":{"_acf_changed":true},"application":[30],"product_brand":[],"product_cat":[33],"product_tag":[],"class_list":{"0":"post-2881","1":"product","2":"type-product","3":"status-publish","4":"has-post-thumbnail","6":"application-hotel-catering","7":"product_cat-chafing-dishes-wholesale","9":"first","10":"instock","11":"shipping-taxable","12":"product-type-simple"},"acf":[],"_links":{"self":[{"href":"https:\/\/www.yongyukitchenware.com\/pt\/wp-json\/wp\/v2\/product\/2881","targetHints":{"allow":["GET"]}}],"collection":[{"href":"https:\/\/www.yongyukitchenware.com\/pt\/wp-json\/wp\/v2\/product"}],"about":[{"href":"https:\/\/www.yongyukitchenware.com\/pt\/wp-json\/wp\/v2\/types\/product"}],"replies":[{"embeddable":true,"href":"https:\/\/www.yongyukitchenware.com\/pt\/wp-json\/wp\/v2\/comments?post=2881"}],"wp:featuredmedia":[{"embeddable":true,"href":"https:\/\/www.yongyukitchenware.com\/pt\/wp-json\/wp\/v2\/media\/2882"}],"wp:attachment":[{"href":"https:\/\/www.yongyukitchenware.com\/pt\/wp-json\/wp\/v2\/media?parent=2881"}],"wp:term":[{"taxonomy":"application","embeddable":true,"href":"https:\/\/www.yongyukitchenware.com\/pt\/wp-json\/wp\/v2\/application?post=2881"},{"taxonomy":"product_brand","embeddable":true,"href":"https:\/\/www.yongyukitchenware.com\/pt\/wp-json\/wp\/v2\/product_brand?post=2881"},{"taxonomy":"product_cat","embeddable":true,"href":"https:\/\/www.yongyukitchenware.com\/pt\/wp-json\/wp\/v2\/product_cat?post=2881"},{"taxonomy":"product_tag","embeddable":true,"href":"https:\/\/www.yongyukitchenware.com\/pt\/wp-json\/wp\/v2\/product_tag?post=2881"}],"curies":[{"name":"wp","href":"https:\/\/api.w.org\/{rel}","templated":true}]}}