{"id":2885,"date":"2025-01-24T10:48:35","date_gmt":"2025-01-24T10:48:35","guid":{"rendered":"https:\/\/www.yongyukitchenware.com\/?post_type=product&#038;p=2885"},"modified":"2025-06-14T02:27:42","modified_gmt":"2025-06-14T02:27:42","slug":"wholesale-square-chafing-dish","status":"publish","type":"product","link":"https:\/\/www.yongyukitchenware.com\/pt\/produto\/wholesale-square-chafing-dish\/","title":{"rendered":"Prato para assar quadrado em a\u00e7o inoxid\u00e1vel com tampa e pega 6L"},"content":{"rendered":"<div class=\"wp-block-columns is-layout-flex wp-container-core-columns-is-layout-9d6595d7 wp-block-columns-is-layout-flex\">\n<div class=\"wp-block-column is-layout-flow wp-block-column-is-layout-flow\">\n<h2 class=\"wp-block-heading\">Prato Chafing quadrado Par\u00e2metro:<\/h2>\n\n\n\n<figure class=\"wp-block-table\"><table class=\"has-fixed-layout\"><tbody><tr><td>Modelo<\/td><td>Comprimento * Largura * Altura (cm)<\/td><td>Capacidade (l)<\/td><td>Peso (kg)<\/td><td>MOQ<\/td><\/tr><tr><td rowspan=\"2\">DY001-CL<\/td><td>40*40*25<\/td><td rowspan=\"2\">6<\/td><td>7.4<\/td><td rowspan=\"2\">2 PE\u00c7AS<\/td><\/tr><tr><td>40*40*32<\/td><td>7.9<\/td><\/tr><\/tbody><\/table><\/figure>\n\n\n\n<h2 class=\"wp-block-heading\">Prato para Chafing quadrado Carater\u00edsticas:<\/h2>\n\n\n\n<p><strong>Design de grande capacidade: <\/strong>Este prato raso quadrado tem uma capacidade de 6L, adequado para pequenas reuni\u00f5es ou banquetes de tamanho m\u00e9dio, satisfaz a necessidade de manter a quantidade certa de comida quente e adapta-se perfeitamente a diferentes ocasi\u00f5es.<\/p>\n\n\n\n<p><strong>Material em a\u00e7o inoxid\u00e1vel de alta qualidade: <\/strong>O nosso fog\u00e3o buffet por atacado \u00e9 feito de a\u00e7o inoxid\u00e1vel de alta qualidade, que tem forte resist\u00eancia \u00e0 corros\u00e3o e alta temperatura, garantindo que n\u00e3o haja deforma\u00e7\u00e3o ou ferrugem em uso prolongado.<\/p>\n\n\n\n<p><strong>Equipado com tampa e pega: <\/strong>A nossa travessa quadrada para venda por grosso inclui uma tampa segura e s\u00f3lida para evitar que os alimentos saiam e uma pega pr\u00e1tica para facilitar o manuseamento e o servi\u00e7o.<\/p>\n\n\n\n<p><strong>Aspeto simples e moderno:<\/strong> O design quadrado do nosso prato de chafing quadrado por atacado \u00e9 simples e elegante, adequado para todos os tipos de banquetes e buffets, melhorando a atmosfera geral do local e a experi\u00eancia do cliente.<\/p>\n\n\n\n<p><strong>F\u00e1cil de limpar e de manter: <\/strong>Uma superf\u00edcie lisa de a\u00e7o inoxid\u00e1vel reduz a ader\u00eancia de res\u00edduos alimentares, \u00e9 f\u00e1cil de limpar e poupa tempo de manuten\u00e7\u00e3o.<\/p>\n<\/div>\n\n\n\n<div class=\"wp-block-column is-layout-flow wp-block-column-is-layout-flow\">\n<figure class=\"wp-block-image size-full\"><img decoding=\"async\" width=\"800\" height=\"800\" src=\"https:\/\/www.yongyukitchenware.com\/wp-content\/uploads\/2025\/01\/Wholesale-Square-Chafing-Dish-Stainless-Steel-with-Lid-and-Handle-6L-2.webp\" alt=\"Prato para assar quadrado em a\u00e7o inoxid\u00e1vel com tampa e pega 6L (2)\" class=\"wp-image-2887\" srcset=\"https:\/\/www.yongyukitchenware.com\/wp-content\/uploads\/2025\/01\/Wholesale-Square-Chafing-Dish-Stainless-Steel-with-Lid-and-Handle-6L-2.webp 800w, https:\/\/www.yongyukitchenware.com\/wp-content\/uploads\/2025\/01\/Wholesale-Square-Chafing-Dish-Stainless-Steel-with-Lid-and-Handle-6L-2-300x300.webp 300w, https:\/\/www.yongyukitchenware.com\/wp-content\/uploads\/2025\/01\/Wholesale-Square-Chafing-Dish-Stainless-Steel-with-Lid-and-Handle-6L-2-150x150.webp 150w, https:\/\/www.yongyukitchenware.com\/wp-content\/uploads\/2025\/01\/Wholesale-Square-Chafing-Dish-Stainless-Steel-with-Lid-and-Handle-6L-2-768x768.webp 768w, https:\/\/www.yongyukitchenware.com\/wp-content\/uploads\/2025\/01\/Wholesale-Square-Chafing-Dish-Stainless-Steel-with-Lid-and-Handle-6L-2-12x12.webp 12w, https:\/\/www.yongyukitchenware.com\/wp-content\/uploads\/2025\/01\/Wholesale-Square-Chafing-Dish-Stainless-Steel-with-Lid-and-Handle-6L-2-600x600.webp 600w, https:\/\/www.yongyukitchenware.com\/wp-content\/uploads\/2025\/01\/Wholesale-Square-Chafing-Dish-Stainless-Steel-with-Lid-and-Handle-6L-2-100x100.webp 100w\" sizes=\"(max-width: 800px) 100vw, 800px\" \/><\/figure>\n<\/div>\n<\/div>\n\n\n\n<p><\/p>","protected":false},"excerpt":{"rendered":"<p>A travessa quadrada Yongyu \u00e9 feita de a\u00e7o inoxid\u00e1vel de alta qualidade, com tampa e pega, de grande capacidade e pr\u00e1tica, adequada para pequenos banquetes ou festas. O a\u00e7o inoxid\u00e1vel de alta qualidade garante durabilidade e o aspeto limpo real\u00e7a qualquer ocasi\u00e3o, sendo f\u00e1cil de limpar e manter, tornando-o ideal para servi\u00e7os alimentares e buffets.<\/p>\n<h2><!-- wp:heading --><\/h2>\n<h2 class=\"wp-block-heading\">Atributos do prato refrat\u00e1rio quadrado:<\/h2>\n<h2><!-- \/wp:heading --><\/p>\n<p><!-- wp:paragraph --><\/h2>\n<p><strong>Material: <\/strong>A\u00e7o inoxid\u00e1vel<br \/><strong>Cor: <\/strong>Prata<br \/><strong>Forma:<\/strong> Quadrado com tampa articulada<br \/><strong>Calor: <\/strong>Aquecimento a \u00e1lcool e aquecimento el\u00e9trico<br \/><strong>Panela de chafer: <\/strong>Individual\/Duplo\/Tr\u00eas grelhas<br \/><strong>OEM\/ODM: <\/strong>Dispon\u00edvel<\/p>\n<h2 class=\"wp-block-heading\">De Yongyu Chafing Dish Fabricante :<\/h2>\n<p>Quer se trate de um fornecedor de servi\u00e7os de catering, de um hotel e de um restaurante ou de uma empresa de planeamento de eventos, fornecemos solu\u00e7\u00f5es personalizadas completas de pratos de chafing por atacado para ajudar a sua empresa com pre\u00e7os de f\u00e1brica de alta qualidade!<\/p>\n<h2><!-- \/wp:paragraph --><\/h2>","protected":false},"featured_media":2888,"comment_status":"closed","ping_status":"closed","template":"","meta":{"_acf_changed":true},"application":[30],"product_brand":[],"product_cat":[33],"product_tag":[],"class_list":{"0":"post-2885","1":"product","2":"type-product","3":"status-publish","4":"has-post-thumbnail","6":"application-hotel-catering","7":"product_cat-chafing-dishes-wholesale","9":"first","10":"instock","11":"shipping-taxable","12":"product-type-simple"},"acf":[],"_links":{"self":[{"href":"https:\/\/www.yongyukitchenware.com\/pt\/wp-json\/wp\/v2\/product\/2885","targetHints":{"allow":["GET"]}}],"collection":[{"href":"https:\/\/www.yongyukitchenware.com\/pt\/wp-json\/wp\/v2\/product"}],"about":[{"href":"https:\/\/www.yongyukitchenware.com\/pt\/wp-json\/wp\/v2\/types\/product"}],"replies":[{"embeddable":true,"href":"https:\/\/www.yongyukitchenware.com\/pt\/wp-json\/wp\/v2\/comments?post=2885"}],"wp:featuredmedia":[{"embeddable":true,"href":"https:\/\/www.yongyukitchenware.com\/pt\/wp-json\/wp\/v2\/media\/2888"}],"wp:attachment":[{"href":"https:\/\/www.yongyukitchenware.com\/pt\/wp-json\/wp\/v2\/media?parent=2885"}],"wp:term":[{"taxonomy":"application","embeddable":true,"href":"https:\/\/www.yongyukitchenware.com\/pt\/wp-json\/wp\/v2\/application?post=2885"},{"taxonomy":"product_brand","embeddable":true,"href":"https:\/\/www.yongyukitchenware.com\/pt\/wp-json\/wp\/v2\/product_brand?post=2885"},{"taxonomy":"product_cat","embeddable":true,"href":"https:\/\/www.yongyukitchenware.com\/pt\/wp-json\/wp\/v2\/product_cat?post=2885"},{"taxonomy":"product_tag","embeddable":true,"href":"https:\/\/www.yongyukitchenware.com\/pt\/wp-json\/wp\/v2\/product_tag?post=2885"}],"curies":[{"name":"wp","href":"https:\/\/api.w.org\/{rel}","templated":true}]}}