{"id":2893,"date":"2025-01-24T10:44:32","date_gmt":"2025-01-24T10:44:32","guid":{"rendered":"https:\/\/www.yongyukitchenware.com\/?post_type=product&#038;p=2893"},"modified":"2025-06-14T02:29:16","modified_gmt":"2025-06-14T02:29:16","slug":"bulk-chafing-dish-for-buffet","status":"publish","type":"product","link":"https:\/\/www.yongyukitchenware.com\/pt\/produto\/bulk-chafing-dish-for-buffet\/","title":{"rendered":"Chafing Dish para Buffet Chafer Inoxid\u00e1vel Bulk Roud"},"content":{"rendered":"<div class=\"wp-block-columns is-layout-flex wp-container-core-columns-is-layout-9d6595d7 wp-block-columns-is-layout-flex\">\n<div class=\"wp-block-column is-layout-flow wp-block-column-is-layout-flow\">\n<h2 class=\"wp-block-heading\">Chafing Dish para Buffet Par\u00e2metro:<\/h2>\n\n\n\n<figure class=\"wp-block-table\"><table class=\"has-fixed-layout\"><tbody><tr><td>Modelo<\/td><td>Comprimento * Largura * Altura (cm)<\/td><td>Capacidade (l)<\/td><td>Peso (kg)<\/td><td>MOQ<\/td><\/tr><tr><td>DY014-CL<\/td><td>47*44*24<\/td><td>6<\/td><td>8.2<\/td><td>2 PE\u00c7AS<\/td><\/tr><\/tbody><\/table><\/figure>\n\n\n\n<h2 class=\"wp-block-heading\">Prato para buffet Carater\u00edsticas:<\/h2>\n\n\n\n<p><strong>Design de grande capacidade: <\/strong>Nosso prato de chafing por atacado para buffet \u00e9 9L de grande capacidade, pode conter uma grande quantidade de alimentos, adequado para todos os tipos de grandes banquetes, casamentos, buffets de hot\u00e9is e outras ocasi\u00f5es.<\/p>\n\n\n\n<p><strong>Perna tubular est\u00e1vel:<\/strong> O design robusto das pernas tubulares desta travessa para buffet proporciona um excelente apoio para garantir que a unidade \u00e9 est\u00e1vel e segura, n\u00e3o sendo f\u00e1cil inclinar-se ou cair.<\/p>\n\n\n\n<p><strong>Aquecimento eficiente:<\/strong> O nosso prato raso para buffet foi concebido com um dep\u00f3sito de combust\u00edvel incorporado para proporcionar um efeito de aquecimento est\u00e1vel e duradouro, garantindo que os alimentos permanecem sempre quentes e melhorando a experi\u00eancia de servi\u00e7o alimentar.<\/p>\n\n\n\n<p><strong>F\u00e1cil de limpar: <\/strong>Feito de a\u00e7o inoxid\u00e1vel com uma superf\u00edcie lisa, resistente \u00e0 corros\u00e3o, resistente \u00e0 sujidade e f\u00e1cil de limpar, mantendo o equipamento como novo durante muito tempo.<\/p>\n\n\n\n<p><strong>Porta de alimenta\u00e7\u00e3o independente: <\/strong>porta de alimenta\u00e7\u00e3o dur\u00e1vel de alta qualidade, f\u00e1cil de utilizar, sem arrastamento<\/p>\n<\/div>\n\n\n\n<div class=\"wp-block-column is-layout-flow wp-block-column-is-layout-flow\">\n<figure class=\"wp-block-image size-full\"><img decoding=\"async\" width=\"800\" height=\"800\" src=\"https:\/\/www.yongyukitchenware.com\/wp-content\/uploads\/2025\/01\/wholesale-Chafing-Dish-for-Buffet-2.webp\" alt=\"Prato para buffet por atacado\" class=\"wp-image-2930\" srcset=\"https:\/\/www.yongyukitchenware.com\/wp-content\/uploads\/2025\/01\/wholesale-Chafing-Dish-for-Buffet-2.webp 800w, https:\/\/www.yongyukitchenware.com\/wp-content\/uploads\/2025\/01\/wholesale-Chafing-Dish-for-Buffet-2-300x300.webp 300w, https:\/\/www.yongyukitchenware.com\/wp-content\/uploads\/2025\/01\/wholesale-Chafing-Dish-for-Buffet-2-150x150.webp 150w, https:\/\/www.yongyukitchenware.com\/wp-content\/uploads\/2025\/01\/wholesale-Chafing-Dish-for-Buffet-2-768x768.webp 768w, https:\/\/www.yongyukitchenware.com\/wp-content\/uploads\/2025\/01\/wholesale-Chafing-Dish-for-Buffet-2-12x12.webp 12w, https:\/\/www.yongyukitchenware.com\/wp-content\/uploads\/2025\/01\/wholesale-Chafing-Dish-for-Buffet-2-600x600.webp 600w, https:\/\/www.yongyukitchenware.com\/wp-content\/uploads\/2025\/01\/wholesale-Chafing-Dish-for-Buffet-2-100x100.webp 100w\" sizes=\"(max-width: 800px) 100vw, 800px\" \/><\/figure>\n<\/div>\n<\/div>\n\n\n\n<p><\/p>","protected":false},"excerpt":{"rendered":"<p>O prato raspador para buffet tem uma grande capacidade de 9L com um design de perna em tubo, proporcionando um forte apoio e um aquecimento eficiente para garantir que os alimentos est\u00e3o quentes. O exterior em a\u00e7o inoxid\u00e1vel real\u00e7a a atmosfera do banquete e \u00e9 f\u00e1cil de limpar, especialmente adequado para grandes banquetes, casamentos e buffets de hotel.<\/p>\n<h2><!-- wp:heading --><\/h2>\n<h2 class=\"wp-block-heading\">Atributos do Chafing Dish para Buffet:<\/h2>\n<h2><!-- \/wp:heading --><\/p>\n<p><!-- wp:paragraph --><\/h2>\n<p><strong>Material: <\/strong>A\u00e7o inoxid\u00e1vel<br \/><strong>Cor: <\/strong>Prata<br \/><strong>Forma:<\/strong> Redondo com tampa articulada<br \/><strong>Calor: <\/strong>\u00a0Aquecimento el\u00e9trico<br \/><strong>Panela de chafer: <\/strong>Individual\/Duplo\/Tr\u00eas grelhas<br \/><strong>OEM\/ODM: <\/strong>Dispon\u00edvel<\/p>\n<h2 class=\"wp-block-heading\">De Yongyu Chafing Dish Fabricante :<\/h2>\n<p>Quer se trate de um fornecedor de servi\u00e7os de catering, de um hotel e de um restaurante ou de uma empresa de planeamento de eventos, fornecemos solu\u00e7\u00f5es personalizadas completas de pratos de chafing por atacado para ajudar a sua empresa com pre\u00e7os de f\u00e1brica de alta qualidade!<\/p>\n<h2><!-- \/wp:paragraph --><\/h2>","protected":false},"featured_media":2929,"comment_status":"closed","ping_status":"closed","template":"","meta":{"_acf_changed":false},"application":[30],"product_brand":[],"product_cat":[33],"product_tag":[],"class_list":{"0":"post-2893","1":"product","2":"type-product","3":"status-publish","4":"has-post-thumbnail","6":"application-hotel-catering","7":"product_cat-chafing-dishes-wholesale","9":"first","10":"instock","11":"shipping-taxable","12":"product-type-simple"},"acf":[],"_links":{"self":[{"href":"https:\/\/www.yongyukitchenware.com\/pt\/wp-json\/wp\/v2\/product\/2893","targetHints":{"allow":["GET"]}}],"collection":[{"href":"https:\/\/www.yongyukitchenware.com\/pt\/wp-json\/wp\/v2\/product"}],"about":[{"href":"https:\/\/www.yongyukitchenware.com\/pt\/wp-json\/wp\/v2\/types\/product"}],"replies":[{"embeddable":true,"href":"https:\/\/www.yongyukitchenware.com\/pt\/wp-json\/wp\/v2\/comments?post=2893"}],"wp:featuredmedia":[{"embeddable":true,"href":"https:\/\/www.yongyukitchenware.com\/pt\/wp-json\/wp\/v2\/media\/2929"}],"wp:attachment":[{"href":"https:\/\/www.yongyukitchenware.com\/pt\/wp-json\/wp\/v2\/media?parent=2893"}],"wp:term":[{"taxonomy":"application","embeddable":true,"href":"https:\/\/www.yongyukitchenware.com\/pt\/wp-json\/wp\/v2\/application?post=2893"},{"taxonomy":"product_brand","embeddable":true,"href":"https:\/\/www.yongyukitchenware.com\/pt\/wp-json\/wp\/v2\/product_brand?post=2893"},{"taxonomy":"product_cat","embeddable":true,"href":"https:\/\/www.yongyukitchenware.com\/pt\/wp-json\/wp\/v2\/product_cat?post=2893"},{"taxonomy":"product_tag","embeddable":true,"href":"https:\/\/www.yongyukitchenware.com\/pt\/wp-json\/wp\/v2\/product_tag?post=2893"}],"curies":[{"name":"wp","href":"https:\/\/api.w.org\/{rel}","templated":true}]}}