{"id":2902,"date":"2025-01-24T10:26:58","date_gmt":"2025-01-24T10:26:58","guid":{"rendered":"https:\/\/www.yongyukitchenware.com\/?post_type=product&#038;p=2902"},"modified":"2025-06-14T02:30:32","modified_gmt":"2025-06-14T02:30:32","slug":"wholesale-electric-chafer-dish","status":"publish","type":"product","link":"https:\/\/www.yongyukitchenware.com\/pt\/produto\/wholesale-electric-chafer-dish\/","title":{"rendered":"Atacado Chafer El\u00e9trico Prato Quadrado Simples A\u00e7o Inoxid\u00e1vel Fog\u00e3o Buffet"},"content":{"rendered":"<div class=\"wp-block-columns is-layout-flex wp-container-core-columns-is-layout-9d6595d7 wp-block-columns-is-layout-flex\">\n<div class=\"wp-block-column is-layout-flow wp-block-column-is-layout-flow\">\n<h2 class=\"wp-block-heading\">Chafer el\u00e9trico Par\u00e2metro do prato:<\/h2>\n\n\n\n<figure class=\"wp-block-table\"><table class=\"has-fixed-layout\"><tbody><tr><td>Modelo<\/td><td>Comprimento * Largura * Altura (cm)<\/td><td>Capacidade (l)<\/td><td>Peso (kg)<\/td><td>MOQ<\/td><\/tr><tr><td>DY014-CL<\/td><td>40*40*24<\/td><td>6<\/td><td>7.8<\/td><td>2 PE\u00c7AS<\/td><\/tr><\/tbody><\/table><\/figure>\n\n\n\n<h2 class=\"wp-block-heading\">Prato el\u00e9trico Chafer Carater\u00edsticas:<\/h2>\n\n\n\n<p><strong>Design quadrado:<\/strong> Este prato de chafer el\u00e9trico por atacado tem uma apar\u00eancia quadrada elegante e simples, que pode ser aplicada a v\u00e1rias ocasi\u00f5es de restaura\u00e7\u00e3o e pode elevar a atmosfera geral de buffets ou banquetes.<\/p>\n\n\n\n<p><strong>Sistema de aquecimento el\u00e9trico:<\/strong> Existe um sistema de aquecimento el\u00e9trico no interior do nosso fog\u00e3o buffet simples em a\u00e7o inoxid\u00e1vel para aquecer os alimentos de forma est\u00e1vel e eficiente, mantendo-os quentes durante bastante tempo.<\/p>\n\n\n\n<p><strong>Material de primeira qualidade em a\u00e7o inoxid\u00e1vel: <\/strong>O prato de chafer el\u00e9trico por atacado \u00e9 fabricado em a\u00e7o inoxid\u00e1vel de qualidade superior, dur\u00e1vel, resistente \u00e0 corros\u00e3o, resistente ao calor e f\u00e1cil de limpar, o que garante durabilidade e apelo est\u00e9tico nos pr\u00f3ximos anos.<\/p>\n\n\n\n<p><strong>Efici\u00eancia energ\u00e9tica e poupan\u00e7a de energia:<\/strong> O sistema de aquecimento \u00e9 el\u00e9trico, proporcionando um aquecimento r\u00e1pido, com efici\u00eancia de poupan\u00e7a de energia, sem diferen\u00e7a de temperatura no aquecimento.<\/p>\n\n\n\n<p><strong>Seguran\u00e7a e estabilidade: <\/strong>O design deste prato de chafer el\u00e9trico por atacado apresenta uma base antiderrapante com suporte estabilizador para evitar que se incline ou caia durante a sua utiliza\u00e7\u00e3o.<\/p>\n<\/div>\n\n\n\n<div class=\"wp-block-column is-layout-flow wp-block-column-is-layout-flow\">\n<figure class=\"wp-block-image size-full\"><img decoding=\"async\" width=\"800\" height=\"800\" src=\"https:\/\/www.yongyukitchenware.com\/wp-content\/uploads\/2025\/01\/Wholesale-Electric-Chafer-Dish-Square-Simple-Stainless-Steel-Buffet-Stove-1.webp\" alt=\"Forno de buffet el\u00e9trico por atacado com prato quadrado em a\u00e7o inoxid\u00e1vel simples (1)\" class=\"wp-image-2903\" srcset=\"https:\/\/www.yongyukitchenware.com\/wp-content\/uploads\/2025\/01\/Wholesale-Electric-Chafer-Dish-Square-Simple-Stainless-Steel-Buffet-Stove-1.webp 800w, https:\/\/www.yongyukitchenware.com\/wp-content\/uploads\/2025\/01\/Wholesale-Electric-Chafer-Dish-Square-Simple-Stainless-Steel-Buffet-Stove-1-300x300.webp 300w, https:\/\/www.yongyukitchenware.com\/wp-content\/uploads\/2025\/01\/Wholesale-Electric-Chafer-Dish-Square-Simple-Stainless-Steel-Buffet-Stove-1-150x150.webp 150w, https:\/\/www.yongyukitchenware.com\/wp-content\/uploads\/2025\/01\/Wholesale-Electric-Chafer-Dish-Square-Simple-Stainless-Steel-Buffet-Stove-1-768x768.webp 768w, https:\/\/www.yongyukitchenware.com\/wp-content\/uploads\/2025\/01\/Wholesale-Electric-Chafer-Dish-Square-Simple-Stainless-Steel-Buffet-Stove-1-12x12.webp 12w, https:\/\/www.yongyukitchenware.com\/wp-content\/uploads\/2025\/01\/Wholesale-Electric-Chafer-Dish-Square-Simple-Stainless-Steel-Buffet-Stove-1-600x600.webp 600w, https:\/\/www.yongyukitchenware.com\/wp-content\/uploads\/2025\/01\/Wholesale-Electric-Chafer-Dish-Square-Simple-Stainless-Steel-Buffet-Stove-1-100x100.webp 100w\" sizes=\"(max-width: 800px) 100vw, 800px\" \/><\/figure>\n<\/div>\n<\/div>\n\n\n\n<p><\/p>","protected":false},"excerpt":{"rendered":"<p>Escolha Yongyu este prato de chafer el\u00e9trico por atacado apresenta um design moderno minimalista com um sistema de aquecimento el\u00e9trico extremamente eficaz e a\u00e7o inoxid\u00e1vel de qualidade para manter a comida quente por um longo tempo e at\u00e9 mesmo aquecer. Esta unidade de poupan\u00e7a de energia, est\u00e1vel e segura \u00e9 a melhor para buffets, banquetes e outras ocasi\u00f5es, dando lugar a servi\u00e7os de catering mais convenientes e eficientes.<\/p>\n<h2><!-- wp:heading --><\/h2>\n<h2 class=\"wp-block-heading\">Atributos do prato el\u00e9trico Chafer:<\/h2>\n<h2><!-- \/wp:heading --><\/p>\n<p><!-- wp:paragraph --><\/h2>\n<p><strong>Material: <\/strong>A\u00e7o inoxid\u00e1vel<br \/><strong>Cor: <\/strong>Prata<br \/><strong>Forma:<\/strong> Quadrado com tampa articulada<br \/><strong>Calor: <\/strong>Aquecimento a \u00e1lcool e aquecimento el\u00e9trico<br \/><strong>Panela de chafer: <\/strong>Individual\/Duplo\/Tr\u00eas grelhas<br \/><strong>OEM\/ODM: <\/strong>Dispon\u00edvel<\/p>\n<h2 class=\"wp-block-heading\">De Yongyu Chafing Dish Fabricante :<\/h2>\n<p>Quer se trate de um fornecedor de servi\u00e7os de catering, de um hotel e de um restaurante ou de uma empresa de planeamento de eventos, fornecemos solu\u00e7\u00f5es personalizadas completas de pratos de chafing por atacado para ajudar a sua empresa com pre\u00e7os de f\u00e1brica de alta qualidade!<\/p>\n<h2><!-- \/wp:paragraph --><\/h2>","protected":false},"featured_media":2904,"comment_status":"closed","ping_status":"closed","template":"","meta":{"_acf_changed":true},"application":[30],"product_brand":[],"product_cat":[33],"product_tag":[],"class_list":{"0":"post-2902","1":"product","2":"type-product","3":"status-publish","4":"has-post-thumbnail","6":"application-hotel-catering","7":"product_cat-chafing-dishes-wholesale","9":"first","10":"instock","11":"shipping-taxable","12":"product-type-simple"},"acf":[],"_links":{"self":[{"href":"https:\/\/www.yongyukitchenware.com\/pt\/wp-json\/wp\/v2\/product\/2902","targetHints":{"allow":["GET"]}}],"collection":[{"href":"https:\/\/www.yongyukitchenware.com\/pt\/wp-json\/wp\/v2\/product"}],"about":[{"href":"https:\/\/www.yongyukitchenware.com\/pt\/wp-json\/wp\/v2\/types\/product"}],"replies":[{"embeddable":true,"href":"https:\/\/www.yongyukitchenware.com\/pt\/wp-json\/wp\/v2\/comments?post=2902"}],"wp:featuredmedia":[{"embeddable":true,"href":"https:\/\/www.yongyukitchenware.com\/pt\/wp-json\/wp\/v2\/media\/2904"}],"wp:attachment":[{"href":"https:\/\/www.yongyukitchenware.com\/pt\/wp-json\/wp\/v2\/media?parent=2902"}],"wp:term":[{"taxonomy":"application","embeddable":true,"href":"https:\/\/www.yongyukitchenware.com\/pt\/wp-json\/wp\/v2\/application?post=2902"},{"taxonomy":"product_brand","embeddable":true,"href":"https:\/\/www.yongyukitchenware.com\/pt\/wp-json\/wp\/v2\/product_brand?post=2902"},{"taxonomy":"product_cat","embeddable":true,"href":"https:\/\/www.yongyukitchenware.com\/pt\/wp-json\/wp\/v2\/product_cat?post=2902"},{"taxonomy":"product_tag","embeddable":true,"href":"https:\/\/www.yongyukitchenware.com\/pt\/wp-json\/wp\/v2\/product_tag?post=2902"}],"curies":[{"name":"wp","href":"https:\/\/api.w.org\/{rel}","templated":true}]}}