{"id":2907,"date":"2025-01-24T10:49:04","date_gmt":"2025-01-24T10:49:04","guid":{"rendered":"https:\/\/www.yongyukitchenware.com\/?post_type=product&#038;p=2907"},"modified":"2025-06-14T02:26:25","modified_gmt":"2025-06-14T02:26:25","slug":"custom-chafing-dish-with-hinging-lid","status":"publish","type":"product","link":"https:\/\/www.yongyukitchenware.com\/pt\/produto\/custom-chafing-dish-with-hinging-lid\/","title":{"rendered":"Chafing Dish personalizado com tampa articulada Aquecedor el\u00e9trico de alimentos redondo"},"content":{"rendered":"<div class=\"wp-block-columns is-layout-flex wp-container-core-columns-is-layout-9d6595d7 wp-block-columns-is-layout-flex\">\n<div class=\"wp-block-column is-layout-flow wp-block-column-is-layout-flow\">\n<h2 class=\"wp-block-heading\">Prato para chafing com tampa articulada Par\u00e2metro:<\/h2>\n\n\n\n<figure class=\"wp-block-table\"><table class=\"has-fixed-layout\"><tbody><tr><td>Modelo<\/td><td>Comprimento * Largura * Altura (cm)<\/td><td>Capacidade (l)<\/td><td>Peso (kg)<\/td><td>MOQ<\/td><\/tr><tr><td>DY014-CL<\/td><td>47*44*24<\/td><td>6<\/td><td>8.2<\/td><td>2 PE\u00c7AS<\/td><\/tr><\/tbody><\/table><\/figure>\n\n\n\n<h2 class=\"wp-block-heading\">Prato para chafing com tampa articulada Carater\u00edsticas:<\/h2>\n\n\n\n<p><strong>Design personaliz\u00e1vel: <\/strong>O nosso aquecedor el\u00e9trico de alimentos por atacado oferece servi\u00e7o de personaliza\u00e7\u00e3o, os clientes podem escolher diferentes cores e tamanhos de acordo com a sua prefer\u00eancia e log\u00f3tipos de marca que melhor se adequam ao neg\u00f3cio ou evento.<\/p>\n\n\n\n<p><strong>Fun\u00e7\u00e3o de aquecimento el\u00e9trico:<\/strong> Esta travessa personalizada com uma tampa articulada foi concebida com um sistema de aquecimento el\u00e9trico incorporado para garantir um aquecimento excelente, consistente e uniforme que manter\u00e1 o calor dos alimentos durante um evento.<\/p>\n\n\n\n<p><strong>Design c\u00f3modo da tampa articulada: <\/strong>A tampa articulada \u00e9 f\u00e1cil de abrir e fechar, n\u00e3o \u00e9 f\u00e1cil de perder e \u00e9 f\u00e1cil de manobrar para uma recolha r\u00e1pida em self-service.<\/p>\n\n\n\n<p><strong>A\u00e7o inoxid\u00e1vel de qualidade superior: <\/strong>O nosso prato para chafing personalizado com tampa articulada \u00e9 feito de a\u00e7o inoxid\u00e1vel de alta qualidade, o que o torna resistente \u00e0 corros\u00e3o e ao calor; assim, a durabilidade \u00e9 mantida como nova durante muito tempo e \u00e9 f\u00e1cil de limpar.<\/p>\n\n\n\n<p><strong>Perna tubular est\u00e1vel: <\/strong>Esta chafing dish redonda para buffet tem um design de pernas tubulares s\u00f3lidas, \u00f3timo para um excelente apoio, de modo a que a unidade seja est\u00e1vel, segura e n\u00e3o se incline ou caia facilmente.<\/p>\n<\/div>\n\n\n\n<div class=\"wp-block-column is-layout-flow wp-block-column-is-layout-flow\">\n<figure class=\"wp-block-image size-full\"><img decoding=\"async\" width=\"800\" height=\"800\" src=\"https:\/\/www.yongyukitchenware.com\/wp-content\/uploads\/2025\/01\/Custom-Chafing-Dish-with-Hinging-Lid-Round-Electric-Food-Warmer-1.webp\" alt=\"Chafing Dish personalizado com tampa articulada Aquecedor el\u00e9trico de alimentos redondo (1)\" class=\"wp-image-2908\" srcset=\"https:\/\/www.yongyukitchenware.com\/wp-content\/uploads\/2025\/01\/Custom-Chafing-Dish-with-Hinging-Lid-Round-Electric-Food-Warmer-1.webp 800w, https:\/\/www.yongyukitchenware.com\/wp-content\/uploads\/2025\/01\/Custom-Chafing-Dish-with-Hinging-Lid-Round-Electric-Food-Warmer-1-300x300.webp 300w, https:\/\/www.yongyukitchenware.com\/wp-content\/uploads\/2025\/01\/Custom-Chafing-Dish-with-Hinging-Lid-Round-Electric-Food-Warmer-1-150x150.webp 150w, https:\/\/www.yongyukitchenware.com\/wp-content\/uploads\/2025\/01\/Custom-Chafing-Dish-with-Hinging-Lid-Round-Electric-Food-Warmer-1-768x768.webp 768w, https:\/\/www.yongyukitchenware.com\/wp-content\/uploads\/2025\/01\/Custom-Chafing-Dish-with-Hinging-Lid-Round-Electric-Food-Warmer-1-12x12.webp 12w, https:\/\/www.yongyukitchenware.com\/wp-content\/uploads\/2025\/01\/Custom-Chafing-Dish-with-Hinging-Lid-Round-Electric-Food-Warmer-1-600x600.webp 600w, https:\/\/www.yongyukitchenware.com\/wp-content\/uploads\/2025\/01\/Custom-Chafing-Dish-with-Hinging-Lid-Round-Electric-Food-Warmer-1-100x100.webp 100w\" sizes=\"(max-width: 800px) 100vw, 800px\" \/><\/figure>\n<\/div>\n<\/div>","protected":false},"excerpt":{"rendered":"<p>Este prato para chafing personalizado com tampa articulada \u00e9 um buffet redondo, aquecido eletricamente, que combina a\u00e7o inoxid\u00e1vel de primeira qualidade com tecnologia de aquecimento el\u00e9trico para proporcionar uma reten\u00e7\u00e3o de calor duradoura e uniforme. O design pr\u00e1tico e seguro da tampa articulada permite a personaliza\u00e7\u00e3o da marca para todos os tipos de grandes banquetes, confer\u00eancias e servi\u00e7os de catering, garantindo que os alimentos est\u00e3o sempre quentes e s\u00e3o f\u00e1ceis de manusear.<\/p>\n<h2><!-- wp:heading --><\/h2>\n<h2 class=\"wp-block-heading\">Atributos do prato para grelhar com tampa articulada:<\/h2>\n<h2><!-- \/wp:heading --><\/p>\n<p><!-- wp:paragraph --><\/h2>\n<p><strong>Material: <\/strong>A\u00e7o inoxid\u00e1vel<br \/><strong>Cor: <\/strong>Prata<br \/><strong>Forma:<\/strong> Redondo com tampa articulada<br \/><strong>Calor: <\/strong>Aquecimento el\u00e9trico\/Aquecimento a \u00e1lcool<br \/><strong>Panela de chafer: <\/strong>Grelha simples\/dupla<br \/><strong>OEM\/ODM: <\/strong>Dispon\u00edvel<\/p>\n<h2 class=\"wp-block-heading\">De Yongyu Chafing Dish Fabricante :<\/h2>\n<p>Quer se trate de um fornecedor de servi\u00e7os de catering, de um hotel e de um restaurante ou de uma empresa de planeamento de eventos, fornecemos solu\u00e7\u00f5es personalizadas completas de pratos de chafing por atacado para ajudar a sua empresa com pre\u00e7os de f\u00e1brica de alta qualidade!<\/p>\n<h2><!-- \/wp:paragraph --><\/h2>","protected":false},"featured_media":2910,"comment_status":"closed","ping_status":"closed","template":"","meta":{"_acf_changed":true},"application":[30],"product_brand":[],"product_cat":[33],"product_tag":[],"class_list":{"0":"post-2907","1":"product","2":"type-product","3":"status-publish","4":"has-post-thumbnail","6":"application-hotel-catering","7":"product_cat-chafing-dishes-wholesale","9":"first","10":"instock","11":"shipping-taxable","12":"product-type-simple"},"acf":[],"_links":{"self":[{"href":"https:\/\/www.yongyukitchenware.com\/pt\/wp-json\/wp\/v2\/product\/2907","targetHints":{"allow":["GET"]}}],"collection":[{"href":"https:\/\/www.yongyukitchenware.com\/pt\/wp-json\/wp\/v2\/product"}],"about":[{"href":"https:\/\/www.yongyukitchenware.com\/pt\/wp-json\/wp\/v2\/types\/product"}],"replies":[{"embeddable":true,"href":"https:\/\/www.yongyukitchenware.com\/pt\/wp-json\/wp\/v2\/comments?post=2907"}],"wp:featuredmedia":[{"embeddable":true,"href":"https:\/\/www.yongyukitchenware.com\/pt\/wp-json\/wp\/v2\/media\/2910"}],"wp:attachment":[{"href":"https:\/\/www.yongyukitchenware.com\/pt\/wp-json\/wp\/v2\/media?parent=2907"}],"wp:term":[{"taxonomy":"application","embeddable":true,"href":"https:\/\/www.yongyukitchenware.com\/pt\/wp-json\/wp\/v2\/application?post=2907"},{"taxonomy":"product_brand","embeddable":true,"href":"https:\/\/www.yongyukitchenware.com\/pt\/wp-json\/wp\/v2\/product_brand?post=2907"},{"taxonomy":"product_cat","embeddable":true,"href":"https:\/\/www.yongyukitchenware.com\/pt\/wp-json\/wp\/v2\/product_cat?post=2907"},{"taxonomy":"product_tag","embeddable":true,"href":"https:\/\/www.yongyukitchenware.com\/pt\/wp-json\/wp\/v2\/product_tag?post=2907"}],"curies":[{"name":"wp","href":"https:\/\/api.w.org\/{rel}","templated":true}]}}