{"id":2913,"date":"2025-01-24T10:22:10","date_gmt":"2025-01-24T10:22:10","guid":{"rendered":"https:\/\/www.yongyukitchenware.com\/?post_type=product&#038;p=2913"},"modified":"2025-06-14T02:31:26","modified_gmt":"2025-06-14T02:31:26","slug":"wholesale-soup-chafing-dish","status":"publish","type":"product","link":"https:\/\/www.yongyukitchenware.com\/pt\/produto\/wholesale-soup-chafing-dish\/","title":{"rendered":"Prato para sopa por atacado Fog\u00e3o para sopa com tampa de vidro"},"content":{"rendered":"<div class=\"wp-block-columns is-layout-flex wp-container-core-columns-is-layout-9d6595d7 wp-block-columns-is-layout-flex\">\n<div class=\"wp-block-column is-layout-flow wp-block-column-is-layout-flow\">\n<h2 class=\"wp-block-heading\">Prato para sopa Par\u00e2metro:<\/h2>\n\n\n\n<figure class=\"wp-block-table\"><table class=\"has-fixed-layout\"><tbody><tr><td>Modelo<\/td><td>Comprimento * Largura * Altura (cm)<\/td><td>Capacidade (l)<\/td><td>Peso (kg)<\/td><td>MOQ<\/td><\/tr><tr><td>DY026-CL<\/td><td>46*47*37<\/td><td>10<\/td><td>10.9<\/td><td>2 PE\u00c7AS<\/td><\/tr><\/tbody><\/table><\/figure>\n\n\n\n<h2 class=\"wp-block-heading\">Prato para sopa Carater\u00edsticas:<\/h2>\n\n\n\n<p><strong>Design da tampa de vidro:<\/strong> A tampa de vidro transparente permite ver o interior dos alimentos. Elegante e c\u00f3moda, ajuda a manter os alimentos a alta temperatura com a conveni\u00eancia para o servidor enquanto serve.<\/p>\n\n\n\n<p><strong>Design de grande capacidade:<\/strong> O nosso prato de sopa por atacado adapta-se a muitos cen\u00e1rios, especialmente para buffets ou festas; comporta sopa ou outros alimentos suficientes para as necessidades de muitos convidados.<\/p>\n\n\n\n<p><strong>Material de qualidade superior e duradouro:<\/strong> Este prato de sopa por atacado \u00e9 feito de a\u00e7o inoxid\u00e1vel de alta qualidade, garantindo que n\u00e3o haja ferrugem ou corros\u00e3o no uso a longo prazo, dur\u00e1vel e f\u00e1cil de limpar.<\/p>\n\n\n\n<p><strong>Sistema de aquecimento eficiente: <\/strong>Este fog\u00e3o de sopa buffet por atacado tem uma placa de aquecimento el\u00e9ctrica e um m\u00e9todo de aquecimento CNC para manter a sopa ou outros alimentos quentes e garantir o melhor sabor dos alimentos para satisfazer diferentes necessidades.<\/p>\n\n\n\n<p><strong>Design seguro e est\u00e1vel:<\/strong> O design estrutural s\u00f3lido e a base antiderrapante garantem que n\u00e3o se inclina nem abana durante a utiliza\u00e7\u00e3o, proporcionando seguran\u00e7a e prote\u00e7\u00e3o.<\/p>\n<\/div>\n\n\n\n<div class=\"wp-block-column is-layout-flow wp-block-column-is-layout-flow\">\n<figure class=\"wp-block-image size-full\"><img decoding=\"async\" width=\"800\" height=\"800\" src=\"https:\/\/www.yongyukitchenware.com\/wp-content\/uploads\/2025\/01\/Wholesale-Soup-Chafing-Dish-Buffet-Soup-Stove-with-Glass-Lid.webp\" alt=\"Prato para sopa por atacado Fog\u00e3o para sopa com tampa de vidro\" class=\"wp-image-2914\" srcset=\"https:\/\/www.yongyukitchenware.com\/wp-content\/uploads\/2025\/01\/Wholesale-Soup-Chafing-Dish-Buffet-Soup-Stove-with-Glass-Lid.webp 800w, https:\/\/www.yongyukitchenware.com\/wp-content\/uploads\/2025\/01\/Wholesale-Soup-Chafing-Dish-Buffet-Soup-Stove-with-Glass-Lid-300x300.webp 300w, https:\/\/www.yongyukitchenware.com\/wp-content\/uploads\/2025\/01\/Wholesale-Soup-Chafing-Dish-Buffet-Soup-Stove-with-Glass-Lid-150x150.webp 150w, https:\/\/www.yongyukitchenware.com\/wp-content\/uploads\/2025\/01\/Wholesale-Soup-Chafing-Dish-Buffet-Soup-Stove-with-Glass-Lid-768x768.webp 768w, https:\/\/www.yongyukitchenware.com\/wp-content\/uploads\/2025\/01\/Wholesale-Soup-Chafing-Dish-Buffet-Soup-Stove-with-Glass-Lid-12x12.webp 12w, https:\/\/www.yongyukitchenware.com\/wp-content\/uploads\/2025\/01\/Wholesale-Soup-Chafing-Dish-Buffet-Soup-Stove-with-Glass-Lid-600x600.webp 600w, https:\/\/www.yongyukitchenware.com\/wp-content\/uploads\/2025\/01\/Wholesale-Soup-Chafing-Dish-Buffet-Soup-Stove-with-Glass-Lid-100x100.webp 100w\" sizes=\"(max-width: 800px) 100vw, 800px\" \/><\/figure>\n<\/div>\n<\/div>","protected":false},"excerpt":{"rendered":"<p>Este prato de sopa por atacado tem uma tampa de vidro transparente que ajuda a manter os alimentos quentes e \u00e9 f\u00e1cil de ver e manipular.  Este prato de chafing \u00e9 dur\u00e1vel, f\u00e1cil de limpar e capaz de acompanhar grandes reuni\u00f5es e banquetes atrav\u00e9s de um sistema de aquecimento eficiente para manter a temperatura consistente. Contacte a Yongyu hoje mesmo, para melhorar a sua experi\u00eancia de catering junto dos clientes!<\/p>\n<h2><!-- wp:heading --><\/h2>\n<h2 class=\"wp-block-heading\">Atributos do prato para sopa:<\/h2>\n<h2><!-- \/wp:heading --><\/p>\n<p><!-- wp:paragraph --><\/h2>\n<p><strong>Material: <\/strong>A\u00e7o inoxid\u00e1vel<br \/><strong>Cor: <\/strong>Prata<br \/><strong>Forma:<\/strong> Redondo com tampa de vidro<br \/><strong>Calor: <\/strong>Aquecimento el\u00e9trico\/Aquecimento a \u00e1lcool<br \/><strong>Panela de chafer: <\/strong>Grelha simples\/dupla<br \/><strong>OEM\/ODM: <\/strong>Dispon\u00edvel<\/p>\n<h2 class=\"wp-block-heading\">De Yongyu Chafing Dish Fabricante :<\/h2>\n<p>Quer se trate de um fornecedor de servi\u00e7os de catering, de um hotel e de um restaurante ou de uma empresa de planeamento de eventos, fornecemos solu\u00e7\u00f5es personalizadas completas de pratos de chafing por atacado para ajudar a sua empresa com pre\u00e7os de f\u00e1brica de alta qualidade!<\/p>\n<h2><!-- \/wp:paragraph --><\/h2>","protected":false},"featured_media":2914,"comment_status":"closed","ping_status":"closed","template":"","meta":{"_acf_changed":true},"application":[30],"product_brand":[],"product_cat":[33],"product_tag":[],"class_list":{"0":"post-2913","1":"product","2":"type-product","3":"status-publish","4":"has-post-thumbnail","6":"application-hotel-catering","7":"product_cat-chafing-dishes-wholesale","9":"first","10":"instock","11":"shipping-taxable","12":"product-type-simple"},"acf":[],"_links":{"self":[{"href":"https:\/\/www.yongyukitchenware.com\/pt\/wp-json\/wp\/v2\/product\/2913","targetHints":{"allow":["GET"]}}],"collection":[{"href":"https:\/\/www.yongyukitchenware.com\/pt\/wp-json\/wp\/v2\/product"}],"about":[{"href":"https:\/\/www.yongyukitchenware.com\/pt\/wp-json\/wp\/v2\/types\/product"}],"replies":[{"embeddable":true,"href":"https:\/\/www.yongyukitchenware.com\/pt\/wp-json\/wp\/v2\/comments?post=2913"}],"wp:featuredmedia":[{"embeddable":true,"href":"https:\/\/www.yongyukitchenware.com\/pt\/wp-json\/wp\/v2\/media\/2914"}],"wp:attachment":[{"href":"https:\/\/www.yongyukitchenware.com\/pt\/wp-json\/wp\/v2\/media?parent=2913"}],"wp:term":[{"taxonomy":"application","embeddable":true,"href":"https:\/\/www.yongyukitchenware.com\/pt\/wp-json\/wp\/v2\/application?post=2913"},{"taxonomy":"product_brand","embeddable":true,"href":"https:\/\/www.yongyukitchenware.com\/pt\/wp-json\/wp\/v2\/product_brand?post=2913"},{"taxonomy":"product_cat","embeddable":true,"href":"https:\/\/www.yongyukitchenware.com\/pt\/wp-json\/wp\/v2\/product_cat?post=2913"},{"taxonomy":"product_tag","embeddable":true,"href":"https:\/\/www.yongyukitchenware.com\/pt\/wp-json\/wp\/v2\/product_tag?post=2913"}],"curies":[{"name":"wp","href":"https:\/\/api.w.org\/{rel}","templated":true}]}}