{"id":2948,"date":"2025-03-12T14:48:38","date_gmt":"2025-03-12T14:48:38","guid":{"rendered":"https:\/\/www.yongyukitchenware.com\/?post_type=product&#038;p=2948"},"modified":"2025-06-13T06:46:05","modified_gmt":"2025-06-13T06:46:05","slug":"wholesale-chafing-dish-buffet","status":"publish","type":"product","link":"https:\/\/www.yongyukitchenware.com\/pt\/produto\/wholesale-chafing-dish-buffet\/","title":{"rendered":"Prato de Chafing por atacado Buffet quadrado, Chafer inoxid\u00e1vel a granel"},"content":{"rendered":"<div class=\"wp-block-columns is-layout-flex wp-container-core-columns-is-layout-9d6595d7 wp-block-columns-is-layout-flex\">\n<div class=\"wp-block-column is-layout-flow wp-block-column-is-layout-flow\">\n<h2 class=\"wp-block-heading\">Chafing Dish Buffet Par\u00e2metro:<\/h2>\n\n\n\n<figure class=\"wp-block-table\"><table class=\"has-fixed-layout\"><tbody><tr><td>Modelo<\/td><td>Comprimento * Largura * Altura (cm)<\/td><td>Capacidade (l)<\/td><td>Peso (kg)<\/td><td>MOQ<\/td><\/tr><tr><td>DY004-CL<\/td><td>40*40*24<\/td><td>6<\/td><td>7<\/td><td>2 PE\u00c7AS<\/td><\/tr><\/tbody><\/table><\/figure>\n\n\n\n<h2 class=\"wp-block-heading\">Buffet de pratos para chafing Dish Carater\u00edsticas:<\/h2>\n\n\n\n<p><strong>Material de a\u00e7o inoxid\u00e1vel de alta qualidade: <\/strong>Fabricado em a\u00e7o inoxid\u00e1vel de alta qualidade, resistente a altas temperaturas e \u00e0 ferrugem, garante uma durabilidade a longo prazo e um excelente aspeto.<\/p>\n\n\n\n<p><strong>Desenho quadrado:<\/strong> Proporciona uma maior capacidade, coloca\u00e7\u00e3o e armazenamento c\u00f3modos, adequados para buffets ou locais de restaura\u00e7\u00e3o em grande escala.<\/p>\n\n\n\n<p><strong>Tampa de vidro visual:<\/strong> O design da tampa de vidro transparente permite que os clientes vejam claramente os alimentos, ao mesmo tempo que mant\u00e9m eficazmente a temperatura para garantir a frescura dos alimentos.<\/p>\n\n\n\n<p><strong>Design de tampa articulada: <\/strong>O design da tampa articulada \u00e9 f\u00e1cil de abrir e fechar rapidamente, f\u00e1cil e seguro de utilizar.<\/p>\n\n\n\n<p><strong>Conce\u00e7\u00e3o da perna do tubo: <\/strong>O design exclusivo da perna do tubo torna o aquecedor mais est\u00e1vel, aumenta a sua durabilidade e \u00e9 mais f\u00e1cil de limpar e manter.<\/p>\n\n\n\n<p><strong>Design de pega dupla: <\/strong>O design de pega dupla para um manuseamento f\u00e1cil garante que pode ser facilmente deslocada e operada mesmo quando est\u00e1 totalmente carregada com alimentos, garantindo a seguran\u00e7a durante o funcionamento<\/p>\n\n\n\n<p><strong>Design do orif\u00edcio de ventila\u00e7\u00e3o:<\/strong> A tampa est\u00e1 equipada com orif\u00edcios de ventila\u00e7\u00e3o para ajudar a regular a temperatura dos alimentos, evitar a humidade excessiva e manter o melhor sabor dos alimentos.<\/p>\n<\/div>\n\n\n\n<div class=\"wp-block-column is-layout-flow wp-block-column-is-layout-flow\">\n<figure class=\"wp-block-image size-full\"><img decoding=\"async\" width=\"1080\" height=\"1080\" src=\"https:\/\/www.yongyukitchenware.com\/wp-content\/uploads\/2025\/02\/chafing-dishes-set-1.webp\" alt=\"Buffet de pratos de cozinha por atacado \" class=\"wp-image-2951\" srcset=\"https:\/\/www.yongyukitchenware.com\/wp-content\/uploads\/2025\/02\/chafing-dishes-set-1.webp 1080w, https:\/\/www.yongyukitchenware.com\/wp-content\/uploads\/2025\/02\/chafing-dishes-set-1-300x300.webp 300w, https:\/\/www.yongyukitchenware.com\/wp-content\/uploads\/2025\/02\/chafing-dishes-set-1-150x150.webp 150w, https:\/\/www.yongyukitchenware.com\/wp-content\/uploads\/2025\/02\/chafing-dishes-set-1-768x768.webp 768w, https:\/\/www.yongyukitchenware.com\/wp-content\/uploads\/2025\/02\/chafing-dishes-set-1-12x12.webp 12w, https:\/\/www.yongyukitchenware.com\/wp-content\/uploads\/2025\/02\/chafing-dishes-set-1-600x600.webp 600w, https:\/\/www.yongyukitchenware.com\/wp-content\/uploads\/2025\/02\/chafing-dishes-set-1-100x100.webp 100w\" sizes=\"(max-width: 1080px) 100vw, 1080px\" \/><\/figure>\n<\/div>\n<\/div>\n\n\n\n<p><\/p>","protected":false},"excerpt":{"rendered":"<div class=\"dad65929\">\n<div class=\"f9bf7997 d7dc56a8 c05b5566\">\n<div class=\"ds-markdown ds-markdown--block\">\n<p>Buffet de pratos de chafing por atacado: Design quadrado com uma tampa de vidro transparente, tampa articulada, estrutura de perna de tubo e al\u00e7as duplas para f\u00e1cil manuseio. Possui uma abertura respir\u00e1vel para uma temperatura \u00f3ptima dos alimentos. Dur\u00e1vel, f\u00e1cil de limpar e personaliz\u00e1vel. Contacte-nos para encomendas a granel e servi\u00e7o personalizado!<\/p>\n<\/div>\n<div class=\"ds-flex\">\n<div class=\"ds-flex abe97156\">\n<div class=\"ds-icon-button\">\n<div>\u00a0<\/div>\n<h2 class=\"ds-icon\"><strong>Buffet de pratos quentes Atributos:<\/strong><\/h2>\n<\/div>\n<\/div>\n<\/div>\n<\/div>\n<\/div>\n<h2><!-- \/wp:heading --><\/p>\n<p><!-- wp:paragraph --><\/h2>\n<p><strong>Material: <\/strong>A\u00e7o inoxid\u00e1vel<br \/><strong>Cor: <\/strong>Prata<br \/><strong>Forma:<\/strong> Quadrado com perna de tubo<br \/><strong>Calor: <\/strong>Aquecimento el\u00e9trico\/Aquecimento a \u00e1lcool<br \/><strong>Panela de chafer: <\/strong>Grelha simples\/dupla<br \/><strong>OEM\/ODM: <\/strong>Dispon\u00edvel<\/p>\n<h2 class=\"wp-block-heading\">De Yongyu Chafing Dish Fabricante :<\/h2>\n<p>Quer se trate de um fornecedor de servi\u00e7os de catering, de um hotel e de um restaurante ou de uma empresa de planeamento de eventos, fornecemos solu\u00e7\u00f5es personalizadas completas de pratos de chafing por atacado para ajudar a sua empresa com pre\u00e7os de f\u00e1brica de alta qualidade!<\/p>\n<h2><!-- \/wp:paragraph --><\/h2>","protected":false},"featured_media":2951,"comment_status":"closed","ping_status":"closed","template":"","meta":{"_acf_changed":true},"application":[30],"product_brand":[],"product_cat":[33],"product_tag":[],"class_list":{"0":"post-2948","1":"product","2":"type-product","3":"status-publish","4":"has-post-thumbnail","6":"application-hotel-catering","7":"product_cat-chafing-dishes-wholesale","9":"first","10":"instock","11":"shipping-taxable","12":"product-type-simple"},"acf":[],"_links":{"self":[{"href":"https:\/\/www.yongyukitchenware.com\/pt\/wp-json\/wp\/v2\/product\/2948","targetHints":{"allow":["GET"]}}],"collection":[{"href":"https:\/\/www.yongyukitchenware.com\/pt\/wp-json\/wp\/v2\/product"}],"about":[{"href":"https:\/\/www.yongyukitchenware.com\/pt\/wp-json\/wp\/v2\/types\/product"}],"replies":[{"embeddable":true,"href":"https:\/\/www.yongyukitchenware.com\/pt\/wp-json\/wp\/v2\/comments?post=2948"}],"wp:featuredmedia":[{"embeddable":true,"href":"https:\/\/www.yongyukitchenware.com\/pt\/wp-json\/wp\/v2\/media\/2951"}],"wp:attachment":[{"href":"https:\/\/www.yongyukitchenware.com\/pt\/wp-json\/wp\/v2\/media?parent=2948"}],"wp:term":[{"taxonomy":"application","embeddable":true,"href":"https:\/\/www.yongyukitchenware.com\/pt\/wp-json\/wp\/v2\/application?post=2948"},{"taxonomy":"product_brand","embeddable":true,"href":"https:\/\/www.yongyukitchenware.com\/pt\/wp-json\/wp\/v2\/product_brand?post=2948"},{"taxonomy":"product_cat","embeddable":true,"href":"https:\/\/www.yongyukitchenware.com\/pt\/wp-json\/wp\/v2\/product_cat?post=2948"},{"taxonomy":"product_tag","embeddable":true,"href":"https:\/\/www.yongyukitchenware.com\/pt\/wp-json\/wp\/v2\/product_tag?post=2948"}],"curies":[{"name":"wp","href":"https:\/\/api.w.org\/{rel}","templated":true}]}}