{"id":2953,"date":"2025-03-12T06:07:39","date_gmt":"2025-03-12T06:07:39","guid":{"rendered":"https:\/\/www.yongyukitchenware.com\/?post_type=product&#038;p=2953"},"modified":"2025-06-13T06:53:42","modified_gmt":"2025-06-13T06:53:42","slug":"wholesale-chafing-dish-round-glass-lid","status":"publish","type":"product","link":"https:\/\/www.yongyukitchenware.com\/pt\/produto\/wholesale-chafing-dish-round-glass-lid\/","title":{"rendered":"Tampa de vidro redonda do prato de refogar por atacado Tampa hidr\u00e1ulica com perna de tubo articulada"},"content":{"rendered":"<div class=\"wp-block-columns is-layout-flex wp-container-core-columns-is-layout-9d6595d7 wp-block-columns-is-layout-flex\">\n<div class=\"wp-block-column is-layout-flow wp-block-column-is-layout-flow\">\n<h2 class=\"wp-block-heading\">Tampa de vidro redonda para pratos Chafing Par\u00e2metro:<\/h2>\n\n\n\n<figure class=\"wp-block-table\"><table class=\"has-fixed-layout\"><tbody><tr><td>Modelo<\/td><td>Di\u00e2metro* Altura (cm)<\/td><td>Capacidade (l)<\/td><td>Peso (kg)<\/td><td>MOQ<\/td><\/tr><tr><td>DY004-CL<\/td><td>47*44*24<\/td><td>6<\/td><td>7.2<\/td><td>2 PE\u00c7AS<\/td><\/tr><\/tbody><\/table><\/figure>\n\n\n\n<h2 class=\"wp-block-heading\">Tampa de vidro redonda para pratos Chafing Carater\u00edsticas:<\/h2>\n\n\n\n<p><strong>Material de a\u00e7o inoxid\u00e1vel de alta qualidade: <\/strong>Fabricado em a\u00e7o inoxid\u00e1vel de alta qualidade, \u00e9 resistente \u00e0 corros\u00e3o e a altas temperaturas, garantindo uma utiliza\u00e7\u00e3o a longo prazo sem ferrugem.<\/p>\n\n\n\n<p><strong>Desenho redondo:<\/strong> Design redondo \u00fanico, adequado para buffets, banquetes e outras ocasi\u00f5es de restaura\u00e7\u00e3o.<\/p>\n\n\n\n<p><strong>Design da tampa com dobradi\u00e7as:<\/strong> Equipado com uma tampa articulada, f\u00e1cil de abrir e fechar rapidamente.<\/p>\n\n\n\n<p><strong>Conce\u00e7\u00e3o da perna do tubo: <\/strong>O design com pernas de tubo aumenta a estabilidade do produto e garante que n\u00e3o \u00e9 f\u00e1cil inclinar-se durante a utiliza\u00e7\u00e3o.<\/p>\n\n\n\n<p><strong>Conce\u00e7\u00e3o da tampa hidr\u00e1ulica: <\/strong>A conce\u00e7\u00e3o da tampa hidr\u00e1ulica permite uma abertura lenta e suave da tampa.<\/p>\n\n\n\n<p><strong>Tampa de amortecimento hidr\u00e1ulico refor\u00e7ada\uff1a <\/strong>Fecho lento e silencioso, f\u00e1cil de abrir e fechar<\/p>\n\n\n\n<p><strong>Design dividido\uff1a<\/strong>A bacia e o corpo do forno podem ser separados para facilitar a limpeza<\/p>\n\n\n\n<p><strong>Aquecimento multifun\u00e7\u00f5es: <\/strong>Pode ser aquecido por aquecimento el\u00e9trico ou a \u00e1lcool.<\/p>\n<\/div>\n\n\n\n<div class=\"wp-block-column is-layout-flow wp-block-column-is-layout-flow\">\n<figure class=\"wp-block-image size-full\"><img decoding=\"async\" width=\"1920\" height=\"1920\" src=\"https:\/\/www.yongyukitchenware.com\/wp-content\/uploads\/2025\/02\/chafing-dishes-set-1-1.webp\" alt=\"Tampa de vidro redonda para pratos de cozinha por atacado\" class=\"wp-image-2955\" srcset=\"https:\/\/www.yongyukitchenware.com\/wp-content\/uploads\/2025\/02\/chafing-dishes-set-1-1.webp 1920w, https:\/\/www.yongyukitchenware.com\/wp-content\/uploads\/2025\/02\/chafing-dishes-set-1-1-300x300.webp 300w, https:\/\/www.yongyukitchenware.com\/wp-content\/uploads\/2025\/02\/chafing-dishes-set-1-1-150x150.webp 150w, https:\/\/www.yongyukitchenware.com\/wp-content\/uploads\/2025\/02\/chafing-dishes-set-1-1-768x768.webp 768w, https:\/\/www.yongyukitchenware.com\/wp-content\/uploads\/2025\/02\/chafing-dishes-set-1-1-12x12.webp 12w, https:\/\/www.yongyukitchenware.com\/wp-content\/uploads\/2025\/02\/chafing-dishes-set-1-1-1200x1200.webp 1200w, https:\/\/www.yongyukitchenware.com\/wp-content\/uploads\/2025\/02\/chafing-dishes-set-1-1-600x600.webp 600w, https:\/\/www.yongyukitchenware.com\/wp-content\/uploads\/2025\/02\/chafing-dishes-set-1-1-100x100.webp 100w\" sizes=\"(max-width: 1920px) 100vw, 1920px\" \/><\/figure>\n<\/div>\n<\/div>\n\n\n\n<p><\/p>","protected":false},"excerpt":{"rendered":"<p>Tampa de vidro redonda para travessas por atacado: Este prato possui uma tampa articulada, um design de perna de tubo e uma tampa hidr\u00e1ulica para uma utiliza\u00e7\u00e3o f\u00e1cil. A tampa de vidro transparente permite a visibilidade dos alimentos. \u00c9 dur\u00e1vel, f\u00e1cil de limpar e personaliz\u00e1vel. Contacte-nos hoje para encomendas a granel e servi\u00e7o personalizado!<\/p>\n<h2><!-- wp:heading --><\/h2>\n<h2 class=\"wp-block-heading\">Atributos da Tampa de vidro redonda para marmitas :<\/h2>\n<h2><!-- \/wp:heading --><\/p>\n<p><!-- wp:paragraph --><\/h2>\n<p><strong>Material: <\/strong>A\u00e7o inoxid\u00e1vel<br \/><strong>Cor: <\/strong>Prata<br \/><strong>Forma:<\/strong> Redondo com tampa articulada<br \/><strong>Calor: <\/strong>Aquecimento el\u00e9trico\/Aquecimento a \u00e1lcool<br \/><strong>Panela de chafer: <\/strong>Grelha simples\/dupla<br \/><strong>OEM\/ODM: <\/strong>Dispon\u00edvel<\/p>\n<h2 class=\"wp-block-heading\">De Yongyu Chafing Dish Fabricante :<\/h2>\n<p>Quer se trate de um fornecedor de servi\u00e7os de catering, de um hotel e de um restaurante ou de uma empresa de planeamento de eventos, fornecemos solu\u00e7\u00f5es personalizadas completas de pratos de chafing por atacado para ajudar a sua empresa com pre\u00e7os de f\u00e1brica de alta qualidade!<\/p>\n<h2><!-- \/wp:paragraph --><\/h2>","protected":false},"featured_media":2954,"comment_status":"closed","ping_status":"closed","template":"","meta":{"_acf_changed":true},"application":[30],"product_brand":[],"product_cat":[33],"product_tag":[],"class_list":{"0":"post-2953","1":"product","2":"type-product","3":"status-publish","4":"has-post-thumbnail","6":"application-hotel-catering","7":"product_cat-chafing-dishes-wholesale","9":"first","10":"instock","11":"shipping-taxable","12":"product-type-simple"},"acf":[],"_links":{"self":[{"href":"https:\/\/www.yongyukitchenware.com\/pt\/wp-json\/wp\/v2\/product\/2953","targetHints":{"allow":["GET"]}}],"collection":[{"href":"https:\/\/www.yongyukitchenware.com\/pt\/wp-json\/wp\/v2\/product"}],"about":[{"href":"https:\/\/www.yongyukitchenware.com\/pt\/wp-json\/wp\/v2\/types\/product"}],"replies":[{"embeddable":true,"href":"https:\/\/www.yongyukitchenware.com\/pt\/wp-json\/wp\/v2\/comments?post=2953"}],"wp:featuredmedia":[{"embeddable":true,"href":"https:\/\/www.yongyukitchenware.com\/pt\/wp-json\/wp\/v2\/media\/2954"}],"wp:attachment":[{"href":"https:\/\/www.yongyukitchenware.com\/pt\/wp-json\/wp\/v2\/media?parent=2953"}],"wp:term":[{"taxonomy":"application","embeddable":true,"href":"https:\/\/www.yongyukitchenware.com\/pt\/wp-json\/wp\/v2\/application?post=2953"},{"taxonomy":"product_brand","embeddable":true,"href":"https:\/\/www.yongyukitchenware.com\/pt\/wp-json\/wp\/v2\/product_brand?post=2953"},{"taxonomy":"product_cat","embeddable":true,"href":"https:\/\/www.yongyukitchenware.com\/pt\/wp-json\/wp\/v2\/product_cat?post=2953"},{"taxonomy":"product_tag","embeddable":true,"href":"https:\/\/www.yongyukitchenware.com\/pt\/wp-json\/wp\/v2\/product_tag?post=2953"}],"curies":[{"name":"wp","href":"https:\/\/api.w.org\/{rel}","templated":true}]}}