{"id":2960,"date":"2025-03-12T13:51:22","date_gmt":"2025-03-12T13:51:22","guid":{"rendered":"https:\/\/www.yongyukitchenware.com\/?post_type=product&#038;p=2960"},"modified":"2025-06-13T06:51:06","modified_gmt":"2025-06-13T06:51:06","slug":"wholesale-buffet-chafer","status":"publish","type":"product","link":"https:\/\/www.yongyukitchenware.com\/pt\/produto\/wholesale-buffet-chafer\/","title":{"rendered":"Chafer para buffet por atacado com duas op\u00e7\u00f5es de aquecimento para festas e banquetes"},"content":{"rendered":"<div class=\"wp-block-columns is-layout-flex wp-container-core-columns-is-layout-9d6595d7 wp-block-columns-is-layout-flex\">\n<div class=\"wp-block-column is-layout-flow wp-block-column-is-layout-flow\">\n<h2 class=\"wp-block-heading\">Buffet Chafer Par\u00e2metro:<\/h2>\n\n\n\n<figure class=\"wp-block-table\"><table class=\"has-fixed-layout\"><tbody><tr><td>Modelo<\/td><td>Di\u00e2metro* Altura (cm)<\/td><td>Capacidade (l)<\/td><td>MOQ<\/td><\/tr><tr><td>DY022-CL<\/td><td>64*44*44<\/td><td>9<\/td><td>2 PE\u00c7AS<\/td><\/tr><\/tbody><\/table><\/figure>\n\n\n\n<h2 class=\"wp-block-heading\">Buffet Chafer Carater\u00edsticas:<\/h2>\n\n\n\n<p><strong>M\u00faltiplos m\u00e9todos de aquecimento:<\/strong> O aquecimento el\u00e9trico pode aquecer rapidamente e controlar com precis\u00e3o a temperatura; o aquecimento a \u00e1lcool \u00e9 adequado para ocasi\u00f5es com requisitos especiais de atmosfera.<\/p>\n\n\n\n<p><strong>Pormenores de design bem pensados:<\/strong> O dep\u00f3sito interior adopta um design destac\u00e1vel, que evita eficazmente os res\u00edduos alimentares e o crescimento bacteriano, garantindo a seguran\u00e7a e a higiene dos alimentos. O fog\u00e3o de jantar de \u00e2ngulo reto vis\u00edvel e de abertura total \u00e9 pr\u00e1tico para tirar e colocar os alimentos, e a janela visual tamb\u00e9m pode observar o estado dos alimentos em qualquer altura.<\/p>\n\n\n\n<p><strong>Combina\u00e7\u00e3o flex\u00edvel:<\/strong> Pode combinar bacias alimentares de grelha simples, dupla e tripla para satisfazer v\u00e1rias necessidades de exposi\u00e7\u00e3o.<\/p>\n\n\n\n<p><strong>Sistema inteligente de controlo da temperatura: <\/strong>Equipado com um ecr\u00e3 t\u00e1til de controlo eletr\u00f3nico da temperatura e com um interrutor de alimenta\u00e7\u00e3o independente, seguro e fi\u00e1vel, para evitar erros de funcionamento; o term\u00f3stato assegura ainda a precis\u00e3o e a estabilidade do controlo da temperatura.<\/p>\n\n\n\n<p><strong>Material resistente e duradouro: <\/strong>Fabricado em a\u00e7o inoxid\u00e1vel de alta qualidade, pode suportar uma utiliza\u00e7\u00e3o frequente e um ambiente de trabalho de alta intensidade, e tem uma elevada rela\u00e7\u00e3o custo-efic\u00e1cia para uma utiliza\u00e7\u00e3o a longo prazo.<\/p>\n<\/div>\n\n\n\n<div class=\"wp-block-column is-layout-flow wp-block-column-is-layout-flow\">\n<figure class=\"wp-block-image size-full\"><img decoding=\"async\" width=\"800\" height=\"800\" src=\"https:\/\/www.yongyukitchenware.com\/wp-content\/uploads\/2025\/02\/wholesale-buffet-chafer.webp\" alt=\"chafer de buffet por atacado\" class=\"wp-image-3024\" srcset=\"https:\/\/www.yongyukitchenware.com\/wp-content\/uploads\/2025\/02\/wholesale-buffet-chafer.webp 800w, https:\/\/www.yongyukitchenware.com\/wp-content\/uploads\/2025\/02\/wholesale-buffet-chafer-300x300.webp 300w, https:\/\/www.yongyukitchenware.com\/wp-content\/uploads\/2025\/02\/wholesale-buffet-chafer-150x150.webp 150w, https:\/\/www.yongyukitchenware.com\/wp-content\/uploads\/2025\/02\/wholesale-buffet-chafer-768x768.webp 768w, https:\/\/www.yongyukitchenware.com\/wp-content\/uploads\/2025\/02\/wholesale-buffet-chafer-12x12.webp 12w, https:\/\/www.yongyukitchenware.com\/wp-content\/uploads\/2025\/02\/wholesale-buffet-chafer-600x600.webp 600w, https:\/\/www.yongyukitchenware.com\/wp-content\/uploads\/2025\/02\/wholesale-buffet-chafer-100x100.webp 100w\" sizes=\"(max-width: 800px) 100vw, 800px\" \/><\/figure>\n<\/div>\n<\/div>\n\n\n\n<p><\/p>","protected":false},"excerpt":{"rendered":"<div class=\"flex max-w-full flex-col flex-grow\">\n<div class=\"min-h-8 text-message flex w-full flex-col items-end gap-2 whitespace-normal break-words text-start [.text-message+&amp;]:mt-5\" dir=\"auto\" data-message-author-role=\"assistant\" data-message-id=\"e07a47d1-8143-4d76-a750-70f60d252df1\" data-message-model-slug=\"gpt-4o\">\n<div class=\"flex w-full flex-col gap-1 empty:hidden first:pt-[3px]\">\n<div class=\"markdown prose w-full break-words dark:prose-invert dark\">\n<div data-zone-id=\"0\" data-line-index=\"0\" data-line=\"true\">Chafer para buffet por atacado! Aquecimento duplo, revestimento amov\u00edvel para uma limpeza f\u00e1cil, grelhas ajust\u00e1veis. Term\u00f3stato de toque inteligente e preciso. A\u00e7o inoxid\u00e1vel duradouro. Aconselhamento pr\u00e9-venda, apoio p\u00f3s-venda e entrega r\u00e1pida. Informe-se agora para aumentar o n\u00edvel do seu buffet!<\/div>\n<\/div>\n<\/div>\n<\/div>\n<\/div>\n<div class=\"mb-2 flex gap-3 empty:hidden -ml-2\">\n<div class=\"items-center justify-start rounded-xl p-1 flex\">\n<div class=\"flex items-center\">\u00a0<\/div>\n<\/div>\n<\/div>\n<h2><!-- wp:heading --><\/h2>\n<h2 class=\"wp-block-heading\">Atributos do Buffet Chafer :<\/h2>\n<h2><!-- \/wp:heading --><\/p>\n<p><!-- wp:paragraph --><\/h2>\n<p><strong>Material: <\/strong>A\u00e7o inoxid\u00e1vel<br \/><strong>Cor: <\/strong>Prata<br \/><strong>Forma:<\/strong> Ret\u00e2ngulo com tampa de enrolar<br \/><strong>Calor: <\/strong>Aquecimento el\u00e9trico\/Aquecimento a \u00e1lcool<br \/><strong>Panela de chafer: <\/strong>Grelha simples\/dupla<br \/><strong>OEM\/ODM: <\/strong>Dispon\u00edvel<\/p>\n<h2 class=\"wp-block-heading\">De Yongyu Chafing Dish Fabricante :<\/h2>\n<p>Quer se trate de um fornecedor de servi\u00e7os de catering, de um hotel e de um restaurante ou de uma empresa de planeamento de eventos, fornecemos solu\u00e7\u00f5es personalizadas completas de pratos de chafing por atacado para ajudar a sua empresa com pre\u00e7os de f\u00e1brica de alta qualidade!<\/p>\n<h2><!-- \/wp:paragraph --><\/h2>","protected":false},"featured_media":3024,"comment_status":"closed","ping_status":"closed","template":"","meta":{"_acf_changed":true},"application":[30],"product_brand":[],"product_cat":[33],"product_tag":[],"class_list":{"0":"post-2960","1":"product","2":"type-product","3":"status-publish","4":"has-post-thumbnail","6":"application-hotel-catering","7":"product_cat-chafing-dishes-wholesale","9":"first","10":"instock","11":"shipping-taxable","12":"product-type-simple"},"acf":[],"_links":{"self":[{"href":"https:\/\/www.yongyukitchenware.com\/pt\/wp-json\/wp\/v2\/product\/2960","targetHints":{"allow":["GET"]}}],"collection":[{"href":"https:\/\/www.yongyukitchenware.com\/pt\/wp-json\/wp\/v2\/product"}],"about":[{"href":"https:\/\/www.yongyukitchenware.com\/pt\/wp-json\/wp\/v2\/types\/product"}],"replies":[{"embeddable":true,"href":"https:\/\/www.yongyukitchenware.com\/pt\/wp-json\/wp\/v2\/comments?post=2960"}],"wp:featuredmedia":[{"embeddable":true,"href":"https:\/\/www.yongyukitchenware.com\/pt\/wp-json\/wp\/v2\/media\/3024"}],"wp:attachment":[{"href":"https:\/\/www.yongyukitchenware.com\/pt\/wp-json\/wp\/v2\/media?parent=2960"}],"wp:term":[{"taxonomy":"application","embeddable":true,"href":"https:\/\/www.yongyukitchenware.com\/pt\/wp-json\/wp\/v2\/application?post=2960"},{"taxonomy":"product_brand","embeddable":true,"href":"https:\/\/www.yongyukitchenware.com\/pt\/wp-json\/wp\/v2\/product_brand?post=2960"},{"taxonomy":"product_cat","embeddable":true,"href":"https:\/\/www.yongyukitchenware.com\/pt\/wp-json\/wp\/v2\/product_cat?post=2960"},{"taxonomy":"product_tag","embeddable":true,"href":"https:\/\/www.yongyukitchenware.com\/pt\/wp-json\/wp\/v2\/product_tag?post=2960"}],"curies":[{"name":"wp","href":"https:\/\/api.w.org\/{rel}","templated":true}]}}