{"id":2966,"date":"2025-03-12T14:31:16","date_gmt":"2025-03-12T14:31:16","guid":{"rendered":"https:\/\/www.yongyukitchenware.com\/?post_type=product&#038;p=2966"},"modified":"2025-06-13T06:48:54","modified_gmt":"2025-06-13T06:48:54","slug":"wholesale-round-chafer","status":"publish","type":"product","link":"https:\/\/www.yongyukitchenware.com\/pt\/produto\/wholesale-round-chafer\/","title":{"rendered":"Chafer redondo por atacado criando luxo intemporal para festa"},"content":{"rendered":"<div class=\"wp-block-columns is-layout-flex wp-container-core-columns-is-layout-9d6595d7 wp-block-columns-is-layout-flex\">\n<div class=\"wp-block-column is-layout-flow wp-block-column-is-layout-flow\">\n<h2 class=\"wp-block-heading\">Chafer redondo Par\u00e2metro:<\/h2>\n\n\n\n<figure class=\"wp-block-table\"><table class=\"has-fixed-layout\"><tbody><tr><td>Modelo<\/td><td>Di\u00e2metro* Altura (cm)<\/td><td>Capacidade (l)<\/td><td>MOQ<\/td><\/tr><tr><td>DY023-CL<\/td><td>48*47<\/td><td>6<\/td><td>2 PE\u00c7AS<\/td><\/tr><\/tbody><\/table><\/figure>\n\n\n\n<h2 class=\"wp-block-heading\">Chafer redondo Carater\u00edsticas:<\/h2>\n\n\n\n<p><strong>Adapta\u00e7\u00e3o flex\u00edvel da fonte de calor:<\/strong> Para diferentes locais, escolha o aquecimento el\u00e9trico para aquecer de forma r\u00e1pida e est\u00e1vel; escolha o modo de aquecimento a \u00e1lcool no exterior para mostrar as suas capacidades.<\/p>\n\n\n\n<p><strong>Resolver problemas de limpeza:<\/strong> O design do dep\u00f3sito interior amov\u00edvel evita eficazmente a acumula\u00e7\u00e3o de res\u00edduos alimentares.<\/p>\n\n\n\n<p><strong>Exposi\u00e7\u00e3o criativa de alimentos: <\/strong>Uma grelha simples \u00e9 adequada para colocar pratos principais requintados, uma grelha dupla pode apresentar combina\u00e7\u00f5es de carne e legumes ao mesmo tempo e tr\u00eas grelhas podem criar uma travessa rica para snacks.<\/p>\n\n\n\n<p><strong>Controlo preciso da temperatura: <\/strong>O funcionamento do ecr\u00e3 t\u00e1til de controlo eletr\u00f3nico da temperatura \u00e9 simples e intuitivo e, com o term\u00f3stato preciso, garante que os pratos ficam frescos e saborosos.<\/p>\n\n\n\n<p><strong>Garantia de durabilidade do material: <\/strong>O material \u00e9 robusto e dur\u00e1vel, resistente \u00e0 corros\u00e3o e ao desgaste, proporcionando aos utilizadores uma experi\u00eancia de utiliza\u00e7\u00e3o est\u00e1vel e a longo prazo.<\/p>\n\n\n\n<p><strong>Experi\u00eancia de opera\u00e7\u00e3o visual: <\/strong>Fog\u00e3o de sala de jantar de \u00e2ngulo reto e de rota\u00e7\u00e3o total. O design flip \u00e9 f\u00e1cil de utilizar.<\/p>\n<\/div>\n\n\n\n<div class=\"wp-block-column is-layout-flow wp-block-column-is-layout-flow\">\n<figure class=\"wp-block-image size-full\"><img decoding=\"async\" width=\"800\" height=\"800\" src=\"https:\/\/www.yongyukitchenware.com\/wp-content\/uploads\/2025\/02\/round-chafing-dish-set.webp\" alt=\"Chafer redondo por atacado \" class=\"wp-image-3037\" srcset=\"https:\/\/www.yongyukitchenware.com\/wp-content\/uploads\/2025\/02\/round-chafing-dish-set.webp 800w, https:\/\/www.yongyukitchenware.com\/wp-content\/uploads\/2025\/02\/round-chafing-dish-set-300x300.webp 300w, https:\/\/www.yongyukitchenware.com\/wp-content\/uploads\/2025\/02\/round-chafing-dish-set-150x150.webp 150w, https:\/\/www.yongyukitchenware.com\/wp-content\/uploads\/2025\/02\/round-chafing-dish-set-768x768.webp 768w, https:\/\/www.yongyukitchenware.com\/wp-content\/uploads\/2025\/02\/round-chafing-dish-set-12x12.webp 12w, https:\/\/www.yongyukitchenware.com\/wp-content\/uploads\/2025\/02\/round-chafing-dish-set-600x600.webp 600w, https:\/\/www.yongyukitchenware.com\/wp-content\/uploads\/2025\/02\/round-chafing-dish-set-100x100.webp 100w\" sizes=\"(max-width: 800px) 100vw, 800px\" \/><\/figure>\n<\/div>\n<\/div>\n\n\n\n<p><\/p>","protected":false},"excerpt":{"rendered":"<div data-zone-id=\"0\" data-line-index=\"0\" data-line=\"true\">A chafer redonda por atacado \u00e9 a sua melhor escolha para o seu neg\u00f3cio. Possui aquecimento duplo, um revestimento amov\u00edvel para facilitar a limpeza e grelhas ajust\u00e1veis. Com controlo t\u00e1til inteligente e a\u00e7o de primeira qualidade, \u00e9 dur\u00e1vel. A nossa empresa oferece aconselhamento pr\u00e9-venda e entrega r\u00e1pida. Envie um inqu\u00e9rito agora e melhore o seu neg\u00f3cio!<\/div>\n<h2><!-- wp:heading --><\/h2>\n<h2 class=\"wp-block-heading\">Chafer redondo Atributos:<\/h2>\n<h2><!-- \/wp:heading --><\/p>\n<p><!-- wp:paragraph --><\/h2>\n<p><strong>Material: <\/strong>A\u00e7o inoxid\u00e1vel<br \/><strong>Cor: <\/strong>Prata<br \/><strong>Forma:<\/strong> Redondo com tampa de enrolar<br \/><strong>Calor: <\/strong>Aquecimento el\u00e9trico\/Aquecimento a \u00e1lcool<br \/><strong>Panela de chafer: <\/strong>Grelha simples\/dupla<br \/><strong>OEM\/ODM: <\/strong>Dispon\u00edvel<\/p>\n<h2 class=\"wp-block-heading\">De Yongyu Chafing Dish Fabricante :<\/h2>\n<p>Quer se trate de um fornecedor de servi\u00e7os de catering, de um hotel e de um restaurante ou de uma empresa de planeamento de eventos, fornecemos solu\u00e7\u00f5es personalizadas completas de pratos de chafing por atacado para ajudar a sua empresa com pre\u00e7os de f\u00e1brica de alta qualidade!<\/p>\n<h2><!-- \/wp:paragraph --><\/h2>","protected":false},"featured_media":3037,"comment_status":"closed","ping_status":"closed","template":"","meta":{"_acf_changed":true},"application":[30],"product_brand":[],"product_cat":[33],"product_tag":[],"class_list":{"0":"post-2966","1":"product","2":"type-product","3":"status-publish","4":"has-post-thumbnail","6":"application-hotel-catering","7":"product_cat-chafing-dishes-wholesale","9":"first","10":"instock","11":"shipping-taxable","12":"product-type-simple"},"acf":[],"_links":{"self":[{"href":"https:\/\/www.yongyukitchenware.com\/pt\/wp-json\/wp\/v2\/product\/2966","targetHints":{"allow":["GET"]}}],"collection":[{"href":"https:\/\/www.yongyukitchenware.com\/pt\/wp-json\/wp\/v2\/product"}],"about":[{"href":"https:\/\/www.yongyukitchenware.com\/pt\/wp-json\/wp\/v2\/types\/product"}],"replies":[{"embeddable":true,"href":"https:\/\/www.yongyukitchenware.com\/pt\/wp-json\/wp\/v2\/comments?post=2966"}],"wp:featuredmedia":[{"embeddable":true,"href":"https:\/\/www.yongyukitchenware.com\/pt\/wp-json\/wp\/v2\/media\/3037"}],"wp:attachment":[{"href":"https:\/\/www.yongyukitchenware.com\/pt\/wp-json\/wp\/v2\/media?parent=2966"}],"wp:term":[{"taxonomy":"application","embeddable":true,"href":"https:\/\/www.yongyukitchenware.com\/pt\/wp-json\/wp\/v2\/application?post=2966"},{"taxonomy":"product_brand","embeddable":true,"href":"https:\/\/www.yongyukitchenware.com\/pt\/wp-json\/wp\/v2\/product_brand?post=2966"},{"taxonomy":"product_cat","embeddable":true,"href":"https:\/\/www.yongyukitchenware.com\/pt\/wp-json\/wp\/v2\/product_cat?post=2966"},{"taxonomy":"product_tag","embeddable":true,"href":"https:\/\/www.yongyukitchenware.com\/pt\/wp-json\/wp\/v2\/product_tag?post=2966"}],"curies":[{"name":"wp","href":"https:\/\/api.w.org\/{rel}","templated":true}]}}