{"id":2970,"date":"2025-03-12T14:38:23","date_gmt":"2025-03-12T14:38:23","guid":{"rendered":"https:\/\/www.yongyukitchenware.com\/?post_type=product&#038;p=2970"},"modified":"2025-06-13T06:47:57","modified_gmt":"2025-06-13T06:47:57","slug":"wholesale-roll-top-chafing-dish","status":"publish","type":"product","link":"https:\/\/www.yongyukitchenware.com\/pt\/produto\/wholesale-roll-top-chafing-dish\/","title":{"rendered":"Prato de Chafing Roll Top por atacado Controle de toque inteligente para festa, casamento e banquete"},"content":{"rendered":"<div class=\"wp-block-columns is-layout-flex wp-container-core-columns-is-layout-9d6595d7 wp-block-columns-is-layout-flex\">\n<div class=\"wp-block-column is-layout-flow wp-block-column-is-layout-flow\">\n<h2 class=\"wp-block-heading\">Prato de Chafing Roll Top Par\u00e2metro:<\/h2>\n\n\n\n<figure class=\"wp-block-table\"><table class=\"has-fixed-layout\"><tbody><tr><td>Modelo<\/td><td>Comprimento * Largura * Altura (cm)<\/td><td>Capacidade (l)<\/td><td>MOQ<\/td><\/tr><tr><td>DY022-CL<\/td><td>64*44*44<\/td><td>9<\/td><td>2 PE\u00c7AS<\/td><\/tr><\/tbody><\/table><\/figure>\n\n\n\n<h2 class=\"wp-block-heading\">Prato de Chafing Roll Top Carater\u00edsticas:<\/h2>\n\n\n\n<p><strong>Modo de aquecimento flex\u00edvel:<\/strong> O aquecimento el\u00e9trico e o aquecimento a \u00e1lcool s\u00e3o fornecidos para proporcionar mais op\u00e7\u00f5es para as opera\u00e7\u00f5es de restaura\u00e7\u00e3o.<\/p>\n\n\n\n<p><strong>Design pr\u00e1tico e simples: <\/strong>O pote interior adopta um design destac\u00e1vel, que \u00e9 f\u00e1cil de limpar, evita eficazmente a perman\u00eancia de res\u00edduos alimentares e reduz o crescimento bacteriano.<\/p>\n\n\n\n<p><strong>Combina\u00e7\u00e3o personalizada: <\/strong>As bacias alimentares de grelha simples, dupla e tripla podem ser combinadas livremente para satisfazer diversas necessidades e otimizar o efeito de exposi\u00e7\u00e3o dos pratos.<\/p>\n\n\n\n<p><strong>Sistema inteligente de controlo da temperatura: <\/strong>Equipado com um ecr\u00e3 t\u00e1til de controlo eletr\u00f3nico da temperatura, o term\u00f3stato garante a precis\u00e3o e a estabilidade do controlo da temperatura.<\/p>\n\n\n\n<p><strong>Material de alta qualidade e resistente:<\/strong> Fabricado em a\u00e7o inoxid\u00e1vel, \u00e9 robusto e dur\u00e1vel, com excelente resist\u00eancia \u00e0 corros\u00e3o e ao desgaste, e pode suportar uma utiliza\u00e7\u00e3o frequente e um ambiente de trabalho de alta intensidade.<\/p>\n\n\n\n<p><strong>Design de apar\u00eancia \u00fanica: <\/strong>O fog\u00e3o de jantar de \u00e2ngulo reto vis\u00edvel de abertura total, o design de abertura \u00e9 conveniente para tirar e colocar os alimentos, e a forma de \u00e2ngulo reto \u00e9 simples e atmosf\u00e9rica, acrescentando uma atmosfera elegante e moderna ao restaurante.<\/p>\n<\/div>\n\n\n\n<div class=\"wp-block-column is-layout-flow wp-block-column-is-layout-flow\">\n<figure class=\"wp-block-image size-full\"><img decoding=\"async\" width=\"800\" height=\"800\" src=\"https:\/\/www.yongyukitchenware.com\/wp-content\/uploads\/2025\/02\/wholesale-roll-top-chafing-dish.webp\" alt=\"prato refrat\u00e1rio com tampa de enrolar por atacado\" class=\"wp-image-3021\" srcset=\"https:\/\/www.yongyukitchenware.com\/wp-content\/uploads\/2025\/02\/wholesale-roll-top-chafing-dish.webp 800w, https:\/\/www.yongyukitchenware.com\/wp-content\/uploads\/2025\/02\/wholesale-roll-top-chafing-dish-300x300.webp 300w, https:\/\/www.yongyukitchenware.com\/wp-content\/uploads\/2025\/02\/wholesale-roll-top-chafing-dish-150x150.webp 150w, https:\/\/www.yongyukitchenware.com\/wp-content\/uploads\/2025\/02\/wholesale-roll-top-chafing-dish-768x768.webp 768w, https:\/\/www.yongyukitchenware.com\/wp-content\/uploads\/2025\/02\/wholesale-roll-top-chafing-dish-12x12.webp 12w, https:\/\/www.yongyukitchenware.com\/wp-content\/uploads\/2025\/02\/wholesale-roll-top-chafing-dish-600x600.webp 600w, https:\/\/www.yongyukitchenware.com\/wp-content\/uploads\/2025\/02\/wholesale-roll-top-chafing-dish-100x100.webp 100w\" sizes=\"(max-width: 800px) 100vw, 800px\" \/><\/figure>\n<\/div>\n<\/div>\n\n\n\n<p><\/p>","protected":false},"excerpt":{"rendered":"<div data-zone-id=\"0\" data-line-index=\"0\" data-line=\"true\">\n<div data-zone-id=\"0\" data-line-index=\"0\" data-line=\"true\">O prato para chafing por atacado com tampa de enrolar \u00e9 perfeito para restaurantes! Tem aquecimento el\u00e9trico e a \u00e1lcool, um revestimento amov\u00edvel, grelhas ajust\u00e1veis e controlo t\u00e1til inteligente. Feito de a\u00e7o inoxid\u00e1vel dur\u00e1vel, oferecemos pre\u00e7os competitivos. A nossa empresa oferece um excelente servi\u00e7o pr\u00e9 e p\u00f3s-venda, para al\u00e9m de uma entrega r\u00e1pida. Envie um inqu\u00e9rito agora!<\/div>\n<\/div>\n<h2><!-- wp:heading --><\/h2>\n<h2 class=\"wp-block-heading\">Atributos do prato para chafing Roll Top:<\/h2>\n<h2><!-- \/wp:heading --><\/p>\n<p><!-- wp:paragraph --><\/h2>\n<p><strong>Material: <\/strong>A\u00e7o inoxid\u00e1vel<br \/><strong>Cor: <\/strong>Prata<br \/><strong>Forma: <\/strong>Ret\u00e2ngulo com tampa de enrolar vis\u00edvel<br \/><strong>Calor: <\/strong>Aquecimento el\u00e9trico\/Aquecimento a \u00e1lcool<br \/><strong>Panela de chafer: <\/strong>Grelha simples\/dupla<br \/><strong>OEM\/ODM: <\/strong>Dispon\u00edvel<\/p>\n<h2 class=\"wp-block-heading\">De Yongyu Chafing Dish Fabricante :<\/h2>\n<p>Quer se trate de um fornecedor de servi\u00e7os de catering, de um hotel e de um restaurante ou de uma empresa de planeamento de eventos, fornecemos solu\u00e7\u00f5es personalizadas completas de pratos de chafing por atacado para ajudar a sua empresa com pre\u00e7os de f\u00e1brica de alta qualidade!<\/p>\n<h2><!-- \/wp:paragraph --><\/h2>","protected":false},"featured_media":3021,"comment_status":"closed","ping_status":"closed","template":"","meta":{"_acf_changed":false},"application":[30],"product_brand":[],"product_cat":[33],"product_tag":[],"class_list":{"0":"post-2970","1":"product","2":"type-product","3":"status-publish","4":"has-post-thumbnail","6":"application-hotel-catering","7":"product_cat-chafing-dishes-wholesale","9":"first","10":"instock","11":"shipping-taxable","12":"product-type-simple"},"acf":[],"_links":{"self":[{"href":"https:\/\/www.yongyukitchenware.com\/pt\/wp-json\/wp\/v2\/product\/2970","targetHints":{"allow":["GET"]}}],"collection":[{"href":"https:\/\/www.yongyukitchenware.com\/pt\/wp-json\/wp\/v2\/product"}],"about":[{"href":"https:\/\/www.yongyukitchenware.com\/pt\/wp-json\/wp\/v2\/types\/product"}],"replies":[{"embeddable":true,"href":"https:\/\/www.yongyukitchenware.com\/pt\/wp-json\/wp\/v2\/comments?post=2970"}],"wp:featuredmedia":[{"embeddable":true,"href":"https:\/\/www.yongyukitchenware.com\/pt\/wp-json\/wp\/v2\/media\/3021"}],"wp:attachment":[{"href":"https:\/\/www.yongyukitchenware.com\/pt\/wp-json\/wp\/v2\/media?parent=2970"}],"wp:term":[{"taxonomy":"application","embeddable":true,"href":"https:\/\/www.yongyukitchenware.com\/pt\/wp-json\/wp\/v2\/application?post=2970"},{"taxonomy":"product_brand","embeddable":true,"href":"https:\/\/www.yongyukitchenware.com\/pt\/wp-json\/wp\/v2\/product_brand?post=2970"},{"taxonomy":"product_cat","embeddable":true,"href":"https:\/\/www.yongyukitchenware.com\/pt\/wp-json\/wp\/v2\/product_cat?post=2970"},{"taxonomy":"product_tag","embeddable":true,"href":"https:\/\/www.yongyukitchenware.com\/pt\/wp-json\/wp\/v2\/product_tag?post=2970"}],"curies":[{"name":"wp","href":"https:\/\/api.w.org\/{rel}","templated":true}]}}