{"id":2974,"date":"2025-03-07T10:06:13","date_gmt":"2025-03-07T10:06:13","guid":{"rendered":"https:\/\/www.yongyukitchenware.com\/?post_type=product&#038;p=2974"},"modified":"2025-06-13T06:54:25","modified_gmt":"2025-06-13T06:54:25","slug":"wholesale-restaurant-chafing-dishes","status":"publish","type":"product","link":"https:\/\/www.yongyukitchenware.com\/pt\/produto\/wholesale-restaurant-chafing-dishes\/","title":{"rendered":"Pratos para assar para restaurantes por atacado Design de revestimento amov\u00edvel"},"content":{"rendered":"<div class=\"wp-block-columns is-layout-flex wp-container-core-columns-is-layout-9d6595d7 wp-block-columns-is-layout-flex\">\n<div class=\"wp-block-column is-layout-flow wp-block-column-is-layout-flow\">\n<h2 class=\"wp-block-heading\">Pratos para assar em restaurantes Par\u00e2metro:<\/h2>\n\n\n\n<figure class=\"wp-block-table\"><table class=\"has-fixed-layout\"><tbody><tr><td>Modelo<\/td><td>Di\u00e2metro* Altura (cm)<\/td><td>Capacidade (l)<\/td><td>Peso (kg)<\/td><td>MOQ<\/td><\/tr><tr><td>DY013-CL<\/td><td>47*44*22<\/td><td>6<\/td><td>8<\/td><td>2 PE\u00c7AS<\/td><\/tr><\/tbody><\/table><\/figure>\n\n\n\n<h2 class=\"wp-block-heading\">Pratos para assar para restaurantes Carater\u00edsticas:<\/h2>\n\n\n\n<p><strong>M\u00e9todos de aquecimento flex\u00edveis: <\/strong>O aquecimento el\u00e9trico \u00e9 pr\u00e1tico e r\u00e1pido, com temperatura est\u00e1vel; o aquecimento a \u00e1lcool tem uma atmosfera mais tradicional e \u00e9 adequado para locais com elevada aceita\u00e7\u00e3o do aquecimento com chama aberta.<\/p>\n\n\n\n<p><strong>Design de forro amov\u00edvel: <\/strong>conveniente para a limpeza e manuten\u00e7\u00e3o, evitando eficazmente os res\u00edduos alimentares e a prolifera\u00e7\u00e3o de bact\u00e9rias, poupando custos de limpeza e tempo aos restaurantes.<\/p>\n\n\n\n<p><strong>Correspond\u00eancia personalizada: <\/strong>As bacias alimentares de grelha simples, dupla e tripla podem ser combinadas para satisfazer as diversas necessidades de diferentes formas de refei\u00e7\u00f5es, tais como buffets e banquetes.<\/p>\n\n\n\n<p><strong>Sistema inteligente de controlo da temperatura:<\/strong> Ecr\u00e3 t\u00e1til de controlo eletr\u00f3nico da temperatura, funcionamento simples e intuitivo; interrutor de alimenta\u00e7\u00e3o independente para evitar erros de funcionamento; a configura\u00e7\u00e3o do term\u00f3stato garante ainda mais a precis\u00e3o e a estabilidade do controlo da temperatura.<\/p>\n\n\n\n<p><strong>Material de alta qualidade:<\/strong> Feito de a\u00e7o inoxid\u00e1vel, \u00e9 robusto e dur\u00e1vel, resistente \u00e0 corros\u00e3o e ao desgaste, pode suportar a utiliza\u00e7\u00e3o frequente e ambientes de trabalho de alta intensidade, reduz o custo de substitui\u00e7\u00e3o do equipamento de restaura\u00e7\u00e3o e tem uma elevada rela\u00e7\u00e3o custo-efic\u00e1cia para uma utiliza\u00e7\u00e3o a longo prazo.<\/p>\n<\/div>\n\n\n\n<div class=\"wp-block-column is-layout-flow wp-block-column-is-layout-flow\">\n<figure class=\"wp-block-image size-full\"><img decoding=\"async\" width=\"800\" height=\"800\" src=\"https:\/\/www.yongyukitchenware.com\/wp-content\/uploads\/2025\/02\/wholesale-chafer-dishes-2-1.webp\" alt=\"Pratos para assar para restaurantes por atacado\" class=\"wp-image-3020\" srcset=\"https:\/\/www.yongyukitchenware.com\/wp-content\/uploads\/2025\/02\/wholesale-chafer-dishes-2-1.webp 800w, https:\/\/www.yongyukitchenware.com\/wp-content\/uploads\/2025\/02\/wholesale-chafer-dishes-2-1-300x300.webp 300w, https:\/\/www.yongyukitchenware.com\/wp-content\/uploads\/2025\/02\/wholesale-chafer-dishes-2-1-150x150.webp 150w, https:\/\/www.yongyukitchenware.com\/wp-content\/uploads\/2025\/02\/wholesale-chafer-dishes-2-1-768x768.webp 768w, https:\/\/www.yongyukitchenware.com\/wp-content\/uploads\/2025\/02\/wholesale-chafer-dishes-2-1-12x12.webp 12w, https:\/\/www.yongyukitchenware.com\/wp-content\/uploads\/2025\/02\/wholesale-chafer-dishes-2-1-600x600.webp 600w, https:\/\/www.yongyukitchenware.com\/wp-content\/uploads\/2025\/02\/wholesale-chafer-dishes-2-1-100x100.webp 100w\" sizes=\"(max-width: 800px) 100vw, 800px\" \/><\/figure>\n<\/div>\n<\/div>","protected":false},"excerpt":{"rendered":"<p>Os pratos de Chafing para restaurantes por atacado apresentam um design de revestimento amov\u00edvel para uma limpeza e manuten\u00e7\u00e3o f\u00e1ceis. Dur\u00e1veis, elegantes e perfeitos para eventos de catering e buffet. Est\u00e3o dispon\u00edveis servi\u00e7os de personaliza\u00e7\u00e3o e OEM. Para mais informa\u00e7\u00f5es, contacte-nos!<\/p>\n<h2><!-- wp:heading --><\/h2>\n<h2 class=\"wp-block-heading\">Atributos das chapas de restaurante :<\/h2>\n<h2><!-- \/wp:heading --><\/p>\n<p><!-- wp:paragraph --><\/h2>\n<p><strong>Material: <\/strong>A\u00e7o inoxid\u00e1vel<br \/><strong>Cor: <\/strong>Prata<br \/><strong>Forma:<\/strong> Redondo com tampa articulada<br \/><strong>Calor: <\/strong>Aquecimento el\u00e9trico\/Aquecimento a \u00e1lcool<br \/><strong>Panela de chafer: <\/strong>Grelha simples\/dupla<br \/><strong>OEM\/ODM: <\/strong>Dispon\u00edvel<\/p>\n<h2 class=\"wp-block-heading\">De Yongyu Chafing Dish Fabricante :<\/h2>\n<p>Quer se trate de um fornecedor de servi\u00e7os de catering, de um hotel e de um restaurante ou de uma empresa de planeamento de eventos, fornecemos solu\u00e7\u00f5es personalizadas completas de pratos de chafing por atacado para ajudar a sua empresa com pre\u00e7os de f\u00e1brica de alta qualidade!<\/p>\n<h2><!-- \/wp:paragraph --><\/h2>","protected":false},"featured_media":3020,"comment_status":"closed","ping_status":"closed","template":"","meta":{"_acf_changed":false},"application":[30],"product_brand":[],"product_cat":[33],"product_tag":[],"class_list":{"0":"post-2974","1":"product","2":"type-product","3":"status-publish","4":"has-post-thumbnail","6":"application-hotel-catering","7":"product_cat-chafing-dishes-wholesale","9":"first","10":"instock","11":"shipping-taxable","12":"product-type-simple"},"acf":[],"_links":{"self":[{"href":"https:\/\/www.yongyukitchenware.com\/pt\/wp-json\/wp\/v2\/product\/2974","targetHints":{"allow":["GET"]}}],"collection":[{"href":"https:\/\/www.yongyukitchenware.com\/pt\/wp-json\/wp\/v2\/product"}],"about":[{"href":"https:\/\/www.yongyukitchenware.com\/pt\/wp-json\/wp\/v2\/types\/product"}],"replies":[{"embeddable":true,"href":"https:\/\/www.yongyukitchenware.com\/pt\/wp-json\/wp\/v2\/comments?post=2974"}],"wp:featuredmedia":[{"embeddable":true,"href":"https:\/\/www.yongyukitchenware.com\/pt\/wp-json\/wp\/v2\/media\/3020"}],"wp:attachment":[{"href":"https:\/\/www.yongyukitchenware.com\/pt\/wp-json\/wp\/v2\/media?parent=2974"}],"wp:term":[{"taxonomy":"application","embeddable":true,"href":"https:\/\/www.yongyukitchenware.com\/pt\/wp-json\/wp\/v2\/application?post=2974"},{"taxonomy":"product_brand","embeddable":true,"href":"https:\/\/www.yongyukitchenware.com\/pt\/wp-json\/wp\/v2\/product_brand?post=2974"},{"taxonomy":"product_cat","embeddable":true,"href":"https:\/\/www.yongyukitchenware.com\/pt\/wp-json\/wp\/v2\/product_cat?post=2974"},{"taxonomy":"product_tag","embeddable":true,"href":"https:\/\/www.yongyukitchenware.com\/pt\/wp-json\/wp\/v2\/product_tag?post=2974"}],"curies":[{"name":"wp","href":"https:\/\/api.w.org\/{rel}","templated":true}]}}