{"id":2985,"date":"2025-03-07T08:28:20","date_gmt":"2025-03-07T08:28:20","guid":{"rendered":"https:\/\/www.yongyukitchenware.com\/?post_type=product&#038;p=2985"},"modified":"2025-06-13T06:59:43","modified_gmt":"2025-06-13T06:59:43","slug":"wholesale-stainless-steel-chafing-dishes","status":"publish","type":"product","link":"https:\/\/www.yongyukitchenware.com\/pt\/produto\/wholesale-stainless-steel-chafing-dishes\/","title":{"rendered":"Conjunto de pratos de a\u00e7o inoxid\u00e1vel para buffet de alta qualidade por atacado"},"content":{"rendered":"<div class=\"wp-block-columns is-layout-flex wp-container-core-columns-is-layout-9d6595d7 wp-block-columns-is-layout-flex\">\n<div class=\"wp-block-column is-layout-flow wp-block-column-is-layout-flow\">\n<h2 class=\"wp-block-heading\">Chafing dishes em a\u00e7o inoxid\u00e1vel Par\u00e2metro:<\/h2>\n\n\n\n<figure class=\"wp-block-table\"><table class=\"has-fixed-layout\"><tbody><tr><td>Modelo<\/td><td>Di\u00e2metro* Altura (cm)<\/td><td>Capacidade (l)<\/td><td>Peso (kg)<\/td><td>MOQ<\/td><\/tr><tr><td>DY008-CL<\/td><td>61*45*24<\/td><td>9<\/td><td>8.3<\/td><td>2 PE\u00c7AS<\/td><\/tr><\/tbody><\/table><\/figure>\n\n\n\n<h2 class=\"wp-block-heading\">Pratos para chafing em a\u00e7o inoxid\u00e1vel Carater\u00edsticas:<\/h2>\n\n\n\n<p><strong>Dois m\u00e9todos de aquecimento: <\/strong>Fornece aquecimento el\u00e9trico e aquecimento a \u00e1lcool para garantir que os alimentos podem ser mantidos quentes em qualquer ambiente.<\/p>\n\n\n\n<p><strong>Material duradouro em a\u00e7o inoxid\u00e1vel:<\/strong> Fabricado em a\u00e7o inoxid\u00e1vel de alta qualidade, \u00e9 resistente a altas temperaturas e \u00e0 corros\u00e3o.<\/p>\n\n\n\n<p><strong>Design de travessa retangular: <\/strong>O design retangular da travessa proporciona um maior espa\u00e7o de exposi\u00e7\u00e3o dos alimentos.<\/p>\n\n\n\n<p><strong>Design de forro amov\u00edvel: <\/strong>O revestimento \u00e9 amov\u00edvel para facilitar a limpeza e a manuten\u00e7\u00e3o, garantindo uma experi\u00eancia de utiliza\u00e7\u00e3o higi\u00e9nica e conveniente.<\/p>\n\n\n\n<p><strong>Ecr\u00e3 t\u00e1til de controlo eletr\u00f3nico da temperatura:<\/strong> O design avan\u00e7ado do ecr\u00e3 t\u00e1til de controlo eletr\u00f3nico da temperatura permite controlar com precis\u00e3o o aquecimento dos alimentos.<\/p>\n\n\n\n<p><strong>Interruptor de alimenta\u00e7\u00e3o independente: <\/strong>O design do interrutor de alimenta\u00e7\u00e3o independente garante um funcionamento seguro e facilita aos utilizadores a r\u00e1pida desativa\u00e7\u00e3o do dispositivo.<\/p>\n\n\n\n<p><strong>Termostato: <\/strong>O term\u00f3stato garante uma temperatura est\u00e1vel, evita o sobreaquecimento dos alimentos ou uma temperatura irregular e garante a qualidade e o sabor dos alimentos.<\/p>\n<\/div>\n\n\n\n<div class=\"wp-block-column is-layout-flow wp-block-column-is-layout-flow\">\n<figure class=\"wp-block-image size-full is-style-default\"><img decoding=\"async\" width=\"800\" height=\"800\" src=\"https:\/\/www.yongyukitchenware.com\/wp-content\/uploads\/2025\/02\/wholesale-stainless-steel-chafing-dishes-2.webp\" alt=\"pratos para assar em a\u00e7o inoxid\u00e1vel por atacado\" class=\"wp-image-2987\" srcset=\"https:\/\/www.yongyukitchenware.com\/wp-content\/uploads\/2025\/02\/wholesale-stainless-steel-chafing-dishes-2.webp 800w, https:\/\/www.yongyukitchenware.com\/wp-content\/uploads\/2025\/02\/wholesale-stainless-steel-chafing-dishes-2-300x300.webp 300w, https:\/\/www.yongyukitchenware.com\/wp-content\/uploads\/2025\/02\/wholesale-stainless-steel-chafing-dishes-2-150x150.webp 150w, https:\/\/www.yongyukitchenware.com\/wp-content\/uploads\/2025\/02\/wholesale-stainless-steel-chafing-dishes-2-768x768.webp 768w, https:\/\/www.yongyukitchenware.com\/wp-content\/uploads\/2025\/02\/wholesale-stainless-steel-chafing-dishes-2-12x12.webp 12w, https:\/\/www.yongyukitchenware.com\/wp-content\/uploads\/2025\/02\/wholesale-stainless-steel-chafing-dishes-2-600x600.webp 600w, https:\/\/www.yongyukitchenware.com\/wp-content\/uploads\/2025\/02\/wholesale-stainless-steel-chafing-dishes-2-100x100.webp 100w\" sizes=\"(max-width: 800px) 100vw, 800px\" \/><\/figure>\n<\/div>\n<\/div>","protected":false},"excerpt":{"rendered":"<div class=\"flex max-w-full flex-col flex-grow\">\n<div class=\"min-h-8 text-message flex w-full flex-col items-end gap-2 whitespace-normal break-words text-start [.text-message+&amp;]:mt-5\" dir=\"auto\" data-message-author-role=\"assistant\" data-message-id=\"e07a47d1-8143-4d76-a750-70f60d252df1\" data-message-model-slug=\"gpt-4o\">\n<div class=\"flex w-full flex-col gap-1 empty:hidden first:pt-[3px]\">\n<div class=\"markdown prose w-full break-words dark:prose-invert dark\">\n<p data-start=\"0\" data-end=\"249\" data-is-last-node=\"\"><strong data-start=\"87\" data-end=\"131\">Pratos para assar em a\u00e7o inoxid\u00e1vel por grosso<\/strong> oferecem solu\u00e7\u00f5es de servi\u00e7o duradouras e de alta qualidade para eventos de catering. Perfeitas para a configura\u00e7\u00e3o de buffets, proporcionam uma apresenta\u00e7\u00e3o elegante e um desempenho duradouro. F\u00e1ceis de limpar e de manter, incluem op\u00e7\u00f5es personaliz\u00e1veis. Garantimos uma entrega r\u00e1pida e uma satisfa\u00e7\u00e3o superior com pre\u00e7os competitivos e um servi\u00e7o ao cliente fi\u00e1vel. Contacte-nos hoje para obter mais informa\u00e7\u00f5es.<\/p>\n<\/div>\n<\/div>\n<\/div>\n<\/div>\n<h2><!-- wp:heading --><\/h2>\n<h2 class=\"wp-block-heading\">Atributos dos pratos de a\u00e7o inoxid\u00e1vel para chafing:<\/h2>\n<h2><!-- \/wp:heading --><\/p>\n<p><!-- wp:paragraph --><\/h2>\n<p><strong>Material: <\/strong>A\u00e7o inoxid\u00e1vel<br \/><strong>Cor: <\/strong>Prata<br \/><strong>Forma:<\/strong> Ret\u00e2ngulo com tampa articulada<br \/><strong>Calor: <\/strong>Aquecimento el\u00e9trico\/Aquecimento a \u00e1lcool<br \/><strong>Panela de chafer: <\/strong>Grelha simples\/dupla<br \/><strong>OEM\/ODM: <\/strong>Dispon\u00edvel<\/p>\n<h2 class=\"wp-block-heading\">De Yongyu Chafing Dish Fabricante :<\/h2>\n<p>Quer se trate de um fornecedor de servi\u00e7os de catering, de um hotel e de um restaurante ou de uma empresa de planeamento de eventos, fornecemos solu\u00e7\u00f5es personalizadas completas de pratos de chafing por atacado para ajudar a sua empresa com pre\u00e7os de f\u00e1brica de alta qualidade!<\/p>\n<h2><!-- \/wp:paragraph --><\/h2>","protected":false},"featured_media":2986,"comment_status":"closed","ping_status":"closed","template":"","meta":{"_acf_changed":false},"application":[30],"product_brand":[],"product_cat":[33],"product_tag":[43],"class_list":{"0":"post-2985","1":"product","2":"type-product","3":"status-publish","4":"has-post-thumbnail","6":"application-hotel-catering","7":"product_cat-chafing-dishes-wholesale","8":"product_tag-recommend","10":"first","11":"instock","12":"shipping-taxable","13":"product-type-simple"},"acf":[],"_links":{"self":[{"href":"https:\/\/www.yongyukitchenware.com\/pt\/wp-json\/wp\/v2\/product\/2985","targetHints":{"allow":["GET"]}}],"collection":[{"href":"https:\/\/www.yongyukitchenware.com\/pt\/wp-json\/wp\/v2\/product"}],"about":[{"href":"https:\/\/www.yongyukitchenware.com\/pt\/wp-json\/wp\/v2\/types\/product"}],"replies":[{"embeddable":true,"href":"https:\/\/www.yongyukitchenware.com\/pt\/wp-json\/wp\/v2\/comments?post=2985"}],"wp:featuredmedia":[{"embeddable":true,"href":"https:\/\/www.yongyukitchenware.com\/pt\/wp-json\/wp\/v2\/media\/2986"}],"wp:attachment":[{"href":"https:\/\/www.yongyukitchenware.com\/pt\/wp-json\/wp\/v2\/media?parent=2985"}],"wp:term":[{"taxonomy":"application","embeddable":true,"href":"https:\/\/www.yongyukitchenware.com\/pt\/wp-json\/wp\/v2\/application?post=2985"},{"taxonomy":"product_brand","embeddable":true,"href":"https:\/\/www.yongyukitchenware.com\/pt\/wp-json\/wp\/v2\/product_brand?post=2985"},{"taxonomy":"product_cat","embeddable":true,"href":"https:\/\/www.yongyukitchenware.com\/pt\/wp-json\/wp\/v2\/product_cat?post=2985"},{"taxonomy":"product_tag","embeddable":true,"href":"https:\/\/www.yongyukitchenware.com\/pt\/wp-json\/wp\/v2\/product_tag?post=2985"}],"curies":[{"name":"wp","href":"https:\/\/api.w.org\/{rel}","templated":true}]}}