{"id":3016,"date":"2025-03-07T09:51:35","date_gmt":"2025-03-07T09:51:35","guid":{"rendered":"https:\/\/www.yongyukitchenware.com\/?post_type=product&#038;p=3016"},"modified":"2025-06-13T06:55:41","modified_gmt":"2025-06-13T06:55:41","slug":"wholesale-chafer-dishes","status":"publish","type":"product","link":"https:\/\/www.yongyukitchenware.com\/pt\/produto\/wholesale-chafer-dishes\/","title":{"rendered":"Pratos para chafer por atacado Utens\u00edlios de servi\u00e7o de catering de alta qualidade"},"content":{"rendered":"<div class=\"wp-block-columns is-layout-flex wp-container-core-columns-is-layout-9d6595d7 wp-block-columns-is-layout-flex\">\n<div class=\"wp-block-column is-layout-flow wp-block-column-is-layout-flow\">\n<h2 class=\"wp-block-heading\">Pratos para chafer Par\u00e2metro:<\/h2>\n\n\n\n<figure class=\"wp-block-table\"><table class=\"has-fixed-layout\"><tbody><tr><td>Modelo<\/td><td>Di\u00e2metro* Altura (cm)<\/td><td>Capacidade (l)<\/td><td>Peso (kg)<\/td><td>MOQ<\/td><\/tr><tr><td>DY013-CL<\/td><td>40*40*22<\/td><td>6<\/td><td>7.6<\/td><td>2 PE\u00c7AS<\/td><\/tr><\/tbody><\/table><\/figure>\n\n\n\n<h2 class=\"wp-block-heading\">Pratos Chafer Carater\u00edsticas:<\/h2>\n\n\n\n<p><strong>Modo de aquecimento duplo:<\/strong> suporta aquecimento el\u00e9trico e aquecimento a \u00e1lcool, adaptando-se a diferentes ambientes de utiliza\u00e7\u00e3o.<\/p>\n\n\n\n<p><strong>Design de forro amov\u00edvel: <\/strong>f\u00e1cil de limpar e manter, garante a higiene do produto e \u00e9 f\u00e1cil de desmontar e substituir.<\/p>\n\n\n\n<p><strong>Configura\u00e7\u00e3o flex\u00edvel da tigela de comida: <\/strong>A tigela para alimentos com grelha simples, grelha dupla ou grelha tripla pode ser selecionada de acordo com as necessidades.<\/p>\n\n\n\n<p><strong>Ecr\u00e3 t\u00e1til de controlo eletr\u00f3nico da temperatura: <\/strong>design moderno do ecr\u00e3 t\u00e1til, funcionamento simplificado, os utilizadores podem ajustar facilmente a temperatura para garantir que os alimentos s\u00e3o mantidos frescos \u00e0 temperatura ideal.<\/p>\n\n\n\n<p><strong>Interruptor de alimenta\u00e7\u00e3o independente:<\/strong> conveniente para desligar rapidamente, assegurando que o dispositivo \u00e9 desligado em seguran\u00e7a quando n\u00e3o est\u00e1 a ser utilizado.<\/p>\n\n\n\n<p><strong>Term\u00f3stato de alta precis\u00e3o:<\/strong> controlo preciso da temperatura para evitar o sobreaquecimento ou o arrefecimento excessivo dos alimentos.<\/p>\n\n\n\n<p><strong>Material duradouro em a\u00e7o inoxid\u00e1vel:<\/strong> em a\u00e7o inoxid\u00e1vel de alta qualidade, resistente \u00e0 corros\u00e3o e a altas temperaturas.<\/p>\n<\/div>\n\n\n\n<div class=\"wp-block-column is-layout-flow wp-block-column-is-layout-flow\">\n<figure class=\"wp-block-image size-full\"><img decoding=\"async\" width=\"800\" height=\"800\" src=\"https:\/\/www.yongyukitchenware.com\/wp-content\/uploads\/2025\/02\/wholesale-chafer-dishes-1.webp\" alt=\"pratos para chafer por atacado \" class=\"wp-image-3018\" srcset=\"https:\/\/www.yongyukitchenware.com\/wp-content\/uploads\/2025\/02\/wholesale-chafer-dishes-1.webp 800w, https:\/\/www.yongyukitchenware.com\/wp-content\/uploads\/2025\/02\/wholesale-chafer-dishes-1-300x300.webp 300w, https:\/\/www.yongyukitchenware.com\/wp-content\/uploads\/2025\/02\/wholesale-chafer-dishes-1-150x150.webp 150w, https:\/\/www.yongyukitchenware.com\/wp-content\/uploads\/2025\/02\/wholesale-chafer-dishes-1-768x768.webp 768w, https:\/\/www.yongyukitchenware.com\/wp-content\/uploads\/2025\/02\/wholesale-chafer-dishes-1-12x12.webp 12w, https:\/\/www.yongyukitchenware.com\/wp-content\/uploads\/2025\/02\/wholesale-chafer-dishes-1-600x600.webp 600w, https:\/\/www.yongyukitchenware.com\/wp-content\/uploads\/2025\/02\/wholesale-chafer-dishes-1-100x100.webp 100w\" sizes=\"(max-width: 800px) 100vw, 800px\" \/><\/figure>\n<\/div>\n<\/div>\n\n\n\n<p><\/p>","protected":false},"excerpt":{"rendered":"<div class=\"flex max-w-full flex-col flex-grow\">\n<div class=\"min-h-8 text-message flex w-full flex-col items-end gap-2 whitespace-normal break-words text-start [.text-message+&amp;]:mt-5\" dir=\"auto\" data-message-author-role=\"assistant\" data-message-id=\"e07a47d1-8143-4d76-a750-70f60d252df1\" data-message-model-slug=\"gpt-4o\">\n<div class=\"flex w-full flex-col gap-1 empty:hidden first:pt-[3px]\">\n<div class=\"markdown prose w-full break-words dark:prose-invert dark\">\n<p data-start=\"0\" data-end=\"249\" data-is-last-node=\"\"><strong data-start=\"0\" data-end=\"27\">Pratos para chafer por atacado<\/strong> s\u00e3o feitos de a\u00e7o inoxid\u00e1vel de primeira qualidade, oferecendo designs elegantes para buffets e eventos. Dispon\u00edvel em v\u00e1rios tamanhos e configura\u00e7\u00f5es. Informe-se hoje sobre os pre\u00e7os e as op\u00e7\u00f5es de personaliza\u00e7\u00e3o!<\/p>\n<\/div>\n<\/div>\n<\/div>\n<\/div>\n<h2><!-- wp:heading --><\/h2>\n<h2 class=\"wp-block-heading\">Atributos dos pratos Chafer:<\/h2>\n<h2><!-- \/wp:heading --><\/p>\n<p><!-- wp:paragraph --><\/h2>\n<p><strong>Material: <\/strong>A\u00e7o inoxid\u00e1vel<br \/><strong>Cor: <\/strong>Prata<br \/><strong>Forma:<\/strong> Quadrado com tampa articulada<br \/><strong>Calor: <\/strong>Aquecimento el\u00e9trico\/Aquecimento a \u00e1lcool<br \/><strong>Panela de chafer: <\/strong>Grelha simples\/dupla<br \/><strong>OEM\/ODM: <\/strong>Dispon\u00edvel<\/p>\n<h2 class=\"wp-block-heading\">De Yongyu Chafing Dish Fabricante :<\/h2>\n<p>Quer se trate de um fornecedor de servi\u00e7os de catering, de um hotel e de um restaurante ou de uma empresa de planeamento de eventos, fornecemos solu\u00e7\u00f5es personalizadas completas de pratos de chafing por atacado para ajudar a sua empresa com pre\u00e7os de f\u00e1brica de alta qualidade!<\/p>\n<h2><!-- \/wp:paragraph --><\/h2>","protected":false},"featured_media":3018,"comment_status":"closed","ping_status":"closed","template":"","meta":{"_acf_changed":false},"application":[30],"product_brand":[],"product_cat":[33],"product_tag":[],"class_list":{"0":"post-3016","1":"product","2":"type-product","3":"status-publish","4":"has-post-thumbnail","6":"application-hotel-catering","7":"product_cat-chafing-dishes-wholesale","9":"first","10":"instock","11":"shipping-taxable","12":"product-type-simple"},"acf":[],"_links":{"self":[{"href":"https:\/\/www.yongyukitchenware.com\/pt\/wp-json\/wp\/v2\/product\/3016","targetHints":{"allow":["GET"]}}],"collection":[{"href":"https:\/\/www.yongyukitchenware.com\/pt\/wp-json\/wp\/v2\/product"}],"about":[{"href":"https:\/\/www.yongyukitchenware.com\/pt\/wp-json\/wp\/v2\/types\/product"}],"replies":[{"embeddable":true,"href":"https:\/\/www.yongyukitchenware.com\/pt\/wp-json\/wp\/v2\/comments?post=3016"}],"wp:featuredmedia":[{"embeddable":true,"href":"https:\/\/www.yongyukitchenware.com\/pt\/wp-json\/wp\/v2\/media\/3018"}],"wp:attachment":[{"href":"https:\/\/www.yongyukitchenware.com\/pt\/wp-json\/wp\/v2\/media?parent=3016"}],"wp:term":[{"taxonomy":"application","embeddable":true,"href":"https:\/\/www.yongyukitchenware.com\/pt\/wp-json\/wp\/v2\/application?post=3016"},{"taxonomy":"product_brand","embeddable":true,"href":"https:\/\/www.yongyukitchenware.com\/pt\/wp-json\/wp\/v2\/product_brand?post=3016"},{"taxonomy":"product_cat","embeddable":true,"href":"https:\/\/www.yongyukitchenware.com\/pt\/wp-json\/wp\/v2\/product_cat?post=3016"},{"taxonomy":"product_tag","embeddable":true,"href":"https:\/\/www.yongyukitchenware.com\/pt\/wp-json\/wp\/v2\/product_tag?post=3016"}],"curies":[{"name":"wp","href":"https:\/\/api.w.org\/{rel}","templated":true}]}}