{"id":3173,"date":"2025-03-22T02:05:05","date_gmt":"2025-03-22T02:05:05","guid":{"rendered":"https:\/\/www.yongyukitchenware.com\/?post_type=product&#038;p=3173"},"modified":"2025-06-13T06:37:48","modified_gmt":"2025-06-13T06:37:48","slug":"bulk-egg-shaped-plate","status":"publish","type":"product","link":"https:\/\/www.yongyukitchenware.com\/pt\/produto\/bulk-egg-shaped-plate\/","title":{"rendered":"Prato em forma de ovo de a\u00e7o inoxid\u00e1vel a granel Prato de peixe cozido a vapor"},"content":{"rendered":"<div class=\"wp-block-columns is-layout-flex wp-container-core-columns-is-layout-9d6595d7 wp-block-columns-is-layout-flex\">\n<div class=\"wp-block-column is-layout-flow wp-block-column-is-layout-flow\">\n<h2 class=\"wp-block-heading\">Tamanho da placa em forma de ovo de a\u00e7o inoxid\u00e1vel a granel:<\/h2>\n\n\n\n<figure class=\"wp-block-table\"><table class=\"has-fixed-layout\"><tbody><tr><td>Modelo<\/td><td>Tamanho<\/td><td>Di\u00e2metro<\/td><td>Peso<\/td><td>MOQ<\/td><\/tr><tr><td rowspan=\"5\">DY057-P<\/td><td>15 cm<\/td><td>25 cm<\/td><td>220g<\/td><td rowspan=\"5\">200 UNIDADES<\/td><\/tr><tr><td>17 cm<\/td><td>27 cm<\/td><td>272g<\/td><\/tr><tr><td>19 cm<\/td><td>29 cm<\/td><td>315g<\/td><\/tr><tr><td>21 cm<\/td><td>34cm<\/td><td>460g<\/td><\/tr><tr><td>23 cm<\/td><td>39 cm<\/td><td>590g<\/td><\/tr><\/tbody><\/table><\/figure>\n\n\n\n<h2 class=\"wp-block-heading\">Placa em forma de ovo de a\u00e7o inoxid\u00e1vel a granel Carater\u00edsticas:<\/h2>\n\n\n\n<p><strong>A\u00e7o inoxid\u00e1vel de alta qualidade de grau alimentar\uff1a<\/strong> Fabricado em a\u00e7o inoxid\u00e1vel de qualidade alimentar, com elevada resist\u00eancia \u00e0 corros\u00e3o. Inodoro, seguro e altamente dur\u00e1vel para uma utiliza\u00e7\u00e3o prolongada.<\/p>\n\n\n\n<p><strong>Design ergon\u00f3mico em forma de ovo\uff1a<\/strong> A forma de ovo cuidadosamente concebida facilita a disposi\u00e7\u00e3o e o servi\u00e7o de ingredientes compridos ou intactos, como peixe ou legumes cozidos a vapor.<\/p>\n\n\n\n<p><strong>Processo de desenho fino e polimento\uff1a<\/strong> Com uma superf\u00edcie lisa e fina, \u00e9 resistente a riscos e f\u00e1cil de limpar, mantendo o seu aspeto elegante a longo prazo.<\/p>\n\n\n\n<p><strong>Arestas arredondadas suaves\uff1a<\/strong> Os cantos cuidadosamente arredondados permitem um manuseamento seguro e evitam riscos ou cortes nas m\u00e3os durante a utiliza\u00e7\u00e3o ou a limpeza.<\/p>\n\n\n\n<p><strong>Fundo plano est\u00e1vel\uff1a <\/strong>Fundo forte e plano para um posicionamento firme em qualquer superf\u00edcie. Ideal para aquecimento direto, sendo assim conveniente para servir e cozinhar.<\/p>\n<\/div>\n\n\n\n<div class=\"wp-block-column is-layout-flow wp-block-column-is-layout-flow\">\n<figure class=\"wp-block-image size-full is-resized\"><img decoding=\"async\" width=\"800\" height=\"800\" src=\"https:\/\/www.yongyukitchenware.com\/wp-content\/uploads\/2025\/03\/Bulk-Stainless-Steel-Egg-Shaped-Plate-4.webp\" alt=\"Placa em forma de ovo de a\u00e7o inoxid\u00e1vel a granel-4\" class=\"wp-image-3177\" style=\"width:384px;height:auto\" srcset=\"https:\/\/www.yongyukitchenware.com\/wp-content\/uploads\/2025\/03\/Bulk-Stainless-Steel-Egg-Shaped-Plate-4.webp 800w, https:\/\/www.yongyukitchenware.com\/wp-content\/uploads\/2025\/03\/Bulk-Stainless-Steel-Egg-Shaped-Plate-4-300x300.webp 300w, https:\/\/www.yongyukitchenware.com\/wp-content\/uploads\/2025\/03\/Bulk-Stainless-Steel-Egg-Shaped-Plate-4-150x150.webp 150w, https:\/\/www.yongyukitchenware.com\/wp-content\/uploads\/2025\/03\/Bulk-Stainless-Steel-Egg-Shaped-Plate-4-768x768.webp 768w, https:\/\/www.yongyukitchenware.com\/wp-content\/uploads\/2025\/03\/Bulk-Stainless-Steel-Egg-Shaped-Plate-4-12x12.webp 12w, https:\/\/www.yongyukitchenware.com\/wp-content\/uploads\/2025\/03\/Bulk-Stainless-Steel-Egg-Shaped-Plate-4-600x600.webp 600w, https:\/\/www.yongyukitchenware.com\/wp-content\/uploads\/2025\/03\/Bulk-Stainless-Steel-Egg-Shaped-Plate-4-100x100.webp 100w\" sizes=\"(max-width: 800px) 100vw, 800px\" \/><\/figure>\n\n\n\n<figure class=\"wp-block-image size-full is-resized\"><img decoding=\"async\" width=\"800\" height=\"800\" src=\"https:\/\/www.yongyukitchenware.com\/wp-content\/uploads\/2025\/03\/Bulk-Stainless-Steel-Egg-Shaped-Plate-5.webp\" alt=\"Placa de a\u00e7o inoxid\u00e1vel em forma de ovo-5\" class=\"wp-image-3178\" style=\"width:384px\" srcset=\"https:\/\/www.yongyukitchenware.com\/wp-content\/uploads\/2025\/03\/Bulk-Stainless-Steel-Egg-Shaped-Plate-5.webp 800w, https:\/\/www.yongyukitchenware.com\/wp-content\/uploads\/2025\/03\/Bulk-Stainless-Steel-Egg-Shaped-Plate-5-300x300.webp 300w, https:\/\/www.yongyukitchenware.com\/wp-content\/uploads\/2025\/03\/Bulk-Stainless-Steel-Egg-Shaped-Plate-5-150x150.webp 150w, https:\/\/www.yongyukitchenware.com\/wp-content\/uploads\/2025\/03\/Bulk-Stainless-Steel-Egg-Shaped-Plate-5-768x768.webp 768w, https:\/\/www.yongyukitchenware.com\/wp-content\/uploads\/2025\/03\/Bulk-Stainless-Steel-Egg-Shaped-Plate-5-12x12.webp 12w, https:\/\/www.yongyukitchenware.com\/wp-content\/uploads\/2025\/03\/Bulk-Stainless-Steel-Egg-Shaped-Plate-5-600x600.webp 600w, https:\/\/www.yongyukitchenware.com\/wp-content\/uploads\/2025\/03\/Bulk-Stainless-Steel-Egg-Shaped-Plate-5-100x100.webp 100w\" sizes=\"(max-width: 800px) 100vw, 800px\" \/><\/figure>\n<\/div>\n<\/div>","protected":false},"excerpt":{"rendered":"<div class=\"n4sEPd\">\n<div class=\"UdTY9 qhIQqf leDWne\" aria-hidden=\"true\" data-location=\"1\">Placa em forma de ovo de a\u00e7o inoxid\u00e1vel a granel, personalizada e por atacado, fornecida diretamente pela f\u00e1brica de utens\u00edlios de mesa. Personaliza\u00e7\u00e3o de suporte com v\u00e1rios tamanhos e cores dispon\u00edveis. Ideal para servir peixe cozido a vapor e v\u00e1rios pratos. Servi\u00e7o de aquisi\u00e7\u00e3o \u00fanico dispon\u00edvel para vendedores de com\u00e9rcio eletr\u00f3nico. Bem-vindo ao inqu\u00e9rito!<\/div>\n<\/div>\n<h2 style=\"text-align: left\">Placa em forma de ovo de a\u00e7o inoxid\u00e1vel a granel:<\/h2>\n<p style=\"text-align: left\"><strong>Material:<\/strong> A\u00e7o inoxid\u00e1vel<br \/><strong>Comprimento:<\/strong>15\/17\/19\/21\/23cm<br \/><strong>Forma:<\/strong> Forma de ovo<br \/><strong>Embalagem:<\/strong> Saco OPP e caixa de cart\u00e3o<br \/><strong>OEM\/ODM:<\/strong> Dispon\u00edvel<\/p>\n<h2 class=\"wp-block-heading\">De Yongyu Tableware Wholesaler:<\/h2>\n<p>A Yongyu Tableware Wholesaler pode satisfazer as necessidades dos clientes a granel e fornecer uma s\u00e9rie de fornecimentos de catering de alta qualidade por atacado que combina eleg\u00e2ncia e durabilidade. Incluindo utens\u00edlios de mesa, utens\u00edlios de bebida, equipamento de restaura\u00e7\u00e3o, utens\u00edlios de cozinha, artigos essenciais de cozinha de acampamento, etc.<\/p>","protected":false},"featured_media":3174,"comment_status":"closed","ping_status":"closed","template":"","meta":{"_acf_changed":true},"application":[29],"product_brand":[],"product_cat":[21],"product_tag":[],"class_list":{"0":"post-3173","1":"product","2":"type-product","3":"status-publish","4":"has-post-thumbnail","6":"application-home-kitchen","7":"product_cat-tableware-wholesale","9":"first","10":"instock","11":"shipping-taxable","12":"product-type-simple"},"acf":[],"_links":{"self":[{"href":"https:\/\/www.yongyukitchenware.com\/pt\/wp-json\/wp\/v2\/product\/3173","targetHints":{"allow":["GET"]}}],"collection":[{"href":"https:\/\/www.yongyukitchenware.com\/pt\/wp-json\/wp\/v2\/product"}],"about":[{"href":"https:\/\/www.yongyukitchenware.com\/pt\/wp-json\/wp\/v2\/types\/product"}],"replies":[{"embeddable":true,"href":"https:\/\/www.yongyukitchenware.com\/pt\/wp-json\/wp\/v2\/comments?post=3173"}],"wp:featuredmedia":[{"embeddable":true,"href":"https:\/\/www.yongyukitchenware.com\/pt\/wp-json\/wp\/v2\/media\/3174"}],"wp:attachment":[{"href":"https:\/\/www.yongyukitchenware.com\/pt\/wp-json\/wp\/v2\/media?parent=3173"}],"wp:term":[{"taxonomy":"application","embeddable":true,"href":"https:\/\/www.yongyukitchenware.com\/pt\/wp-json\/wp\/v2\/application?post=3173"},{"taxonomy":"product_brand","embeddable":true,"href":"https:\/\/www.yongyukitchenware.com\/pt\/wp-json\/wp\/v2\/product_brand?post=3173"},{"taxonomy":"product_cat","embeddable":true,"href":"https:\/\/www.yongyukitchenware.com\/pt\/wp-json\/wp\/v2\/product_cat?post=3173"},{"taxonomy":"product_tag","embeddable":true,"href":"https:\/\/www.yongyukitchenware.com\/pt\/wp-json\/wp\/v2\/product_tag?post=3173"}],"curies":[{"name":"wp","href":"https:\/\/api.w.org\/{rel}","templated":true}]}}