{"id":3181,"date":"2025-03-22T02:17:12","date_gmt":"2025-03-22T02:17:12","guid":{"rendered":"https:\/\/www.yongyukitchenware.com\/?post_type=product&#038;p=3181"},"modified":"2025-06-13T06:30:40","modified_gmt":"2025-06-13T06:30:40","slug":"bulk-egg-shaped-tray","status":"publish","type":"product","link":"https:\/\/www.yongyukitchenware.com\/pt\/produto\/bulk-egg-shaped-tray\/","title":{"rendered":"Tabuleiro em forma de ovo em a\u00e7o inoxid\u00e1vel a granel Prato para servir comida"},"content":{"rendered":"<div class=\"wp-block-columns is-layout-flex wp-container-core-columns-is-layout-9d6595d7 wp-block-columns-is-layout-flex\">\n<div class=\"wp-block-column is-layout-flow wp-block-column-is-layout-flow\">\n<h2 class=\"wp-block-heading\">Tabuleiro em forma de ovo de a\u00e7o inoxid\u00e1vel a granel Tamanho:<\/h2>\n\n\n\n<figure class=\"wp-block-table\"><table class=\"has-fixed-layout\"><tbody><tr><td>Modelo<\/td><td>Tamanho (Comprimento * Largura)<\/td><td>Altura<\/td><td>MOQ<\/td><\/tr><tr><td rowspan=\"4\">DY053-P<\/td><td>20*14,4cm<\/td><td rowspan=\"4\">1cm<\/td><td rowspan=\"4\">200 UNIDADES<\/td><\/tr><tr><td>26,6*19,5cm<\/td><\/tr><tr><td>28,7*22cm<\/td><\/tr><tr><td>31*25cm<\/td><\/tr><\/tbody><\/table><\/figure>\n\n\n\n<h2 class=\"wp-block-heading\">Tabuleiro em forma de ovo em a\u00e7o inoxid\u00e1vel a granel Carater\u00edsticas:<\/h2>\n\n\n\n<p><strong>A\u00e7o inoxid\u00e1vel de qualidade alimentar<\/strong>\uff1a Constru\u00eddo em a\u00e7o inoxid\u00e1vel de alta qualidade para alimentos, oferecendo mais resist\u00eancia \u00e0 corros\u00e3o. Inodoro, n\u00e3o t\u00f3xico e duradouro, perfeito para uso comercial e dom\u00e9stico.<br><strong>Design inovador em forma de ovo<\/strong>\uff1a Design ergon\u00f3mico do ovo, ideal para organizar ingredientes longos ou finos, como peixe cozido a vapor, sushi ou aperitivos, num piscar de olhos.<br><strong>Processo de desenho e polimento refinado<\/strong>\uff1a Superf\u00edcie lisa e elegante atrav\u00e9s de desenho e polimento de alta qualidade, dando uma apar\u00eancia limpa, superf\u00edcie f\u00e1cil de limpar resistente a manchas e arranh\u00f5es.<br><strong>Cantos lisos e arredondados<\/strong>Bordas lisas e arredondadas, proporcionam um aperto confort\u00e1vel sem o perigo de ferir as m\u00e3os ao manusear, garantindo seguran\u00e7a e facilidade de uso.<br><strong>Base plana est\u00e1vel para flexibilidade<\/strong>\uff1a A constru\u00e7\u00e3o do fundo plano proporciona uma excelente estabilidade. A bandeja pode ser colocada com seguran\u00e7a em qualquer base e pode ser aquecida diretamente com ela, oferecendo flexibilidade em servir e cozinhar.<\/p>\n<\/div>\n\n\n\n<div class=\"wp-block-column is-layout-flow wp-block-column-is-layout-flow\">\n<figure class=\"wp-block-image size-full is-resized\"><img decoding=\"async\" width=\"800\" height=\"800\" src=\"https:\/\/www.yongyukitchenware.com\/wp-content\/uploads\/2025\/03\/Bulk-Stainless-Steel-Egg-Shaped-Tray-4.webp\" alt=\"Bandeja em forma de ovo em a\u00e7o inoxid\u00e1vel-4\" class=\"wp-image-3185\" style=\"width:384px;height:auto\" srcset=\"https:\/\/www.yongyukitchenware.com\/wp-content\/uploads\/2025\/03\/Bulk-Stainless-Steel-Egg-Shaped-Tray-4.webp 800w, https:\/\/www.yongyukitchenware.com\/wp-content\/uploads\/2025\/03\/Bulk-Stainless-Steel-Egg-Shaped-Tray-4-300x300.webp 300w, https:\/\/www.yongyukitchenware.com\/wp-content\/uploads\/2025\/03\/Bulk-Stainless-Steel-Egg-Shaped-Tray-4-150x150.webp 150w, https:\/\/www.yongyukitchenware.com\/wp-content\/uploads\/2025\/03\/Bulk-Stainless-Steel-Egg-Shaped-Tray-4-768x768.webp 768w, https:\/\/www.yongyukitchenware.com\/wp-content\/uploads\/2025\/03\/Bulk-Stainless-Steel-Egg-Shaped-Tray-4-12x12.webp 12w, https:\/\/www.yongyukitchenware.com\/wp-content\/uploads\/2025\/03\/Bulk-Stainless-Steel-Egg-Shaped-Tray-4-600x600.webp 600w, https:\/\/www.yongyukitchenware.com\/wp-content\/uploads\/2025\/03\/Bulk-Stainless-Steel-Egg-Shaped-Tray-4-100x100.webp 100w\" sizes=\"(max-width: 800px) 100vw, 800px\" \/><\/figure>\n\n\n\n<figure class=\"wp-block-image size-full is-resized\"><img decoding=\"async\" width=\"800\" height=\"800\" src=\"https:\/\/www.yongyukitchenware.com\/wp-content\/uploads\/2025\/03\/Bulk-Stainless-Steel-Egg-Shaped-Tray-5.webp\" alt=\"Bandeja em forma de ovo-5 em a\u00e7o inoxid\u00e1vel a granel\" class=\"wp-image-3186\" style=\"width:384px\" srcset=\"https:\/\/www.yongyukitchenware.com\/wp-content\/uploads\/2025\/03\/Bulk-Stainless-Steel-Egg-Shaped-Tray-5.webp 800w, https:\/\/www.yongyukitchenware.com\/wp-content\/uploads\/2025\/03\/Bulk-Stainless-Steel-Egg-Shaped-Tray-5-300x300.webp 300w, https:\/\/www.yongyukitchenware.com\/wp-content\/uploads\/2025\/03\/Bulk-Stainless-Steel-Egg-Shaped-Tray-5-150x150.webp 150w, https:\/\/www.yongyukitchenware.com\/wp-content\/uploads\/2025\/03\/Bulk-Stainless-Steel-Egg-Shaped-Tray-5-768x768.webp 768w, https:\/\/www.yongyukitchenware.com\/wp-content\/uploads\/2025\/03\/Bulk-Stainless-Steel-Egg-Shaped-Tray-5-12x12.webp 12w, https:\/\/www.yongyukitchenware.com\/wp-content\/uploads\/2025\/03\/Bulk-Stainless-Steel-Egg-Shaped-Tray-5-600x600.webp 600w, https:\/\/www.yongyukitchenware.com\/wp-content\/uploads\/2025\/03\/Bulk-Stainless-Steel-Egg-Shaped-Tray-5-100x100.webp 100w\" sizes=\"(max-width: 800px) 100vw, 800px\" \/><\/figure>\n<\/div>\n<\/div>\n\n\n\n<p><\/p>","protected":false},"excerpt":{"rendered":"<div class=\"n4sEPd\">\n<div class=\"UdTY9 qhIQqf leDWne\" aria-hidden=\"true\" data-location=\"1\">Tabuleiro em forma de ovo em a\u00e7o inoxid\u00e1vel a granel, fornecimento direto da f\u00e1brica com tamanhos e cores personaliz\u00e1veis. Ideal para servir marisco, aperitivos e muito mais. Perfeito para restaurantes, hot\u00e9is e catering. Servi\u00e7o de aquisi\u00e7\u00e3o \u00fanico para vendedores de com\u00e9rcio eletr\u00f3nico. Contacte-nos para mais informa\u00e7\u00f5es!<\/div>\n<\/div>\n<h2 style=\"text-align: left\">Tabuleiro em forma de ovo em a\u00e7o inoxid\u00e1vel a granel:<\/h2>\n<p style=\"text-align: left\"><strong>Material:<\/strong> A\u00e7o inoxid\u00e1vel<br \/><strong>Comprimento:<\/strong>20\/26\/28\/31cm<br \/><strong>Forma:<\/strong> Forma de ovo<br \/><strong>Embalagem:<\/strong> Saco OPP e caixa de cart\u00e3o<br \/><strong>OEM\/ODM:<\/strong> Dispon\u00edvel<\/p>\n<h2 class=\"wp-block-heading\">De Yongyu Tableware Wholesaler:<\/h2>\n<p>A Yongyu Tableware Wholesaler pode satisfazer as necessidades dos clientes a granel e fornecer uma s\u00e9rie de fornecimentos de catering de alta qualidade por atacado que combina eleg\u00e2ncia e durabilidade. Incluindo utens\u00edlios de mesa, utens\u00edlios de bebida, equipamento de restaura\u00e7\u00e3o, utens\u00edlios de cozinha, artigos essenciais de cozinha de acampamento, etc.<\/p>","protected":false},"featured_media":3182,"comment_status":"closed","ping_status":"closed","template":"","meta":{"_acf_changed":false},"application":[29],"product_brand":[],"product_cat":[21],"product_tag":[],"class_list":{"0":"post-3181","1":"product","2":"type-product","3":"status-publish","4":"has-post-thumbnail","6":"application-home-kitchen","7":"product_cat-tableware-wholesale","9":"first","10":"instock","11":"shipping-taxable","12":"product-type-simple"},"acf":[],"_links":{"self":[{"href":"https:\/\/www.yongyukitchenware.com\/pt\/wp-json\/wp\/v2\/product\/3181","targetHints":{"allow":["GET"]}}],"collection":[{"href":"https:\/\/www.yongyukitchenware.com\/pt\/wp-json\/wp\/v2\/product"}],"about":[{"href":"https:\/\/www.yongyukitchenware.com\/pt\/wp-json\/wp\/v2\/types\/product"}],"replies":[{"embeddable":true,"href":"https:\/\/www.yongyukitchenware.com\/pt\/wp-json\/wp\/v2\/comments?post=3181"}],"wp:featuredmedia":[{"embeddable":true,"href":"https:\/\/www.yongyukitchenware.com\/pt\/wp-json\/wp\/v2\/media\/3182"}],"wp:attachment":[{"href":"https:\/\/www.yongyukitchenware.com\/pt\/wp-json\/wp\/v2\/media?parent=3181"}],"wp:term":[{"taxonomy":"application","embeddable":true,"href":"https:\/\/www.yongyukitchenware.com\/pt\/wp-json\/wp\/v2\/application?post=3181"},{"taxonomy":"product_brand","embeddable":true,"href":"https:\/\/www.yongyukitchenware.com\/pt\/wp-json\/wp\/v2\/product_brand?post=3181"},{"taxonomy":"product_cat","embeddable":true,"href":"https:\/\/www.yongyukitchenware.com\/pt\/wp-json\/wp\/v2\/product_cat?post=3181"},{"taxonomy":"product_tag","embeddable":true,"href":"https:\/\/www.yongyukitchenware.com\/pt\/wp-json\/wp\/v2\/product_tag?post=3181"}],"curies":[{"name":"wp","href":"https:\/\/api.w.org\/{rel}","templated":true}]}}