{"id":3193,"date":"2025-03-28T01:21:00","date_gmt":"2025-03-28T01:21:00","guid":{"rendered":"https:\/\/www.yongyukitchenware.com\/?post_type=product&#038;p=3193"},"modified":"2025-06-13T06:27:40","modified_gmt":"2025-06-13T06:27:40","slug":"bulk-stainless-steel-square-snack-box-dessert-plate-with-handle","status":"publish","type":"product","link":"https:\/\/www.yongyukitchenware.com\/pt\/produto\/bulk-stainless-steel-square-snack-box-dessert-plate-with-handle\/","title":{"rendered":"Caixa de snacks quadrada de a\u00e7o inoxid\u00e1vel a granel Prato de sobremesa com pega"},"content":{"rendered":"<div class=\"wp-block-columns is-layout-flex wp-container-core-columns-is-layout-9d6595d7 wp-block-columns-is-layout-flex\">\n<div class=\"wp-block-column is-layout-flow wp-block-column-is-layout-flow\">\n<h2 class=\"wp-block-heading\">Caixa para snacks quadrada de a\u00e7o inoxid\u00e1vel a granel Tamanho:<\/h2>\n\n\n\n<figure class=\"wp-block-table\"><table class=\"has-fixed-layout\"><tbody><tr><td>Modelo<\/td><td>Tamanho(Comprimento*Largura)<\/td><td>Altura<\/td><td>MOQ<\/td><\/tr><tr><td rowspan=\"2\">DY056-P<\/td><td>11,5*10,5cm<\/td><td>4,2 cm<\/td><td rowspan=\"2\">200 UNIDADES<\/td><\/tr><tr><td>18*10cm<\/td><td>4,5 cm<\/td><\/tr><\/tbody><\/table><\/figure>\n\n\n\n<h2 class=\"wp-block-heading\">Caixa para snacks quadrada em a\u00e7o inoxid\u00e1vel a granel Carater\u00edsticas:<\/h2>\n\n\n\n<p><strong>A\u00e7o inoxid\u00e1vel de qualidade superior: <\/strong>Fabricado em a\u00e7o inoxid\u00e1vel de qualidade alimentar, oferece resist\u00eancia \u00e0 corros\u00e3o, aus\u00eancia de odores e longevidade duradoura.<\/p>\n\n\n\n<p><strong>Design profundo do tabuleiro:<\/strong> Design amplo e sem derrames que pode conter mais alimentos sem risco de derrame.<\/p>\n\n\n\n<p><strong>Processo de desenho e polimento:<\/strong> Textura suave e macia, f\u00e1cil de limpar e conservar.<\/p>\n\n\n\n<p><strong>Cantos arredondados: <\/strong>Seguro, suave e f\u00e1cil de manusear, sem causar les\u00f5es nas m\u00e3os.<\/p>\n\n\n\n<p><strong>Design de fundo plano: <\/strong>Fundo est\u00e1vel e plano para uma coloca\u00e7\u00e3o firme e pode ser aquecido diretamente com seguran\u00e7a.<\/p>\n<\/div>\n\n\n\n<div class=\"wp-block-column is-layout-flow wp-block-column-is-layout-flow\">\n<figure class=\"wp-block-image size-full is-resized\"><img decoding=\"async\" width=\"800\" height=\"800\" src=\"https:\/\/www.yongyukitchenware.com\/wp-content\/uploads\/2025\/03\/Bulk-Stainless-Steel-Square-Snack-Box-8.webp\" alt=\"Caixa de embalagem de a\u00e7o inoxid\u00e1vel quadrado-8\" class=\"wp-image-3208\" style=\"width:384px;height:auto\" srcset=\"https:\/\/www.yongyukitchenware.com\/wp-content\/uploads\/2025\/03\/Bulk-Stainless-Steel-Square-Snack-Box-8.webp 800w, https:\/\/www.yongyukitchenware.com\/wp-content\/uploads\/2025\/03\/Bulk-Stainless-Steel-Square-Snack-Box-8-300x300.webp 300w, https:\/\/www.yongyukitchenware.com\/wp-content\/uploads\/2025\/03\/Bulk-Stainless-Steel-Square-Snack-Box-8-150x150.webp 150w, https:\/\/www.yongyukitchenware.com\/wp-content\/uploads\/2025\/03\/Bulk-Stainless-Steel-Square-Snack-Box-8-768x768.webp 768w, https:\/\/www.yongyukitchenware.com\/wp-content\/uploads\/2025\/03\/Bulk-Stainless-Steel-Square-Snack-Box-8-12x12.webp 12w, https:\/\/www.yongyukitchenware.com\/wp-content\/uploads\/2025\/03\/Bulk-Stainless-Steel-Square-Snack-Box-8-600x600.webp 600w, https:\/\/www.yongyukitchenware.com\/wp-content\/uploads\/2025\/03\/Bulk-Stainless-Steel-Square-Snack-Box-8-100x100.webp 100w\" sizes=\"(max-width: 800px) 100vw, 800px\" \/><\/figure>\n\n\n\n<figure class=\"wp-block-image size-full is-resized\"><img decoding=\"async\" width=\"800\" height=\"800\" src=\"https:\/\/www.yongyukitchenware.com\/wp-content\/uploads\/2025\/03\/Bulk-Stainless-Steel-Square-Snack-Box-7.webp\" alt=\"Caixa de embalagem de a\u00e7o inoxid\u00e1vel quadrado-7\" class=\"wp-image-3207\" style=\"width:384px\" srcset=\"https:\/\/www.yongyukitchenware.com\/wp-content\/uploads\/2025\/03\/Bulk-Stainless-Steel-Square-Snack-Box-7.webp 800w, https:\/\/www.yongyukitchenware.com\/wp-content\/uploads\/2025\/03\/Bulk-Stainless-Steel-Square-Snack-Box-7-300x300.webp 300w, https:\/\/www.yongyukitchenware.com\/wp-content\/uploads\/2025\/03\/Bulk-Stainless-Steel-Square-Snack-Box-7-150x150.webp 150w, https:\/\/www.yongyukitchenware.com\/wp-content\/uploads\/2025\/03\/Bulk-Stainless-Steel-Square-Snack-Box-7-768x768.webp 768w, https:\/\/www.yongyukitchenware.com\/wp-content\/uploads\/2025\/03\/Bulk-Stainless-Steel-Square-Snack-Box-7-12x12.webp 12w, https:\/\/www.yongyukitchenware.com\/wp-content\/uploads\/2025\/03\/Bulk-Stainless-Steel-Square-Snack-Box-7-600x600.webp 600w, https:\/\/www.yongyukitchenware.com\/wp-content\/uploads\/2025\/03\/Bulk-Stainless-Steel-Square-Snack-Box-7-100x100.webp 100w\" sizes=\"(max-width: 800px) 100vw, 800px\" \/><\/figure>\n<\/div>\n<\/div>","protected":false},"excerpt":{"rendered":"<div class=\"n4sEPd\">\n<div class=\"UdTY9 qhIQqf leDWne\" aria-hidden=\"true\" data-location=\"1\">Caixas para snacks quadradas em a\u00e7o inoxid\u00e1vel personalizadas dispon\u00edveis para venda por grosso, fornecidas diretamente pela f\u00e1brica de lou\u00e7a. Oferecemos uma variedade de tamanhos e cores, com op\u00e7\u00f5es de personaliza\u00e7\u00e3o completas. Desfrute de servi\u00e7os de aquisi\u00e7\u00e3o \u00fanicos para vendedores de com\u00e9rcio eletr\u00f3nico. Pergunte agora!<\/div>\n<\/div>\n<h2 style=\"text-align: left\">Caixa quadrada de a\u00e7o inoxid\u00e1vel para snacks a granel:<\/h2>\n<p style=\"text-align: left\"><strong>Material:<\/strong> A\u00e7o inoxid\u00e1vel<br \/><span style=\"margin: 0px;padding: 0px\"><strong>Comprimento:<\/strong> 11.5<\/span>\/18cm<br \/><strong>Forma:<\/strong> Forma retangular\/quadrada<br \/><strong>Embalagem:<\/strong> Saco OPP e caixa de cart\u00e3o<br \/><strong>OEM\/ODM:<\/strong> Dispon\u00edvel<\/p>\n<h2 class=\"wp-block-heading\">De Yongyu Tableware Wholesaler:<\/h2>\n<p>A Yongyu Tableware Wholesaler pode satisfazer as necessidades dos clientes a granel e fornecer uma s\u00e9rie de fornecimentos de catering de alta qualidade por atacado que combina eleg\u00e2ncia e durabilidade. Incluindo utens\u00edlios de mesa, utens\u00edlios de bebida, equipamento de restaura\u00e7\u00e3o, utens\u00edlios de cozinha, artigos essenciais de cozinha de acampamento, etc.<\/p>","protected":false},"featured_media":3201,"comment_status":"closed","ping_status":"closed","template":"","meta":{"_acf_changed":false},"application":[29],"product_brand":[],"product_cat":[21],"product_tag":[],"class_list":{"0":"post-3193","1":"product","2":"type-product","3":"status-publish","4":"has-post-thumbnail","6":"application-home-kitchen","7":"product_cat-tableware-wholesale","9":"first","10":"instock","11":"shipping-taxable","12":"product-type-simple"},"acf":[],"_links":{"self":[{"href":"https:\/\/www.yongyukitchenware.com\/pt\/wp-json\/wp\/v2\/product\/3193","targetHints":{"allow":["GET"]}}],"collection":[{"href":"https:\/\/www.yongyukitchenware.com\/pt\/wp-json\/wp\/v2\/product"}],"about":[{"href":"https:\/\/www.yongyukitchenware.com\/pt\/wp-json\/wp\/v2\/types\/product"}],"replies":[{"embeddable":true,"href":"https:\/\/www.yongyukitchenware.com\/pt\/wp-json\/wp\/v2\/comments?post=3193"}],"wp:featuredmedia":[{"embeddable":true,"href":"https:\/\/www.yongyukitchenware.com\/pt\/wp-json\/wp\/v2\/media\/3201"}],"wp:attachment":[{"href":"https:\/\/www.yongyukitchenware.com\/pt\/wp-json\/wp\/v2\/media?parent=3193"}],"wp:term":[{"taxonomy":"application","embeddable":true,"href":"https:\/\/www.yongyukitchenware.com\/pt\/wp-json\/wp\/v2\/application?post=3193"},{"taxonomy":"product_brand","embeddable":true,"href":"https:\/\/www.yongyukitchenware.com\/pt\/wp-json\/wp\/v2\/product_brand?post=3193"},{"taxonomy":"product_cat","embeddable":true,"href":"https:\/\/www.yongyukitchenware.com\/pt\/wp-json\/wp\/v2\/product_cat?post=3193"},{"taxonomy":"product_tag","embeddable":true,"href":"https:\/\/www.yongyukitchenware.com\/pt\/wp-json\/wp\/v2\/product_tag?post=3193"}],"curies":[{"name":"wp","href":"https:\/\/api.w.org\/{rel}","templated":true}]}}