{"id":3230,"date":"2025-03-22T01:22:49","date_gmt":"2025-03-22T01:22:49","guid":{"rendered":"https:\/\/www.yongyukitchenware.com\/?post_type=product&#038;p=3230"},"modified":"2025-07-10T10:00:23","modified_gmt":"2025-07-10T10:00:23","slug":"wholesale-silver-stainless-steel-round-tray","status":"publish","type":"product","link":"https:\/\/www.yongyukitchenware.com\/pt\/produto\/wholesale-silver-stainless-steel-round-tray\/","title":{"rendered":"Prato de pizza com tabuleiro redondo de a\u00e7o inoxid\u00e1vel prateado por atacado"},"content":{"rendered":"<div class=\"wp-block-columns is-layout-flex wp-container-core-columns-is-layout-9d6595d7 wp-block-columns-is-layout-flex\">\n<div class=\"wp-block-column is-layout-flow wp-block-column-is-layout-flow\">\n<h2 class=\"wp-block-heading\">Bandeja redonda de a\u00e7o inoxid\u00e1vel prateada por atacado Tamanho:<\/h2>\n\n\n\n<figure class=\"wp-block-table\"><table class=\"has-fixed-layout\"><tbody><tr><td>Modelo<\/td><td>Tamanho<\/td><td>Peso<\/td><td>MOQ<\/td><\/tr><tr><td rowspan=\"6\">DY049-P<\/td><td>14 cm<\/td><td>85g<\/td><td rowspan=\"6\">300 UNIDADES<\/td><\/tr><tr><td>17 cm<\/td><td>126g<\/td><\/tr><tr><td>20 cm<\/td><td>172g<\/td><\/tr><tr><td>23 cm<\/td><td>215g<\/td><\/tr><tr><td>26 cm<\/td><td>287g<\/td><\/tr><tr><td>30 cm<\/td><td>378g<\/td><\/tr><\/tbody><\/table><\/figure>\n\n\n\n<h2 class=\"wp-block-heading\">Tabuleiro redondo de a\u00e7o inoxid\u00e1vel prateado por atacado Carater\u00edsticas:<\/h2>\n\n\n\n<p><strong>Alta qualidade<\/strong> <strong>A\u00e7o inoxid\u00e1vel<\/strong>: Fabricado em a\u00e7o inoxid\u00e1vel de qualidade alimentar de primeira qualidade, com excelente resist\u00eancia \u00e0 corros\u00e3o. Inodoro, seguro e altamente dur\u00e1vel para uma utiliza\u00e7\u00e3o a longo prazo.<br><strong>Processo de desenho e polimento:<\/strong> \u00c9 fabricado com uma textura suave e delicada atrav\u00e9s de t\u00e9cnicas avan\u00e7adas de desenho e polimento. \u00c9 f\u00e1cil de limpar e mant\u00e9m um aspeto elegante.<br><strong>Design da jante de rolamento:<\/strong> As arestas arredondadas e suaves garantem um manuseamento seguro, evitando les\u00f5es nas m\u00e3os e aumentando o conforto do utilizador.<br><strong>Forma\u00e7\u00e3o integrada: <\/strong>Tem uma constru\u00e7\u00e3o sem costuras com um fundo plano e robusto que resiste \u00e0 deforma\u00e7\u00e3o. \u00c9 dur\u00e1vel e f\u00e1cil de limpar, o que a torna ideal para uma utiliza\u00e7\u00e3o quotidiana.<\/p>\n<\/div>\n\n\n\n<div class=\"wp-block-column is-layout-flow wp-block-column-is-layout-flow\">\n<figure class=\"wp-block-image size-full is-resized\"><img decoding=\"async\" width=\"800\" height=\"800\" src=\"https:\/\/www.yongyukitchenware.com\/wp-content\/uploads\/2025\/03\/Wholesale-Silver-Stainless-Steel-Round-Tray-2.webp\" alt=\"Bandeja redonda de prata e a\u00e7o inoxid\u00e1vel por atacado-2\" class=\"wp-image-3232\" style=\"width:384px;height:auto\" srcset=\"https:\/\/www.yongyukitchenware.com\/wp-content\/uploads\/2025\/03\/Wholesale-Silver-Stainless-Steel-Round-Tray-2.webp 800w, https:\/\/www.yongyukitchenware.com\/wp-content\/uploads\/2025\/03\/Wholesale-Silver-Stainless-Steel-Round-Tray-2-300x300.webp 300w, https:\/\/www.yongyukitchenware.com\/wp-content\/uploads\/2025\/03\/Wholesale-Silver-Stainless-Steel-Round-Tray-2-150x150.webp 150w, https:\/\/www.yongyukitchenware.com\/wp-content\/uploads\/2025\/03\/Wholesale-Silver-Stainless-Steel-Round-Tray-2-768x768.webp 768w, https:\/\/www.yongyukitchenware.com\/wp-content\/uploads\/2025\/03\/Wholesale-Silver-Stainless-Steel-Round-Tray-2-12x12.webp 12w, https:\/\/www.yongyukitchenware.com\/wp-content\/uploads\/2025\/03\/Wholesale-Silver-Stainless-Steel-Round-Tray-2-600x600.webp 600w, https:\/\/www.yongyukitchenware.com\/wp-content\/uploads\/2025\/03\/Wholesale-Silver-Stainless-Steel-Round-Tray-2-100x100.webp 100w\" sizes=\"(max-width: 800px) 100vw, 800px\" \/><\/figure>\n\n\n\n<figure class=\"wp-block-image size-full is-resized\"><img decoding=\"async\" width=\"800\" height=\"800\" src=\"https:\/\/www.yongyukitchenware.com\/wp-content\/uploads\/2025\/03\/Wholesale-Silver-Stainless-Steel-Round-Tray-8.webp\" alt=\"Bandeja redonda-8 de prata e a\u00e7o inoxid\u00e1vel por atacado\" class=\"wp-image-3238\" style=\"width:384px\" srcset=\"https:\/\/www.yongyukitchenware.com\/wp-content\/uploads\/2025\/03\/Wholesale-Silver-Stainless-Steel-Round-Tray-8.webp 800w, https:\/\/www.yongyukitchenware.com\/wp-content\/uploads\/2025\/03\/Wholesale-Silver-Stainless-Steel-Round-Tray-8-300x300.webp 300w, https:\/\/www.yongyukitchenware.com\/wp-content\/uploads\/2025\/03\/Wholesale-Silver-Stainless-Steel-Round-Tray-8-150x150.webp 150w, https:\/\/www.yongyukitchenware.com\/wp-content\/uploads\/2025\/03\/Wholesale-Silver-Stainless-Steel-Round-Tray-8-768x768.webp 768w, https:\/\/www.yongyukitchenware.com\/wp-content\/uploads\/2025\/03\/Wholesale-Silver-Stainless-Steel-Round-Tray-8-12x12.webp 12w, https:\/\/www.yongyukitchenware.com\/wp-content\/uploads\/2025\/03\/Wholesale-Silver-Stainless-Steel-Round-Tray-8-600x600.webp 600w, https:\/\/www.yongyukitchenware.com\/wp-content\/uploads\/2025\/03\/Wholesale-Silver-Stainless-Steel-Round-Tray-8-100x100.webp 100w\" sizes=\"(max-width: 800px) 100vw, 800px\" \/><\/figure>\n<\/div>\n<\/div>","protected":false},"excerpt":{"rendered":"<div class=\"n4sEPd\">\n<div class=\"UdTY9 qhIQqf leDWne\" aria-hidden=\"true\" data-location=\"1\">Bandeja redonda de a\u00e7o inoxid\u00e1vel personalizada e por atacado, fornecida diretamente pela f\u00e1brica de utens\u00edlios de mesa, suporta personaliza\u00e7\u00e3o, fornece uma variedade de tamanhos. Apoiar o servi\u00e7o de aquisi\u00e7\u00e3o one-stop para vendedores de com\u00e9rcio eletr\u00f3nico. Bem-vindo ao inqu\u00e9rito!<\/div>\n<\/div>\n<h2 style=\"text-align: left;\">Tabuleiro redondo de a\u00e7o inoxid\u00e1vel prateado por atacado:<\/h2>\n<p style=\"text-align: left;\"><strong>Material:<\/strong> A\u00e7o inoxid\u00e1vel<br \/><strong>Comprimento:<\/strong>14\/17\/20\/23\/26\/30cm<br \/><strong>Forma:<\/strong> Redondo<br \/><strong>Embalagem:<\/strong> Saco OPP e caixa de cart\u00e3o<br \/><strong>OEM\/ODM:<\/strong> Dispon\u00edvel<\/p>\n<h2 class=\"wp-block-heading\">De Yongyu Tableware Wholesaler:<\/h2>\n<p>A Yongyu Tableware Wholesaler pode satisfazer as necessidades dos clientes a granel e fornecer uma s\u00e9rie de fornecimentos de catering de alta qualidade por atacado que combina eleg\u00e2ncia e durabilidade. Incluindo utens\u00edlios de mesa, utens\u00edlios de bebida, equipamento de restaura\u00e7\u00e3o, utens\u00edlios de cozinha, artigos essenciais de cozinha de acampamento, etc.<\/p>","protected":false},"featured_media":3231,"comment_status":"closed","ping_status":"closed","template":"","meta":{"_acf_changed":false},"application":[29],"product_brand":[],"product_cat":[21,46],"product_tag":[],"class_list":{"0":"post-3230","1":"product","2":"type-product","3":"status-publish","4":"has-post-thumbnail","6":"application-home-kitchen","7":"product_cat-tableware-wholesale","8":"product_cat-stainless-steel-dinner-plates-wholesale","10":"first","11":"instock","12":"shipping-taxable","13":"product-type-simple"},"acf":[],"_links":{"self":[{"href":"https:\/\/www.yongyukitchenware.com\/pt\/wp-json\/wp\/v2\/product\/3230","targetHints":{"allow":["GET"]}}],"collection":[{"href":"https:\/\/www.yongyukitchenware.com\/pt\/wp-json\/wp\/v2\/product"}],"about":[{"href":"https:\/\/www.yongyukitchenware.com\/pt\/wp-json\/wp\/v2\/types\/product"}],"replies":[{"embeddable":true,"href":"https:\/\/www.yongyukitchenware.com\/pt\/wp-json\/wp\/v2\/comments?post=3230"}],"wp:featuredmedia":[{"embeddable":true,"href":"https:\/\/www.yongyukitchenware.com\/pt\/wp-json\/wp\/v2\/media\/3231"}],"wp:attachment":[{"href":"https:\/\/www.yongyukitchenware.com\/pt\/wp-json\/wp\/v2\/media?parent=3230"}],"wp:term":[{"taxonomy":"application","embeddable":true,"href":"https:\/\/www.yongyukitchenware.com\/pt\/wp-json\/wp\/v2\/application?post=3230"},{"taxonomy":"product_brand","embeddable":true,"href":"https:\/\/www.yongyukitchenware.com\/pt\/wp-json\/wp\/v2\/product_brand?post=3230"},{"taxonomy":"product_cat","embeddable":true,"href":"https:\/\/www.yongyukitchenware.com\/pt\/wp-json\/wp\/v2\/product_cat?post=3230"},{"taxonomy":"product_tag","embeddable":true,"href":"https:\/\/www.yongyukitchenware.com\/pt\/wp-json\/wp\/v2\/product_tag?post=3230"}],"curies":[{"name":"wp","href":"https:\/\/api.w.org\/{rel}","templated":true}]}}