{"id":3244,"date":"2025-03-22T01:51:01","date_gmt":"2025-03-22T01:51:01","guid":{"rendered":"https:\/\/www.yongyukitchenware.com\/?post_type=product&#038;p=3244"},"modified":"2025-06-13T06:39:32","modified_gmt":"2025-06-13T06:39:32","slug":"wholesale-stainless-steel-gold-plates","status":"publish","type":"product","link":"https:\/\/www.yongyukitchenware.com\/pt\/produto\/wholesale-stainless-steel-gold-plates\/","title":{"rendered":"Pratos de ouro de a\u00e7o inoxid\u00e1vel por atacado Prato de servir prato de pizza"},"content":{"rendered":"<div class=\"wp-block-columns is-layout-flex wp-container-core-columns-is-layout-9d6595d7 wp-block-columns-is-layout-flex\">\n<div class=\"wp-block-column is-layout-flow wp-block-column-is-layout-flow\">\n<h2 class=\"wp-block-heading\">Tamanho das placas de ouro de a\u00e7o inoxid\u00e1vel por atacado:<\/h2>\n\n\n\n<figure class=\"wp-block-table\"><table class=\"has-fixed-layout\"><tbody><tr><td>Modelo<\/td><td>Tamanho<\/td><td>Peso<\/td><td>MOQ<\/td><\/tr><tr><td rowspan=\"6\">DY049-P<\/td><td>14 cm<\/td><td>85g<\/td><td rowspan=\"6\">300 UNIDADES<\/td><\/tr><tr><td>17 cm<\/td><td>126g<\/td><\/tr><tr><td>20 cm<\/td><td>172g<\/td><\/tr><tr><td>23 cm<\/td><td>215g<\/td><\/tr><tr><td>26 cm<\/td><td>287g<\/td><\/tr><tr><td>30 cm<\/td><td>378g<\/td><\/tr><\/tbody><\/table><\/figure>\n\n\n\n<h2 class=\"wp-block-heading\">Placas de ouro de a\u00e7o inoxid\u00e1vel por atacado Carater\u00edsticas:<\/h2>\n\n\n\n<p><strong>A\u00e7o inoxid\u00e1vel de qualidade alimentar premium\uff1a<\/strong> Constru\u00eddo com a\u00e7o inoxid\u00e1vel de qualidade alimentar, oferecendo uma maior resist\u00eancia \u00e0 corros\u00e3o. Inodoro, seguro e criado para um desempenho duradouro.<br><strong>Acabamento escovado refinado com detalhes em polimento de espelho\uff1a<\/strong> Apresenta um elegante acabamento escovado com arestas polidas para um aspeto elegante e moderno. \u00c0 prova de riscos e f\u00e1cil de limpar.<br><strong>Borda ergon\u00f3mica do aro do rolo\uff1a<\/strong> Design elegante e arredondado do aro para maior conforto e seguran\u00e7a no manuseamento, reduzindo o risco de cortes durante a utiliza\u00e7\u00e3o ou limpeza.<br><strong>Constru\u00e7\u00e3o de uma pe\u00e7a sem costuras\uff1a<\/strong> Estampado com precis\u00e3o, com uma constru\u00e7\u00e3o robusta e sem juntas. O fundo plano garante estabilidade e protege contra deforma\u00e7\u00f5es, mesmo em caso de utiliza\u00e7\u00e3o intensa.<br><strong>F\u00e1cil de limpar e manter\uff1a<\/strong> A superf\u00edcie antiaderente e o design integrado facilitam a limpeza, ideal para ambientes comerciais com muito movimento.<\/p>\n<\/div>\n\n\n\n<div class=\"wp-block-column is-layout-flow wp-block-column-is-layout-flow\">\n<figure class=\"wp-block-image size-full is-resized\"><img decoding=\"async\" width=\"1500\" height=\"1500\" src=\"https:\/\/www.yongyukitchenware.com\/wp-content\/uploads\/2025\/03\/Wholesale-Gold-Stainless-Steel-Round-Tray-3.webp\" alt=\"Placas de ouro em a\u00e7o inoxid\u00e1vel por atacado\" class=\"wp-image-3247\" style=\"width:384px;height:auto\" srcset=\"https:\/\/www.yongyukitchenware.com\/wp-content\/uploads\/2025\/03\/Wholesale-Gold-Stainless-Steel-Round-Tray-3.webp 1500w, https:\/\/www.yongyukitchenware.com\/wp-content\/uploads\/2025\/03\/Wholesale-Gold-Stainless-Steel-Round-Tray-3-300x300.webp 300w, https:\/\/www.yongyukitchenware.com\/wp-content\/uploads\/2025\/03\/Wholesale-Gold-Stainless-Steel-Round-Tray-3-150x150.webp 150w, https:\/\/www.yongyukitchenware.com\/wp-content\/uploads\/2025\/03\/Wholesale-Gold-Stainless-Steel-Round-Tray-3-768x768.webp 768w, https:\/\/www.yongyukitchenware.com\/wp-content\/uploads\/2025\/03\/Wholesale-Gold-Stainless-Steel-Round-Tray-3-12x12.webp 12w, https:\/\/www.yongyukitchenware.com\/wp-content\/uploads\/2025\/03\/Wholesale-Gold-Stainless-Steel-Round-Tray-3-1200x1200.webp 1200w, https:\/\/www.yongyukitchenware.com\/wp-content\/uploads\/2025\/03\/Wholesale-Gold-Stainless-Steel-Round-Tray-3-600x600.webp 600w, https:\/\/www.yongyukitchenware.com\/wp-content\/uploads\/2025\/03\/Wholesale-Gold-Stainless-Steel-Round-Tray-3-100x100.webp 100w\" sizes=\"(max-width: 1500px) 100vw, 1500px\" \/><\/figure>\n\n\n\n<figure class=\"wp-block-image size-full is-resized\"><img decoding=\"async\" width=\"1500\" height=\"1500\" src=\"https:\/\/www.yongyukitchenware.com\/wp-content\/uploads\/2025\/03\/Wholesale-Gold-Stainless-Steel-Round-Tray-8.webp\" alt=\"Placas de ouro de a\u00e7o inoxid\u00e1vel por atacado 1\" class=\"wp-image-3252\" style=\"width:384px\" srcset=\"https:\/\/www.yongyukitchenware.com\/wp-content\/uploads\/2025\/03\/Wholesale-Gold-Stainless-Steel-Round-Tray-8.webp 1500w, https:\/\/www.yongyukitchenware.com\/wp-content\/uploads\/2025\/03\/Wholesale-Gold-Stainless-Steel-Round-Tray-8-300x300.webp 300w, https:\/\/www.yongyukitchenware.com\/wp-content\/uploads\/2025\/03\/Wholesale-Gold-Stainless-Steel-Round-Tray-8-150x150.webp 150w, https:\/\/www.yongyukitchenware.com\/wp-content\/uploads\/2025\/03\/Wholesale-Gold-Stainless-Steel-Round-Tray-8-768x768.webp 768w, https:\/\/www.yongyukitchenware.com\/wp-content\/uploads\/2025\/03\/Wholesale-Gold-Stainless-Steel-Round-Tray-8-12x12.webp 12w, https:\/\/www.yongyukitchenware.com\/wp-content\/uploads\/2025\/03\/Wholesale-Gold-Stainless-Steel-Round-Tray-8-1200x1200.webp 1200w, https:\/\/www.yongyukitchenware.com\/wp-content\/uploads\/2025\/03\/Wholesale-Gold-Stainless-Steel-Round-Tray-8-600x600.webp 600w, https:\/\/www.yongyukitchenware.com\/wp-content\/uploads\/2025\/03\/Wholesale-Gold-Stainless-Steel-Round-Tray-8-100x100.webp 100w\" sizes=\"(max-width: 1500px) 100vw, 1500px\" \/><\/figure>\n<\/div>\n<\/div>","protected":false},"excerpt":{"rendered":"<div class=\"n4sEPd\">\n<div class=\"UdTY9 qhIQqf leDWne\" aria-hidden=\"true\" data-location=\"1\">\n<p data-start=\"104\" data-end=\"410\">Placas de ouro de a\u00e7o inoxid\u00e1vel por atacado, fornecimento direto da f\u00e1brica. Personaliza\u00e7\u00e3o de suporte com v\u00e1rios tamanhos e cores dispon\u00edveis. Ideal para servir pratos, pizzas e sobremesas. Perfeito para restaurantes, hot\u00e9is e catering. Servi\u00e7o de aquisi\u00e7\u00e3o \u00fanico dispon\u00edvel para vendedores de com\u00e9rcio eletr\u00f3nico. Bem-vindo ao inqu\u00e9rito!<\/p>\n<\/div>\n<\/div>\n<h2 style=\"text-align: left\">Com\u00e9rcio grossista <span id=\"productTitle\" class=\"a-size-large product-title-word-break\">Placas de ouro em a\u00e7o inoxid\u00e1vel<\/span>:<\/h2>\n<p style=\"text-align: left\"><strong>Material:<\/strong> A\u00e7o inoxid\u00e1vel<br \/><strong>Comprimento:<\/strong>14\/17\/20\/23\/26\/30cm<br \/><strong>Forma:<\/strong> Redondo<br \/><strong>Embalagem:<\/strong> Saco OPP e caixa de cart\u00e3o<br \/><strong>OEM\/ODM:<\/strong> Dispon\u00edvel<\/p>\n<h2 class=\"wp-block-heading\">De Yongyu Tableware Wholesaler:<\/h2>\n<p>A Yongyu Tableware Wholesaler pode satisfazer as necessidades dos clientes a granel e fornecer uma s\u00e9rie de fornecimentos de catering de alta qualidade por atacado que combina eleg\u00e2ncia e durabilidade. Incluindo utens\u00edlios de mesa, utens\u00edlios de bebida, equipamento de restaura\u00e7\u00e3o, utens\u00edlios de cozinha, artigos essenciais de cozinha de acampamento, etc.<\/p>","protected":false},"featured_media":3245,"comment_status":"closed","ping_status":"closed","template":"","meta":{"_acf_changed":true},"application":[29],"product_brand":[],"product_cat":[21,46],"product_tag":[],"class_list":{"0":"post-3244","1":"product","2":"type-product","3":"status-publish","4":"has-post-thumbnail","6":"application-home-kitchen","7":"product_cat-tableware-wholesale","8":"product_cat-stainless-steel-dinner-plates-wholesale","10":"first","11":"instock","12":"shipping-taxable","13":"product-type-simple"},"acf":[],"_links":{"self":[{"href":"https:\/\/www.yongyukitchenware.com\/pt\/wp-json\/wp\/v2\/product\/3244","targetHints":{"allow":["GET"]}}],"collection":[{"href":"https:\/\/www.yongyukitchenware.com\/pt\/wp-json\/wp\/v2\/product"}],"about":[{"href":"https:\/\/www.yongyukitchenware.com\/pt\/wp-json\/wp\/v2\/types\/product"}],"replies":[{"embeddable":true,"href":"https:\/\/www.yongyukitchenware.com\/pt\/wp-json\/wp\/v2\/comments?post=3244"}],"wp:featuredmedia":[{"embeddable":true,"href":"https:\/\/www.yongyukitchenware.com\/pt\/wp-json\/wp\/v2\/media\/3245"}],"wp:attachment":[{"href":"https:\/\/www.yongyukitchenware.com\/pt\/wp-json\/wp\/v2\/media?parent=3244"}],"wp:term":[{"taxonomy":"application","embeddable":true,"href":"https:\/\/www.yongyukitchenware.com\/pt\/wp-json\/wp\/v2\/application?post=3244"},{"taxonomy":"product_brand","embeddable":true,"href":"https:\/\/www.yongyukitchenware.com\/pt\/wp-json\/wp\/v2\/product_brand?post=3244"},{"taxonomy":"product_cat","embeddable":true,"href":"https:\/\/www.yongyukitchenware.com\/pt\/wp-json\/wp\/v2\/product_cat?post=3244"},{"taxonomy":"product_tag","embeddable":true,"href":"https:\/\/www.yongyukitchenware.com\/pt\/wp-json\/wp\/v2\/product_tag?post=3244"}],"curies":[{"name":"wp","href":"https:\/\/api.w.org\/{rel}","templated":true}]}}