{"id":3264,"date":"2025-03-21T10:00:00","date_gmt":"2025-03-21T10:00:00","guid":{"rendered":"https:\/\/www.yongyukitchenware.com\/?post_type=product&#038;p=3264"},"modified":"2025-06-13T06:41:43","modified_gmt":"2025-06-13T06:41:43","slug":"wholesale-stainless-steel-coffee-cup-set","status":"publish","type":"product","link":"https:\/\/www.yongyukitchenware.com\/pt\/produto\/wholesale-stainless-steel-coffee-cup-set\/","title":{"rendered":"Conjunto de ch\u00e1venas de caf\u00e9 em a\u00e7o inoxid\u00e1vel com tabuleiro e colher"},"content":{"rendered":"<div class=\"wp-block-columns is-layout-flex wp-container-core-columns-is-layout-9d6595d7 wp-block-columns-is-layout-flex\">\n<div class=\"wp-block-column is-layout-flow wp-block-column-is-layout-flow\">\n<h2 class=\"wp-block-heading\">Conjunto de ch\u00e1venas de caf\u00e9 em a\u00e7o inoxid\u00e1vel por atacado Carater\u00edsticas:<\/h2>\n\n\n\n<p><strong>Alta qualidade<\/strong> A\u00e7o inoxid\u00e1vel: Material de a\u00e7o inoxid\u00e1vel de qualidade alimentar, resist\u00eancia \u00e0 corros\u00e3o, sem odor, dur\u00e1vel<br><strong>Design duplo oco:<\/strong> a\u00e7o espessado, duplo oco, isolamento t\u00e9rmico e anti-calor<br><strong>Design da pega e do tabuleiro:<\/strong> Design \u00edntimo da pega e do tabuleiro, f\u00e1cil de segurar<br><strong>Design da jante de rolamento: <\/strong>Os bordos s\u00e3o arredondados e lisos, f\u00e1ceis de manusear e evitam les\u00f5es nas m\u00e3os<br><strong>Moldagem integrada: <\/strong>O corpo do copo \u00e9 formado por um \u00fanico corpo, forte e n\u00e3o deformado, f\u00e1cil de limpar<\/p>\n\n\n\n<h2 class=\"wp-block-heading\">Conjunto de ch\u00e1venas de caf\u00e9 em a\u00e7o inoxid\u00e1vel por atacado Tamanho:<\/h2>\n\n\n\n<figure class=\"wp-block-table\"><table class=\"has-fixed-layout\"><tbody><tr><td>Modelo<\/td><td>Di\u00e2metro<\/td><td>Altura<\/td><td>Capacidade<\/td><td>MOQ<\/td><\/tr><tr><td>DY015-B<\/td><td>7,5 cm<\/td><td>6cm<\/td><td>125ML<\/td><td>200 UNIDADES<\/td><\/tr><\/tbody><\/table><\/figure>\n<\/div>\n\n\n\n<div class=\"wp-block-column is-layout-flow wp-block-column-is-layout-flow\">\n<div class=\"wp-block-columns is-layout-flex wp-container-core-columns-is-layout-9d6595d7 wp-block-columns-is-layout-flex\">\n<div class=\"wp-block-column is-layout-flow wp-block-column-is-layout-flow\"><div class=\"wp-block-image\">\n<figure class=\"aligncenter size-full is-resized\"><img decoding=\"async\" width=\"1000\" height=\"1000\" src=\"https:\/\/www.yongyukitchenware.com\/wp-content\/uploads\/2025\/03\/Wholesale-Stainless-Steel-Coffee-Cup-Set-7.webp\" alt=\"Conjunto 7 de ch\u00e1venas de caf\u00e9 em a\u00e7o inoxid\u00e1vel por atacado\" class=\"wp-image-3271\" style=\"width:416px;height:auto\" srcset=\"https:\/\/www.yongyukitchenware.com\/wp-content\/uploads\/2025\/03\/Wholesale-Stainless-Steel-Coffee-Cup-Set-7.webp 1000w, https:\/\/www.yongyukitchenware.com\/wp-content\/uploads\/2025\/03\/Wholesale-Stainless-Steel-Coffee-Cup-Set-7-300x300.webp 300w, https:\/\/www.yongyukitchenware.com\/wp-content\/uploads\/2025\/03\/Wholesale-Stainless-Steel-Coffee-Cup-Set-7-150x150.webp 150w, https:\/\/www.yongyukitchenware.com\/wp-content\/uploads\/2025\/03\/Wholesale-Stainless-Steel-Coffee-Cup-Set-7-768x768.webp 768w, https:\/\/www.yongyukitchenware.com\/wp-content\/uploads\/2025\/03\/Wholesale-Stainless-Steel-Coffee-Cup-Set-7-12x12.webp 12w, https:\/\/www.yongyukitchenware.com\/wp-content\/uploads\/2025\/03\/Wholesale-Stainless-Steel-Coffee-Cup-Set-7-600x600.webp 600w, https:\/\/www.yongyukitchenware.com\/wp-content\/uploads\/2025\/03\/Wholesale-Stainless-Steel-Coffee-Cup-Set-7-100x100.webp 100w\" sizes=\"(max-width: 1000px) 100vw, 1000px\" \/><\/figure>\n<\/div><\/div>\n<\/div>\n<\/div>\n<\/div>\n\n\n\n<p><\/p>","protected":false},"excerpt":{"rendered":"<p>O nosso conjunto de ch\u00e1venas de caf\u00e9 em a\u00e7o inoxid\u00e1vel com tabuleiro e colher oferece uma solu\u00e7\u00e3o duradoura e elegante para servir caf\u00e9 ou ch\u00e1. Fabricado em a\u00e7o inoxid\u00e1vel de alta qualidade, \u00e9 ideal para caf\u00e9s, restaurantes e empresas de hotelaria.<\/p>\n<h2 style=\"text-align: left\">Conjunto de ch\u00e1venas de caf\u00e9 em a\u00e7o inoxid\u00e1vel Par\u00e2metro:<\/h2>\n<p style=\"text-align: left\"><strong>Material:<\/strong> A\u00e7o inoxid\u00e1vel<br \/><strong>Cor:<\/strong> Prata<br \/><strong>Conce\u00e7\u00e3o: <\/strong>Design da pega e do tabuleiro<br \/><strong>OEM\/ODM:<\/strong> Dispon\u00edvel<\/p>\n<h2 class=\"wp-block-heading\">De Yongyu Drinkware Fabricante :<\/h2>\n<p>O fabricante de material de catering Yongyu tem uma vasta gama de s\u00e9ries de bebidas por atacado e personalizadas, concentrando-se na durabilidade do produto, desempenho de isolamento t\u00e9rmico e fornecendo solu\u00e7\u00f5es de aquisi\u00e7\u00e3o econ\u00f3micas e de alta qualidade para clientes globais.<\/p>","protected":false},"featured_media":3265,"comment_status":"closed","ping_status":"closed","template":"","meta":{"_acf_changed":true},"application":[29],"product_brand":[],"product_cat":[20,51],"product_tag":[],"class_list":{"0":"post-3264","1":"product","2":"type-product","3":"status-publish","4":"has-post-thumbnail","6":"application-home-kitchen","7":"product_cat-wholesale-drinkware","8":"product_cat-stainless-steel-coffee-cup-wholesale","10":"first","11":"instock","12":"shipping-taxable","13":"product-type-simple"},"acf":[],"_links":{"self":[{"href":"https:\/\/www.yongyukitchenware.com\/pt\/wp-json\/wp\/v2\/product\/3264","targetHints":{"allow":["GET"]}}],"collection":[{"href":"https:\/\/www.yongyukitchenware.com\/pt\/wp-json\/wp\/v2\/product"}],"about":[{"href":"https:\/\/www.yongyukitchenware.com\/pt\/wp-json\/wp\/v2\/types\/product"}],"replies":[{"embeddable":true,"href":"https:\/\/www.yongyukitchenware.com\/pt\/wp-json\/wp\/v2\/comments?post=3264"}],"wp:featuredmedia":[{"embeddable":true,"href":"https:\/\/www.yongyukitchenware.com\/pt\/wp-json\/wp\/v2\/media\/3265"}],"wp:attachment":[{"href":"https:\/\/www.yongyukitchenware.com\/pt\/wp-json\/wp\/v2\/media?parent=3264"}],"wp:term":[{"taxonomy":"application","embeddable":true,"href":"https:\/\/www.yongyukitchenware.com\/pt\/wp-json\/wp\/v2\/application?post=3264"},{"taxonomy":"product_brand","embeddable":true,"href":"https:\/\/www.yongyukitchenware.com\/pt\/wp-json\/wp\/v2\/product_brand?post=3264"},{"taxonomy":"product_cat","embeddable":true,"href":"https:\/\/www.yongyukitchenware.com\/pt\/wp-json\/wp\/v2\/product_cat?post=3264"},{"taxonomy":"product_tag","embeddable":true,"href":"https:\/\/www.yongyukitchenware.com\/pt\/wp-json\/wp\/v2\/product_tag?post=3264"}],"curies":[{"name":"wp","href":"https:\/\/api.w.org\/{rel}","templated":true}]}}