{"id":3275,"date":"2025-03-28T03:14:53","date_gmt":"2025-03-28T03:14:53","guid":{"rendered":"https:\/\/www.yongyukitchenware.com\/?post_type=product&#038;p=3275"},"modified":"2025-06-13T06:13:38","modified_gmt":"2025-06-13T06:13:38","slug":"bulk-stainless-steel-drinking-cup","status":"publish","type":"product","link":"https:\/\/www.yongyukitchenware.com\/pt\/produto\/bulk-stainless-steel-drinking-cup\/","title":{"rendered":"Copo de a\u00e7o inoxid\u00e1vel para beber a granel Canecas de cerveja duradouras para viagens"},"content":{"rendered":"<div class=\"wp-block-columns is-layout-flex wp-container-core-columns-is-layout-9d6595d7 wp-block-columns-is-layout-flex\">\n<div class=\"wp-block-column is-layout-flow wp-block-column-is-layout-flow\">\n<h2 class=\"wp-block-heading\">Copo para beber em a\u00e7o inoxid\u00e1vel a granel Carater\u00edsticas:<\/h2>\n\n\n\n<p><strong>A\u00e7o inoxid\u00e1vel de alta qualidade:<\/strong> Material de a\u00e7o inoxid\u00e1vel de qualidade alimentar, resistente \u00e0 corros\u00e3o, inodoro e dur\u00e1vel.<br><strong>Processo de sorteio: <\/strong>superf\u00edcie lisa, dif\u00edcil de sujar, f\u00e1cil de limpar.<br><strong>Design da jante de rolamento:<\/strong> As extremidades s\u00e3o suavizadas e arredondadas, simples de manusear e evitam les\u00f5es nas m\u00e3os.<br><strong>Moldagem integrada:<\/strong> O corpo do copo \u00e9 moldado num \u00fanico corpo, forte e n\u00e3o deformado, e simples de limpar.<\/p>\n\n\n\n<h2 class=\"wp-block-heading\">Tamanho do copo de a\u00e7o inoxid\u00e1vel a granel:<\/h2>\n\n\n\n<figure class=\"wp-block-table\"><table class=\"has-fixed-layout\"><tbody><tr><td>Modelo<\/td><td>Di\u00e2metro<\/td><td>Altura<\/td><td>Capacidade<\/td><td>MOQ<\/td><\/tr><tr><td rowspan=\"5\">DY023-B<\/td><td>7,2 cm<\/td><td>7cm<\/td><td>200ml<\/td><td rowspan=\"5\">400 UNIDADES<\/td><\/tr><tr><td>8,2 cm<\/td><td>9 cm<\/td><td>300ml<\/td><\/tr><tr><td>8,2 cm<\/td><td>12 cm<\/td><td>400ml<\/td><\/tr><tr><td>9,5 cm<\/td><td>13cm<\/td><td>500ml<\/td><\/tr><tr><td>\/<\/td><td>\/<\/td><td>680ml<\/td><\/tr><\/tbody><\/table><\/figure>\n<\/div>\n\n\n\n<div class=\"wp-block-column is-layout-flow wp-block-column-is-layout-flow\">\n<div class=\"wp-block-columns is-layout-flex wp-container-core-columns-is-layout-9d6595d7 wp-block-columns-is-layout-flex\">\n<div class=\"wp-block-column is-layout-flow wp-block-column-is-layout-flow\"><div class=\"wp-block-image\">\n<figure class=\"aligncenter size-full is-resized\"><img decoding=\"async\" width=\"800\" height=\"800\" src=\"https:\/\/www.yongyukitchenware.com\/wp-content\/uploads\/2025\/03\/Wholesale-Stainless-Steel-Cup-8.webp\" alt=\"Copo para beber em a\u00e7o inoxid\u00e1vel a granel - 8\" class=\"wp-image-3306\" style=\"width:416px;height:auto\" srcset=\"https:\/\/www.yongyukitchenware.com\/wp-content\/uploads\/2025\/03\/Wholesale-Stainless-Steel-Cup-8.webp 800w, https:\/\/www.yongyukitchenware.com\/wp-content\/uploads\/2025\/03\/Wholesale-Stainless-Steel-Cup-8-300x300.webp 300w, https:\/\/www.yongyukitchenware.com\/wp-content\/uploads\/2025\/03\/Wholesale-Stainless-Steel-Cup-8-150x150.webp 150w, https:\/\/www.yongyukitchenware.com\/wp-content\/uploads\/2025\/03\/Wholesale-Stainless-Steel-Cup-8-768x768.webp 768w, https:\/\/www.yongyukitchenware.com\/wp-content\/uploads\/2025\/03\/Wholesale-Stainless-Steel-Cup-8-12x12.webp 12w, https:\/\/www.yongyukitchenware.com\/wp-content\/uploads\/2025\/03\/Wholesale-Stainless-Steel-Cup-8-600x600.webp 600w, https:\/\/www.yongyukitchenware.com\/wp-content\/uploads\/2025\/03\/Wholesale-Stainless-Steel-Cup-8-100x100.webp 100w\" sizes=\"(max-width: 800px) 100vw, 800px\" \/><\/figure>\n<\/div><\/div>\n<\/div>\n<\/div>\n<\/div>\n\n\n\n<p><\/p>","protected":false},"excerpt":{"rendered":"<p>O copo para bebidas em a\u00e7o inoxid\u00e1vel a granel, fabricado em a\u00e7o inoxid\u00e1vel duradouro, \u00e9 perfeito para desfrutar de cerveja e bebidas em viagem. Ideal para viagens, campismo e actividades ao ar livre. Uma op\u00e7\u00e3o fi\u00e1vel e duradoura para as suas necessidades em termos de copos.<\/p>\n<h2 style=\"text-align: left\">Copo de a\u00e7o inoxid\u00e1vel para beber a granel Par\u00e2metro:<\/h2>\n<p style=\"text-align: left\"><strong>Material:<\/strong> A\u00e7o inoxid\u00e1vel<br \/><strong>Cor:<\/strong> Prata\/dourado<br \/><strong>Conce\u00e7\u00e3o: <\/strong>Pega dobr\u00e1vel, empilh\u00e1vel<br \/><strong>OEM\/ODM:<\/strong> Dispon\u00edvel<\/p>\n<h2 class=\"wp-block-heading\">De Camping Kitchen Essentials Fabricante :<\/h2>\n<p>Yongyu \u00e9 um fabricante profissional de utens\u00edlios de cozinha para campismo, os nossos produtos abrangem todos os tipos de utens\u00edlios de cozinha para campismo em a\u00e7o inoxid\u00e1vel, tais como equipamento de cozinha para campismo, utens\u00edlios de mesa para campismo, grelhadores para churrasco, etc., fornecendo servi\u00e7os de aquisi\u00e7\u00e3o de qualidade e pre\u00e7os acess\u00edveis para cada cliente.<\/p>","protected":false},"featured_media":3299,"comment_status":"closed","ping_status":"closed","template":"","meta":{"_acf_changed":false},"application":[31],"product_brand":[],"product_cat":[20,50],"product_tag":[],"class_list":{"0":"post-3275","1":"product","2":"type-product","3":"status-publish","4":"has-post-thumbnail","6":"application-champ-kitchen","7":"product_cat-wholesale-drinkware","8":"product_cat-stainless-steel-cup-wholesale","10":"first","11":"instock","12":"shipping-taxable","13":"product-type-simple"},"acf":[],"_links":{"self":[{"href":"https:\/\/www.yongyukitchenware.com\/pt\/wp-json\/wp\/v2\/product\/3275","targetHints":{"allow":["GET"]}}],"collection":[{"href":"https:\/\/www.yongyukitchenware.com\/pt\/wp-json\/wp\/v2\/product"}],"about":[{"href":"https:\/\/www.yongyukitchenware.com\/pt\/wp-json\/wp\/v2\/types\/product"}],"replies":[{"embeddable":true,"href":"https:\/\/www.yongyukitchenware.com\/pt\/wp-json\/wp\/v2\/comments?post=3275"}],"wp:featuredmedia":[{"embeddable":true,"href":"https:\/\/www.yongyukitchenware.com\/pt\/wp-json\/wp\/v2\/media\/3299"}],"wp:attachment":[{"href":"https:\/\/www.yongyukitchenware.com\/pt\/wp-json\/wp\/v2\/media?parent=3275"}],"wp:term":[{"taxonomy":"application","embeddable":true,"href":"https:\/\/www.yongyukitchenware.com\/pt\/wp-json\/wp\/v2\/application?post=3275"},{"taxonomy":"product_brand","embeddable":true,"href":"https:\/\/www.yongyukitchenware.com\/pt\/wp-json\/wp\/v2\/product_brand?post=3275"},{"taxonomy":"product_cat","embeddable":true,"href":"https:\/\/www.yongyukitchenware.com\/pt\/wp-json\/wp\/v2\/product_cat?post=3275"},{"taxonomy":"product_tag","embeddable":true,"href":"https:\/\/www.yongyukitchenware.com\/pt\/wp-json\/wp\/v2\/product_tag?post=3275"}],"curies":[{"name":"wp","href":"https:\/\/api.w.org\/{rel}","templated":true}]}}