{"id":3285,"date":"2025-03-22T02:30:00","date_gmt":"2025-03-22T02:30:00","guid":{"rendered":"https:\/\/www.yongyukitchenware.com\/?post_type=product&#038;p=3285"},"modified":"2025-06-13T06:29:11","modified_gmt":"2025-06-13T06:29:11","slug":"wholesale-milk-warmer-pot","status":"publish","type":"product","link":"https:\/\/www.yongyukitchenware.com\/pt\/produto\/wholesale-milk-warmer-pot\/","title":{"rendered":"Aquecedor de leite por atacado em a\u00e7o inoxid\u00e1vel com cabo longo"},"content":{"rendered":"<div class=\"wp-block-columns is-layout-flex wp-container-core-columns-is-layout-9d6595d7 wp-block-columns-is-layout-flex\">\n<div class=\"wp-block-column is-layout-flow wp-block-column-is-layout-flow\">\n<h2 class=\"wp-block-heading\">Pote aquecedor de leite de a\u00e7o inoxid\u00e1vel por atacado Carater\u00edsticas:<\/h2>\n\n\n\n<p><strong>A\u00e7o inoxid\u00e1vel de alta qualidade:<\/strong> material de a\u00e7o inoxid\u00e1vel de qualidade alimentar, resist\u00eancia \u00e0 corros\u00e3o, sem odor, dur\u00e1vel<br><strong>Conce\u00e7\u00e3o do bocal:<\/strong> Design de bocal de \u00e1guia, torna o l\u00edquido mais suave<br><strong>Processo de desenho interno:<\/strong> a superf\u00edcie lisa n\u00e3o \u00e9 f\u00e1cil de manchar, \u00e9 f\u00e1cil de limpar<br><strong>Design de pega alargada:<\/strong> Pega alargada com isolamento t\u00e9rmico e anti-calor, confort\u00e1vel de segurar<\/p>\n\n\n\n<h2 class=\"wp-block-heading\">Pote de aquecimento de leite de a\u00e7o inoxid\u00e1vel por atacado Tamanho:<\/h2>\n\n\n\n<figure class=\"wp-block-table\"><table class=\"has-fixed-layout\"><tbody><tr><td>Modelo<\/td><td>Altura<\/td><td>Capacidade<\/td><td>MOQ<\/td><\/tr><tr><td rowspan=\"3\">DY017-B<\/td><td>9,6 cm<\/td><td>350ML<\/td><td rowspan=\"3\">200 UNIDADES<\/td><\/tr><tr><td>11,4 cm<\/td><td>600ML<\/td><\/tr><tr><td>13cm<\/td><td>1000ML<\/td><\/tr><\/tbody><\/table><\/figure>\n<\/div>\n\n\n\n<div class=\"wp-block-column is-layout-flow wp-block-column-is-layout-flow\">\n<div class=\"wp-block-columns is-layout-flex wp-container-core-columns-is-layout-9d6595d7 wp-block-columns-is-layout-flex\">\n<div class=\"wp-block-column is-layout-flow wp-block-column-is-layout-flow\">\n<figure class=\"wp-block-image size-full\"><img decoding=\"async\" width=\"1500\" height=\"1500\" src=\"https:\/\/www.yongyukitchenware.com\/wp-content\/uploads\/2025\/03\/Wholesale-Stainless-Steel-Milk-Warmer-Pot-6.webp\" alt=\"Panela para aquecer leite por atacado - a\u00e7o inoxid\u00e1vel - 6\" class=\"wp-image-3291\" srcset=\"https:\/\/www.yongyukitchenware.com\/wp-content\/uploads\/2025\/03\/Wholesale-Stainless-Steel-Milk-Warmer-Pot-6.webp 1500w, https:\/\/www.yongyukitchenware.com\/wp-content\/uploads\/2025\/03\/Wholesale-Stainless-Steel-Milk-Warmer-Pot-6-300x300.webp 300w, https:\/\/www.yongyukitchenware.com\/wp-content\/uploads\/2025\/03\/Wholesale-Stainless-Steel-Milk-Warmer-Pot-6-150x150.webp 150w, https:\/\/www.yongyukitchenware.com\/wp-content\/uploads\/2025\/03\/Wholesale-Stainless-Steel-Milk-Warmer-Pot-6-768x768.webp 768w, https:\/\/www.yongyukitchenware.com\/wp-content\/uploads\/2025\/03\/Wholesale-Stainless-Steel-Milk-Warmer-Pot-6-12x12.webp 12w, https:\/\/www.yongyukitchenware.com\/wp-content\/uploads\/2025\/03\/Wholesale-Stainless-Steel-Milk-Warmer-Pot-6-1200x1200.webp 1200w, https:\/\/www.yongyukitchenware.com\/wp-content\/uploads\/2025\/03\/Wholesale-Stainless-Steel-Milk-Warmer-Pot-6-600x600.webp 600w, https:\/\/www.yongyukitchenware.com\/wp-content\/uploads\/2025\/03\/Wholesale-Stainless-Steel-Milk-Warmer-Pot-6-100x100.webp 100w\" sizes=\"(max-width: 1500px) 100vw, 1500px\" \/><\/figure>\n<\/div>\n<\/div>\n<\/div>\n<\/div>\n\n\n\n<p><\/p>","protected":false},"excerpt":{"rendered":"<p>Pote de aquecimento de leite em a\u00e7o inoxid\u00e1vel com uma pega longa, dur\u00e1vel, resistente ao calor e perfeito para aquecer leite, molhos e muito mais. A pega longa torna-o seguro e f\u00e1cil de usar, ideal para campismo, cozinhas, caf\u00e9s e restaurantes. Bem-vindo ao inqu\u00e9rito!<\/p>\n<h2 style=\"text-align: left\">Pote aquecedor de leite de a\u00e7o inoxid\u00e1vel por atacado Par\u00e2metro:<\/h2>\n<p style=\"text-align: left\"><strong>Material:<\/strong> A\u00e7o inoxid\u00e1vel<br \/><strong>Cor:<\/strong> Prata<br \/><b>Conce\u00e7\u00e3o:\u00a0<\/b>Boca de grande calibre e bico curto<br \/><strong>OEM\/ODM:<\/strong> Dispon\u00edvel<\/p>\n<h2 class=\"wp-block-heading\">Acess\u00f3rios de cozinha para campismo Fabricante :<\/h2>\n<p>Yongyu \u00e9 um fabricante profissional de utens\u00edlios de cozinha para campismo, os nossos produtos abrangem todos os tipos de utens\u00edlios de cozinha para campismo em a\u00e7o inoxid\u00e1vel, tais como equipamento de cozinha para campismo, utens\u00edlios de mesa para campismo, grelhadores para churrasco, etc., fornecendo servi\u00e7os de aquisi\u00e7\u00e3o de qualidade e pre\u00e7os acess\u00edveis para cada cliente.<\/p>","protected":false},"featured_media":3286,"comment_status":"closed","ping_status":"closed","template":"","meta":{"_acf_changed":true},"application":[31],"product_brand":[],"product_cat":[20,52],"product_tag":[],"class_list":{"0":"post-3285","1":"product","2":"type-product","3":"status-publish","4":"has-post-thumbnail","6":"application-champ-kitchen","7":"product_cat-wholesale-drinkware","8":"product_cat-milk-frothing-pitcher-wholesale","10":"first","11":"instock","12":"shipping-taxable","13":"product-type-simple"},"acf":[],"_links":{"self":[{"href":"https:\/\/www.yongyukitchenware.com\/pt\/wp-json\/wp\/v2\/product\/3285","targetHints":{"allow":["GET"]}}],"collection":[{"href":"https:\/\/www.yongyukitchenware.com\/pt\/wp-json\/wp\/v2\/product"}],"about":[{"href":"https:\/\/www.yongyukitchenware.com\/pt\/wp-json\/wp\/v2\/types\/product"}],"replies":[{"embeddable":true,"href":"https:\/\/www.yongyukitchenware.com\/pt\/wp-json\/wp\/v2\/comments?post=3285"}],"wp:featuredmedia":[{"embeddable":true,"href":"https:\/\/www.yongyukitchenware.com\/pt\/wp-json\/wp\/v2\/media\/3286"}],"wp:attachment":[{"href":"https:\/\/www.yongyukitchenware.com\/pt\/wp-json\/wp\/v2\/media?parent=3285"}],"wp:term":[{"taxonomy":"application","embeddable":true,"href":"https:\/\/www.yongyukitchenware.com\/pt\/wp-json\/wp\/v2\/application?post=3285"},{"taxonomy":"product_brand","embeddable":true,"href":"https:\/\/www.yongyukitchenware.com\/pt\/wp-json\/wp\/v2\/product_brand?post=3285"},{"taxonomy":"product_cat","embeddable":true,"href":"https:\/\/www.yongyukitchenware.com\/pt\/wp-json\/wp\/v2\/product_cat?post=3285"},{"taxonomy":"product_tag","embeddable":true,"href":"https:\/\/www.yongyukitchenware.com\/pt\/wp-json\/wp\/v2\/product_tag?post=3285"}],"curies":[{"name":"wp","href":"https:\/\/api.w.org\/{rel}","templated":true}]}}