{"id":3354,"date":"2025-03-28T02:33:51","date_gmt":"2025-03-28T02:33:51","guid":{"rendered":"https:\/\/www.yongyukitchenware.com\/?post_type=product&#038;p=3354"},"modified":"2025-06-13T06:21:33","modified_gmt":"2025-06-13T06:21:33","slug":"bulk-stainless-steel-measuring-cup","status":"publish","type":"product","link":"https:\/\/www.yongyukitchenware.com\/pt\/produto\/bulk-stainless-steel-measuring-cup\/","title":{"rendered":"Copo de medi\u00e7\u00e3o de a\u00e7o inoxid\u00e1vel a granel Copo graduado Jarro para fazer espuma de leite"},"content":{"rendered":"<div class=\"wp-block-columns is-layout-flex wp-container-core-columns-is-layout-9d6595d7 wp-block-columns-is-layout-flex\">\n<div class=\"wp-block-column is-layout-flow wp-block-column-is-layout-flow\">\n<h2 class=\"wp-block-heading\">Copo de medi\u00e7\u00e3o de a\u00e7o inoxid\u00e1vel a granel Carater\u00edsticas:<\/h2>\n\n\n\n<p><strong>A\u00e7o inoxid\u00e1vel de primeira qualidade: <\/strong>Material de a\u00e7o inoxid\u00e1vel de qualidade alimentar, resistente \u00e0 corros\u00e3o, sem cheiro, de longa dura\u00e7\u00e3o.<br><strong>Conce\u00e7\u00e3o do bocal: <\/strong>O desenho do bocal do ol\u00e9crano torna o l\u00edquido mais suave.<br><strong>Conce\u00e7\u00e3o da escala:<\/strong> Balan\u00e7a de medi\u00e7\u00e3o concebida com precis\u00e3o para melhorar a medi\u00e7\u00e3o da capacidade de l\u00edquidos.<br><strong>Processo de desenho: <\/strong>superf\u00edcie lisa, dif\u00edcil de sujar, f\u00e1cil de limpar<br><strong>Design da pega:<\/strong> A pega para soldar \u00e9 r\u00edgida e n\u00e3o \u00e9 f\u00e1cil de usar.<\/p>\n\n\n\n<h2 class=\"wp-block-heading\">Copo de medi\u00e7\u00e3o de a\u00e7o inoxid\u00e1vel a granel Tamanho:<\/h2>\n\n\n\n<figure class=\"wp-block-table\"><table class=\"has-fixed-layout\"><tbody><tr><td>Modelo<\/td><td>Di\u00e2metro<\/td><td>Altura<\/td><td>Capacidade<\/td><td>MOQ<\/td><\/tr><tr><td rowspan=\"5\">DY027-B<\/td><td>9 cm<\/td><td>11,2 cm<\/td><td>500ml<\/td><td rowspan=\"5\">200 UNIDADES<\/td><\/tr><tr><td>10,3 cm<\/td><td>11,8 cm<\/td><td>700ml<\/td><\/tr><tr><td>11,8 cm<\/td><td>13,4 cm<\/td><td>1000ml<\/td><\/tr><tr><td>13cm<\/td><td>16 cm<\/td><td>1500ml<\/td><\/tr><tr><td>14,4 cm<\/td><td>18,3 cm<\/td><td>2000ml<\/td><\/tr><\/tbody><\/table><\/figure>\n<\/div>\n\n\n\n<div class=\"wp-block-column is-layout-flow wp-block-column-is-layout-flow\">\n<div class=\"wp-block-columns is-layout-flex wp-container-core-columns-is-layout-9d6595d7 wp-block-columns-is-layout-flex\">\n<div class=\"wp-block-column is-layout-flow wp-block-column-is-layout-flow\">\n<figure class=\"wp-block-image size-full\"><img decoding=\"async\" width=\"800\" height=\"800\" src=\"https:\/\/www.yongyukitchenware.com\/wp-content\/uploads\/2025\/03\/Bulk-Stainless-Steel-Measuring-Cup-7.jpg\" alt=\"Copo de medi\u00e7\u00e3o de a\u00e7o inoxid\u00e1vel a granel-7\" class=\"wp-image-3361\" srcset=\"https:\/\/www.yongyukitchenware.com\/wp-content\/uploads\/2025\/03\/Bulk-Stainless-Steel-Measuring-Cup-7.jpg 800w, https:\/\/www.yongyukitchenware.com\/wp-content\/uploads\/2025\/03\/Bulk-Stainless-Steel-Measuring-Cup-7-300x300.jpg 300w, https:\/\/www.yongyukitchenware.com\/wp-content\/uploads\/2025\/03\/Bulk-Stainless-Steel-Measuring-Cup-7-150x150.jpg 150w, https:\/\/www.yongyukitchenware.com\/wp-content\/uploads\/2025\/03\/Bulk-Stainless-Steel-Measuring-Cup-7-768x768.jpg 768w, https:\/\/www.yongyukitchenware.com\/wp-content\/uploads\/2025\/03\/Bulk-Stainless-Steel-Measuring-Cup-7-12x12.jpg 12w, https:\/\/www.yongyukitchenware.com\/wp-content\/uploads\/2025\/03\/Bulk-Stainless-Steel-Measuring-Cup-7-600x600.jpg 600w, https:\/\/www.yongyukitchenware.com\/wp-content\/uploads\/2025\/03\/Bulk-Stainless-Steel-Measuring-Cup-7-100x100.jpg 100w\" sizes=\"(max-width: 800px) 100vw, 800px\" \/><\/figure>\n\n\n\n<figure class=\"wp-block-image size-full\"><img decoding=\"async\" width=\"800\" height=\"800\" src=\"https:\/\/www.yongyukitchenware.com\/wp-content\/uploads\/2025\/03\/Bulk-Stainless-Steel-Measuring-Cup-6.jpg\" alt=\"Copo de medi\u00e7\u00e3o de a\u00e7o inoxid\u00e1vel a granel - 6\" class=\"wp-image-3360\" srcset=\"https:\/\/www.yongyukitchenware.com\/wp-content\/uploads\/2025\/03\/Bulk-Stainless-Steel-Measuring-Cup-6.jpg 800w, https:\/\/www.yongyukitchenware.com\/wp-content\/uploads\/2025\/03\/Bulk-Stainless-Steel-Measuring-Cup-6-300x300.jpg 300w, https:\/\/www.yongyukitchenware.com\/wp-content\/uploads\/2025\/03\/Bulk-Stainless-Steel-Measuring-Cup-6-150x150.jpg 150w, https:\/\/www.yongyukitchenware.com\/wp-content\/uploads\/2025\/03\/Bulk-Stainless-Steel-Measuring-Cup-6-768x768.jpg 768w, https:\/\/www.yongyukitchenware.com\/wp-content\/uploads\/2025\/03\/Bulk-Stainless-Steel-Measuring-Cup-6-12x12.jpg 12w, https:\/\/www.yongyukitchenware.com\/wp-content\/uploads\/2025\/03\/Bulk-Stainless-Steel-Measuring-Cup-6-600x600.jpg 600w, https:\/\/www.yongyukitchenware.com\/wp-content\/uploads\/2025\/03\/Bulk-Stainless-Steel-Measuring-Cup-6-100x100.jpg 100w\" sizes=\"(max-width: 800px) 100vw, 800px\" \/><\/figure>\n<\/div>\n<\/div>\n<\/div>\n<\/div>\n\n\n\n<p><\/p>","protected":false},"excerpt":{"rendered":"<p>Copo medidor de a\u00e7o inoxid\u00e1vel a granel, dur\u00e1vel e preciso, perfeito para medir l\u00edquidos e ingredientes. Ideal para uso dom\u00e9stico e comercial. Consultar para pre\u00e7os a granel!<\/p>\n<h2 style=\"text-align: left\">Copo de medi\u00e7\u00e3o de a\u00e7o inoxid\u00e1vel a granel Par\u00e2metro:<\/h2>\n<p style=\"text-align: left\"><strong>Material:<\/strong> A\u00e7o inoxid\u00e1vel<br \/><strong>Cor:<\/strong> Prata<br \/><b>Conce\u00e7\u00e3o:\u00a0<\/b>Boca de grande calibre e bico curto<br \/><strong>OEM\/ODM:<\/strong> Dispon\u00edvel<\/p>\n<h2 class=\"wp-block-heading\">Do fabricante de utens\u00edlios de cozinha Yongyu:<\/h2>\n<p>Yongyu \u00e9 um fabricante profissional de utens\u00edlios de cozinha. Os nossos produtos incluem todos os tipos de utens\u00edlios de cozinha em a\u00e7o inoxid\u00e1vel e acess\u00f3rios de cozinha. N\u00f3s fornecemos solu\u00e7\u00f5es personalizadas com produtos de alta qualidade a pre\u00e7os de f\u00e1brica.<\/p>","protected":false},"featured_media":3355,"comment_status":"closed","ping_status":"closed","template":"","meta":{"_acf_changed":false},"application":[29],"product_brand":[],"product_cat":[20,52],"product_tag":[],"class_list":{"0":"post-3354","1":"product","2":"type-product","3":"status-publish","4":"has-post-thumbnail","6":"application-home-kitchen","7":"product_cat-wholesale-drinkware","8":"product_cat-milk-frothing-pitcher-wholesale","10":"first","11":"instock","12":"shipping-taxable","13":"product-type-simple"},"acf":[],"_links":{"self":[{"href":"https:\/\/www.yongyukitchenware.com\/pt\/wp-json\/wp\/v2\/product\/3354","targetHints":{"allow":["GET"]}}],"collection":[{"href":"https:\/\/www.yongyukitchenware.com\/pt\/wp-json\/wp\/v2\/product"}],"about":[{"href":"https:\/\/www.yongyukitchenware.com\/pt\/wp-json\/wp\/v2\/types\/product"}],"replies":[{"embeddable":true,"href":"https:\/\/www.yongyukitchenware.com\/pt\/wp-json\/wp\/v2\/comments?post=3354"}],"wp:featuredmedia":[{"embeddable":true,"href":"https:\/\/www.yongyukitchenware.com\/pt\/wp-json\/wp\/v2\/media\/3355"}],"wp:attachment":[{"href":"https:\/\/www.yongyukitchenware.com\/pt\/wp-json\/wp\/v2\/media?parent=3354"}],"wp:term":[{"taxonomy":"application","embeddable":true,"href":"https:\/\/www.yongyukitchenware.com\/pt\/wp-json\/wp\/v2\/application?post=3354"},{"taxonomy":"product_brand","embeddable":true,"href":"https:\/\/www.yongyukitchenware.com\/pt\/wp-json\/wp\/v2\/product_brand?post=3354"},{"taxonomy":"product_cat","embeddable":true,"href":"https:\/\/www.yongyukitchenware.com\/pt\/wp-json\/wp\/v2\/product_cat?post=3354"},{"taxonomy":"product_tag","embeddable":true,"href":"https:\/\/www.yongyukitchenware.com\/pt\/wp-json\/wp\/v2\/product_tag?post=3354"}],"curies":[{"name":"wp","href":"https:\/\/api.w.org\/{rel}","templated":true}]}}