{"id":3379,"date":"2025-04-11T01:30:27","date_gmt":"2025-04-11T01:30:27","guid":{"rendered":"https:\/\/www.yongyukitchenware.com\/?post_type=product&#038;p=3379"},"modified":"2025-07-10T10:09:36","modified_gmt":"2025-07-10T10:09:36","slug":"bulk-moscow-mule-cup","status":"publish","type":"product","link":"https:\/\/www.yongyukitchenware.com\/pt\/produto\/bulk-moscow-mule-cup\/","title":{"rendered":"Copo Moscow Mule a granel Caneca de cerveja de cobre banhada a metal com pega"},"content":{"rendered":"<div class=\"wp-block-columns is-layout-flex wp-container-core-columns-is-layout-9d6595d7 wp-block-columns-is-layout-flex\">\n<div class=\"wp-block-column is-layout-flow wp-block-column-is-layout-flow\">\n<h2 class=\"wp-block-heading\">Copo Moscow Mule a granel Carater\u00edsticas:<\/h2>\n\n\n\n<p><strong>A\u00e7o inoxid\u00e1vel de alta qualidade: <\/strong>Material de a\u00e7o inoxid\u00e1vel de qualidade alimentar, revestido com cobre puro, sem revestimento nocivo, seguro, resistente \u00e0 ferrugem e \u00e0 corros\u00e3o.<br><strong>Conce\u00e7\u00e3o do po\u00e7o: <\/strong>Cada ch\u00e1vena de cobre \u00e9 martelada \u00e0 m\u00e3o, simples e elegante, e o design exclusivo da pega torna esta caneca de cobre confort\u00e1vel de segurar, segura de utilizar e bonita de colocar.<br><strong>Bordo da ch\u00e1vena liso: <\/strong>O rebordo da ch\u00e1vena \u00e9 grosso e redondo, e a suavidade n\u00e3o magoa as m\u00e3os.<strong><br>Fundo liso: <\/strong>O fundo do copo \u00e9 liso, est\u00e1vel e n\u00e3o \u00e9 f\u00e1cil de deslizar.<br><strong>Moldagem integrada:<\/strong> O corpo do copo \u00e9 formado por uma s\u00f3 pe\u00e7a, \u00e9 forte e n\u00e3o se deforma, e \u00e9 f\u00e1cil de limpar.<\/p>\n\n\n\n<h2 class=\"wp-block-heading\">Tamanho do copo de Moscow Mule a granel:<\/h2>\n\n\n\n<figure class=\"wp-block-table\"><table class=\"has-fixed-layout\"><tbody><tr><td>Modelo<\/td><td>Di\u00e2metro<\/td><td>Altura<\/td><td>Capacidade<\/td><td>MOQ<\/td><\/tr><tr><td>DY037-B<\/td><td>8,8 cm<\/td><td>10 cm<\/td><td>530ML<\/td><td>200 UNIDADES<\/td><\/tr><\/tbody><\/table><\/figure>\n<\/div>\n\n\n\n<div class=\"wp-block-column is-layout-flow wp-block-column-is-layout-flow\">\n<div class=\"wp-block-columns is-layout-flex wp-container-core-columns-is-layout-9d6595d7 wp-block-columns-is-layout-flex\">\n<div class=\"wp-block-column is-layout-flow wp-block-column-is-layout-flow\"><div class=\"wp-block-image\">\n<figure class=\"aligncenter size-full is-resized\"><img decoding=\"async\" width=\"800\" height=\"800\" src=\"https:\/\/www.yongyukitchenware.com\/wp-content\/uploads\/2025\/03\/Bulk-Moscow-Mule-Cup-5.webp\" alt=\"Ta\u00e7a-Moscovo-Mula-5 a granel\" class=\"wp-image-3384\" style=\"width:416px;height:auto\" srcset=\"https:\/\/www.yongyukitchenware.com\/wp-content\/uploads\/2025\/03\/Bulk-Moscow-Mule-Cup-5.webp 800w, https:\/\/www.yongyukitchenware.com\/wp-content\/uploads\/2025\/03\/Bulk-Moscow-Mule-Cup-5-300x300.webp 300w, https:\/\/www.yongyukitchenware.com\/wp-content\/uploads\/2025\/03\/Bulk-Moscow-Mule-Cup-5-150x150.webp 150w, https:\/\/www.yongyukitchenware.com\/wp-content\/uploads\/2025\/03\/Bulk-Moscow-Mule-Cup-5-768x768.webp 768w, https:\/\/www.yongyukitchenware.com\/wp-content\/uploads\/2025\/03\/Bulk-Moscow-Mule-Cup-5-12x12.webp 12w, https:\/\/www.yongyukitchenware.com\/wp-content\/uploads\/2025\/03\/Bulk-Moscow-Mule-Cup-5-600x600.webp 600w, https:\/\/www.yongyukitchenware.com\/wp-content\/uploads\/2025\/03\/Bulk-Moscow-Mule-Cup-5-100x100.webp 100w\" sizes=\"(max-width: 800px) 100vw, 800px\" \/><\/figure>\n<\/div>\n\n\n<figure class=\"wp-block-image size-full\"><img decoding=\"async\" width=\"1500\" height=\"1500\" src=\"https:\/\/www.yongyukitchenware.com\/wp-content\/uploads\/2025\/03\/Bulk-Moscow-Mule-Cup-8.webp\" alt=\"Ta\u00e7a-Moscovo-Mule-8 a granel\" class=\"wp-image-3387\" srcset=\"https:\/\/www.yongyukitchenware.com\/wp-content\/uploads\/2025\/03\/Bulk-Moscow-Mule-Cup-8.webp 1500w, https:\/\/www.yongyukitchenware.com\/wp-content\/uploads\/2025\/03\/Bulk-Moscow-Mule-Cup-8-300x300.webp 300w, https:\/\/www.yongyukitchenware.com\/wp-content\/uploads\/2025\/03\/Bulk-Moscow-Mule-Cup-8-150x150.webp 150w, https:\/\/www.yongyukitchenware.com\/wp-content\/uploads\/2025\/03\/Bulk-Moscow-Mule-Cup-8-768x768.webp 768w, https:\/\/www.yongyukitchenware.com\/wp-content\/uploads\/2025\/03\/Bulk-Moscow-Mule-Cup-8-12x12.webp 12w, https:\/\/www.yongyukitchenware.com\/wp-content\/uploads\/2025\/03\/Bulk-Moscow-Mule-Cup-8-1200x1200.webp 1200w, https:\/\/www.yongyukitchenware.com\/wp-content\/uploads\/2025\/03\/Bulk-Moscow-Mule-Cup-8-600x600.webp 600w, https:\/\/www.yongyukitchenware.com\/wp-content\/uploads\/2025\/03\/Bulk-Moscow-Mule-Cup-8-100x100.webp 100w\" sizes=\"(max-width: 1500px) 100vw, 1500px\" \/><\/figure>\n<\/div>\n<\/div>\n<\/div>\n<\/div>\n\n\n\n<p><\/p>","protected":false},"excerpt":{"rendered":"<p data-pm-slice=\"1 1 []\">Copo para mula de Moscovo a granel com acabamento em cobre metalizado e pega robusta - design cl\u00e1ssico para cocktails, cerveja ou bebidas frescas. Dur\u00e1vel, elegante e adequado para todas as ocasi\u00f5es. O melhor desconto para encomenda a granel, obtenha um inqu\u00e9rito gratuito agora!<\/p>\n<h2 style=\"text-align: left;\">Copo Moscow Mule a granel Par\u00e2metro:<\/h2>\n<p style=\"text-align: left;\"><strong>Material:<\/strong> A\u00e7o inoxid\u00e1vel<br \/><strong>Cor:<\/strong> Prata\/cobre\/preto<br \/><strong>Conce\u00e7\u00e3o: <\/strong>Pega dobr\u00e1vel, empilh\u00e1vel<br \/><strong>OEM\/ODM:<\/strong> Dispon\u00edvel<\/p>\n<h2 class=\"wp-block-heading\">De Camping Kitchen Essentials Fabricante :<\/h2>\n<p>Yongyu \u00e9 uma empresa profissional de artigos essenciais de cozinha para campismo. Os nossos produtos abrangem todos os tipos de artigos essenciais de cozinha de campismo em a\u00e7o inoxid\u00e1vel, tais como equipamento de cozinha de campismo, utens\u00edlios de mesa de campismo, grelhadores para churrasco, etc., fornecendo servi\u00e7os de aquisi\u00e7\u00e3o de qualidade e pre\u00e7os acess\u00edveis para cada cliente.<\/p>","protected":false},"featured_media":3380,"comment_status":"closed","ping_status":"closed","template":"","meta":{"_acf_changed":false},"application":[31],"product_brand":[],"product_cat":[20,50],"product_tag":[],"class_list":{"0":"post-3379","1":"product","2":"type-product","3":"status-publish","4":"has-post-thumbnail","6":"application-champ-kitchen","7":"product_cat-wholesale-drinkware","8":"product_cat-stainless-steel-cup-wholesale","10":"first","11":"instock","12":"shipping-taxable","13":"product-type-simple"},"acf":[],"_links":{"self":[{"href":"https:\/\/www.yongyukitchenware.com\/pt\/wp-json\/wp\/v2\/product\/3379","targetHints":{"allow":["GET"]}}],"collection":[{"href":"https:\/\/www.yongyukitchenware.com\/pt\/wp-json\/wp\/v2\/product"}],"about":[{"href":"https:\/\/www.yongyukitchenware.com\/pt\/wp-json\/wp\/v2\/types\/product"}],"replies":[{"embeddable":true,"href":"https:\/\/www.yongyukitchenware.com\/pt\/wp-json\/wp\/v2\/comments?post=3379"}],"wp:featuredmedia":[{"embeddable":true,"href":"https:\/\/www.yongyukitchenware.com\/pt\/wp-json\/wp\/v2\/media\/3380"}],"wp:attachment":[{"href":"https:\/\/www.yongyukitchenware.com\/pt\/wp-json\/wp\/v2\/media?parent=3379"}],"wp:term":[{"taxonomy":"application","embeddable":true,"href":"https:\/\/www.yongyukitchenware.com\/pt\/wp-json\/wp\/v2\/application?post=3379"},{"taxonomy":"product_brand","embeddable":true,"href":"https:\/\/www.yongyukitchenware.com\/pt\/wp-json\/wp\/v2\/product_brand?post=3379"},{"taxonomy":"product_cat","embeddable":true,"href":"https:\/\/www.yongyukitchenware.com\/pt\/wp-json\/wp\/v2\/product_cat?post=3379"},{"taxonomy":"product_tag","embeddable":true,"href":"https:\/\/www.yongyukitchenware.com\/pt\/wp-json\/wp\/v2\/product_tag?post=3379"}],"curies":[{"name":"wp","href":"https:\/\/api.w.org\/{rel}","templated":true}]}}