{"id":3389,"date":"2025-04-11T03:59:47","date_gmt":"2025-04-11T03:59:47","guid":{"rendered":"https:\/\/www.yongyukitchenware.com\/?post_type=product&#038;p=3389"},"modified":"2025-07-10T10:13:28","modified_gmt":"2025-07-10T10:13:28","slug":"wholesale-stainless-steel-double-jigger","status":"publish","type":"product","link":"https:\/\/www.yongyukitchenware.com\/pt\/produto\/wholesale-stainless-steel-double-jigger\/","title":{"rendered":"Atacado de a\u00e7o inoxid\u00e1vel Double Jigger Bar Ferramentas de barman"},"content":{"rendered":"<div class=\"wp-block-columns is-layout-flex wp-container-core-columns-is-layout-9d6595d7 wp-block-columns-is-layout-flex\">\n<div class=\"wp-block-column is-layout-flow wp-block-column-is-layout-flow\">\n<h2 class=\"wp-block-heading\">Atacado de a\u00e7o inoxid\u00e1vel Double Jigger Carater\u00edsticas:<\/h2>\n\n\n\n<p><strong>Artesanato superior\uff1a<\/strong> Fabricado em a\u00e7o inoxid\u00e1vel de qualidade alimentar, este jigger \u00e9 seguro para contacto direto com os alimentos e duradouro. \u00c9 duradouro, \u00e0 prova de ferrugem e concebido para funcionar em in\u00fameras festas de cocktails sem perder o brilho.<\/p>\n\n\n\n<p><strong>Design ergon\u00f3mico\uff1a<\/strong> Devido ao seu perfil fino e \u00e0s linhas de corte n\u00edtidas, o jigger encaixa-se confortavelmente entre os dedos, permitindo uma utiliza\u00e7\u00e3o f\u00e1cil com uma s\u00f3 m\u00e3o. Aumenta a velocidade e a precis\u00e3o na prepara\u00e7\u00e3o de cocktails.<\/p>\n\n\n\n<p><strong>Utiliza\u00e7\u00e3o polivalente\uff1a<\/strong> Independentemente de estar a misturar u\u00edsque, a preparar um mojito ou a beber diretamente shots de caf\u00e9, este copo mede as suas bebidas com precis\u00e3o numa imensa lista de cocktails.<\/p>\n\n\n\n<p><strong>Limpeza f\u00e1cil\uff1a<\/strong> Os contornos suaves e arredondados facilitam a lavagem \u00e0 m\u00e3o e esta unidade pode ser lavada na m\u00e1quina de lavar loi\u00e7a, poupando tempo e trabalho por utiliza\u00e7\u00e3o.<\/p>\n\n\n\n<h2 class=\"wp-block-heading\">Atacado de a\u00e7o inoxid\u00e1vel Double Jigger Tamanho:<\/h2>\n\n\n\n<figure class=\"wp-block-table\"><table class=\"has-fixed-layout\"><tbody><tr><td>Modelo<\/td><td>Tamanho(Di\u00e2metro*Di\u00e2metro do fundo)<\/td><td>Altura<\/td><td>Capacidade<\/td><td>MOQ<\/td><\/tr><tr><td rowspan=\"4\">DY038-B<\/td><td>4,8*4,1cm<\/td><td>11,5 cm<\/td><td>30ml\/45ml<\/td><td rowspan=\"4\">200 UNIDADES<\/td><\/tr><tr><td>5,1*4,4cm<\/td><td>13cm<\/td><td>30ml\/60ml<\/td><\/tr><tr><td>5,8*5,1cm<\/td><td>15 cm<\/td><td>45ml\/60ml<\/td><\/tr><tr><td>5,1*4,8cm<\/td><td>13cm<\/td><td>60ml\/90ml<\/td><\/tr><\/tbody><\/table><\/figure>\n<\/div>\n\n\n\n<div class=\"wp-block-column is-layout-flow wp-block-column-is-layout-flow\">\n<div class=\"wp-block-columns is-layout-flex wp-container-core-columns-is-layout-9d6595d7 wp-block-columns-is-layout-flex\">\n<div class=\"wp-block-column is-layout-flow wp-block-column-is-layout-flow\"><div class=\"wp-block-image\">\n<figure class=\"aligncenter size-full is-resized\"><img decoding=\"async\" width=\"800\" height=\"800\" src=\"https:\/\/www.yongyukitchenware.com\/wp-content\/uploads\/2025\/03\/Wholesale-Stainless-Steel-Double-Jigger-5.webp\" alt=\"Garfo duplo-5 em a\u00e7o inoxid\u00e1vel por atacado\" class=\"wp-image-3394\" style=\"width:416px;height:auto\" srcset=\"https:\/\/www.yongyukitchenware.com\/wp-content\/uploads\/2025\/03\/Wholesale-Stainless-Steel-Double-Jigger-5.webp 800w, https:\/\/www.yongyukitchenware.com\/wp-content\/uploads\/2025\/03\/Wholesale-Stainless-Steel-Double-Jigger-5-300x300.webp 300w, https:\/\/www.yongyukitchenware.com\/wp-content\/uploads\/2025\/03\/Wholesale-Stainless-Steel-Double-Jigger-5-150x150.webp 150w, https:\/\/www.yongyukitchenware.com\/wp-content\/uploads\/2025\/03\/Wholesale-Stainless-Steel-Double-Jigger-5-768x768.webp 768w, https:\/\/www.yongyukitchenware.com\/wp-content\/uploads\/2025\/03\/Wholesale-Stainless-Steel-Double-Jigger-5-12x12.webp 12w, https:\/\/www.yongyukitchenware.com\/wp-content\/uploads\/2025\/03\/Wholesale-Stainless-Steel-Double-Jigger-5-600x600.webp 600w, https:\/\/www.yongyukitchenware.com\/wp-content\/uploads\/2025\/03\/Wholesale-Stainless-Steel-Double-Jigger-5-100x100.webp 100w\" sizes=\"(max-width: 800px) 100vw, 800px\" \/><\/figure>\n<\/div>\n\n\n<figure class=\"wp-block-image size-full\"><img decoding=\"async\" width=\"800\" height=\"800\" src=\"https:\/\/www.yongyukitchenware.com\/wp-content\/uploads\/2025\/03\/Wholesale-Stainless-Steel-Double-Jigger-7.webp\" alt=\"Garfo duplo de a\u00e7o inoxid\u00e1vel por atacado-7\" class=\"wp-image-3396\" srcset=\"https:\/\/www.yongyukitchenware.com\/wp-content\/uploads\/2025\/03\/Wholesale-Stainless-Steel-Double-Jigger-7.webp 800w, https:\/\/www.yongyukitchenware.com\/wp-content\/uploads\/2025\/03\/Wholesale-Stainless-Steel-Double-Jigger-7-300x300.webp 300w, https:\/\/www.yongyukitchenware.com\/wp-content\/uploads\/2025\/03\/Wholesale-Stainless-Steel-Double-Jigger-7-150x150.webp 150w, https:\/\/www.yongyukitchenware.com\/wp-content\/uploads\/2025\/03\/Wholesale-Stainless-Steel-Double-Jigger-7-768x768.webp 768w, https:\/\/www.yongyukitchenware.com\/wp-content\/uploads\/2025\/03\/Wholesale-Stainless-Steel-Double-Jigger-7-12x12.webp 12w, https:\/\/www.yongyukitchenware.com\/wp-content\/uploads\/2025\/03\/Wholesale-Stainless-Steel-Double-Jigger-7-600x600.webp 600w, https:\/\/www.yongyukitchenware.com\/wp-content\/uploads\/2025\/03\/Wholesale-Stainless-Steel-Double-Jigger-7-100x100.webp 100w\" sizes=\"(max-width: 800px) 100vw, 800px\" \/><\/figure>\n<\/div>\n<\/div>\n<\/div>\n<\/div>\n\n\n\n<p><\/p>","protected":false},"excerpt":{"rendered":"<p class=\"\" data-start=\"378\" data-end=\"555\">O medidor duplo de a\u00e7o inoxid\u00e1vel foi concebido para utiliza\u00e7\u00e3o profissional em bares, restaurantes e eventos. Fornece medi\u00e7\u00f5es precisas para cocktails e bebidas mistas com facilidade.<\/p>\n<h2 style=\"text-align: left;\">Atacado de a\u00e7o inoxid\u00e1vel duplo Jigger Par\u00e2metro:<\/h2>\n<p style=\"text-align: left;\"><strong>Material:<\/strong> A\u00e7o inoxid\u00e1vel<br \/><strong>Cor:<\/strong> Prata\/dourado\/preto\/dourado rosa<br \/><strong>Conce\u00e7\u00e3o: <\/strong>Pega dobr\u00e1vel, empilh\u00e1vel<br \/><strong>OEM\/ODM:<\/strong> Dispon\u00edvel<\/p>\n<h2 class=\"wp-block-heading\">De Yongyu Catering Supplies Wholesaler:<\/h2>\n<p>Como o melhor fabricante de material de catering na China, especializamo-nos em artigos de bar de alta qualidade personalizados e por atacado. Temos 25 anos de experi\u00eancia profissional para garantir que os clientes obtenham os produtos mais avan\u00e7ados e servi\u00e7os eficientes.<\/p>","protected":false},"featured_media":3390,"comment_status":"closed","ping_status":"closed","template":"","meta":{"_acf_changed":false},"application":[30],"product_brand":[],"product_cat":[16],"product_tag":[],"class_list":{"0":"post-3389","1":"product","2":"type-product","3":"status-publish","4":"has-post-thumbnail","6":"application-hotel-catering","7":"product_cat-barware-wholesale-custom","9":"first","10":"instock","11":"shipping-taxable","12":"product-type-simple"},"acf":[],"_links":{"self":[{"href":"https:\/\/www.yongyukitchenware.com\/pt\/wp-json\/wp\/v2\/product\/3389","targetHints":{"allow":["GET"]}}],"collection":[{"href":"https:\/\/www.yongyukitchenware.com\/pt\/wp-json\/wp\/v2\/product"}],"about":[{"href":"https:\/\/www.yongyukitchenware.com\/pt\/wp-json\/wp\/v2\/types\/product"}],"replies":[{"embeddable":true,"href":"https:\/\/www.yongyukitchenware.com\/pt\/wp-json\/wp\/v2\/comments?post=3389"}],"wp:featuredmedia":[{"embeddable":true,"href":"https:\/\/www.yongyukitchenware.com\/pt\/wp-json\/wp\/v2\/media\/3390"}],"wp:attachment":[{"href":"https:\/\/www.yongyukitchenware.com\/pt\/wp-json\/wp\/v2\/media?parent=3389"}],"wp:term":[{"taxonomy":"application","embeddable":true,"href":"https:\/\/www.yongyukitchenware.com\/pt\/wp-json\/wp\/v2\/application?post=3389"},{"taxonomy":"product_brand","embeddable":true,"href":"https:\/\/www.yongyukitchenware.com\/pt\/wp-json\/wp\/v2\/product_brand?post=3389"},{"taxonomy":"product_cat","embeddable":true,"href":"https:\/\/www.yongyukitchenware.com\/pt\/wp-json\/wp\/v2\/product_cat?post=3389"},{"taxonomy":"product_tag","embeddable":true,"href":"https:\/\/www.yongyukitchenware.com\/pt\/wp-json\/wp\/v2\/product_tag?post=3389"}],"curies":[{"name":"wp","href":"https:\/\/api.w.org\/{rel}","templated":true}]}}